{"id":95,"date":"2025-07-30T11:23:19","date_gmt":"2025-07-30T14:23:19","guid":{"rendered":"https:\/\/pos.uel.br\/clinicapsicanalitica\/?page_id=95"},"modified":"2026-02-24T15:53:34","modified_gmt":"2026-02-24T18:53:34","slug":"corpo-docente","status":"publish","type":"page","link":"https:\/\/pos.uel.br\/clinicapsicanalitica\/corpo-docente\/","title":{"rendered":"Corpo Docente"},"content":{"rendered":"\n<p><strong>COMISS\u00c3O COORDENADORA<\/strong><\/p>\n\n\n\n<p>Coordenadora: Profa. Dra. Rosemarie Elizabeth Schimidt Almeida<br>Vice-Coordenador: Prof. Dr. Leandro Anselmo Todesqui Tavares<\/p>\n\n\n\n<p><strong>DOCENTES:<\/strong><\/p>\n\n\n\n<ul class=\"wp-block-list\">\n<li>Docentes do Departamento de Psicologia e Psican\u00e1lise \/ CCB \/ UEL<\/li>\n\n\n\n<li>Profa. Dra. Claudia Maria de Sousa Palma<\/li>\n\n\n\n<li>Profa. Dra. Ma\u00edra Bonaf\u00e9 Sei<\/li>\n\n\n\n<li>Profa. Dra. Silvia Nogueira<\/li>\n\n\n\n<li>Prof. Dr. Leandro Anselmo Todesqui Tavares<\/li>\n\n\n\n<li>Prof. Ms. Ricardo Justino Flores (in memoriam)<\/li>\n\n\n\n<li>Profa. Dra. Rosemarie Elizabeth Schimidt Almeida<br><\/li>\n<\/ul>\n\n\n\n<ul class=\"wp-block-list\">\n<li>Para completar o corpo docente, far\u00e3o parte psicanalistas do NPNP &#8211; N\u00facleo de Psican\u00e1lise do Norte do Paran\u00e1 &#8211;\u00a0<br><strong>Psicanalista Antonio Mauro Osti<\/strong>\u00a0<\/li>\n\n\n\n<li><strong>Psicanalistas Escola de Psican\u00e1lise &#8211; Corpo Freudiano-RJ: <strong>Prof. Dr. Marco<\/strong> <strong>Antonio Coutinho Jorge<\/strong> <\/strong><br><strong>Lucia Aparecida Barreto Osti<\/strong> membros associados da SBPSP,\u00a0e professores e Psicanalistas convidados da SPRJ, <strong>Ronaldo Victer<\/strong>, Escola de Psican\u00e1lise &#8211; Corpo Freudiano-RJ, dentre outros.<\/li>\n<\/ul>\n\n\n\n<div class=\"wp-block-columns is-layout-flex wp-container-core-columns-is-layout-9d6595d7 wp-block-columns-is-layout-flex\">\n<div class=\"wp-block-column is-layout-flow wp-block-column-is-layout-flow\"><\/div>\n<\/div>\n\n\n\n<p><\/p>\n","protected":false},"excerpt":{"rendered":"<p>COMISS\u00c3O COORDENADORA Coordenadora: Profa. Dra. Rosemarie Elizabeth Schimidt AlmeidaVice-Coordenador: Prof. Dr. Leandro Anselmo Todesqui Tavares DOCENTES:<\/p>\n","protected":false},"author":7,"featured_media":0,"parent":0,"menu_order":0,"comment_status":"closed","ping_status":"closed","template":"","meta":{"_acf_changed":false,"_themeisle_gutenberg_block_has_review":false,"footnotes":""},"class_list":["post-95","page","type-page","status-publish","hentry"],"acf":[],"_links":{"self":[{"href":"https:\/\/pos.uel.br\/clinicapsicanalitica\/wp-json\/wp\/v2\/pages\/95","targetHints":{"allow":["GET"]}}],"collection":[{"href":"https:\/\/pos.uel.br\/clinicapsicanalitica\/wp-json\/wp\/v2\/pages"}],"about":[{"href":"https:\/\/pos.uel.br\/clinicapsicanalitica\/wp-json\/wp\/v2\/types\/page"}],"author":[{"embeddable":true,"href":"https:\/\/pos.uel.br\/clinicapsicanalitica\/wp-json\/wp\/v2\/users\/7"}],"replies":[{"embeddable":true,"href":"https:\/\/pos.uel.br\/clinicapsicanalitica\/wp-json\/wp\/v2\/comments?post=95"}],"version-history":[{"count":15,"href":"https:\/\/pos.uel.br\/clinicapsicanalitica\/wp-json\/wp\/v2\/pages\/95\/revisions"}],"predecessor-version":[{"id":212,"href":"https:\/\/pos.uel.br\/clinicapsicanalitica\/wp-json\/wp\/v2\/pages\/95\/revisions\/212"}],"wp:attachment":[{"href":"https:\/\/pos.uel.br\/clinicapsicanalitica\/wp-json\/wp\/v2\/media?parent=95"}],"curies":[{"name":"wp","href":"https:\/\/api.w.org\/{rel}","templated":true}]}}