{"id":87,"date":"2025-07-30T11:19:54","date_gmt":"2025-07-30T14:19:54","guid":{"rendered":"https:\/\/pos.uel.br\/clinicapsicanalitica\/?page_id=87"},"modified":"2025-07-30T11:21:54","modified_gmt":"2025-07-30T14:21:54","slug":"conteudos-programaticos","status":"publish","type":"page","link":"https:\/\/pos.uel.br\/clinicapsicanalitica\/conteudos-programaticos\/","title":{"rendered":"Conte\u00fados Program\u00e1ticos"},"content":{"rendered":"\n<ul class=\"wp-block-list\">\n<li>Os conte\u00fados do Curso referem-se a um aprofundamento dos conceitos psicanal\u00edticos desenvolvidos por Freud, como tamb\u00e9m um aprimoramento na interven\u00e7\u00e3o psicoterap\u00eautica do psic\u00f3logo cl\u00ednico, com base psicanal\u00edtica;<\/li>\n<\/ul>\n\n\n\n<ul class=\"wp-block-list\">\n<li>Os conte\u00fados das disciplinas de Psican\u00e1lise referem-se a aspectos te\u00f3ricos-cl\u00ednicos que subsidiam os processos de psicodiagn\u00f3stico e de interven\u00e7\u00e3o psicoter\u00e1pica para inf\u00e2ncia, adolesc\u00eancia, adultez e fam\u00edlia;<\/li>\n<\/ul>\n\n\n\n<ul class=\"wp-block-list\">\n<li>A habilita\u00e7\u00e3o de especialista ser\u00e1 fornecida atrav\u00e9s de disciplinas profissionalizantes obrigat\u00f3rias.<\/li>\n<\/ul>\n\n\n\n<p><\/p>\n","protected":false},"excerpt":{"rendered":"","protected":false},"author":7,"featured_media":0,"parent":0,"menu_order":0,"comment_status":"closed","ping_status":"closed","template":"","meta":{"_acf_changed":false,"_themeisle_gutenberg_block_has_review":false,"footnotes":""},"class_list":["post-87","page","type-page","status-publish","hentry"],"acf":[],"_links":{"self":[{"href":"https:\/\/pos.uel.br\/clinicapsicanalitica\/wp-json\/wp\/v2\/pages\/87","targetHints":{"allow":["GET"]}}],"collection":[{"href":"https:\/\/pos.uel.br\/clinicapsicanalitica\/wp-json\/wp\/v2\/pages"}],"about":[{"href":"https:\/\/pos.uel.br\/clinicapsicanalitica\/wp-json\/wp\/v2\/types\/page"}],"author":[{"embeddable":true,"href":"https:\/\/pos.uel.br\/clinicapsicanalitica\/wp-json\/wp\/v2\/users\/7"}],"replies":[{"embeddable":true,"href":"https:\/\/pos.uel.br\/clinicapsicanalitica\/wp-json\/wp\/v2\/comments?post=87"}],"version-history":[{"count":4,"href":"https:\/\/pos.uel.br\/clinicapsicanalitica\/wp-json\/wp\/v2\/pages\/87\/revisions"}],"predecessor-version":[{"id":93,"href":"https:\/\/pos.uel.br\/clinicapsicanalitica\/wp-json\/wp\/v2\/pages\/87\/revisions\/93"}],"wp:attachment":[{"href":"https:\/\/pos.uel.br\/clinicapsicanalitica\/wp-json\/wp\/v2\/media?parent=87"}],"curies":[{"name":"wp","href":"https:\/\/api.w.org\/{rel}","templated":true}]}}