{"id":50,"date":"2025-07-30T10:33:12","date_gmt":"2025-07-30T13:33:12","guid":{"rendered":"https:\/\/pos.uel.br\/clinicapsicanalitica\/?page_id=50"},"modified":"2026-02-24T15:20:23","modified_gmt":"2026-02-24T18:20:23","slug":"secretaria-geral-lato-sensu","status":"publish","type":"page","link":"https:\/\/pos.uel.br\/clinicapsicanalitica\/secretaria-geral-lato-sensu\/","title":{"rendered":"Contatos"},"content":{"rendered":"\n<p class=\"has-medium-font-size\"><strong>Coordenadora da P\u00f3s-Gradua\u00e7\u00e3o<\/strong><\/p>\n\n\n\n<p>Prof. Dra. Rosemarie Elizabeth Schimidt Almeida<br><strong>E-mail<\/strong>: rosemarielizabeth@uel.br<\/p>\n\n\n\n<p><strong>SECRETARIA DE P\u00d3S-GRADUA\u00c7\u00c3O LATO SENSU \u2013 CCB<\/strong><\/p>\n\n\n\n<p><strong>E-mail: <\/strong>latosensuccb@uel.br<br><strong>Fone: <\/strong>(43) 3371-4217<\/p>\n\n\n\n<p><strong>Hor\u00e1rio de atendimento:<\/strong> segunda \u00e0 sexta-feira, das 9h \u00e0s 12h e das 14h \u00e0s 17h.<\/p>\n","protected":false},"excerpt":{"rendered":"<p>Coordenadora da P\u00f3s-Gradua\u00e7\u00e3o Prof. Dra. Rosemarie Elizabeth Schimidt AlmeidaE-mail: rosemarielizabeth@uel.br SECRETARIA DE P\u00d3S-GRADUA\u00c7\u00c3O LATO SENSU \u2013 CCB E-mail: latosensuccb@uel.brFone: (43) 3371-4217 Hor\u00e1rio de atendimento: segunda \u00e0 sexta-feira, das 9h \u00e0s 12h e das 14h \u00e0s 17h.<\/p>\n","protected":false},"author":7,"featured_media":0,"parent":0,"menu_order":0,"comment_status":"closed","ping_status":"closed","template":"","meta":{"_acf_changed":false,"_themeisle_gutenberg_block_has_review":false,"footnotes":""},"class_list":["post-50","page","type-page","status-publish","hentry"],"acf":[],"_links":{"self":[{"href":"https:\/\/pos.uel.br\/clinicapsicanalitica\/wp-json\/wp\/v2\/pages\/50","targetHints":{"allow":["GET"]}}],"collection":[{"href":"https:\/\/pos.uel.br\/clinicapsicanalitica\/wp-json\/wp\/v2\/pages"}],"about":[{"href":"https:\/\/pos.uel.br\/clinicapsicanalitica\/wp-json\/wp\/v2\/types\/page"}],"author":[{"embeddable":true,"href":"https:\/\/pos.uel.br\/clinicapsicanalitica\/wp-json\/wp\/v2\/users\/7"}],"replies":[{"embeddable":true,"href":"https:\/\/pos.uel.br\/clinicapsicanalitica\/wp-json\/wp\/v2\/comments?post=50"}],"version-history":[{"count":4,"href":"https:\/\/pos.uel.br\/clinicapsicanalitica\/wp-json\/wp\/v2\/pages\/50\/revisions"}],"predecessor-version":[{"id":186,"href":"https:\/\/pos.uel.br\/clinicapsicanalitica\/wp-json\/wp\/v2\/pages\/50\/revisions\/186"}],"wp:attachment":[{"href":"https:\/\/pos.uel.br\/clinicapsicanalitica\/wp-json\/wp\/v2\/media?parent=50"}],"curies":[{"name":"wp","href":"https:\/\/api.w.org\/{rel}","templated":true}]}}