{"id":29,"date":"2025-07-30T09:51:41","date_gmt":"2025-07-30T12:51:41","guid":{"rendered":"https:\/\/pos.uel.br\/clinicapsicanalitica\/?page_id=29"},"modified":"2025-07-30T15:08:39","modified_gmt":"2025-07-30T18:08:39","slug":"localizacao","status":"publish","type":"page","link":"https:\/\/pos.uel.br\/clinicapsicanalitica\/localizacao\/","title":{"rendered":"Localiza\u00e7\u00e3o"},"content":{"rendered":"\n<p>Secretaria Geral de P\u00f3s-Gradua\u00e7\u00e3o Lato Sensu no CCB \u2013 Centro de Ci\u00eancias Biol\u00f3gicas:<\/p>\n\n\n\n<iframe src=\"https:\/\/www.google.com\/maps\/embed?pb=!1m18!1m12!1m3!1d3663.7286361093406!2d-51.19846042389078!3d-23.3256025529747!2m3!1f0!2f0!3f0!3m2!1i1024!2i768!4f13.1!3m3!1m2!1s0x94eb5ca0e93789e7%3A0x9ebbef1fc3ae482e!2sCCB%20-%20Centro%20de%20Ci%C3%AAncias%20Biol%C3%B3gicas!5e0!3m2!1spt-BR!2sbr!4v1753898702293!5m2!1spt-BR!2sbr\" width=\"1200\" height=\"800\" style=\"border:0;\" allowfullscreen=\"\" loading=\"lazy\" referrerpolicy=\"no-referrer-when-downgrade\"><\/iframe>\n","protected":false},"excerpt":{"rendered":"<p>Secretaria Geral de P\u00f3s-Gradua\u00e7\u00e3o Lato Sensu no CCB \u2013 Centro de Ci\u00eancias Biol\u00f3gicas:<\/p>\n","protected":false},"author":7,"featured_media":0,"parent":0,"menu_order":0,"comment_status":"closed","ping_status":"closed","template":"","meta":{"_acf_changed":false,"_themeisle_gutenberg_block_has_review":false,"footnotes":""},"class_list":["post-29","page","type-page","status-publish","hentry"],"acf":[],"_links":{"self":[{"href":"https:\/\/pos.uel.br\/clinicapsicanalitica\/wp-json\/wp\/v2\/pages\/29","targetHints":{"allow":["GET"]}}],"collection":[{"href":"https:\/\/pos.uel.br\/clinicapsicanalitica\/wp-json\/wp\/v2\/pages"}],"about":[{"href":"https:\/\/pos.uel.br\/clinicapsicanalitica\/wp-json\/wp\/v2\/types\/page"}],"author":[{"embeddable":true,"href":"https:\/\/pos.uel.br\/clinicapsicanalitica\/wp-json\/wp\/v2\/users\/7"}],"replies":[{"embeddable":true,"href":"https:\/\/pos.uel.br\/clinicapsicanalitica\/wp-json\/wp\/v2\/comments?post=29"}],"version-history":[{"count":3,"href":"https:\/\/pos.uel.br\/clinicapsicanalitica\/wp-json\/wp\/v2\/pages\/29\/revisions"}],"predecessor-version":[{"id":148,"href":"https:\/\/pos.uel.br\/clinicapsicanalitica\/wp-json\/wp\/v2\/pages\/29\/revisions\/148"}],"wp:attachment":[{"href":"https:\/\/pos.uel.br\/clinicapsicanalitica\/wp-json\/wp\/v2\/media?parent=29"}],"curies":[{"name":"wp","href":"https:\/\/api.w.org\/{rel}","templated":true}]}}