{"id":23,"date":"2025-07-30T09:24:34","date_gmt":"2025-07-30T12:24:34","guid":{"rendered":"https:\/\/pos.uel.br\/clinicapsicanalitica\/?page_id=23"},"modified":"2025-07-30T13:49:06","modified_gmt":"2025-07-30T16:49:06","slug":"regulamentacoes","status":"publish","type":"page","link":"https:\/\/pos.uel.br\/clinicapsicanalitica\/regulamentacoes\/","title":{"rendered":"Regulamenta\u00e7\u00f5es"},"content":{"rendered":"\n<p><strong>Delibera\u00e7\u00e3o &#8211; Colegiado LSP N\u00ba 22\/2022:<\/strong>&nbsp;<br>Reestrutura o Curso de P\u00f3s-Gradua\u00e7\u00e3o&nbsp;<em>Lato sensu<\/em>&nbsp;em Cl\u00ednica Psicanal\u00edtica.<\/p>\n\n\n\n<div class=\"wp-block-file\"><a id=\"wp-block-file--media-27a1323e-98df-4e71-99f3-0a8d4de8a7c7\" href=\"https:\/\/pos.uel.br\/clinicapsicanalitica\/wp-content\/uploads\/2025\/07\/Deliberacao-22-de-2022-Reestrutura-Esp-Clinica-Psicanalitica-a-partir-de-2023-1.pdf\">Deliberacao 22 de 2022 &#8211; Reestrutura Esp Clinica Psicanalitica a partir de 2023 1<\/a><a href=\"https:\/\/pos.uel.br\/clinicapsicanalitica\/wp-content\/uploads\/2025\/07\/Deliberacao-22-de-2022-Reestrutura-Esp-Clinica-Psicanalitica-a-partir-de-2023-1.pdf\" class=\"wp-block-file__button wp-element-button\" download aria-describedby=\"wp-block-file--media-27a1323e-98df-4e71-99f3-0a8d4de8a7c7\">Baixar<\/a><\/div>\n\n\n\n<p><\/p>\n\n\n\n<p><strong>Resolu\u00e7\u00e3o CA N\u00ba 083\/2022:<\/strong>\u00a0Estabele o valor da mensalidade do Curso de P\u00f3s-Gradua\u00e7\u00e3o\u00a0<em>Lato sensu<\/em>\u00a0em Cl\u00ednica Psicanal\u00edtica.<\/p>\n\n\n\n<div class=\"wp-block-file\"><a id=\"wp-block-file--media-5b737cde-c921-43b6-bde2-38e84504d30d\" href=\"https:\/\/pos.uel.br\/clinicapsicanalitica\/wp-content\/uploads\/2025\/07\/Resolucao-CA-N-083-de-2022-Mensalidade-Espec-Clinica-Psicanalitica.pdf\">Resolucao CA N 083 de 2022 Mensalidade Espec Clinica Psicanalitica<\/a><a href=\"https:\/\/pos.uel.br\/clinicapsicanalitica\/wp-content\/uploads\/2025\/07\/Resolucao-CA-N-083-de-2022-Mensalidade-Espec-Clinica-Psicanalitica.pdf\" class=\"wp-block-file__button wp-element-button\" download aria-describedby=\"wp-block-file--media-5b737cde-c921-43b6-bde2-38e84504d30d\">Baixar<\/a><\/div>\n\n\n\n<p><\/p>\n\n\n\n<p><strong>Resolu\u00e7\u00e3o CEPE N\u00ba 105\/2018:<\/strong>\u00a0Altera o n\u00famero de vagas do Curso de P\u00f3s-Gradua\u00e7\u00e3o\u00a0<em>Lato sensu<\/em>\u00a0em Cl\u00ednica Psicanal\u00edtica.<\/p>\n\n\n\n<div class=\"wp-block-file\"><a id=\"wp-block-file--media-5062b71b-de73-4925-bbf8-5a30723b228c\" href=\"https:\/\/pos.uel.br\/clinicapsicanalitica\/wp-content\/uploads\/2025\/07\/Resolucao-CEPE-105-2018-Vagas-Esp-Clinica-Psicanalitica.pdf\">Resolucao CEPE 105 2018 &#8211; Vagas Esp Clinica Psicanalitica<\/a><a href=\"https:\/\/pos.uel.br\/clinicapsicanalitica\/wp-content\/uploads\/2025\/07\/Resolucao-CEPE-105-2018-Vagas-Esp-Clinica-Psicanalitica.pdf\" class=\"wp-block-file__button wp-element-button\" download aria-describedby=\"wp-block-file--media-5062b71b-de73-4925-bbf8-5a30723b228c\">Baixar<\/a><\/div>\n\n\n\n<p><\/p>\n","protected":false},"excerpt":{"rendered":"<p>Delibera\u00e7\u00e3o &#8211; Colegiado LSP N\u00ba 22\/2022:&nbsp;Reestrutura o Curso de P\u00f3s-Gradua\u00e7\u00e3o&nbsp;Lato sensu&nbsp;em Cl\u00ednica Psicanal\u00edtica. Resolu\u00e7\u00e3o CA N\u00ba 083\/2022:\u00a0Estabele o valor da mensalidade do Curso de P\u00f3s-Gradua\u00e7\u00e3o\u00a0Lato sensu\u00a0em Cl\u00ednica Psicanal\u00edtica. Resolu\u00e7\u00e3o CEPE N\u00ba 105\/2018:\u00a0Altera o n\u00famero de vagas do Curso de P\u00f3s-Gradua\u00e7\u00e3o\u00a0Lato sensu\u00a0em Cl\u00ednica Psicanal\u00edtica.<\/p>\n","protected":false},"author":7,"featured_media":0,"parent":0,"menu_order":0,"comment_status":"closed","ping_status":"closed","template":"","meta":{"_acf_changed":false,"_themeisle_gutenberg_block_has_review":false,"footnotes":""},"class_list":["post-23","page","type-page","status-publish","hentry"],"acf":[],"_links":{"self":[{"href":"https:\/\/pos.uel.br\/clinicapsicanalitica\/wp-json\/wp\/v2\/pages\/23","targetHints":{"allow":["GET"]}}],"collection":[{"href":"https:\/\/pos.uel.br\/clinicapsicanalitica\/wp-json\/wp\/v2\/pages"}],"about":[{"href":"https:\/\/pos.uel.br\/clinicapsicanalitica\/wp-json\/wp\/v2\/types\/page"}],"author":[{"embeddable":true,"href":"https:\/\/pos.uel.br\/clinicapsicanalitica\/wp-json\/wp\/v2\/users\/7"}],"replies":[{"embeddable":true,"href":"https:\/\/pos.uel.br\/clinicapsicanalitica\/wp-json\/wp\/v2\/comments?post=23"}],"version-history":[{"count":3,"href":"https:\/\/pos.uel.br\/clinicapsicanalitica\/wp-json\/wp\/v2\/pages\/23\/revisions"}],"predecessor-version":[{"id":112,"href":"https:\/\/pos.uel.br\/clinicapsicanalitica\/wp-json\/wp\/v2\/pages\/23\/revisions\/112"}],"wp:attachment":[{"href":"https:\/\/pos.uel.br\/clinicapsicanalitica\/wp-json\/wp\/v2\/media?parent=23"}],"curies":[{"name":"wp","href":"https:\/\/api.w.org\/{rel}","templated":true}]}}