{"id":18,"date":"2025-07-30T09:21:49","date_gmt":"2025-07-30T12:21:49","guid":{"rendered":"https:\/\/pos.uel.br\/clinicapsicanalitica\/?page_id=18"},"modified":"2025-07-30T10:28:54","modified_gmt":"2025-07-30T13:28:54","slug":"sobre-o-curso","status":"publish","type":"page","link":"https:\/\/pos.uel.br\/clinicapsicanalitica\/sobre-o-curso\/","title":{"rendered":"Sobre o curso"},"content":{"rendered":"\n<p><strong>OBJETIVOS<\/strong><\/p>\n\n\n\n<p><strong><u>GERAL<\/u>:<\/strong><\/p>\n\n\n\n<ul class=\"wp-block-list\">\n<li>Propiciar ao profissional interessado, um corpo de conhecimento te\u00f3rico-pr\u00e1tico da Psican\u00e1lise, para seu exerc\u00edcio na Cl\u00ednica Psicanal\u00edtica.<\/li>\n<\/ul>\n\n\n\n<p><strong><u>ESPEC\u00cdFICO<\/u>:<\/strong><\/p>\n\n\n\n<ul class=\"wp-block-list\">\n<li>Aprofundar nos&nbsp;conceitos psicanal\u00edticos.&nbsp;<\/li>\n\n\n\n<li>Desenvolver a performance profissional, atrav\u00e9s dos atendimentos realizados, sob supervis\u00e3o cl\u00ednica.<\/li>\n\n\n\n<li>Integrar os conhecimentos te\u00f3ricos e cl\u00ednicos para a pr\u00e1tica profissional na Cl\u00ednica Psicanal\u00edtica.<\/li>\n<\/ul>\n\n\n\n<p>&nbsp;<strong>DURA\u00c7\u00c3O<\/strong><\/p>\n\n\n\n<ul class=\"wp-block-list\">\n<li>O Curso ter\u00e1 a dura\u00e7\u00e3o de 360 (trezentas e sessenta) horas te\u00f3ricas e 100 (cem) horas de supervis\u00e3o + atendimento cl\u00ednico, totalizando 460 (quatrocentas e sessenta) horas, distribu\u00eddas em 03 (tr\u00eas) semestres.<\/li>\n<\/ul>\n\n\n\n<p><strong>N\u00daMEROS DE VAGAS<\/strong><\/p>\n\n\n\n<ul class=\"wp-block-list\">\n<li>Ser\u00e3o ofertadas de 20 (vinte) at\u00e9 30 (trinta) vagas, por turma.<\/li>\n<\/ul>\n\n\n\n<p><strong>P\u00daBLICO ALVO<\/strong><\/p>\n\n\n\n<ul class=\"wp-block-list\">\n<li>Poder\u00e3o candidatar-se ao Curso Psic\u00f3logos e M\u00e9dicos diplomados, com CRP e CRM ativos.<\/li>\n<\/ul>\n\n\n\n<p><strong>SELE\u00c7\u00c3O<\/strong><\/p>\n\n\n\n<ul class=\"wp-block-list\">\n<li>A sele\u00e7\u00e3o ser\u00e1 realizada pela Comiss\u00e3o Coordenadora do Curso e os crit\u00e9rios ser\u00e3o definidos e publicados no edital de abertura de inscri\u00e7\u00f5es.<\/li>\n<\/ul>\n\n\n\n<p><strong>IN\u00cdCIO DAS AULAS<\/strong><\/p>\n\n\n\n<ul class=\"wp-block-list\">\n<li><strong>Mar\u00e7o<\/strong>&nbsp;de&nbsp;<strong>2025&nbsp;<\/strong><\/li>\n<\/ul>\n\n\n\n<p><\/p>\n\n\n\n<p><strong>Disciplinas Te\u00f3ricas:<\/strong><\/p>\n\n\n\n<ul class=\"wp-block-list\">\n<li>As aulas ser\u00e3o&nbsp;ministradas quinzenalmente aos s\u00e1bados, das 08h \u00e0s 14h, no formato Remoto S\u00edncrono, via Google Meet, at\u00e9 a conclus\u00e3o do curso.<\/li>\n\n\n\n<li>Considerando o formato Remoto S\u00edncrono, as aulas n\u00e3o s\u00e3o gravadas, n\u00e3o sendo poss\u00edvel disponibiliz\u00e1-las posteriormente.<\/li>\n<\/ul>\n\n\n\n<p><strong>Carga Hor\u00e1ria Pr\u00e1tica:<\/strong><\/p>\n\n\n\n<ul class=\"wp-block-list\">\n<li>Ser\u00e3o definidas em concord\u00e2ncia com as agendas entre supervisor e superviosionado.<\/li>\n<\/ul>\n\n\n\n<p><\/p>\n","protected":false},"excerpt":{"rendered":"<p>OBJETIVOS GERAL: ESPEC\u00cdFICO: &nbsp;DURA\u00c7\u00c3O N\u00daMEROS DE VAGAS P\u00daBLICO ALVO SELE\u00c7\u00c3O IN\u00cdCIO DAS AULAS Disciplinas Te\u00f3ricas: Carga Hor\u00e1ria Pr\u00e1tica:<\/p>\n","protected":false},"author":7,"featured_media":0,"parent":0,"menu_order":0,"comment_status":"closed","ping_status":"closed","template":"","meta":{"_acf_changed":false,"_themeisle_gutenberg_block_has_review":false,"footnotes":""},"class_list":["post-18","page","type-page","status-publish","hentry"],"acf":[],"_links":{"self":[{"href":"https:\/\/pos.uel.br\/clinicapsicanalitica\/wp-json\/wp\/v2\/pages\/18","targetHints":{"allow":["GET"]}}],"collection":[{"href":"https:\/\/pos.uel.br\/clinicapsicanalitica\/wp-json\/wp\/v2\/pages"}],"about":[{"href":"https:\/\/pos.uel.br\/clinicapsicanalitica\/wp-json\/wp\/v2\/types\/page"}],"author":[{"embeddable":true,"href":"https:\/\/pos.uel.br\/clinicapsicanalitica\/wp-json\/wp\/v2\/users\/7"}],"replies":[{"embeddable":true,"href":"https:\/\/pos.uel.br\/clinicapsicanalitica\/wp-json\/wp\/v2\/comments?post=18"}],"version-history":[{"count":4,"href":"https:\/\/pos.uel.br\/clinicapsicanalitica\/wp-json\/wp\/v2\/pages\/18\/revisions"}],"predecessor-version":[{"id":49,"href":"https:\/\/pos.uel.br\/clinicapsicanalitica\/wp-json\/wp\/v2\/pages\/18\/revisions\/49"}],"wp:attachment":[{"href":"https:\/\/pos.uel.br\/clinicapsicanalitica\/wp-json\/wp\/v2\/media?parent=18"}],"curies":[{"name":"wp","href":"https:\/\/api.w.org\/{rel}","templated":true}]}}