{"id":165,"date":"2025-10-14T17:49:46","date_gmt":"2025-10-14T20:49:46","guid":{"rendered":"https:\/\/pos.uel.br\/clinicapsicanalitica\/?page_id=165"},"modified":"2025-10-14T18:10:31","modified_gmt":"2025-10-14T21:10:31","slug":"inscricoes-2","status":"publish","type":"page","link":"https:\/\/pos.uel.br\/clinicapsicanalitica\/inscricoes-2\/","title":{"rendered":"Inscri\u00e7\u00f5es"},"content":{"rendered":"\n<div id=\"wp-block-themeisle-blocks-accordion-e689632e\" class=\"wp-block-themeisle-blocks-accordion exclusive\">\n<details class=\"wp-block-themeisle-blocks-accordion-item\"><summary class=\"wp-block-themeisle-blocks-accordion-item__title\"><div><strong>Processo 2025\/2026<\/strong><\/div><\/summary><div class=\"wp-block-themeisle-blocks-accordion-item__content\">\n<p><strong>As inscri\u00e7\u00f5es<\/strong> <strong>(EDITAL 002\/2025)<\/strong> ser\u00e3o realizadas somente via Sistema de Inscri\u00e7\u00e3o online, no seguinte endere\u00e7o eletr\u00f4nico:<\/p>\n\n\n\n<p><a href=\"https:\/\/sites.uel.br\/proppg\/inscricoes\">https:\/\/sites.uel.br\/proppg\/inscricoes<\/a><\/p>\n\n\n\n<p><strong>Cronograma<\/strong>:<\/p>\n\n\n\n<figure class=\"wp-block-image size-full is-resized\"><img loading=\"lazy\" decoding=\"async\" width=\"767\" height=\"646\" src=\"https:\/\/pos.uel.br\/clinicapsicanalitica\/wp-content\/uploads\/2025\/10\/cronograma.png\" alt=\"\" class=\"wp-image-175\" style=\"width:600px;height:auto\" srcset=\"https:\/\/pos.uel.br\/clinicapsicanalitica\/wp-content\/uploads\/2025\/10\/cronograma.png 767w, https:\/\/pos.uel.br\/clinicapsicanalitica\/wp-content\/uploads\/2025\/10\/cronograma-300x253.png 300w\" sizes=\"auto, (max-width: 767px) 100vw, 767px\" \/><\/figure>\n<\/div><\/details>\n<\/div>\n","protected":false},"excerpt":{"rendered":"","protected":false},"author":7,"featured_media":0,"parent":0,"menu_order":0,"comment_status":"closed","ping_status":"closed","template":"","meta":{"_acf_changed":false,"_themeisle_gutenberg_block_has_review":false,"footnotes":""},"class_list":["post-165","page","type-page","status-publish","hentry"],"acf":[],"_links":{"self":[{"href":"https:\/\/pos.uel.br\/clinicapsicanalitica\/wp-json\/wp\/v2\/pages\/165","targetHints":{"allow":["GET"]}}],"collection":[{"href":"https:\/\/pos.uel.br\/clinicapsicanalitica\/wp-json\/wp\/v2\/pages"}],"about":[{"href":"https:\/\/pos.uel.br\/clinicapsicanalitica\/wp-json\/wp\/v2\/types\/page"}],"author":[{"embeddable":true,"href":"https:\/\/pos.uel.br\/clinicapsicanalitica\/wp-json\/wp\/v2\/users\/7"}],"replies":[{"embeddable":true,"href":"https:\/\/pos.uel.br\/clinicapsicanalitica\/wp-json\/wp\/v2\/comments?post=165"}],"version-history":[{"count":7,"href":"https:\/\/pos.uel.br\/clinicapsicanalitica\/wp-json\/wp\/v2\/pages\/165\/revisions"}],"predecessor-version":[{"id":179,"href":"https:\/\/pos.uel.br\/clinicapsicanalitica\/wp-json\/wp\/v2\/pages\/165\/revisions\/179"}],"wp:attachment":[{"href":"https:\/\/pos.uel.br\/clinicapsicanalitica\/wp-json\/wp\/v2\/media?parent=165"}],"curies":[{"name":"wp","href":"https:\/\/api.w.org\/{rel}","templated":true}]}}