{"id":726,"date":"2022-03-25T19:56:06","date_gmt":"2022-03-25T22:56:06","guid":{"rendered":"https:\/\/pos.uel.br\/cienciasdasaude\/?page_id=726"},"modified":"2026-03-26T16:42:07","modified_gmt":"2026-03-26T19:42:07","slug":"perguntas-frequentes-2","status":"publish","type":"page","link":"https:\/\/pos.uel.br\/cienciasdasaude\/es\/perguntas-frequentes-2\/","title":{"rendered":"Perguntas frequentes"},"content":{"rendered":"\n<p class=\"has-extra-1-color has-text-color has-link-color has-medium-font-size wp-elements-d0df58580283d97a90e7ac43c6af3ce0\"><strong>Como solicitar a carteirinha de identifica\u00e7\u00e3o estudantil?<\/strong><\/p>\n\n\n\n<p><a href=\"https:\/\/sites.uel.br\/ccs\/emissao-da-carteirinha-de-identificacao-estudantil\/\">Clique aqui<\/a><\/p>\n\n\n\n<p class=\"has-primary-accent-color has-text-color has-link-color has-medium-font-size wp-elements-c2a0c797cc25a65e1f1f0bcb6e60ffd0\"><strong>Como solicitar o e-mail institucional?<\/strong><\/p>\n\n\n\n<p><a href=\"https:\/\/sites.uel.br\/ccs\/email-uel\/\">Clique aqui<\/a><\/p>\n\n\n\n<p class=\"has-primary-accent-color has-text-color has-medium-font-size\"><strong>Como cadastrar um co-orientador?<\/strong><\/p>\n\n\n\n<p>O orientador dever\u00e1 encaminhar um of\u00edcio \u00e0 Comiss\u00e3o Coordenadora do PPGCS justificando a necessidade do co-orientador e solicitando a inclus\u00e3o do mesmo. Ap\u00f3s despacho favor\u00e1vel da coordena\u00e7\u00e3o do curso, o documento ser\u00e1 encaminhado \u00e0 PROPPG para que a inclus\u00e3o seja realizada.&nbsp;<\/p>\n\n\n\n<p class=\"has-primary-accent-color has-text-color has-medium-font-size\"><strong>Como obter os cr\u00e9ditos da disciplina \u201cAtividades Especiais em Sa\u00fade\u201d?<\/strong><\/p>\n\n\n\n<p>\u2022\u2060 \u2060Requerimento realizado pelo portal do estudante na aba aproveitamento externo de disciplinas;<br>\u2022\u2060 \u2060Para 2DCF152 &#8211; Atividades especiais I (1 cr\u00e9dito): o estudante deve anexar a dissemina\u00e7\u00e3o de pelo menos dois trabalhos em eventos cient\u00edficos nacionais e\/ou internacionais na \u00e1rea de Ci\u00eancias da Sa\u00fade, nos quais o p\u00f3s-graduando deve ser o primeiro autor e com a participa\u00e7\u00e3o do orientador.<br>\u2022\u2060 \u2060Para 2DCF153 \u2013 Atividades especiais II (2 cr\u00e9ditos): o estudante deve anexar a dissemina\u00e7\u00e3o de pelo menos um artigo em peri\u00f3dico classificado no percentil 75% JCR ou Scopus ou superior, como primeiro autor e com a participa\u00e7\u00e3o do orientador.<br>\u2022\u2060 \u2060Realizar o pagamento da taxa.<br>\u2022\u2060 \u2060O orientador e o coordenador devem realizar as aprova\u00e7\u00f5es via sistema UEL.<\/p>\n\n\n\n<p class=\"has-primary-accent-color has-text-color has-medium-font-size\"><strong>O que \u00e9 a disciplina \u201cEst\u00e1gio de Doc\u00eancia na Gradua\u00e7\u00e3o\u201d e como se matricular?<\/strong><\/p>\n\n\n\n<p>Esta \u00e9 uma disciplina obrigat\u00f3ria para bolsistas CAPES e optativa para n\u00e3o bolsistas. Para curs\u00e1-la, cada aluno dever\u00e1 consultar seu orientador ou outro docente do PPGCS sobre a possibilidade de supervision\u00e1-lo. Caso o docente aceite a supervis\u00e3o, o estudante dever\u00e1 acessar <a href=\"https:\/\/sites.uel.br\/ccs\/tramitacao-dos-pedidos-de-inclusao-da-disciplina-de-estagio-em-docencia\/\">https:\/\/sites.uel.br\/ccs\/tramitacao-dos-pedidos-de-inclusao-da-disciplina-de-estagio-em-docencia\/<\/a> e seguir os passos descritos. O objetivo desta disciplina \u00e9 que o estudante acompanhe o docente para vivenciar o dia-a-dia das aulas de gradua\u00e7\u00e3o. O estudante poder\u00e1,&nbsp;eventualmente, ministrar alguma aula te\u00f3rica ou pr\u00e1tica com a supervis\u00e3o do docente, ou seja, o estudante n\u00e3o substituir\u00e1 o docente.<\/p>\n\n\n\n<p>OBS: Bolsistas de Mestrado dever\u00e3o cursar a disciplina \u201cEst\u00e1gio de Doc\u00eancia na Gradua\u00e7\u00e3o I\u201d (2MED865) enquanto bolsistas de Doutorado dever\u00e3o cursar as disciplinas \u201cEst\u00e1gio de Doc\u00eancia na Gradua\u00e7\u00e3o I\u201d (2MED865) e \u201cEst\u00e1gio de Doc\u00eancia na Gradua\u00e7\u00e3o II\u201d (2MED866).<\/p>\n\n\n\n<p><\/p>\n\n\n\n<p class=\"has-primary-accent-color has-text-color has-medium-font-size\"><strong><strong>Como solicitar o aproveitamento de disciplina?<\/strong><\/strong><\/p>\n\n\n\n<p><a href=\"https:\/\/sites.uel.br\/ccs\/aproveitamento-de-disciplinas\/\">Clique aqui<\/a><\/p>\n\n\n\n<p class=\"has-primary-accent-color has-text-color has-link-color has-medium-font-size wp-elements-fd8611c63e1ce4a8a6be7e2bcf3511ec\"><strong><strong>Como solicitar o cancelamento de disciplina?<\/strong><\/strong><\/p>\n\n\n\n<p><a href=\"https:\/\/sites.uel.br\/ccs\/cancelamento-de-disciplina\/\">Clique aqui<\/a><\/p>\n\n\n\n<p class=\"has-primary-accent-color has-text-color has-link-color has-medium-font-size wp-elements-c40fee18dabdc18275fb93dacad05e5c\"><strong><strong>Como solicitar a inclus\u00e3o de disciplina?<\/strong><\/strong><\/p>\n\n\n\n<p><a href=\"https:\/\/sites.uel.br\/ccs\/inclusao-de-disciplina\/\">Clique aqui<\/a><\/p>\n\n\n\n<p class=\"has-primary-accent-color has-text-color has-medium-font-size\"><strong><strong>Qualifica\u00e7\u00e3o: como solicitar e procedimentos<\/strong><\/strong><\/p>\n\n\n\n<p>Verificar na aba &#8220;Mestrado&#8221; ou &#8220;Doutorado&#8221;, conforme o n\u00edvel de cada estudante. <\/p>\n\n\n\n<p><\/p>\n\n\n\n<p class=\"has-primary-accent-color has-text-color has-medium-font-size\"><strong>Defesa: como solicitar e procedimentos<\/strong><\/p>\n\n\n\n<p>Verificar na aba &#8220;Mestrado&#8221; ou &#8220;Doutorado&#8221;, conforme o n\u00edvel de cada estudante.<\/p>\n\n\n\n<p class=\"has-primary-accent-color has-text-color has-medium-font-size\"><strong>Qual o formato da disserta\u00e7\u00e3o ou tese?<\/strong><\/p>\n\n\n\n<p>Consultar na aba \u201cFormul\u00e1rios e Modelos de Documentos\u201d<\/p>\n\n\n\n<p class=\"has-primary-accent-color has-text-color has-link-color has-medium-font-size wp-elements-7d9be8d94a9c0964102df5a16d58208d\"><strong>Como solicitar o diploma de conclus\u00e3o do Curso?<\/strong><\/p>\n\n\n\n<p><a href=\"https:\/\/sites.uel.br\/ccs\/emissao-de-atestado-e-diploma-de-conclusao-de-curso\/\">Clique aqui<\/a><\/p>\n\n\n\n<p class=\"has-primary-accent-color has-text-color has-link-color has-medium-font-size wp-elements-33dc0df11008bffe0ed37fb498ed2398\"><strong>Como solicitar o hist\u00f3rico escolar?<\/strong><\/p>\n\n\n\n<p><a href=\"https:\/\/sites.uel.br\/ccs\/historico-escolar\/\">Clique aqui<\/a><\/p>\n\n\n\n<p><\/p>\n","protected":false},"excerpt":{"rendered":"<p>Como solicitar a carteirinha de identifica\u00e7\u00e3o estudantil? Clique aqui Como solicitar o e-mail institucional? Clique aqui Como cadastrar um co-orientador? O orientador dever\u00e1 encaminhar um of\u00edcio \u00e0 Comiss\u00e3o Coordenadora do PPGCS justificando a necessidade do co-orientador e solicitando a inclus\u00e3o do mesmo. Ap\u00f3s despacho favor\u00e1vel da coordena\u00e7\u00e3o do curso, o documento ser\u00e1 encaminhado \u00e0 PROPPG [&hellip;]<\/p>\n","protected":false},"author":9,"featured_media":0,"parent":0,"menu_order":0,"comment_status":"closed","ping_status":"closed","template":"","meta":{"_acf_changed":false,"footnotes":""},"class_list":["post-726","page","type-page","status-publish","hentry"],"acf":[],"_links":{"self":[{"href":"https:\/\/pos.uel.br\/cienciasdasaude\/wp-json\/wp\/v2\/pages\/726","targetHints":{"allow":["GET"]}}],"collection":[{"href":"https:\/\/pos.uel.br\/cienciasdasaude\/wp-json\/wp\/v2\/pages"}],"about":[{"href":"https:\/\/pos.uel.br\/cienciasdasaude\/wp-json\/wp\/v2\/types\/page"}],"author":[{"embeddable":true,"href":"https:\/\/pos.uel.br\/cienciasdasaude\/wp-json\/wp\/v2\/users\/9"}],"replies":[{"embeddable":true,"href":"https:\/\/pos.uel.br\/cienciasdasaude\/wp-json\/wp\/v2\/comments?post=726"}],"version-history":[{"count":14,"href":"https:\/\/pos.uel.br\/cienciasdasaude\/wp-json\/wp\/v2\/pages\/726\/revisions"}],"predecessor-version":[{"id":1423,"href":"https:\/\/pos.uel.br\/cienciasdasaude\/wp-json\/wp\/v2\/pages\/726\/revisions\/1423"}],"wp:attachment":[{"href":"https:\/\/pos.uel.br\/cienciasdasaude\/wp-json\/wp\/v2\/media?parent=726"}],"curies":[{"name":"wp","href":"https:\/\/api.w.org\/{rel}","templated":true}]}}