{"id":632,"date":"2022-01-20T17:06:05","date_gmt":"2022-01-20T20:06:05","guid":{"rendered":"https:\/\/pos.uel.br\/cienciasdasaude\/?page_id=632"},"modified":"2024-03-12T16:08:22","modified_gmt":"2024-03-12T19:08:22","slug":"632-2","status":"publish","type":"page","link":"https:\/\/pos.uel.br\/cienciasdasaude\/es\/632-2\/","title":{"rendered":"Programa de Posgrado en Ciencias de la Salud"},"content":{"rendered":"\n<p class=\"has-secondary-accent-color has-text-color has-large-font-size\"><strong>Programa de Posgrado en Ciencias de la Salud<\/strong><\/p>\n\n\n\n<p><a href=\"https:\/\/pos.uel.br\/cienciasdasaude\/\">&lt;- volver<\/a><\/p>\n\n\n\n<p class=\"has-primary-accent-color has-text-color has-medium-font-size\"><strong>Acerca del Programa<\/strong><\/p>\n\n\n\n<p>El Programa de Posgrado en Ciencias de la Salud, fue fundado en 2010 con el objetivo de ofrecer a los estudiantes, calidad de educaci\u00f3n superior, en investigaci\u00f3n b\u00e1sica y\/o cl\u00ednica y formaci\u00f3n profesional en Ciencias de la Salud. Es un programa multidisciplinar que re\u00fane a profesores de diferentes \u00e1reas de formaci\u00f3n (bi\u00f3logos, investigadores biom\u00e9dicos, cl\u00ednicos, farmac\u00e9uticos, fisioterapeutas, profesionales de educaci\u00f3n f\u00edsica, m\u00e9dicos, entre otros) que desarrollan investigacion en diferentes \u00e1reas de las Ciencias de la Salud.<\/p>\n\n\n\n<hr class=\"wp-block-separator has-css-opacity\" \/>\n\n\n\n<p class=\"has-primary-accent-color has-text-color has-medium-font-size\"><strong>L\u00edneas de Investigaci\u00f3n<\/strong><\/p>\n\n\n\n<p>EVALUACI\u00d3N DE PRODUCTOS NATURALES Y SINT\u00c9TICOS<\/p>\n\n\n\n<p>Descripci\u00f3n: Desarrollo de estudios experimentales centrados en la evaluaci\u00f3n de la actividad biol\u00f3gica de productos qu\u00edmicos, as\u00ed como explicar los posibles mecanismos de acci\u00f3n.<\/p>\n\n\n\n<p>Investigadores: Eduardo Ara\u00fajo, C\u00e9lio Estanislau, Estef\u00e2nia Moreira, Fl\u00e1via Guarnier, Gerson Nakazato, Maria Jos\u00e9 Salles, R\u00fabia Casagrande, S\u00e9rgio Borghi, Wander Pavanelli e Waldiceu Verri Jr<\/p>\n\n\n\n<p><\/p>\n\n\n\n<p>DISFUNCIONES UROL\u00d3GICAS Y NEFROPAT\u00cdAS<\/p>\n\n\n\n<p>Descripci\u00f3n: Estudios enfocados en las alteraciones funcionales del tracto urinario con \u00e9nfasis en nuevos m\u00e9todos de diagn\u00f3stico y tratamiento, as\u00ed como el desarrollo de nuevas t\u00e9cnicas laparosc\u00f3picas o endurol\u00f3gicas en modelos cl\u00ednicos o experimentales.<\/p>\n\n\n\n<p>Investigador: S\u00edlvio Almeida.<\/p>\n\n\n\n<p><\/p>\n\n\n\n<p>ENDOCRINOPAT\u00cdAS, ENFERMEDADES METAB\u00d3LICAS E INFLAMATORIAS<\/p>\n\n\n\n<p>Descripci\u00f3n: Estudios experimentales, cl\u00ednicos y \/ o laboratoriales enfocados a la fisiopatolog\u00eda de enfermedades endocrinas, metab\u00f3licas e inflamatorias, as\u00ed como la evaluaci\u00f3n de intervenciones terap\u00e9uticas.<\/p>\n\n\n\n<p>Investigadores: Alexandre Carrilho, Antonio Casella, C\u00edntia Grion, D\u00e9cio Sabbatini Barbosa, Fl\u00e1via Guarnier, S\u00e9rgio Borghi e Waldiceu Verri Jr.<\/p>\n\n\n\n<p><\/p>\n\n\n\n<p>EPIDEMIOLOG\u00cdA CL\u00cdNICA<\/p>\n\n\n\n<p>Descripci\u00f3n: Estudios enfocados a la validaci\u00f3n y uso de escalas diagn\u00f3sticas para enfermedades y\/o eventos de salud. Estudios observacionales y experimentales en Medicina y Ciencias de la Salud.<\/p>\n\n\n\n<p>.Investigadores: Cintia Grion e Edna Reiche.<\/p>\n\n\n\n<p><\/p>\n\n\n\n<p>MARCADORES BIOL\u00d3GICOS EN EL PROCESO SALUD &#8211; ENFERMEDAD<\/p>\n\n\n\n<p>Descripci\u00f3n: Estudios enfocados en la identificaci\u00f3n o desarrollo de marcadores gen\u00e9ticos, bioqu\u00edmicos o inmunol\u00f3gicos para la prevenci\u00f3n, diagn\u00f3stico, tratamiento y pron\u00f3stico de enfermedades as\u00ed como su fisiopatolog\u00eda.<\/p>\n\n\n\n<p>Investigadores: D\u00e9cio Sabbatini Barbosa, Edna Reiche, Eduardo Ara\u00fajo, Estef\u00e2nia Moreira, Marco Fornazieri e Sandra Nunes.<\/p>\n\n\n\n<p><\/p>\n\n\n\n<p>REHABILITACION FISICA<\/p>\n\n\n\n<p>Descripci\u00f3n: Estudios centrados en las t\u00e9cnicas de evaluaci\u00f3n y tratamiento utilizadas en rehabilitaci\u00f3n f\u00edsica, as\u00ed como la interacci\u00f3n entre la capacidad de ejercicio, nivel de actividad f\u00edsica, funci\u00f3n pulmonar y muscular, composici\u00f3n corporal, estado funcional y calidad de vida.<\/p>\n\n\n\n<p>Investigadores: Danilo Silva, Edilson Cyrino, F\u00e1bio Pitta e Rafael Deminice.<\/p>\n\n\n\n<hr class=\"wp-block-separator has-css-opacity\" \/>\n\n\n\n<p class=\"has-primary-accent-color has-text-color has-medium-font-size\"><strong>Estructura Curricular<\/strong><\/p>\n\n\n\n<p>CURSOS OBLIGATORIOS (16 cr\u00e9ditos para Maestr\u00eda; 20 cr\u00e9ditos para Doctorado, aparte de los cr\u00e9ditos para disertaci\u00f3n o tesis)<\/p>\n\n\n\n<ul class=\"wp-block-list\">\n<li>Estad\u00edsticas (4 cr\u00e9ditos)<\/li>\n\n\n\n<li>Epidemiolog\u00eda Cl\u00ednica (4 cr\u00e9ditos)<\/li>\n\n\n\n<li>Metodolog\u00edas de Ense\u00f1anza en Educaci\u00f3n Superior (4 cr\u00e9ditos)<\/li>\n\n\n\n<li>Seminarios I&nbsp;(4 cr\u00e9ditos)<\/li>\n\n\n\n<li>Seminarios II (4 cr\u00e9ditos)<\/li>\n\n\n\n<li>Formaci\u00f3n en Docencia (3 cr\u00e9ditos)<\/li>\n<\/ul>\n\n\n\n<p><\/p>\n\n\n\n<p>CURSOS ELECTIVOS (6 cr\u00e9ditos para Maestr\u00eda; 12 cr\u00e9ditos para Doctorado)<\/p>\n\n\n\n<ul class=\"wp-block-list\">\n<li>Actividades Especiales en Salud (3 cr\u00e9ditos) &nbsp;&nbsp;&nbsp;&nbsp;&nbsp;&nbsp;&nbsp;&nbsp;&nbsp;&nbsp;&nbsp;&nbsp;&nbsp;&nbsp;&nbsp;&nbsp;&nbsp;&nbsp;&nbsp;&nbsp;&nbsp;&nbsp;&nbsp;&nbsp;&nbsp;&nbsp;&nbsp;&nbsp; &nbsp;&nbsp;&nbsp;&nbsp;&nbsp;&nbsp;&nbsp;&nbsp;&nbsp;&nbsp;&nbsp;<\/li>\n\n\n\n<li>Bio\u00e9tica (3 cr\u00e9ditos)&nbsp;&nbsp;&nbsp;&nbsp;&nbsp;&nbsp;&nbsp;&nbsp;&nbsp;&nbsp;&nbsp;&nbsp;&nbsp;&nbsp;&nbsp;&nbsp;&nbsp;&nbsp;&nbsp;&nbsp;&nbsp;&nbsp;&nbsp;&nbsp;&nbsp;&nbsp;&nbsp;&nbsp;&nbsp;&nbsp;&nbsp;&nbsp;&nbsp;&nbsp;&nbsp;&nbsp;&nbsp;&nbsp;&nbsp;&nbsp;&nbsp;&nbsp;&nbsp;&nbsp;&nbsp;&nbsp;&nbsp;&nbsp;&nbsp;&nbsp;&nbsp;&nbsp;&nbsp;&nbsp;&nbsp;&nbsp;&nbsp;&nbsp;&nbsp;&nbsp;&nbsp;&nbsp;&nbsp;&nbsp;&nbsp;&nbsp;&nbsp;&nbsp;<\/li>\n\n\n\n<li>Estudios Avanzados en Ciencias de la Salud<\/li>\n\n\n\n<li>Fundamentos de Biolog\u00eda Molecular&nbsp;&nbsp;(3 cr\u00e9ditos)&nbsp;&nbsp;&nbsp;&nbsp;&nbsp;&nbsp;&nbsp;&nbsp;&nbsp;&nbsp;&nbsp;&nbsp;&nbsp;&nbsp;&nbsp;&nbsp;&nbsp;&nbsp; &nbsp;&nbsp;&nbsp;&nbsp;&nbsp;&nbsp;&nbsp;&nbsp;&nbsp;&nbsp;<\/li>\n\n\n\n<li>Principios de Metodolog\u00eda de Laboratorio Aplicadas a Ensayos Cl\u00ednicos y Experimentales&nbsp;(3 cr\u00e9ditos)&nbsp;<\/li>\n\n\n\n<li>T\u00f3picos de Investigaci\u00f3n Involucrando Ejercicio F\u00edsico y su Aplicaci\u00f3n en la Promoci\u00f3n de la Salud&nbsp;(3 cr\u00e9ditos)<\/li>\n<\/ul>\n\n\n\n<p>El contenido de cada asignatura mencionada puede ser encontrado en la resoluci\u00f3n de la creaci\u00f3n del programa, en cual est\u00e1 disponible en <a rel=\"noreferrer noopener\" href=\"https:\/\/pos.uel.br\/cienciasdasaude\/regimentos-resolucoes-e-normas\/\" target=\"_blank\">https:\/\/pos.uel.br\/cienciasdasaude\/regimentos-resolucoes-e-normas\/<\/a><\/p>\n\n\n\n<hr class=\"wp-block-separator has-css-opacity\" \/>\n\n\n\n<p class=\"has-primary-accent-color has-text-color has-medium-font-size\"><strong>Proceso Selectivo<\/strong><\/p>\n\n\n\n<p>Los graduados en las \u00e1reas de Ciencias de la vida, Ciencias de la salud y \u00e1reas relacionadas, pueden postularse al Programa de Posgrado en Ciencias de la Salud. El proceso de solicitud generalmente ocurre en noviembre, pero puede encontrar esta informaci\u00f3n en el apartado &#8220;Editais&#8221; haciendo clic <a href=\"https:\/\/pos.uel.br\/cienciasdasaude\/\">aqu\u00ed<\/a>.<\/p>\n\n\n\n<p>Para la solicitud, el candidato debe presentar:<\/p>\n\n\n\n<p>1) Un certificado de suficiencia en ingl\u00e9s. Los certificados aceptados est\u00e1n <a href=\"https:\/\/pos.uel.br\/cienciasdasaude\/selecao-2\/\">aqu\u00ed<\/a>.<\/p>\n\n\n\n<p>2) Un proyecto de investigaci\u00f3n escrito bajo la supervisi\u00f3n del posible orientador siguiendo el formato disponible <a href=\"https:\/\/pos.uel.br\/cienciasdasaude\/formularios\/\">aqu\u00ed<\/a>.<\/p>\n\n\n\n<p>3) Un curriculum vitae siguiendo el formato disponible <a href=\"https:\/\/pos.uel.br\/cienciasdasaude\/formularios\/\">aqu\u00ed<\/a> y la ficha de autoevaluaci\u00f3n diligenciada.<\/p>\n\n\n\n<p>4) Una carta de aceptaci\u00f3n en la que uno de los orientadores de nuestro Programa manifiesta que acepta supervisar al candidato en caso de que sea aprobado. Un modelo de la carta de aceptaci\u00f3n est\u00e1 disponible <a href=\"https:\/\/pos.uel.br\/cienciasdasaude\/formularios\/\">aqu\u00ed.<\/a><\/p>\n\n\n\n<p>Despu\u00e9s de la solicitud, los candidatos se direccionados a:<\/p>\n\n\n\n<p>5) Una prueba de redacci\u00f3n dise\u00f1ada para evaluar las habilidades del candidato para interpretar gr\u00e1ficos, figuras, tablas, resultados estad\u00edsticos.<\/p>\n\n\n\n<p>6) Una entrevista en la que el candidato presentar\u00e1 oralmente el proyecto y responder\u00e1 preguntas sobre el mismo.<\/p>\n\n\n\n<p>Al final del proceso de admisi\u00f3n, los candidatos que obtengan una calificaci\u00f3n m\u00ednima de 6 (sobre 10) ser\u00e1n seleccionados.<\/p>\n\n\n\n<hr class=\"wp-block-separator has-css-opacity\" \/>\n\n\n\n<p class=\"has-primary-accent-color has-text-color has-medium-font-size\">Orientadores<\/p>\n\n\n\n<p>Los orientadores pueden ser consultados <a href=\"https:\/\/pos.uel.br\/cienciasdasaude\/corpo-docente-2\/\" target=\"_blank\" rel=\"noreferrer noopener\">aqu\u00ed<\/a>.<\/p>\n\n\n\n<hr class=\"wp-block-separator has-css-opacity\" \/>\n\n\n\n<p class=\"has-primary-accent-color has-text-color has-medium-font-size\">Cont\u00e1ctenos<\/p>\n\n\n\n<p><strong>Secretar\u00eda del Programa de Posgrado en Ciencias de la Salud<\/strong><\/p>\n\n\n\n<p>CEPPOS \u2013 Pr\u00e9dio IV do Centro de Ci\u00eancias da Sa\u00fade (CCS) \u2013 1\u00ba andar<\/p>\n\n\n\n<p>Av. Robert Koch, 60<\/p>\n\n\n\n<p>Vila Oper\u00e1ria \u2013 Londrina \u2013 PR \u2013 CEP 86038-350<\/p>\n\n\n\n<p>Phone\/Fax: (43) 3371-2359<\/p>\n\n\n\n<p>E-mail: spgccs@uel.br<\/p>\n\n\n\n<p><\/p>\n\n\n\n<p><strong>Coordinadora del Programa de Posgrado en Ciencias de la Salud<\/strong><\/p>\n\n\n\n<p>Profesora Rubia Casagrande, PhD <\/p>\n\n\n\n<p>E-mail: ppgccs@uel.br<\/p>\n","protected":false},"excerpt":{"rendered":"<p>Programa de Posgrado en Ciencias de la Salud &lt;- volver Acerca del Programa El Programa de Posgrado en Ciencias de la Salud, fue fundado en 2010 con el objetivo de ofrecer a los estudiantes, calidad de educaci\u00f3n superior, en investigaci\u00f3n b\u00e1sica y\/o cl\u00ednica y formaci\u00f3n profesional en Ciencias de la Salud. Es un programa multidisciplinar [&hellip;]<\/p>\n","protected":false},"author":10,"featured_media":0,"parent":0,"menu_order":0,"comment_status":"closed","ping_status":"closed","template":"page-templates\/template-without-title.php","meta":{"_acf_changed":false,"footnotes":""},"class_list":["post-632","page","type-page","status-publish","hentry"],"acf":[],"_links":{"self":[{"href":"https:\/\/pos.uel.br\/cienciasdasaude\/wp-json\/wp\/v2\/pages\/632","targetHints":{"allow":["GET"]}}],"collection":[{"href":"https:\/\/pos.uel.br\/cienciasdasaude\/wp-json\/wp\/v2\/pages"}],"about":[{"href":"https:\/\/pos.uel.br\/cienciasdasaude\/wp-json\/wp\/v2\/types\/page"}],"author":[{"embeddable":true,"href":"https:\/\/pos.uel.br\/cienciasdasaude\/wp-json\/wp\/v2\/users\/10"}],"replies":[{"embeddable":true,"href":"https:\/\/pos.uel.br\/cienciasdasaude\/wp-json\/wp\/v2\/comments?post=632"}],"version-history":[{"count":11,"href":"https:\/\/pos.uel.br\/cienciasdasaude\/wp-json\/wp\/v2\/pages\/632\/revisions"}],"predecessor-version":[{"id":1110,"href":"https:\/\/pos.uel.br\/cienciasdasaude\/wp-json\/wp\/v2\/pages\/632\/revisions\/1110"}],"wp:attachment":[{"href":"https:\/\/pos.uel.br\/cienciasdasaude\/wp-json\/wp\/v2\/media?parent=632"}],"curies":[{"name":"wp","href":"https:\/\/api.w.org\/{rel}","templated":true}]}}