{"id":628,"date":"2022-01-20T16:57:47","date_gmt":"2022-01-20T19:57:47","guid":{"rendered":"https:\/\/pos.uel.br\/cienciasdasaude\/?page_id=628"},"modified":"2024-03-12T16:09:10","modified_gmt":"2024-03-12T19:09:10","slug":"graduate-program-in-health-sciences","status":"publish","type":"page","link":"https:\/\/pos.uel.br\/cienciasdasaude\/en\/graduate-program-in-health-sciences\/","title":{"rendered":"(sem t\u00edtulo)"},"content":{"rendered":"\n<p class=\"has-secondary-accent-color has-text-color has-large-font-size\"><strong>Graduate Program in Health Sciences<\/strong><\/p>\n\n\n\n<p class=\"has-medium-font-size\"><a href=\"https:\/\/pos.uel.br\/cienciasdasaude\/\">&lt;- Return<\/a><\/p>\n\n\n\n<p class=\"has-primary-accent-color has-text-color has-medium-font-size\"><strong>The Program<\/strong><\/p>\n\n\n\n<p>The Graduate Program in Health Sciences was founded in 2010 with the objective to offer students qualification in higher education, in research (basic and clinical) and professional training in Health Sciences.<\/p>\n\n\n\n<p>It is a multidisciplinary program that brings together professors with different backgrounds (biologists, biomedical researchers, clinicians, pharmacists, physical therapists, physical education professionals, surgeons) that develop researches in different areas of Health Sciences. We reached the grade 5 (out of 7) in the last evaluation conducted by CAPES, the federal agency responsible for the evaluation of graduate programs in Brazil.<\/p>\n\n\n\n<hr class=\"wp-block-separator has-css-opacity\" \/>\n\n\n\n<p class=\"has-primary-accent-color has-text-color has-medium-font-size\"><strong>Research Areas<\/strong><\/p>\n\n\n\n<p>PHYSICAL ACTIVITY IN HEALTH AND DISEASE<\/p>\n\n\n\n<p>Description: The importance of physical activity to promote health, prevent and rehabilitate from diseases is investigated.<\/p>\n\n\n\n<p>Researchers: Danilo Silva, Edilson Cyrino, F\u00e1bio Pitta e Rafael Deminice.<\/p>\n\n\n\n<p>EVALUATION OF NATURAL AND SYNTHETIC CHEMICALS<\/p>\n\n\n\n<p>Description: Experimental studies focused on the evaluation of the biological activity of chemicals as well as on the elucidation of possible mechanisms of action.<\/p>\n\n\n\n<p>Researchers: Eduardo Ara\u00fajo, C\u00e9lio Estanislau, Estef\u00e2nia Moreira, Fl\u00e1via Guarnier, Gerson Nakazato, Maria Jos\u00e9 Salles, R\u00fabia Casagrande, S\u00e9rgio Borghi, Wander Pavanelli e Waldiceu Verri Jr<\/p>\n\n\n\n<p><\/p>\n\n\n\n<p>METABOLIC, PSYCHIATRIC AND INFLAMMATORY DISEASES<\/p>\n\n\n\n<p>Description: Experimental, clinical and\/or laboratorial studies focused on the pathophysiology of endocrine, metabolic, psychiatric and inflammatory diseases as well as on the evaluation of therapeutic interventions.<\/p>\n\n\n\n<p>Researchers: Alexandre Carrilho, Antonio Casella, C\u00e9lio Estanislau, C\u00edntia Grion, D\u00e9cio Sabbatini Barbosa, Edna Reiche, Eduardo Ara\u00fajo, Estef\u00e2nia Gastaldello Moreira, Fl\u00e1via Guarnier, Marco Fornazieri, Rubia Casagrande, Sandra Vargas Nunes, S\u00e9rgio Borghi, Silvio Almeida e Waldiceu Verri Jr.<\/p>\n\n\n\n<p><\/p>\n\n\n\n<p>CLINICAL AND SOCIAL EPIDEMIOLOGY<\/p>\n\n\n\n<p>Description: Interdisciplinary studies in clinical and social epidemiology focused on the validation and use of scales for diseases and\/or health events . <\/p>\n\n\n\n<p>Researchers: Antonio Casella, Cintia Grion, Danilo Silva, Edna Reiche e Silvio Almeida.<\/p>\n\n\n\n<p><\/p>\n\n\n\n<p>BIOLOGICAL MARKERS IN HEALTH AND DISEASE<\/p>\n\n\n\n<p>Description: Studies focused on the identification or development of genetic, biochemical or immunological markers for the prevention, diagnosis, treatment and prognosis of diseases as well on their pathophysiology.<\/p>\n\n\n\n<p>Researchers: D\u00e9cio Sabbatini Barbosa, Edna Reiche, Eduardo Ara\u00fajo, Estef\u00e2nia Moreira, Marco Fornazieri e Sandra Nunes.<\/p>\n\n\n\n<p><\/p>\n\n\n\n<hr class=\"wp-block-separator has-css-opacity\" \/>\n\n\n\n<p class=\"has-primary-accent-color has-text-color has-medium-font-size\"><strong>Required Coursework<\/strong><\/p>\n\n\n\n<p>MANDATORY COURSES (16 credits for Master and 20 credits for PhD on the top of the credits for Dissertation or Thesis)<\/p>\n\n\n\n<ul class=\"wp-block-list\">\n<li>Statistics (4 credits)<\/li>\n\n\n\n<li>Clinical Epidemiology (4 credits)<\/li>\n\n\n\n<li>Teaching Methodologies in Higher Education (4 credits)<\/li>\n\n\n\n<li>Seminars I&nbsp;(4 credits)<\/li>\n\n\n\n<li>Seminars II (4 credits)<\/li>\n\n\n\n<li>Training in Teaching (3 credits)<\/li>\n<\/ul>\n\n\n\n<p><\/p>\n\n\n\n<p>ELECTIVE COURSES (6 credits for Master and 12 credits for PhD)<\/p>\n\n\n\n<ul class=\"wp-block-list\">\n<li>Special Activities in Health (3 credits) &nbsp;&nbsp;&nbsp;&nbsp;&nbsp;&nbsp;&nbsp;&nbsp;&nbsp;&nbsp;&nbsp;&nbsp;&nbsp;&nbsp;&nbsp;&nbsp;&nbsp;&nbsp;&nbsp;&nbsp;&nbsp;&nbsp;&nbsp;&nbsp;&nbsp;&nbsp;&nbsp;&nbsp; &nbsp;&nbsp;&nbsp;&nbsp;&nbsp;&nbsp;&nbsp;&nbsp;&nbsp;&nbsp;&nbsp;<\/li>\n\n\n\n<li>Bioethics (3 credits)&nbsp;&nbsp;&nbsp;&nbsp;&nbsp;&nbsp;&nbsp;&nbsp;&nbsp;&nbsp;&nbsp;&nbsp;&nbsp;&nbsp;&nbsp;&nbsp;&nbsp;&nbsp;&nbsp;&nbsp;&nbsp;&nbsp;&nbsp;&nbsp;&nbsp;&nbsp;&nbsp;&nbsp;&nbsp;&nbsp;&nbsp;&nbsp;&nbsp;&nbsp;&nbsp;&nbsp;&nbsp;&nbsp;&nbsp;&nbsp;&nbsp;&nbsp;&nbsp;&nbsp;&nbsp;&nbsp;&nbsp;&nbsp;&nbsp;&nbsp;&nbsp;&nbsp;&nbsp;&nbsp;&nbsp;&nbsp;&nbsp;&nbsp;&nbsp;&nbsp;&nbsp;&nbsp;&nbsp;&nbsp;&nbsp;&nbsp;&nbsp;&nbsp;<\/li>\n\n\n\n<li>Advanced Studies in Health Sciences&nbsp;(variable credits)<\/li>\n\n\n\n<li>Essentials of Molecular Biology&nbsp;&nbsp;(3 credits)&nbsp;&nbsp;&nbsp;&nbsp;&nbsp;&nbsp;&nbsp;&nbsp;&nbsp;&nbsp;&nbsp;&nbsp;&nbsp;&nbsp;&nbsp;&nbsp;&nbsp;&nbsp; &nbsp;&nbsp;&nbsp;&nbsp;&nbsp;&nbsp;&nbsp;&nbsp;&nbsp;&nbsp;<\/li>\n\n\n\n<li>Principles of Laboratory Methodologies Applied to Experimental and Clinical Assays&nbsp;(3 credits)&nbsp;<\/li>\n\n\n\n<li>Topics of Research in Physical Exercise and its Application in Health Promotion&nbsp;(3 credits)<\/li>\n<\/ul>\n\n\n\n<p>The program for each course is available at <a rel=\"noreferrer noopener\" href=\"https:\/\/pos.uel.br\/cienciasdasaude\/regimentos-resolucoes-e-normas\/\" target=\"_blank\">https:\/\/pos.uel.br\/cienciasdasaude\/regimentos-resolucoes-e-normas\/<\/a><\/p>\n\n\n\n<hr class=\"wp-block-separator has-css-opacity\" \/>\n\n\n\n<p class=\"has-primary-accent-color has-text-color has-medium-font-size\"><strong>Application and Admission<\/strong><\/p>\n\n\n\n<p>Higher diploma holders in the areas of Life Sciences, Health Sciences and&nbsp;related areas may apply to the Graduate Program in Health Sciences. The application process generally occurs in November but you may find updated information under the topic \u201cEditais\u201d clicking <a href=\"https:\/\/pos.uel.br\/cienciasdasaude\/\">here<\/a>.<\/p>\n\n\n\n<p>For application, the candidate must present:<\/p>\n\n\n\n<p>1) A certificate of proficiency in English. The accepted certificates and the minimum score for each test can be consulted <a href=\"https:\/\/pos.uel.br\/cienciasdasaude\/selecao-2\/\">here<\/a>.<\/p>\n\n\n\n<p>2) A research project written under the supervision of the possible advisor following the format available <a href=\"https:\/\/pos.uel.br\/cienciasdasaude\/formularios\/\">here<\/a>.<\/p>\n\n\n\n<p>3) A curriculum vitae following the format available <a href=\"https:\/\/pos.uel.br\/cienciasdasaude\/formularios\/\">here<\/a> and the score sheet fulfilled.<\/p>\n\n\n\n<p>4) An acceptance letter in which one of the advisors from our Program states that accepts to supervise the candidate in case he\/she is approved. A model from the acceptance letter is available <a href=\"https:\/\/pos.uel.br\/cienciasdasaude\/formularios\/\">here.<\/a><\/p>\n\n\n\n<p>After application, candidates will be submitted to:<\/p>\n\n\n\n<p>5) A writing test designed to evaluate candidate\u00b4s skills to interpret graphics, figures, tables, statistical results.<\/p>\n\n\n\n<p>6) An interview in which the candidate will present the Project and answer questions about it.<\/p>\n\n\n\n<p>At the end of the admission process, the grade of 6 (out of 10) is the cut off value for classification.<\/p>\n\n\n\n<p><\/p>\n\n\n\n<hr class=\"wp-block-separator has-css-opacity\" \/>\n\n\n\n<p class=\"has-primary-accent-color has-text-color has-medium-font-size\">Advisors<\/p>\n\n\n\n<p>You may consult the advisors from our Program <a href=\"https:\/\/pos.uel.br\/cienciasdasaude\/corpo-docente-2\/\">here<\/a>.<\/p>\n\n\n\n<hr class=\"wp-block-separator has-css-opacity\" \/>\n\n\n\n<p class=\"has-primary-accent-color has-text-color has-medium-font-size\">Contact us<\/p>\n\n\n\n<p><strong>Secretariat of the Graduate Program in Health Sciences<\/strong><\/p>\n\n\n\n<p>CEPPOS \u2013 Pr\u00e9dio IV do Centro de Ci\u00eancias da Sa\u00fade (CCS) \u2013 1\u00ba andar<\/p>\n\n\n\n<p>Av. Robert Koch, 60<\/p>\n\n\n\n<p>Vila Oper\u00e1ria \u2013 Londrina \u2013 PR \u2013 CEP 86038-350<\/p>\n\n\n\n<p>Phone\/Fax: (43) 3371-2359<\/p>\n\n\n\n<p>E-mail: spgccs@uel.br<\/p>\n\n\n\n<p><\/p>\n\n\n\n<p><strong>Coordinator of the Graduate Program in Health Sciences<\/strong><\/p>\n\n\n\n<p>Professor Rubia Casagrande, PhD <\/p>\n\n\n\n<p>E-mail: ppgccs@uel.br<\/p>\n","protected":false},"excerpt":{"rendered":"<p>Graduate Program in Health Sciences &lt;- Return The Program The Graduate Program in Health Sciences was founded in 2010 with the objective to offer students qualification in higher education, in research (basic and clinical) and professional training in Health Sciences. It is a multidisciplinary program that brings together professors with different backgrounds (biologists, biomedical researchers, [&hellip;]<\/p>\n","protected":false},"author":10,"featured_media":0,"parent":0,"menu_order":0,"comment_status":"closed","ping_status":"closed","template":"page-templates\/template-without-title.php","meta":{"_acf_changed":false,"footnotes":""},"class_list":["post-628","page","type-page","status-publish","hentry"],"acf":[],"_links":{"self":[{"href":"https:\/\/pos.uel.br\/cienciasdasaude\/wp-json\/wp\/v2\/pages\/628","targetHints":{"allow":["GET"]}}],"collection":[{"href":"https:\/\/pos.uel.br\/cienciasdasaude\/wp-json\/wp\/v2\/pages"}],"about":[{"href":"https:\/\/pos.uel.br\/cienciasdasaude\/wp-json\/wp\/v2\/types\/page"}],"author":[{"embeddable":true,"href":"https:\/\/pos.uel.br\/cienciasdasaude\/wp-json\/wp\/v2\/users\/10"}],"replies":[{"embeddable":true,"href":"https:\/\/pos.uel.br\/cienciasdasaude\/wp-json\/wp\/v2\/comments?post=628"}],"version-history":[{"count":12,"href":"https:\/\/pos.uel.br\/cienciasdasaude\/wp-json\/wp\/v2\/pages\/628\/revisions"}],"predecessor-version":[{"id":1111,"href":"https:\/\/pos.uel.br\/cienciasdasaude\/wp-json\/wp\/v2\/pages\/628\/revisions\/1111"}],"wp:attachment":[{"href":"https:\/\/pos.uel.br\/cienciasdasaude\/wp-json\/wp\/v2\/media?parent=628"}],"curies":[{"name":"wp","href":"https:\/\/api.w.org\/{rel}","templated":true}]}}