{"id":6,"date":"2021-04-26T21:22:23","date_gmt":"2021-04-27T00:22:23","guid":{"rendered":"https:\/\/pos.uel.br\/cienciasdasaude\/?page_id=6"},"modified":"2021-09-24T19:05:47","modified_gmt":"2021-09-24T22:05:47","slug":"sobre-o-programa","status":"publish","type":"page","link":"https:\/\/pos.uel.br\/cienciasdasaude\/sobre-o-programa\/","title":{"rendered":"Sobre o programa"},"content":{"rendered":"\n<p>O Programa de P\u00f3s-Gradua\u00e7\u00e3o em Ci\u00eancias da Sa\u00fade (PPGCS) da UEL \u00e9 um programa multidisciplinar credenciado junto \u00e0 grande \u00e1rea Medicina I da CAPES.\u00a0Nosso corpo docente \u00e9 composto por profissionais (bi\u00f3logos, biom\u00e9dicos, farmac\u00eauticos, fisioterapeutas, m\u00e9dicos, <meta charset=\"utf-8\">profissionais de educa\u00e7\u00e3o f\u00edsica) atuantes em diferentes \u00e1reas das Ci\u00eancias da Sa\u00fade.<\/p>\n\n\n\n<p>Na \u00faltima avalia\u00e7\u00e3o quadrienal da CAPES, cujo resultado foi divulgado em 2017, o PPGCS recebeu conceito 5.<\/p>\n","protected":false},"excerpt":{"rendered":"<p>O Programa de P\u00f3s-Gradua\u00e7\u00e3o em Ci\u00eancias da Sa\u00fade (PPGCS) da UEL \u00e9 um programa multidisciplinar credenciado junto \u00e0 grande \u00e1rea Medicina I da CAPES.\u00a0Nosso corpo docente \u00e9 composto por profissionais (bi\u00f3logos, biom\u00e9dicos, farmac\u00eauticos, fisioterapeutas, m\u00e9dicos, profissionais de educa\u00e7\u00e3o f\u00edsica) atuantes em diferentes \u00e1reas das Ci\u00eancias da Sa\u00fade. Na \u00faltima avalia\u00e7\u00e3o quadrienal da CAPES, cujo resultado [&hellip;]<\/p>\n","protected":false},"author":7,"featured_media":0,"parent":0,"menu_order":0,"comment_status":"closed","ping_status":"closed","template":"","meta":{"_acf_changed":false,"footnotes":""},"class_list":["post-6","page","type-page","status-publish","hentry"],"acf":[],"_links":{"self":[{"href":"https:\/\/pos.uel.br\/cienciasdasaude\/wp-json\/wp\/v2\/pages\/6","targetHints":{"allow":["GET"]}}],"collection":[{"href":"https:\/\/pos.uel.br\/cienciasdasaude\/wp-json\/wp\/v2\/pages"}],"about":[{"href":"https:\/\/pos.uel.br\/cienciasdasaude\/wp-json\/wp\/v2\/types\/page"}],"author":[{"embeddable":true,"href":"https:\/\/pos.uel.br\/cienciasdasaude\/wp-json\/wp\/v2\/users\/7"}],"replies":[{"embeddable":true,"href":"https:\/\/pos.uel.br\/cienciasdasaude\/wp-json\/wp\/v2\/comments?post=6"}],"version-history":[{"count":5,"href":"https:\/\/pos.uel.br\/cienciasdasaude\/wp-json\/wp\/v2\/pages\/6\/revisions"}],"predecessor-version":[{"id":651,"href":"https:\/\/pos.uel.br\/cienciasdasaude\/wp-json\/wp\/v2\/pages\/6\/revisions\/651"}],"wp:attachment":[{"href":"https:\/\/pos.uel.br\/cienciasdasaude\/wp-json\/wp\/v2\/media?parent=6"}],"curies":[{"name":"wp","href":"https:\/\/api.w.org\/{rel}","templated":true}]}}