{"id":277,"date":"2021-07-03T00:06:28","date_gmt":"2021-07-03T03:06:28","guid":{"rendered":"https:\/\/pos.uel.br\/cienciasdasaude\/?page_id=277"},"modified":"2026-02-04T17:15:56","modified_gmt":"2026-02-04T20:15:56","slug":"selecao","status":"publish","type":"page","link":"https:\/\/pos.uel.br\/cienciasdasaude\/selecao\/","title":{"rendered":"Sele\u00e7\u00e3o"},"content":{"rendered":"\n<p class=\"has-primary-accent-color has-text-color has-medium-font-size\"><strong>Profici\u00eancia em ingl\u00eas (eliminat\u00f3rio)<\/strong><\/p>\n\n\n\n<p>O candidato a uma vaga de Doutorado no PPGCS dever\u00e1 entregar no momento da inscri\u00e7\u00e3o para o processo seletivo um dos certificados listados na&nbsp;tabela abaixo.<\/p>\n\n\n\n<figure class=\"wp-block-image size-full\"><img loading=\"lazy\" decoding=\"async\" width=\"696\" height=\"316\" src=\"https:\/\/pos.uel.br\/cienciasdasaude\/wp-content\/uploads\/2022\/08\/Screen-Shot-2022-08-30-at-19.57.45.png\" alt=\"\" class=\"wp-image-832\" srcset=\"https:\/\/pos.uel.br\/cienciasdasaude\/wp-content\/uploads\/2022\/08\/Screen-Shot-2022-08-30-at-19.57.45.png 696w, https:\/\/pos.uel.br\/cienciasdasaude\/wp-content\/uploads\/2022\/08\/Screen-Shot-2022-08-30-at-19.57.45-300x136.png 300w\" sizes=\"auto, (max-width: 696px) 100vw, 696px\" \/><\/figure>\n\n\n\n<p>OBS: Para o LINGUASKILL s\u00e3o aceitos os exames de 2 ou 4 habilidades. <\/p>\n\n\n\n<h2 class=\"wp-block-heading has-primary-accent-color has-text-color has-medium-font-size\"><\/h2>\n\n\n\n<p class=\"has-primary-accent-color has-text-color has-medium-font-size\"><strong>Prova escrita<\/strong>&nbsp;<strong>(classificat\u00f3ria)<\/strong><\/p>\n\n\n\n<p>Os candidatos que tiverem suas inscri\u00e7\u00f5es homologadas ser\u00e3o submetidos a uma prova escrita (alguns editais poder\u00e3o dispensar os candidatos dessa prova). Esta prova avalia a habilidade do candidato de interpretar gr\u00e1ficos, figuras, tabelas, resultados estat\u00edsticos e, portanto, n\u00e3o envolve nenhuma \u00e1rea de conhecimento espec\u00edfica.<\/p>\n\n\n\n<p><\/p>\n\n\n\n<p class=\"has-primary-accent-color has-text-color has-medium-font-size\"><strong>Projeto de pesquisa (classificat\u00f3rio)<\/strong><\/p>\n\n\n\n<p>No momento da inscri\u00e7\u00e3o para o processo seletivo, o candidato dever\u00e1 apresentar um projeto de pesquisa escrito sob a supervis\u00e3o do poss\u00edvel orientador. O projeto dever\u00e1 OBRIGATORIAMENTE ser apresentado de acordo com as normas contidas no documento abaixo.<\/p>\n\n\n\n<div class=\"wp-block-file\"><a id=\"wp-block-file--media-55062454-2adb-4464-9c16-1954881568c0\" href=\"https:\/\/pos.uel.br\/cienciasdasaude\/wp-content\/uploads\/2024\/10\/Normas-para-apresentac\u0327a\u0303o-do-projeto-de-pesquisa-para-o-processo-seletivo-1.pdf\">Normas-para-apresentac\u0327a\u0303o-do-projeto-de-pesquisa-para-o-processo-seletivo<\/a><a href=\"https:\/\/pos.uel.br\/cienciasdasaude\/wp-content\/uploads\/2024\/10\/Normas-para-apresentac\u0327a\u0303o-do-projeto-de-pesquisa-para-o-processo-seletivo-1.pdf\" class=\"wp-block-file__button wp-element-button\" download aria-describedby=\"wp-block-file--media-55062454-2adb-4464-9c16-1954881568c0\">Baixar<\/a><\/div>\n\n\n\n<p><\/p>\n\n\n\n<p>O projeto ser\u00e1 avaliado de acordo com os \u00edtens elencados no arquivo abaixo.<\/p>\n\n\n\n<div class=\"wp-block-file\"><a id=\"wp-block-file--media-36fb5b12-653a-4c29-a36c-93f9264483cb\" href=\"https:\/\/pos.uel.br\/cienciasdasaude\/wp-content\/uploads\/2022\/08\/Ficha-de-avaliac\u0327a\u0303o-projeto.pdf\">Ficha de avaliac\u0327a\u0303o do projeto pela banca de sele\u00e7\u00e3o<\/a><a href=\"https:\/\/pos.uel.br\/cienciasdasaude\/wp-content\/uploads\/2022\/08\/Ficha-de-avaliac\u0327a\u0303o-projeto.pdf\" class=\"wp-block-file__button wp-element-button\" download aria-describedby=\"wp-block-file--media-36fb5b12-653a-4c29-a36c-93f9264483cb\">Baixar<\/a><\/div>\n\n\n\n<p><\/p>\n\n\n\n<p class=\"has-primary-accent-color has-text-color has-medium-font-size\"><strong>An\u00e1lise do curr\u00edculo<\/strong>&nbsp;<strong>(classificat\u00f3ria)<\/strong><\/p>\n\n\n\n<p>No momento da inscri\u00e7\u00e3o para o processo seletivo, o candidato dever\u00e1 apresentar um curr\u00edculo elaborado OBRIGATORIAMENTE de acordo com as normas contidas no documento abaixo. Dever\u00e1 apresentar, ainda, a ficha de pontua\u00e7\u00e3o do curr\u00edculo preenchida.<\/p>\n\n\n\n<div class=\"wp-block-file\"><a id=\"wp-block-file--media-80deb410-e95a-4a08-acb8-cdcc0e767c41\" href=\"https:\/\/pos.uel.br\/cienciasdasaude\/wp-content\/uploads\/2024\/08\/Modelo-para-apresentac\u0327a\u0303o-do-curri\u0301culo_220824-2.pdf\">Modelo-para-apresentac\u0327a\u0303o-do-curri\u0301culo_220824<\/a><a href=\"https:\/\/pos.uel.br\/cienciasdasaude\/wp-content\/uploads\/2024\/08\/Modelo-para-apresentac\u0327a\u0303o-do-curri\u0301culo_220824-2.pdf\" class=\"wp-block-file__button wp-element-button\" download aria-describedby=\"wp-block-file--media-80deb410-e95a-4a08-acb8-cdcc0e767c41\">Baixar<\/a><\/div>\n\n\n\n<div class=\"wp-block-file\"><a id=\"wp-block-file--media-98945f1f-12d8-490e-a35d-cd16794abd98\" href=\"https:\/\/pos.uel.br\/cienciasdasaude\/wp-content\/uploads\/2024\/08\/Ficha-de-avaliacao-do-curriculo_220824-1.pdf\">Ficha-de-avaliacao-do-curriculo_220824<\/a><a href=\"https:\/\/pos.uel.br\/cienciasdasaude\/wp-content\/uploads\/2024\/08\/Ficha-de-avaliacao-do-curriculo_220824-1.pdf\" class=\"wp-block-file__button wp-element-button\" download aria-describedby=\"wp-block-file--media-98945f1f-12d8-490e-a35d-cd16794abd98\">Baixar<\/a><\/div>\n\n\n\n<p><\/p>\n\n\n\n<p class=\"has-primary-accent-color has-text-color has-medium-font-size\"><strong>Carta de aceite do poss\u00edvel orientador<\/strong><\/p>\n\n\n\n<p>No momento da inscri\u00e7\u00e3o, o candidato dever\u00e1 apresentar uma carta na qual um dos orientadores cadastrados junto ao PPGCS declara aceitar orient\u00e1-lo. Abaixo est\u00e1 o modelo de carta a ser utilizado.<\/p>\n\n\n\n<div class=\"wp-block-file\"><a id=\"wp-block-file--media-174ca9ee-286e-4fc5-9a11-fcf9139808e8\" href=\"https:\/\/pos.uel.br\/cienciasdasaude\/wp-content\/uploads\/2021\/07\/Carta-de-aceite-de-orientac\u0327a\u0303o.pdf\">Carta de aceite de orientac\u0327a\u0303o<\/a><a href=\"https:\/\/pos.uel.br\/cienciasdasaude\/wp-content\/uploads\/2021\/07\/Carta-de-aceite-de-orientac\u0327a\u0303o.pdf\" class=\"wp-block-file__button wp-element-button\" download aria-describedby=\"wp-block-file--media-174ca9ee-286e-4fc5-9a11-fcf9139808e8\">Baixar<\/a><\/div>\n\n\n\n<p class=\"has-primary-accent-color has-text-color has-medium-font-size\"><strong>Nota m\u00ednima para aprova\u00e7\u00e3o<\/strong><\/p>\n\n\n\n<p>Para serem classificados, os candidatos dever\u00e3o obter m\u00e9dia ponderada maior ou igual a seis.<\/p>\n","protected":false},"excerpt":{"rendered":"<p>Profici\u00eancia em ingl\u00eas (eliminat\u00f3rio) O candidato a uma vaga de Doutorado no PPGCS dever\u00e1 entregar no momento da inscri\u00e7\u00e3o para o processo seletivo um dos certificados listados na&nbsp;tabela abaixo. OBS: Para o LINGUASKILL s\u00e3o aceitos os exames de 2 ou 4 habilidades. Prova escrita&nbsp;(classificat\u00f3ria) Os candidatos que tiverem suas inscri\u00e7\u00f5es homologadas ser\u00e3o submetidos a uma [&hellip;]<\/p>\n","protected":false},"author":9,"featured_media":0,"parent":0,"menu_order":0,"comment_status":"closed","ping_status":"closed","template":"","meta":{"_acf_changed":false,"footnotes":""},"class_list":["post-277","page","type-page","status-publish","hentry"],"acf":[],"_links":{"self":[{"href":"https:\/\/pos.uel.br\/cienciasdasaude\/wp-json\/wp\/v2\/pages\/277","targetHints":{"allow":["GET"]}}],"collection":[{"href":"https:\/\/pos.uel.br\/cienciasdasaude\/wp-json\/wp\/v2\/pages"}],"about":[{"href":"https:\/\/pos.uel.br\/cienciasdasaude\/wp-json\/wp\/v2\/types\/page"}],"author":[{"embeddable":true,"href":"https:\/\/pos.uel.br\/cienciasdasaude\/wp-json\/wp\/v2\/users\/9"}],"replies":[{"embeddable":true,"href":"https:\/\/pos.uel.br\/cienciasdasaude\/wp-json\/wp\/v2\/comments?post=277"}],"version-history":[{"count":15,"href":"https:\/\/pos.uel.br\/cienciasdasaude\/wp-json\/wp\/v2\/pages\/277\/revisions"}],"predecessor-version":[{"id":1392,"href":"https:\/\/pos.uel.br\/cienciasdasaude\/wp-json\/wp\/v2\/pages\/277\/revisions\/1392"}],"wp:attachment":[{"href":"https:\/\/pos.uel.br\/cienciasdasaude\/wp-json\/wp\/v2\/media?parent=277"}],"curies":[{"name":"wp","href":"https:\/\/api.w.org\/{rel}","templated":true}]}}