{"id":234,"date":"2021-07-02T22:18:23","date_gmt":"2021-07-03T01:18:23","guid":{"rendered":"https:\/\/pos.uel.br\/cienciasdasaude\/?page_id=234"},"modified":"2025-05-19T16:33:24","modified_gmt":"2025-05-19T19:33:24","slug":"dissertacoes","status":"publish","type":"page","link":"https:\/\/pos.uel.br\/cienciasdasaude\/dissertacoes\/","title":{"rendered":"Disserta\u00e7\u00f5es"},"content":{"rendered":"\n<p>As disserta\u00e7\u00f5es de Mestrado do PPGCS est\u00e3o disponibilizadas no site da Biblioteca Central da UEL:\u00a0<\/p>\n\n\n\n<p><a href=\"http:\/\/repositorio.uel.br\/handle\/123456789\/85\">http:\/\/repositorio.uel.br\/handle\/123456789\/85<\/a><\/p>\n\n\n\n<p><\/p>\n","protected":false},"excerpt":{"rendered":"<p>As disserta\u00e7\u00f5es de Mestrado do PPGCS est\u00e3o disponibilizadas no site da Biblioteca Central da UEL:\u00a0 http:\/\/repositorio.uel.br\/handle\/123456789\/85<\/p>\n","protected":false},"author":9,"featured_media":0,"parent":0,"menu_order":0,"comment_status":"closed","ping_status":"closed","template":"","meta":{"_acf_changed":false,"footnotes":""},"class_list":["post-234","page","type-page","status-publish","hentry"],"acf":[],"_links":{"self":[{"href":"https:\/\/pos.uel.br\/cienciasdasaude\/wp-json\/wp\/v2\/pages\/234","targetHints":{"allow":["GET"]}}],"collection":[{"href":"https:\/\/pos.uel.br\/cienciasdasaude\/wp-json\/wp\/v2\/pages"}],"about":[{"href":"https:\/\/pos.uel.br\/cienciasdasaude\/wp-json\/wp\/v2\/types\/page"}],"author":[{"embeddable":true,"href":"https:\/\/pos.uel.br\/cienciasdasaude\/wp-json\/wp\/v2\/users\/9"}],"replies":[{"embeddable":true,"href":"https:\/\/pos.uel.br\/cienciasdasaude\/wp-json\/wp\/v2\/comments?post=234"}],"version-history":[{"count":3,"href":"https:\/\/pos.uel.br\/cienciasdasaude\/wp-json\/wp\/v2\/pages\/234\/revisions"}],"predecessor-version":[{"id":1291,"href":"https:\/\/pos.uel.br\/cienciasdasaude\/wp-json\/wp\/v2\/pages\/234\/revisions\/1291"}],"wp:attachment":[{"href":"https:\/\/pos.uel.br\/cienciasdasaude\/wp-json\/wp\/v2\/media?parent=234"}],"curies":[{"name":"wp","href":"https:\/\/api.w.org\/{rel}","templated":true}]}}