{"id":18,"date":"2021-04-26T21:22:23","date_gmt":"2021-04-27T00:22:23","guid":{"rendered":"https:\/\/pos.uel.br\/cienciasdasaude\/?page_id=18"},"modified":"2023-08-17T15:16:18","modified_gmt":"2023-08-17T18:16:18","slug":"estrutura-curricular-2","status":"publish","type":"page","link":"https:\/\/pos.uel.br\/cienciasdasaude\/estrutura-curricular-2\/","title":{"rendered":"Estrutura curricular"},"content":{"rendered":"\n<p class=\"has-medium-font-size\"><strong><span style=\"background-color:rgba(0, 0, 0, 0)\" class=\"has-inline-color has-primary-accent-color\">DISCIPLINAS OBRIGAT\u00d3RIAS (18 cr\u00e9ditos)<\/span><\/strong><\/p>\n\n\n\n<figure class=\"wp-block-table\"><table><tbody><tr><td>Bioestat\u00edstica<\/td><td>4 cr\u00e9ditos<\/td><\/tr><tr><td>Epidemiologia cl\u00ednica<\/td><td>4 cr\u00e9ditos<\/td><\/tr><tr><td>Metodologia do ensino superior<\/td><td>2 cr\u00e9ditos<\/td><\/tr><tr><td>Semin\u00e1rios I: Desenvolvimento dos projetos de pesquisa<\/td><td>4 cr\u00e9ditos<\/td><\/tr><tr><td>Semin\u00e1rios II: An\u00e1lise cr\u00edtica da metodologia empregada na investiga\u00e7\u00e3o cl\u00ednica<\/td><td>4 cr\u00e9ditos<\/td><\/tr><tr><td>Est\u00e1gio de Doc\u00eancia I e II*<\/td><td>2 cr\u00e9ditos<\/td><\/tr><\/tbody><\/table><figcaption class=\"wp-element-caption\">*Disciplinas obrigat\u00f3rias para bolsistas CAPES<\/figcaption><\/figure>\n\n\n\n<p class=\"has-medium-font-size\"><strong><span style=\"background-color:rgba(0, 0, 0, 0)\" class=\"has-inline-color has-primary-accent-color\">DISCIPLINAS OPTATIVAS (12 cr\u00e9ditos)<\/span><\/strong><\/p>\n\n\n\n<figure class=\"wp-block-table\"><table><tbody><tr><td>Atividades especiais em sa\u00fade I&nbsp;<\/td><td>1 cr\u00e9dito<\/td><\/tr><tr><td>Atividades especiais em sa\u00fade II<\/td><td>2 cr\u00e9ditos<\/td><\/tr><tr><td>Aplica\u00e7\u00e3o da pesquisa cl\u00ednica no atendimento dos pacientes<\/td><td>3 cr\u00e9ditos<\/td><\/tr><tr><td>\u00c9tica em experimenta\u00e7\u00e3o animal e humana<\/td><td>2 cr\u00e9ditos<\/td><\/tr><tr><td>Est\u00e1gio de doc\u00eancia na gradua\u00e7\u00e3o I<\/td><td>2 cr\u00e9ditos<\/td><\/tr><tr><td>Est\u00e1gio de doc\u00eancia na gradua\u00e7\u00e3o II<\/td><td>2 cr\u00e9ditos<\/td><\/tr><tr><td>Estudos avan\u00e7ados em Ci\u00eancias da Sa\u00fade<\/td><td>Cr\u00e9ditos vari\u00e1veis<\/td><\/tr><tr><td>Exerc\u00edcio f\u00edsico e sua aplica\u00e7\u00e3o na reabilita\u00e7\u00e3o<\/td><td>3 cr\u00e9ditos<\/td><\/tr><tr><td>Fundamentos em biologia molecular aplicados \u00e0 pesquisa<\/td><td>3 cr\u00e9ditos<\/td><\/tr><tr><td>Oxida\u00e7\u00f5es biol\u00f3gicas e estado redox nos processos fisiol\u00f3gicos e de desenvolvimento de doen\u00e7a<\/td><td>3 cr\u00e9ditos<\/td><\/tr><tr><td>Semin\u00e1rios internacionais em Ci\u00eancias da Sa\u00fade<\/td><td>3 cr\u00e9ditos<\/td><\/tr><\/tbody><\/table><\/figure>\n\n\n\n<p><strong>Obs:&nbsp;<\/strong><\/p>\n\n\n\n<ol class=\"wp-block-list\" id=\"block-bbafb115-9e9f-45fc-b6f4-ed4201d02b0b\">\n<li>As ementas das disciplinas listadas podem ser encontradas na Resolu\u00e7\u00e3o de Cria\u00e7\u00e3o do Programa dispon\u00edvel no item <a href=\"https:\/\/pos.uel.br\/cienciasdasaude\/wp-content\/uploads\/2023\/06\/Reestruturac%CC%A7a%CC%83o-PPGCS-2023_abril_2023.pdf\">https:\/\/pos.uel.br\/cienciasdasaude\/wp-content\/uploads\/2023\/06\/Reestruturac%CC%A7a%CC%83o-PPGCS-2023_abril_2023.pdf<\/a><\/li>\n\n\n\n<li>Na se\u00e7\u00e3o &#8220;Perguntas frequentes&#8221; h\u00e1 esclarecimentos sobre as disciplinas de &#8220;Est\u00e1gio em doc\u00eancia&#8221; e &#8220;Atividades especiais em sa\u00fade&#8221;<\/li>\n<\/ol>\n\n\n\n<p><\/p>\n","protected":false},"excerpt":{"rendered":"<p>DISCIPLINAS OBRIGAT\u00d3RIAS (18 cr\u00e9ditos) Bioestat\u00edstica 4 cr\u00e9ditos Epidemiologia cl\u00ednica 4 cr\u00e9ditos Metodologia do ensino superior 2 cr\u00e9ditos Semin\u00e1rios I: Desenvolvimento dos projetos de pesquisa 4 cr\u00e9ditos Semin\u00e1rios II: An\u00e1lise cr\u00edtica da metodologia empregada na investiga\u00e7\u00e3o cl\u00ednica 4 cr\u00e9ditos Est\u00e1gio de Doc\u00eancia I e II* 2 cr\u00e9ditos *Disciplinas obrigat\u00f3rias para bolsistas CAPES DISCIPLINAS OPTATIVAS (12 cr\u00e9ditos) [&hellip;]<\/p>\n","protected":false},"author":7,"featured_media":0,"parent":0,"menu_order":0,"comment_status":"closed","ping_status":"closed","template":"","meta":{"_acf_changed":false,"footnotes":""},"class_list":["post-18","page","type-page","status-publish","hentry"],"acf":[],"_links":{"self":[{"href":"https:\/\/pos.uel.br\/cienciasdasaude\/wp-json\/wp\/v2\/pages\/18","targetHints":{"allow":["GET"]}}],"collection":[{"href":"https:\/\/pos.uel.br\/cienciasdasaude\/wp-json\/wp\/v2\/pages"}],"about":[{"href":"https:\/\/pos.uel.br\/cienciasdasaude\/wp-json\/wp\/v2\/types\/page"}],"author":[{"embeddable":true,"href":"https:\/\/pos.uel.br\/cienciasdasaude\/wp-json\/wp\/v2\/users\/7"}],"replies":[{"embeddable":true,"href":"https:\/\/pos.uel.br\/cienciasdasaude\/wp-json\/wp\/v2\/comments?post=18"}],"version-history":[{"count":13,"href":"https:\/\/pos.uel.br\/cienciasdasaude\/wp-json\/wp\/v2\/pages\/18\/revisions"}],"predecessor-version":[{"id":1011,"href":"https:\/\/pos.uel.br\/cienciasdasaude\/wp-json\/wp\/v2\/pages\/18\/revisions\/1011"}],"wp:attachment":[{"href":"https:\/\/pos.uel.br\/cienciasdasaude\/wp-json\/wp\/v2\/media?parent=18"}],"curies":[{"name":"wp","href":"https:\/\/api.w.org\/{rel}","templated":true}]}}