{"id":16,"date":"2021-04-26T21:22:23","date_gmt":"2021-04-27T00:22:23","guid":{"rendered":"https:\/\/pos.uel.br\/cienciasdasaude\/?page_id=16"},"modified":"2026-02-04T17:19:08","modified_gmt":"2026-02-04T20:19:08","slug":"formularios","status":"publish","type":"page","link":"https:\/\/pos.uel.br\/cienciasdasaude\/formularios\/","title":{"rendered":"Formul\u00e1rios e Modelos de Documentos"},"content":{"rendered":"\n<p class=\"has-primary-accent-color has-text-color has-medium-font-size\">Disserta\u00e7\u00f5es e teses<\/p>\n\n\n\n<p>Formul\u00e1rio para solicitac\u0327a\u0303o de qualifica\u00e7\u00e3o e defesa: <a href=\"https:\/\/forms.gle\/Xir1BHz42Tiba4br8\">https:\/\/forms.gle\/Xir1BHz42Tiba4br8<\/a><\/p>\n\n\n\n<div class=\"wp-block-file\"><a id=\"wp-block-file--media-7dadfacb-7164-4ca7-893f-dc7cf1eb8d7b\" href=\"https:\/\/pos.uel.br\/cienciasdasaude\/wp-content\/uploads\/2023\/09\/CADASTRO-DE-PROFESSOR-CONVIDADO_versa\u0303o-setembro-2023.pdf\">Cadastro de professor convidado _ versa\u0303o 092023<\/a><a href=\"https:\/\/pos.uel.br\/cienciasdasaude\/wp-content\/uploads\/2023\/09\/CADASTRO-DE-PROFESSOR-CONVIDADO_versa\u0303o-setembro-2023.pdf\" class=\"wp-block-file__button wp-element-button\" download aria-describedby=\"wp-block-file--media-7dadfacb-7164-4ca7-893f-dc7cf1eb8d7b\">Baixar<\/a><\/div>\n\n\n\n<div class=\"wp-block-file\"><a id=\"wp-block-file--media-50f3337f-f463-4735-bd3c-e060bdd790b4\" href=\"https:\/\/pos.uel.br\/cienciasdasaude\/wp-content\/uploads\/2021\/07\/Instruc\u0327o\u0303es-para-a-confecc\u0327a\u0303o-da-ficha-catalogra\u0301fica.pdf\">Instruc\u0327o\u0303es para a confecc\u0327a\u0303o da ficha catalogra\u0301fica<\/a><a href=\"https:\/\/pos.uel.br\/cienciasdasaude\/wp-content\/uploads\/2021\/07\/Instruc\u0327o\u0303es-para-a-confecc\u0327a\u0303o-da-ficha-catalogra\u0301fica.pdf\" class=\"wp-block-file__button wp-element-button\" download aria-describedby=\"wp-block-file--media-50f3337f-f463-4735-bd3c-e060bdd790b4\">Baixar<\/a><\/div>\n\n\n\n<div class=\"wp-block-file\"><a id=\"wp-block-file--media-0a3227b9-eb23-4414-a24b-024917841605\" href=\"https:\/\/pos.uel.br\/cienciasdasaude\/wp-content\/uploads\/2021\/05\/TermoEntregaDissertacao.pdf\">Termo de entrega da disserta\u00e7\u00e3o ou tese \u00e0 Biblioteca Central<\/a><a href=\"https:\/\/pos.uel.br\/cienciasdasaude\/wp-content\/uploads\/2021\/05\/TermoEntregaDissertacao.pdf\" class=\"wp-block-file__button wp-element-button\" download aria-describedby=\"wp-block-file--media-0a3227b9-eb23-4414-a24b-024917841605\">Baixar<\/a><\/div>\n\n\n\n<div class=\"wp-block-file\"><a id=\"wp-block-file--media-333dab7c-5c3e-4fa6-aa68-ca089b050444\" href=\"https:\/\/pos.uel.br\/cienciasdasaude\/wp-content\/uploads\/2021\/05\/termo_autorizacao.pdf\">Termo de autoriza\u00e7\u00e3o para publica\u00e7\u00e3o na Biblioteca Digital da UEL<\/a><a href=\"https:\/\/pos.uel.br\/cienciasdasaude\/wp-content\/uploads\/2021\/05\/termo_autorizacao.pdf\" class=\"wp-block-file__button wp-element-button\" download aria-describedby=\"wp-block-file--media-333dab7c-5c3e-4fa6-aa68-ca089b050444\">Baixar<\/a><\/div>\n\n\n\n<div class=\"wp-block-file\"><a id=\"wp-block-file--media-2ee9ad55-e145-4a07-b8cf-55881f0b9ed0\" href=\"https:\/\/pos.uel.br\/cienciasdasaude\/wp-content\/uploads\/2021\/05\/Normas-Dissertac\u0327o\u0303es-e-Teses.doc\">Normas para formata\u00e7\u00e3o das Dissertac\u0327o\u0303es e Teses<\/a><a href=\"https:\/\/pos.uel.br\/cienciasdasaude\/wp-content\/uploads\/2021\/05\/Normas-Dissertac\u0327o\u0303es-e-Teses.doc\" class=\"wp-block-file__button wp-element-button\" download aria-describedby=\"wp-block-file--media-2ee9ad55-e145-4a07-b8cf-55881f0b9ed0\">Baixar<\/a><\/div>\n\n\n\n<hr class=\"wp-block-separator has-css-opacity is-style-wide\" \/>\n\n\n\n<p class=\"has-primary-accent-color has-text-color has-medium-font-size\">Modelos para o processo seletivo de estudantes para o Mestrado e Doutorado<\/p>\n\n\n\n<div class=\"wp-block-file\"><a id=\"wp-block-file--media-cbd3b6be-f729-42b3-ba76-48410185c9da\" href=\"https:\/\/pos.uel.br\/cienciasdasaude\/wp-content\/uploads\/2024\/10\/Normas-para-apresentac\u0327a\u0303o-do-projeto-de-pesquisa-para-o-processo-seletivo-1.docx\">Normas-para-apresentac\u0327a\u0303o-do-projeto-de-pesquisa-para-o-processo-seletivo<\/a><a href=\"https:\/\/pos.uel.br\/cienciasdasaude\/wp-content\/uploads\/2024\/10\/Normas-para-apresentac\u0327a\u0303o-do-projeto-de-pesquisa-para-o-processo-seletivo-1.docx\" class=\"wp-block-file__button wp-element-button\" download aria-describedby=\"wp-block-file--media-cbd3b6be-f729-42b3-ba76-48410185c9da\">Baixar<\/a><\/div>\n\n\n\n<div class=\"wp-block-file\"><a id=\"wp-block-file--media-d203b97a-9a7f-4341-af5e-eba7e68843ab\" href=\"https:\/\/pos.uel.br\/cienciasdasaude\/wp-content\/uploads\/2024\/08\/Modelo-para-apresentac\u0327a\u0303o-do-curri\u0301culo_220824-3.pdf\">Modelo-para-apresentac\u0327a\u0303o-do-curri\u0301culo_220824<\/a><a href=\"https:\/\/pos.uel.br\/cienciasdasaude\/wp-content\/uploads\/2024\/08\/Modelo-para-apresentac\u0327a\u0303o-do-curri\u0301culo_220824-3.pdf\" class=\"wp-block-file__button wp-element-button\" download aria-describedby=\"wp-block-file--media-d203b97a-9a7f-4341-af5e-eba7e68843ab\">Baixar<\/a><\/div>\n\n\n\n<div class=\"wp-block-file\"><a id=\"wp-block-file--media-3484b4c9-138d-46a0-9ed3-a67e21eac32b\" href=\"https:\/\/pos.uel.br\/cienciasdasaude\/wp-content\/uploads\/2024\/08\/Ficha-de-avaliacao-do-curriculo_220824-2.pdf\">Ficha-de-avaliacao-do-curriculo_220824<\/a><a href=\"https:\/\/pos.uel.br\/cienciasdasaude\/wp-content\/uploads\/2024\/08\/Ficha-de-avaliacao-do-curriculo_220824-2.pdf\" class=\"wp-block-file__button wp-element-button\" download aria-describedby=\"wp-block-file--media-3484b4c9-138d-46a0-9ed3-a67e21eac32b\">Baixar<\/a><\/div>\n\n\n\n<div class=\"wp-block-file\"><a id=\"wp-block-file--media-ee21102b-cbfe-41de-92f8-0a92e8599a50\" href=\"https:\/\/pos.uel.br\/cienciasdasaude\/wp-content\/uploads\/2021\/07\/Carta-de-aceite-de-orientac\u0327a\u0303o.pdf\">Carta de aceite de orientac\u0327a\u0303o<\/a><a href=\"https:\/\/pos.uel.br\/cienciasdasaude\/wp-content\/uploads\/2021\/07\/Carta-de-aceite-de-orientac\u0327a\u0303o.pdf\" class=\"wp-block-file__button wp-element-button\" download aria-describedby=\"wp-block-file--media-ee21102b-cbfe-41de-92f8-0a92e8599a50\">Baixar<\/a><\/div>\n\n\n\n<div class=\"wp-block-file\"><a id=\"wp-block-file--media-21dd73e2-944c-4114-ad24-42ddcf46098e\" href=\"https:\/\/pos.uel.br\/cienciasdasaude\/wp-content\/uploads\/2022\/08\/Ficha-de-avaliac\u0327a\u0303o-projeto.pdf\">Ficha de avaliac\u0327a\u0303o do projeto pela banca de sele\u00e7\u00e3o<\/a><a href=\"https:\/\/pos.uel.br\/cienciasdasaude\/wp-content\/uploads\/2022\/08\/Ficha-de-avaliac\u0327a\u0303o-projeto.pdf\" class=\"wp-block-file__button wp-element-button\" download aria-describedby=\"wp-block-file--media-21dd73e2-944c-4114-ad24-42ddcf46098e\">Baixar<\/a><\/div>\n\n\n\n<hr class=\"wp-block-separator has-text-color has-secondary-text-color has-alpha-channel-opacity has-secondary-text-background-color has-background is-style-wide\" \/>\n\n\n\n<p class=\"has-primary-accent-color has-text-color has-medium-font-size\">Manual pedido fora de prazo<\/p>\n\n\n\n<div class=\"wp-block-file\"><a id=\"wp-block-file--media-5a4f467d-6a02-4a21-a90d-cd7051182252\" href=\"https:\/\/pos.uel.br\/cienciasdasaude\/wp-content\/uploads\/2025\/08\/Manual-Pedido-Fora-de-Prazo.pdf\">Manual Pedido Fora de Prazo<\/a><a href=\"https:\/\/pos.uel.br\/cienciasdasaude\/wp-content\/uploads\/2025\/08\/Manual-Pedido-Fora-de-Prazo.pdf\" class=\"wp-block-file__button wp-element-button\" download aria-describedby=\"wp-block-file--media-5a4f467d-6a02-4a21-a90d-cd7051182252\">Baixar<\/a><\/div>\n\n\n\n<hr class=\"wp-block-separator has-alpha-channel-opacity is-style-wide\" \/>\n\n\n\n<p class=\"has-primary-accent-color has-text-color has-medium-font-size\"><\/p>\n\n\n\n<p><\/p>\n","protected":false},"excerpt":{"rendered":"<p>Disserta\u00e7\u00f5es e teses Formul\u00e1rio para solicitac\u0327a\u0303o de qualifica\u00e7\u00e3o e defesa: https:\/\/forms.gle\/Xir1BHz42Tiba4br8 Modelos para o processo seletivo de estudantes para o Mestrado e Doutorado Manual pedido fora de prazo<\/p>\n","protected":false},"author":7,"featured_media":0,"parent":0,"menu_order":0,"comment_status":"closed","ping_status":"closed","template":"","meta":{"_acf_changed":false,"footnotes":""},"class_list":["post-16","page","type-page","status-publish","hentry"],"acf":[],"_links":{"self":[{"href":"https:\/\/pos.uel.br\/cienciasdasaude\/wp-json\/wp\/v2\/pages\/16","targetHints":{"allow":["GET"]}}],"collection":[{"href":"https:\/\/pos.uel.br\/cienciasdasaude\/wp-json\/wp\/v2\/pages"}],"about":[{"href":"https:\/\/pos.uel.br\/cienciasdasaude\/wp-json\/wp\/v2\/types\/page"}],"author":[{"embeddable":true,"href":"https:\/\/pos.uel.br\/cienciasdasaude\/wp-json\/wp\/v2\/users\/7"}],"replies":[{"embeddable":true,"href":"https:\/\/pos.uel.br\/cienciasdasaude\/wp-json\/wp\/v2\/comments?post=16"}],"version-history":[{"count":21,"href":"https:\/\/pos.uel.br\/cienciasdasaude\/wp-json\/wp\/v2\/pages\/16\/revisions"}],"predecessor-version":[{"id":1394,"href":"https:\/\/pos.uel.br\/cienciasdasaude\/wp-json\/wp\/v2\/pages\/16\/revisions\/1394"}],"wp:attachment":[{"href":"https:\/\/pos.uel.br\/cienciasdasaude\/wp-json\/wp\/v2\/media?parent=16"}],"curies":[{"name":"wp","href":"https:\/\/api.w.org\/{rel}","templated":true}]}}