{"id":1265,"date":"2025-05-19T15:53:31","date_gmt":"2025-05-19T18:53:31","guid":{"rendered":"https:\/\/pos.uel.br\/cienciasdasaude\/?page_id=1265"},"modified":"2026-02-10T19:20:40","modified_gmt":"2026-02-10T22:20:40","slug":"qualificacao-2","status":"publish","type":"page","link":"https:\/\/pos.uel.br\/cienciasdasaude\/es\/qualificacao-2\/","title":{"rendered":"Qualifica\u00e7\u00e3o"},"content":{"rendered":"\n<p>O estudante dever\u00e1 verificar no Portal do Estudante se n\u00e3o h\u00e1 disciplinas sem fechamento de pauta. Com exce\u00e7\u00e3o \u00e0s disciplinas \u201cDisserta\u00e7\u00e3o\u201d e \u201cTeses\u201d, o estudante n\u00e3o dever\u00e1 ter nenhuma disciplina na situa\u00e7\u00e3o \u201dMatriculado\u201d.<\/p>\n\n\n\n<p>Ap\u00f3s concluir todos os cr\u00e9ditos exigidos pela resolu\u00e7\u00e3o do PPGCS em disciplinas, o estudante dever\u00e1 requerer a qualifica\u00e7\u00e3o pelo Portal do Estudante \u2013&gt; exame de qualifica\u00e7\u00e3o, com cerca de 30 dias de anteced\u00eancia da data prevista para o exame.<\/p>\n\n\n\n<p>Existe um tempo de tr\u00e2mite da Secretaria do PPGCS e da PROPPG entre o preenchimento do requerimento de qualifica\u00e7\u00e3o e a autoriza\u00e7\u00e3o para que a mesma ocorra. Assim, para n\u00e3o atrasar a defesa, recomendamos que os cr\u00e9ditos sejam cumpridos nos primeiros 24 meses de curso.<\/p>\n\n\n\n<p>Al\u00e9m de requerer a qualifica\u00e7\u00e3o no Portal, o estudante dever\u00e1, concomitantemente, preencher o formul\u00e1rio eletr\u00f4nico para solicita\u00e7\u00e3o de qualifica\u00e7\u00e3o e defesa dispon\u00edvel em&nbsp;<a href=\"https:\/\/forms.gle\/Xir1BHz42Tiba4br8\">https:\/\/forms.gle\/Xir1BHz42Tiba4br8<\/a>. <\/p>\n\n\n\n<p>ATEN\u00c7\u00c3O: A banca ser\u00e1 composta pelo orientador ou co-orientador e\u00a0<strong>2 membros titulares<\/strong>\u00a0(pelo menos 1 deles deve ser externo ao Programa) e 2 membros suplentes (pelo menos 1 externo ao Programa). A banca \u00e9 definida pelo orientador.<\/p>\n\n\n\n<p>Para membros da banca externos \u00e0 UEL que ainda n\u00e3o tenham participado de bancas na UEL, o estudante dever\u00e1 preencher o \u00abCadastro de professor convidado\u00bb cujo arquivo encontra-se na aba \u00abFormul\u00e1rios e Modelos de Documentos\u00bb e anexar ao final do formul\u00e1rio eletr\u00f4nico mencionado acima.<\/p>\n\n\n\n<p>Caber\u00e1 ao estudante e\/ou orientador enviar para os membros da banca os exemplares da pr\u00e9-tese.<\/p>\n\n\n\n<p>A Secretaria do PPGCS encaminhar\u00e1 os documentos para a realiza\u00e7\u00e3o da qualifica\u00e7\u00e3o para o orientador, com c\u00f3pia para a Coordena\u00e7\u00e3o do PPGCS. Ap\u00f3s o exame de qualifica\u00e7\u00e3o, o orientador dever\u00e1 entregar a ata preenchida e assinada \u00e0 Secretaria do PPGCS para os devidos encaminhamentos.<\/p>\n\n\n\n<p><\/p>\n","protected":false},"excerpt":{"rendered":"<p>O estudante dever\u00e1 verificar no Portal do Estudante se n\u00e3o h\u00e1 disciplinas sem fechamento de pauta. Com exce\u00e7\u00e3o \u00e0s disciplinas \u201cDisserta\u00e7\u00e3o\u201d e \u201cTeses\u201d, o estudante n\u00e3o dever\u00e1 ter nenhuma disciplina na situa\u00e7\u00e3o \u201dMatriculado\u201d. Ap\u00f3s concluir todos os cr\u00e9ditos exigidos pela resolu\u00e7\u00e3o do PPGCS em disciplinas, o estudante dever\u00e1 requerer a qualifica\u00e7\u00e3o pelo Portal do Estudante [&hellip;]<\/p>\n","protected":false},"author":9,"featured_media":0,"parent":0,"menu_order":0,"comment_status":"closed","ping_status":"closed","template":"","meta":{"_acf_changed":false,"footnotes":""},"class_list":["post-1265","page","type-page","status-publish","hentry"],"acf":[],"_links":{"self":[{"href":"https:\/\/pos.uel.br\/cienciasdasaude\/wp-json\/wp\/v2\/pages\/1265","targetHints":{"allow":["GET"]}}],"collection":[{"href":"https:\/\/pos.uel.br\/cienciasdasaude\/wp-json\/wp\/v2\/pages"}],"about":[{"href":"https:\/\/pos.uel.br\/cienciasdasaude\/wp-json\/wp\/v2\/types\/page"}],"author":[{"embeddable":true,"href":"https:\/\/pos.uel.br\/cienciasdasaude\/wp-json\/wp\/v2\/users\/9"}],"replies":[{"embeddable":true,"href":"https:\/\/pos.uel.br\/cienciasdasaude\/wp-json\/wp\/v2\/comments?post=1265"}],"version-history":[{"count":4,"href":"https:\/\/pos.uel.br\/cienciasdasaude\/wp-json\/wp\/v2\/pages\/1265\/revisions"}],"predecessor-version":[{"id":1402,"href":"https:\/\/pos.uel.br\/cienciasdasaude\/wp-json\/wp\/v2\/pages\/1265\/revisions\/1402"}],"wp:attachment":[{"href":"https:\/\/pos.uel.br\/cienciasdasaude\/wp-json\/wp\/v2\/media?parent=1265"}],"curies":[{"name":"wp","href":"https:\/\/api.w.org\/{rel}","templated":true}]}}