{"id":1263,"date":"2025-05-19T15:53:31","date_gmt":"2025-05-19T18:53:31","guid":{"rendered":"https:\/\/pos.uel.br\/cienciasdasaude\/?page_id=1263"},"modified":"2026-02-10T19:15:30","modified_gmt":"2026-02-10T22:15:30","slug":"defesa","status":"publish","type":"page","link":"https:\/\/pos.uel.br\/cienciasdasaude\/es\/defesa\/","title":{"rendered":"Defesa"},"content":{"rendered":"\n<p>N\u00e3o \u00e9 recomend\u00e1vel que o prazo entre a qualifica\u00e7\u00e3o e a defesa seja inferior a 40 dias, devido aos tr\u00e2mites obrigat\u00f3rios entre a Secretaria do PPGCS e a PROPPG. O orientador dever\u00e1 definir a banca e agendar a defesa.<\/p>\n\n\n\n<p>Para o Mestrado, a banca ser\u00e1 composta pelo orientador ou pelo co-orientador, 2 membros titulares (pelo menos 1 externo ao Programa) e 2 membros suplentes (pelo menos 1 externo ao Programa).<\/p>\n\n\n\n<p>Ap\u00f3s definida a banca, o estudante ou o orientador dever\u00e1 preencher o formul\u00e1rio eletr\u00f4nico para solicita\u00e7\u00e3o da defesa dispon\u00edvel em <a href=\"https:\/\/forms.gle\/Xir1BHz42Tiba4br8\">https:\/\/forms.gle\/Xir1BHz42Tiba4br8<\/a> com no m\u00ednimo 40 dias de anteced\u00eancia \u00e0 data prevista da defesa. Para membros da banca externos \u00e0 UEL que ainda n\u00e3o tenham participado de bancas na UEL, o estudante dever\u00e1 encaminhar o &#8220;Cadastro de professor convidado&#8221; cujo arquivo encontra-se na aba &#8220;Formul\u00e1rios e Modelos de Documentos&#8221; e anexar ao final do formul\u00e1rio eletr\u00f4nico mencionado acima.<\/p>\n\n\n\n<p>Informamos que a defesa dever\u00e1 ocorrer em at\u00e9 60 dias ap\u00f3s o envio do e-mail com a solicita\u00e7\u00e3o de defesa.<\/p>\n\n\n\n<p>\u00c9 de responsabilidade do estudante e\/ou orientador enviar para os membros da banca a pr\u00e9-disserta\u00e7\u00e3o.<\/p>\n\n\n\n<p>A Secretaria do PPGCS encaminhar\u00e1 os documentos para a realiza\u00e7\u00e3o da defesa para o orientador com c\u00f3pia para a Coordena\u00e7\u00e3o do PPGCS.<\/p>\n\n\n\n<p>Ap\u00f3s a defesa, o orientador dever\u00e1 entregar a ata original devidamente preenchida e assinada, assim como encaminhar por e-mail a ata e os demais documentos utilizados para a realiza\u00e7\u00e3o da defesa \u00e0 Secretaria do PPGCS.<\/p>\n\n\n\n<p>At\u00e9 30 dias ap\u00f3s a defesa, o estudante dever\u00e1 enviar, por e-mail, para a Coordena\u00e7\u00e3o do PPGCS (ppgcs@uel.br ) e para a Secretaria do PPGCS (spgccs@uel.br):<\/p>\n\n\n\n<ol style=\"list-style-type:lower-alpha\" class=\"wp-block-list\">\n<li>a vers\u00e3o final da disserta\u00e7\u00e3o\/tese contendo a FICHA CATALOGR\u00c1FICA (informa\u00e7\u00f5es sobre como fazer em <a href=\"http:\/\/www.uel.br\/bc\/home\/pages\/ficha-catalografica.php)\" target=\"_blank\" rel=\"noreferrer noopener\">http:\/\/www.uel.br\/bc\/home\/pages\/ficha-catalografica.php<\/a><a href=\"http:\/\/www.uel.br\/bc\/home\/pages\/ficha-catalografica.php)\">)<\/a>. Encaminhe tanto no formato doc ou docx quanto no formato pdf.<\/li>\n\n\n\n<li>o termo de autoriza\u00e7\u00e3o para disponibiliza\u00e7\u00e3o de teses\/disserta\u00e7\u00f5es na Biblioteca Digital da UEL assinado pelo estudante, orientador e coordena\u00e7\u00e3o do PPGCS (dispon\u00edvel em <a href=\"http:\/\/www.bibliotecadigital.uel.br\/instrucao.php\" target=\"_blank\" rel=\"noreferrer noopener\">http:\/\/www.bibliotecadigital.uel.br\/instrucao.php<\/a>).<\/li>\n<\/ol>\n\n\n\n<p>Somente ap\u00f3s atendidos os itens acima \u00e9 que a administra\u00e7\u00e3o do PPGCS poder\u00e1 autorizar a PROPPG a emitir o certificado de conclus\u00e3o do Mestrado. O certificado de conclus\u00e3o, assim como o hist\u00f3rico escolar, dever\u00e3o ser solicitados pelo estudante junto \u00e0 PROPPG.<\/p>\n","protected":false},"excerpt":{"rendered":"<p>N\u00e3o \u00e9 recomend\u00e1vel que o prazo entre a qualifica\u00e7\u00e3o e a defesa seja inferior a 40 dias, devido aos tr\u00e2mites obrigat\u00f3rios entre a Secretaria do PPGCS e a PROPPG. O orientador dever\u00e1 definir a banca e agendar a defesa. Para o Mestrado, a banca ser\u00e1 composta pelo orientador ou pelo co-orientador, 2 membros titulares (pelo [&hellip;]<\/p>\n","protected":false},"author":9,"featured_media":0,"parent":0,"menu_order":0,"comment_status":"closed","ping_status":"closed","template":"","meta":{"_acf_changed":false,"footnotes":""},"class_list":["post-1263","page","type-page","status-publish","hentry"],"acf":[],"_links":{"self":[{"href":"https:\/\/pos.uel.br\/cienciasdasaude\/wp-json\/wp\/v2\/pages\/1263","targetHints":{"allow":["GET"]}}],"collection":[{"href":"https:\/\/pos.uel.br\/cienciasdasaude\/wp-json\/wp\/v2\/pages"}],"about":[{"href":"https:\/\/pos.uel.br\/cienciasdasaude\/wp-json\/wp\/v2\/types\/page"}],"author":[{"embeddable":true,"href":"https:\/\/pos.uel.br\/cienciasdasaude\/wp-json\/wp\/v2\/users\/9"}],"replies":[{"embeddable":true,"href":"https:\/\/pos.uel.br\/cienciasdasaude\/wp-json\/wp\/v2\/comments?post=1263"}],"version-history":[{"count":4,"href":"https:\/\/pos.uel.br\/cienciasdasaude\/wp-json\/wp\/v2\/pages\/1263\/revisions"}],"predecessor-version":[{"id":1398,"href":"https:\/\/pos.uel.br\/cienciasdasaude\/wp-json\/wp\/v2\/pages\/1263\/revisions\/1398"}],"wp:attachment":[{"href":"https:\/\/pos.uel.br\/cienciasdasaude\/wp-json\/wp\/v2\/media?parent=1263"}],"curies":[{"name":"wp","href":"https:\/\/api.w.org\/{rel}","templated":true}]}}