{"id":10,"date":"2021-04-26T21:22:23","date_gmt":"2021-04-27T00:22:23","guid":{"rendered":"https:\/\/pos.uel.br\/cienciasdasaude\/?page_id=10"},"modified":"2021-09-29T16:08:36","modified_gmt":"2021-09-29T19:08:36","slug":"contatos","status":"publish","type":"page","link":"https:\/\/pos.uel.br\/cienciasdasaude\/contatos\/","title":{"rendered":"Contatos"},"content":{"rendered":"\n<p class=\"has-primary-accent-color has-text-color has-medium-font-size\">Secretaria do Programa de P\u00f3s-Gradua\u00e7\u00e3o em Ci\u00eancias da Sa\u00fade<\/p>\n\n\n\n<p>CEPPOS &#8211;&nbsp; Pr\u00e9dio IV do Centro de Ci\u00eancias da Sa\u00fade (CCS) &#8211; 1o&nbsp;andar<br>Av. Robert Koch, 60<br>Vila Oper\u00e1ria &#8211; Londrina &#8211; PR &#8211; CEP 86038-350<br>Fone\/Fax: (43) 3371-2359<br>E-mail: spgccs@uel.br<\/p>\n\n\n\n<hr class=\"wp-block-separator is-style-wide\"\/>\n\n\n\n<p class=\"has-primary-accent-color has-text-color has-medium-font-size\">Coordenadora do Programa de P\u00f3s-Gradua\u00e7\u00e3o em Ci\u00eancias da Sa\u00fade<\/p>\n\n\n\n<p>Profa. Dra. Rubia Casagrande<br>E-mail: ppgcs@uel.br<\/p>\n\n\n\n<p><\/p>\n","protected":false},"excerpt":{"rendered":"<p>Secretaria do Programa de P\u00f3s-Gradua\u00e7\u00e3o em Ci\u00eancias da Sa\u00fade CEPPOS &#8211;&nbsp; Pr\u00e9dio IV do Centro de Ci\u00eancias da Sa\u00fade (CCS) &#8211; 1o&nbsp;andarAv. Robert Koch, 60Vila Oper\u00e1ria &#8211; Londrina &#8211; PR &#8211; CEP 86038-350Fone\/Fax: (43) 3371-2359E-mail: spgccs@uel.br Coordenadora do Programa de P\u00f3s-Gradua\u00e7\u00e3o em Ci\u00eancias da Sa\u00fade Profa. Dra. Rubia CasagrandeE-mail: ppgcs@uel.br<\/p>\n","protected":false},"author":7,"featured_media":0,"parent":0,"menu_order":0,"comment_status":"closed","ping_status":"closed","template":"","meta":{"_acf_changed":false,"footnotes":""},"class_list":["post-10","page","type-page","status-publish","hentry"],"acf":[],"_links":{"self":[{"href":"https:\/\/pos.uel.br\/cienciasdasaude\/wp-json\/wp\/v2\/pages\/10","targetHints":{"allow":["GET"]}}],"collection":[{"href":"https:\/\/pos.uel.br\/cienciasdasaude\/wp-json\/wp\/v2\/pages"}],"about":[{"href":"https:\/\/pos.uel.br\/cienciasdasaude\/wp-json\/wp\/v2\/types\/page"}],"author":[{"embeddable":true,"href":"https:\/\/pos.uel.br\/cienciasdasaude\/wp-json\/wp\/v2\/users\/7"}],"replies":[{"embeddable":true,"href":"https:\/\/pos.uel.br\/cienciasdasaude\/wp-json\/wp\/v2\/comments?post=10"}],"version-history":[{"count":7,"href":"https:\/\/pos.uel.br\/cienciasdasaude\/wp-json\/wp\/v2\/pages\/10\/revisions"}],"predecessor-version":[{"id":574,"href":"https:\/\/pos.uel.br\/cienciasdasaude\/wp-json\/wp\/v2\/pages\/10\/revisions\/574"}],"wp:attachment":[{"href":"https:\/\/pos.uel.br\/cienciasdasaude\/wp-json\/wp\/v2\/media?parent=10"}],"curies":[{"name":"wp","href":"https:\/\/api.w.org\/{rel}","templated":true}]}}