{"id":936,"date":"2023-03-31T08:47:11","date_gmt":"2023-03-31T11:47:11","guid":{"rendered":"https:\/\/pos.uel.br\/cienciaanimal\/?page_id=936"},"modified":"2023-03-31T14:58:09","modified_gmt":"2023-03-31T17:58:09","slug":"informacion-en-espanol","status":"publish","type":"page","link":"https:\/\/pos.uel.br\/cienciaanimal\/informacion-en-espanol\/","title":{"rendered":"Informaci\u00f3n en Espa\u00f1ol"},"content":{"rendered":"\n<p>La posgrado lato sensu en Salud Animal, despu\u00e9s de cinco a\u00f1os de oferta por parte del Departamento de Medicina Veterinaria Preventiva (DMVP), result\u00f3 en la modalidad strictu sensu en la Universidade Estadual de Londrina (UEL). Dicha consolidaci\u00f3n se produjo debido a la madurez del profesorado. En 1991 se envi\u00f3 a la Coordinaci\u00f3n de Perfeccionamiento del Personal de Educaci\u00f3n Superior (CAPES) la propuesta de maestr\u00eda en Sanidad Animal. Tras su aprobaci\u00f3n, la primera promoci\u00f3n se inici\u00f3 en 1992. Desde entonces, a lo largo de los a\u00f1os, el curso ha tenido algunos ajustes, especialmente para dar cabida a nuevos profesores, nuevas l\u00edneas de investigaci\u00f3n, nueva \u00e1rea de concentraci\u00f3n y, principalmente, nuevas realidades al mercado laboral e inserci\u00f3n de profesionales en el campo de las ciencias agr\u00edcolas en el contexto de la docencia, la investigaci\u00f3n, el desarrollo, la difusi\u00f3n de tecnolog\u00eda, la prestaci\u00f3n de servicios, el comercio y la industria. En 2002, el Programa de Postgrado en Ciencias de la Salud Animal de la Universidad Estatal de Londrina (PPG-CA \/ UEL), tuvo su mayor y principal reestructuraci\u00f3n. Con mayor madurez cient\u00edfica y ascenso profesional del grupo de docentes responsables de la maestr\u00eda, y alianza con docentes vinculados al Departamento de Ciencias Animales y Ciencias Cl\u00ednicas Veterinarias de la UEL, se propuso abrir el nivel de doctorado. As\u00ed, la propuesta de doctorado fue formateada con dos \u00e1reas de concentraci\u00f3n conformadas por las \u00e1reas de Sanidad Animal y Producci\u00f3n Animal, es de destacar que ya en ese momento el PPG-CA hab\u00eda vislumbrado la necesidad de uni\u00f3n entre los departamentos para solidificar el PPG. Sobre la base de esta propuesta, el Programa ya no est\u00e1 vinculado a un \u00fanico departamento proponente, el Departamento de Medicina Veterinaria Preventiva, sino tambi\u00e9n al Departamento de Ciencia Animal. Adem\u00e1s de unir los departamentos, la propuesta incluy\u00f3 en el \u00e1rea de Concentraci\u00f3n en Sanidad Animal, algunos colegas del Departamento de Ciencias Cl\u00ednicas Veterinarias, quienes desarrollaron investigaciones con interfaz en Sanidad Animal. Considerando el gran incremento que obtuvimos tanto en t\u00e9rminos cuantitativos como principalmente cualitativos en las acciones de investigaci\u00f3n y desarrollo, que contribuyeron a la consolidaci\u00f3n del programa, este sigue siendo nuestro formato actual. Luego de nuestra consolidaci\u00f3n a nivel nacional, representada por el concepto 5 (del 3 al 7) atribuido al Programa por tres evaluaciones trienales consecutivas, los esfuerzos de coordinaci\u00f3n del Programa para incrementar las acciones para promover la internacionalizaci\u00f3n del Programa. En el trienio 2010-2012, el Programa de Posgrado en Ciencia Animal dio su mayor salto cualitativo. Luego de 22 a\u00f1os de intensa labor de investigaci\u00f3n, docencia y extensi\u00f3n realizada en el contexto del programa, y \u200b\u200bprincipalmente, luego de la maduraci\u00f3n del cuerpo docente y la efectiva consolidaci\u00f3n de nuestras L\u00edneas de Investigaci\u00f3n y \u00c1reas de Concentraci\u00f3n, nuestros esfuerzos fueron valorados por CAPES. En lo \u00faltimo cuadrienio (2017-2020) logramos el tan deseado reconocimiento de nuestras acciones desarrolladas tanto a nivel nacional como principalmente, internacional. Con este reconocimiento, se nos otorg\u00f3 el concepto 7, el m\u00e1s alto concepto CAPES, atribuido a aquellos programas consolidados con una fuerte expresi\u00f3n nacional e investigaci\u00f3n con acciones e intercambios internacionales.<\/p>\n\n\n\n<h3 class=\"wp-block-heading is-style-highlighted-heading\">El programa<\/h3>\n\n\n\n<p>El Programa de Postgrado en Ciencias de la Sanidad Animal, en los t\u00edtulos de M\u00e1ster y Doctorado, tiene como objetivo general la formaci\u00f3n de recursos humanos en el \u00e1rea de Ciencias Agrarias, en particular para el desarrollo de la investigaci\u00f3n en Sanidad y Producci\u00f3n Animal. El Programa tiene como objetivos espec\u00edficos la cualificaci\u00f3n y formaci\u00f3n de profesionales para la investigaci\u00f3n cient\u00edfica y t\u00e9cnica en dos \u00e1reas de concentraci\u00f3n:<\/p>\n\n\n\n<h3 class=\"wp-block-heading\">1. Sanidad animal:<\/h3>\n\n\n\n<p>En este \u00e1mbito, se abordan principalmente los siguientes temas:<\/p>\n\n\n\n<p>I) Prevenci\u00f3n de la salud animal; II) Diagn\u00f3stico, tratamiento, control y profilaxis de enfermedades infecciosas, parasitarias, deficientes y metab\u00f3licas de importancia en Medicina Veterinaria; III) Evaluaci\u00f3n antig\u00e9nica y molecular de microorganismos de inter\u00e9s en Sanidad Animal; IV) Salud P\u00fablica Veterinaria, mediante el estudio de las zoonosis y el control de la calidad microbiol\u00f3gica y los residuos en la cadena de producci\u00f3n de alimentos de origen animal; V) Cirug\u00eda Cl\u00ednica y Veterinaria, mediante el desarrollo y \/ o mejora del tratamiento cl\u00ednico y t\u00e9cnicas quir\u00fargicas, anest\u00e9sicas y diagn\u00f3sticas.<\/p>\n\n\n\n<h3 class=\"wp-block-heading\">2. Producci\u00f3n animal:<\/h3>\n\n\n\n<p>En este \u00e1mbito, se abordan principalmente los siguientes temas:<\/p>\n\n\n\n<p>I) Manejo zoot\u00e9cnico; II) Nutrici\u00f3n animal; III) Alimentos y piensos IV) Bienestar animal; y V) Biotecnolog\u00edas de reproducci\u00f3n aplicadas a las principales especies animales de inter\u00e9s econ\u00f3mico.<\/p>\n\n\n\n<p>El prop\u00f3sito del programa es ofrecer al mercado laboral profesionales calificados para trabajar en instituciones p\u00fablicas y privadas de educaci\u00f3n, investigaci\u00f3n y desarrollo, y en los campos de la protecci\u00f3n de la salud animal, la salud p\u00fablica veterinaria, la producci\u00f3n animal y la reproducci\u00f3n. Para ello, el estudiante de posgrado, a trav\u00e9s de un plan de estudios, trabajos pr\u00e1cticos realizados en laboratorios y de campo, y actividades extracurriculares tendr\u00e1 la oportunidad de ejercer.<\/p>\n\n\n\n<h3 class=\"wp-block-heading\">Requisitos del estudiante<\/h3>\n\n\n\n<p>Para completar los niveles de Maestr\u00eda y Doctorado, el estudiante debe completar la carga de trabajo y los cr\u00e9ditos distribuidos de la siguiente manera:<\/p>\n\n\n\n<p>Para el M\u00e1ster, el alumno deber\u00e1 completar 64 (sesenta y cuatro) cr\u00e9ditos correspondientes a 960 (novecientas sesenta) horas, distribuidas de la siguiente manera:<\/p>\n\n\n\n<p>\u2022 07 (siete) cr\u00e9ditos en materias b\u00e1sicas comunes;<\/p>\n\n\n\n<p>\u2022 al menos 13 (trece) cr\u00e9ditos en materias optativas del Programa, pudiendo cumplirse los 4 (cuatro) cr\u00e9ditos restantes en otros Programas con vigencia nacional;<\/p>\n\n\n\n<p>\u2022 40 (cuarenta) cr\u00e9ditos de tesis<\/p>\n\n\n\n<p>Para el Doctorado, el estudiante debe completar 160 (ciento sesenta) cr\u00e9ditos, correspondientes a 2.400 (dos mil cuatrocientas) horas, distribuidas de la siguiente manera:<\/p>\n\n\n\n<p>\u2022 06 (seis) cr\u00e9ditos en materias b\u00e1sicas comunes.<\/p>\n\n\n\n<p>\u2022 al menos 30 (treinta) cr\u00e9ditos en asignaturas del \u00e1rea de concentraci\u00f3n del Programa, y \u200b\u200blos 4 (cuatro) cr\u00e9ditos restantes podr\u00e1n cumplirse en otros Programas de Posgrado con vigencia nacional;<\/p>\n\n\n\n<p>\u2022 120 (ciento veinte) cr\u00e9ditos en Tesis.<\/p>\n\n\n\n<p>Para el Doctorado se pueden convalidar los cr\u00e9ditos de Maestr\u00eda.<\/p>\n\n\n\n<p>Los becarios de la Fundaci\u00f3n CAPES \/ MEC tambi\u00e9n deber\u00e1n cursar 2 (dos) cr\u00e9ditos para la Maestr\u00eda y 4 (cuatro) cr\u00e9ditos para el Doctorado en la asignatura de Pasant\u00eda Docente en Pregrado.<\/p>\n\n\n\n<p>Aplicaci\u00f3n a los cursos<\/p>\n\n\n\n<h3 class=\"wp-block-heading\">Maestr\u00eda<\/h3>\n\n\n\n<p>a) formulario de inscripci\u00f3n cumplimentado, disponible en: <a href=\"http:\/\/www.uel.br\/proppg\/portalnovo\/pages\/inscricoes-programas-cursos\/inscricoes-por-nivel.php\" target=\"_blank\" rel=\"noreferrer noopener\">http:\/\/www.uel.br\/proppg\/portalnovo\/pages\/inscricoes-programas-cursos\/inscricoes-por-nivel.php<\/a>;<\/p>\n\n\n\n<p>b) comprobante de pago de la tasa de registro p\u00fablico correspondiente al monto de R $ 162,00 (ciento sesenta y dos reales) &#8211; s\u00f3lo en Caixa Econ\u00f4mica Federal, seg\u00fan se especifica en la convocatoria;<\/p>\n\n\n\n<p>c) Los solicitantes extranjeros deben presentar: 1. copia del pasaporte; 2. copia certificada del anverso y reverso del diploma de graduaci\u00f3n (idioma de origen); 3. copia certificada de la traducci\u00f3n jurada del diploma de graduaci\u00f3n; 4. copia certificada del acta de nacimiento o matrimonio (idioma original); 5. copia certificada de la traducci\u00f3n jurada del Acta de Nacimiento o Matrimonio; 6. copia del CPF; 7. visa actualizada para permanecer en el pa\u00eds.<\/p>\n\n\n\n<p>* Si el candidato a\u00fan no tiene el diploma, deber\u00e1 presentar un certificado de graduaci\u00f3n. Si a\u00fan asiste a la graduaci\u00f3n, debe presentar un certificado que demuestre que est\u00e1 inscrito en el \u00faltimo a\u00f1o de graduaci\u00f3n y que se espera que haya completado al comienzo del per\u00edodo acad\u00e9mico);<\/p>\n\n\n\n<p>d) Curr\u00edculo de Lattes documentado (<a rel=\"noreferrer noopener\" href=\"https:\/\/wwws.cnpq.br\/cvlattesweb\/pkg_cv_estr.inicio\" target=\"_blank\">https:\/\/wwws.cnpq.br\/cvlattesweb\/pkg_cv_estr.inicio<\/a>); Formulario de evaluaci\u00f3n del plan de estudios de Lattes completamente completado (<a rel=\"noreferrer noopener\" href=\"https:\/\/pos.uel.br\/cienciaanimal\/wp-content\/uploads\/2021\/07\/Ficha-de-Avaliacao-Curriculo-Lattes_.pdf\" target=\"_blank\">https:\/\/pos.uel.br\/cienciaanimal\/wp-content\/uploads\/2021\/07\/Ficha-de-Avaliacao-Curriculo-Lattes_.pdf<\/a>);<\/p>\n\n\n\n<p>e) anteproyecto del m\u00e1ster;<\/p>\n\n\n\n<p>Atenci\u00f3n: El candidato que presente un documento distinto al diploma debe ser consciente de que, de ser aprobado en el proceso de selecci\u00f3n, deber\u00e1 presentar, en el momento de la inscripci\u00f3n, un documento acreditativo en el que se indique la fecha de finalizaci\u00f3n del curso (d\u00eda \/ mes \/ a\u00f1o) debe ser antes de matricularse en la UEL, sin lo cual no podr\u00e1 matricularse y perder\u00e1 el derecho a una plaza, sin devoluci\u00f3n del precio p\u00fablico de la matr\u00edcula.<\/p>\n\n\n\n<h3 class=\"wp-block-heading\">Doctorado<\/h3>\n\n\n\n<p>a) formulario de inscripci\u00f3n cumplimentado, disponible en: <a href=\"http:\/\/www.uel.br\/proppg\/portalnovo\/pages\/inscricoes-programas-cursos\/inscricoes-por-nivel.php\" target=\"_blank\" rel=\"noreferrer noopener\">http:\/\/www.uel.br\/proppg\/portalnovo\/pages\/inscricoes-programas-cursos\/inscricoes-por-nivel.php<\/a>;<\/p>\n\n\n\n<p>b) comprobante de pago de la tasa de registro p\u00fablico correspondiente al monto de R $ 162,00 (ciento sesenta y dos reales) &#8211; s\u00f3lo en Caixa Econ\u00f4mica Federal, seg\u00fan se especifica en el Boleto;<\/p>\n\n\n\n<p>c) Los solicitantes extranjeros deben presentar: 1. copia del pasaporte; 2. copia certificada de anverso y reverso del diploma de graduaci\u00f3n (el idioma de origen); 3. copia certificada de la traducci\u00f3n jurada del diploma de graduaci\u00f3n; 4. copia certificada del acta de nacimiento o matrimonio (idioma original); 5. copia certificada de la traducci\u00f3n jurada del Acta de Nacimiento o Matrimonio; 6. copia del CPF; 7. visa actualizada para permanecer en el pa\u00eds.<\/p>\n\n\n\n<p>* Si el candidato a\u00fan no tiene el diploma, deber\u00e1 presentar un certificado de graduaci\u00f3n. Si a\u00fan asiste a la graduaci\u00f3n, debe presentar un certificado que demuestre que est\u00e1 inscrito en el \u00faltimo a\u00f1o de graduaci\u00f3n y que se espera que haya completado al comienzo del per\u00edodo acad\u00e9mico);<\/p>\n\n\n\n<p>d) Curr\u00edculo de Lattes documentado (<a rel=\"noreferrer noopener\" href=\"https:\/\/wwws.cnpq.br\/cvlattesweb\/pkg_cv_estr.inicio\" target=\"_blank\">https:\/\/wwws.cnpq.br\/cvlattesweb\/pkg_cv_estr.inicio<\/a>); Formulario de evaluaci\u00f3n del plan de estudios de Lattes completamente completado (<a rel=\"noreferrer noopener\" href=\"https:\/\/pos.uel.br\/cienciaanimal\/wp-content\/uploads\/2021\/07\/Ficha-de-Avaliacao-Curriculo-Lattes_.pdf\" target=\"_blank\">https:\/\/pos.uel.br\/cienciaanimal\/wp-content\/uploads\/2021\/07\/Ficha-de-Avaliacao-Curriculo-Lattes_.pdf<\/a>);<\/p>\n\n\n\n<p>e) anteproyecto de tesis;<\/p>\n\n\n\n<p>Atenci\u00f3n: El candidato que presente un documento que acredite la finalizaci\u00f3n de la graduaci\u00f3n diferente al diploma debe ser consciente de que, de ser aprobado en el proceso de selecci\u00f3n, deber\u00e1 presentar, al momento de la inscripci\u00f3n, un documento acreditativo en el que se indique la fecha de finalizaci\u00f3n del El curso (d\u00eda \/ mes \/ a\u00f1o) debe ser previo a la matr\u00edcula en la UEL, sin la cual no podr\u00e1s matricularte y perder\u00e1s el derecho a la plaza, sin devoluci\u00f3n del valor del precio p\u00fablico de la matr\u00edcula.<\/p>\n\n\n\n<h3 class=\"wp-block-heading\">Maestr\u00eda y Doctorado<\/h3>\n\n\n\n<p>\u2022 Para la selecci\u00f3n a nivel de M\u00e1ster, ser\u00e1 necesario presentar un Plan de Trabajo para el desarrollo de la tesis que se ajuste a una de las L\u00edneas de Investigaci\u00f3n del Programa. El plan debe estar elaborado en un m\u00e1ximo de cuatro a cinco p\u00e1ginas, las cuales deben incluir los datos.<\/p>\n\n\n\n<p>* Para su aprobaci\u00f3n en el proceso de selecci\u00f3n, el candidato debe alcanzar una puntuaci\u00f3n promedio igual o superior a 6.0 (seis) resultante de las evaluaciones descritas anteriormente.<\/p>\n\n\n\n<p>En caso de duda, cont\u00e1ctenos a trav\u00e9s del correo electr\u00f3nico: <a href=\"mailto:ciencianimal@uel.br\">ciencianimal@uel.br<\/a> o al tel\u00e9fono: +55 43 3371-4709.<\/p>\n","protected":false},"excerpt":{"rendered":"<p>La posgrado lato sensu en Salud Animal, despu\u00e9s de cinco a\u00f1os de oferta por parte del Departamento de Medicina Veterinaria Preventiva (DMVP), result\u00f3 en la modalidad strictu sensu en la Universidade Estadual de Londrina (UEL). Dicha consolidaci\u00f3n se produjo debido a la madurez del profesorado. En 1991 se envi\u00f3 a la Coordinaci\u00f3n de Perfeccionamiento del [&hellip;]<\/p>\n","protected":false},"author":10,"featured_media":0,"parent":0,"menu_order":0,"comment_status":"closed","ping_status":"closed","template":"","meta":{"_acf_changed":false,"footnotes":""},"class_list":["post-936","page","type-page","status-publish","hentry"],"acf":[],"_links":{"self":[{"href":"https:\/\/pos.uel.br\/cienciaanimal\/wp-json\/wp\/v2\/pages\/936","targetHints":{"allow":["GET"]}}],"collection":[{"href":"https:\/\/pos.uel.br\/cienciaanimal\/wp-json\/wp\/v2\/pages"}],"about":[{"href":"https:\/\/pos.uel.br\/cienciaanimal\/wp-json\/wp\/v2\/types\/page"}],"author":[{"embeddable":true,"href":"https:\/\/pos.uel.br\/cienciaanimal\/wp-json\/wp\/v2\/users\/10"}],"replies":[{"embeddable":true,"href":"https:\/\/pos.uel.br\/cienciaanimal\/wp-json\/wp\/v2\/comments?post=936"}],"version-history":[{"count":6,"href":"https:\/\/pos.uel.br\/cienciaanimal\/wp-json\/wp\/v2\/pages\/936\/revisions"}],"predecessor-version":[{"id":969,"href":"https:\/\/pos.uel.br\/cienciaanimal\/wp-json\/wp\/v2\/pages\/936\/revisions\/969"}],"wp:attachment":[{"href":"https:\/\/pos.uel.br\/cienciaanimal\/wp-json\/wp\/v2\/media?parent=936"}],"curies":[{"name":"wp","href":"https:\/\/api.w.org\/{rel}","templated":true}]}}