{"id":81,"date":"2021-05-16T11:47:31","date_gmt":"2021-05-16T14:47:31","guid":{"rendered":"https:\/\/pos.uel.br\/cienciaanimal\/?page_id=81"},"modified":"2023-04-04T11:27:41","modified_gmt":"2023-04-04T14:27:41","slug":"publicacoes","status":"publish","type":"page","link":"https:\/\/pos.uel.br\/cienciaanimal\/publicacoes\/","title":{"rendered":"Publica\u00e7\u00f5es"},"content":{"rendered":"\n<p><strong>PUBLICA\u00c7\u00d5ES ASSOCIADAS A TESES:&nbsp;<\/strong><\/p>\n\n\n\n<p>LEME, RAQUEL ARRUDA ; MIYABE, FLAVIA MEGUMI ; DALL AGNOL, ALAIS MARIA ; Alfieri, Alice Fernandes ; Alfieri, Amauri Alcindo . Seneca Valley virus RNA detection in pig feed and feed ingredients in Brazil. Transboundary and Emerging Diseases, v. 66, p. 1449-1453, 2019. LEME, RAQUEL ARRUDA ; MIYABE, FLAVIA MEGUMI ; DALL AGNOL, ALAIS MARIA ; Alfieri, Alice Fernandes ; Alfieri, Amauri Alcindo . A new wave of Seneca Valley virus outbreaks in Brazil. Transboundary and Emerging Diseases, v. 66, p. 1101-1104, 2019.<\/p>\n\n\n\n<p>LEME, RAQUEL ARRUDA ; DALL AGNOL, ALAIS MARIA ; BALBO, LUCIANA CARVALHO ; PEREIRA, FERNANDA LOUISE ; POSSATTI, FL\u00c1VIA ; Alfieri, Alice Fernandes ; Alfieri, Amauri Alcindo . Molecular characterization of Brazilian wild-type strains of bovine respiratory syncytial virus reveals genetic diversity and a putative new subgroup of the virus. Veterinary Quarterly, v. 40, p. 83-96, 2020.&nbsp;<\/p>\n\n\n\n<p><strong>Capitulos de livros.\u00a0<\/strong><\/p>\n\n\n\n<p>DOEN\u00c7AS V\u00cdRICAS EMERGENTES (SENECAV\u00cdRUS A). Virologia Veterin\u00e1ria. ISSN:9788573912876. 2017.&nbsp;<\/p>\n\n\n\n<p>NOROVIRUS INFECTION. emerging and re-emerging infectious disease in livestock. 2017. DOEN\u00c7AS VESICULARES EM SU\u00cdNOS: SITUA\u00c7\u00c3O ATUAL E RISCOS. Avan\u00e7os em Sanidade, Produ\u00e7\u00e3o e Reprodu\u00e7\u00e3o de Su\u00ednos IV.2019<\/p>\n\n\n\n<p>2) PESQUISA DE PAT\u00d3GENOS EM \u00c1GUA, SOLO E HORTALI\u00c7AS CRUAS. FERNANDA PINTO FERREIRA. 2020. Orientador: Italmar Teodorico Navarro. A tese da aluna gerou um protocolo para coleta de amostras ambientais do Minist\u00e9rio da Sa\u00fade \u201cProtocolos para investiga\u00e7\u00e3o de Toxoplasma gondii em amostras ambientais e alimentares\u201d, al\u00e9m disso, aluna mant\u00e9m um projeto de extens\u00e3o denominado \u201cCampo \u00e0 Mesa\u201d, envolvendo v\u00e1rios departamentos (DMVP, ZOOT, Agronomia, e Nutri\u00e7\u00e3o), com o objetivo de ensinar pr\u00e1ticas de seguran\u00e7a \u00e0 pequenos e grandes produtores de hortali\u00e7as do munic\u00edpio de Londrina e regi\u00e3o.<\/p>\n\n\n\n<p><strong>Publica\u00e7\u00f5es associadas a tese:\u00a0<\/strong><\/p>\n\n\n\n<p>FERREIRA, F. P. ; REIS, J. S. ; PASCHOAL, A. T. P. ; BALBINO, L. S. ; SANTOS, A. B. ; LUCAS, J. I. ; KAKIMORI, M. T. A. ; NAVARRO, Italmar Teodorico ; MITSUKA-BREGAN\u00d3, REGINA . Molecular diagnosis of the curly lettuce parasitic contamination from hydroponic cultivation from supermarkets?,. REVISTA BRASILEIRA DE PARASITOLOGIA VETERINARIA, v. 29, p. 1-5, 2020.&nbsp;<\/p>\n\n\n\n<p>FERREIRA, F. P. ; FREIRE, Roberta Lemos ; CALDART, ELOIZA TELES ; PASCHOAL, A. T. P. ; ARIAS, G. B. ; LADEIA, W. A. ; BREGAN\u00d3, Regina Mitsuka ; NAVARRO, Italmar Teodorico . Organic horticulture: a current demand, whose proper management is the only guarantee of safe food. Biotemas, v. 32, p. 43-50, 2019.&nbsp;<\/p>\n\n\n\n<p>Livros. Protocolos para investiga\u00e7\u00e3o de Toxoplasma gondii em amostras ambientais e alimentares. Minist\u00e9rio da Sa\u00fade. Bras\u00edlia. 2020.42p.<\/p>\n\n\n\n<p>3) CARACTERIZA\u00c7\u00c3O DOS FATORES DE PRODU\u00c7\u00c3O E SUA INFLU\u00caNCIA NO DESEMPENHO REPRODUTIVO DE MATRIZES SU\u00cdNAS. Aluno: Marco Aur\u00e9lio Callegari. 2019. Orientador: Caio Abercio da Silva. Esta tese constitui um estudo que identificou\/caracterizou em v\u00e1rios aspectos as granjas comercias que t\u00eam unidades reprodutivas (setores de pr\u00e9-gesta\u00e7\u00e3o, gesta\u00e7\u00e3o e lacta\u00e7\u00e3o). O levantamento foi muito amplo, compreendendo v\u00e1rios estados onde o setor est\u00e1 bem estabelecido e compreendeu em torno de 8% do rebanho nacional. Uma importante virtude do trabalho foi o diagn\u00f3stico dos setores, o que abre uma oportunidade para o reconhecimento das demandas a serem pesquisadas. O trabalho rendeu alguns artigos e foi tema de uma palestra em um evento internacional e foi tema de um cap\u00edtulo de livro.<\/p>\n\n\n\n<p><strong>Publica\u00e7\u00f5es associadas a tese:\u00a0<\/strong><\/p>\n\n\n\n<p>PIEROZAN, C. R. ; CALLEGARI, M. A. ; DIAS, C. P. ; DE SOUZA, K. L. ; GASA, J. ; DA SILVA, C. A. . Herd-level factors associated with piglet weight at weaning, kilograms of piglets weaned per sow per year and sow feed conversion. Animal, v. 14, p. 1-10, 2020.<\/p>\n\n\n\n<p>PIEROZAN, C. R. ; CALLEGARI, MARCO A. ; DIAS, C. P. ; SOUZA, K. L. ; GASA, J. ; SILVA, C. A. . Herd-level factors associated with non-productive days and farrowing rate in commercial pig farms in two consecutive years. Livestock Science, v. 1, p. 1-7, 2020.<\/p>\n\n\n\n<p><strong>Cap\u00edtulo de Livro.\u00a0<\/strong><\/p>\n\n\n\n<p>AVALIA\u00c7\u00c3O MULTIFATORIAL DOS \u00cdNDICES REPRODUTIVOS DE GRANJAS BRASILEIRAS.In: Avan\u00e7os em Sanidade Produ\u00e7\u00e3o e Reprodu\u00e7\u00e3o em Su\u00ednos IV. Editora UFRGS. 2019.299p.&nbsp;<\/p>\n\n\n\n<p>COMO AS NORMAS DE BEM-ESTAR ANIMAL PODEM IMPACTAR NA PRODU\u00c7\u00c3O DE SU\u00cdNOS NO BRASIL. In: Avan\u00e7os em Sanidade Produ\u00e7\u00e3o e Reprodu\u00e7\u00e3o em Su\u00ednos III. . Editora UFRGS. 2018. 269p.<\/p>\n\n\n\n<p>4) M\u00c9TODOS DE CULTIVO E CRIOPRESERVA\u00c7\u00c3O DO TECIDO OVARIANO BOVINO. Aluno: CAMILA BIZARRO DA SILVA. 2019. Orientador: Marcelo Marcondes Seneda. Um grande n\u00famero de biotecnologias tem sido desenvolvido para preserva\u00e7\u00e3o da fertilidade humana e animal, principalmente referente ao crescimento e preserva\u00e7\u00e3o folicular. Deste modo, os avan\u00e7os nas biot\u00e9cnicas de cultivo in vitro e criopreserva\u00e7\u00e3o de fol\u00edculos pr\u00e9-antrais s\u00e3o fundamentais para investiga\u00e7\u00e3o da foliculog\u00eanese e no aporte do tratamento de doen\u00e7as reprodutivas. O objetivo deste trabalho foi desenvolver uma estrat\u00e9gia vi\u00e1vel de cultivo in vitro de fol\u00edculos pr\u00e9-antrais e um protocolo eficiente de criopreserva\u00e7\u00e3o de tecido ovariano de f\u00eameas bovinas para incrementar a efici\u00eancia reprodutiva, atrav\u00e9s da: I) Avalia\u00e7\u00e3o do efeito de diferentes m\u00e9todos de cultivo in vitro e II) Determina\u00e7\u00e3o da melhor concentra\u00e7\u00e3o de dimetilsulf\u00f3xido (DMSO) ao protocolo de vitrifica\u00e7\u00e3o do tecido ovariano de bovinos. No experimento I, os fragmentos foram cultivados in vitro e distribu\u00eddos aleatoriamente em quatro grupos: i) cultivo padr\u00e3o, diretamente em placa de cultivo (2D), ii) cultivo suporte, sobre uma monocamada de gel de agarose (2D); iii) cultivo imerso, sobre gel de agarose imerso no meio (2D) e; iv) cultivo Millicell-Biopore (3D). Os dados foram submetidos aos testes de ANOVA (p\u22640,05). Foram avaliados 1330 fol\u00edculos pr\u00e9-antrais na an\u00e1lise morfol\u00f3gica. Os fragmentos cultivados sobre o suporte de gel de agarose apresentaram uma maior propor\u00e7\u00e3o de fol\u00edculos \u00edntegros (75,3%; 113\/150) em compara\u00e7\u00e3o aos demais grupos (p&lt;0,05) aos seis dias de cultivo, enquanto aos quatorze dias, os cultivos padr\u00e3o, suporte e imerso possibilitaram um maior percentual de fol\u00edculos morfologicamente \u00edntegros: 54,7% (82\/150), 58% (87\/150) e 54.7% (82\/150), respectivamente, quando em compara\u00e7\u00e3o ao cultivo Millicell (35,3%; 53\/150; p&gt;0,05). Os n\u00edveis de esp\u00e9cies reativas de oxig\u00eanio (EROs) e capacidade antioxidante das amostras cultivadas pelos quatro m\u00e9todos apresentaram redu\u00e7\u00e3o dos n\u00edveis de \u00e2nion super\u00f3xido e da capacidade antioxidante quando comparadas ao grupo controle n\u00e3o cultivado. Para o experimento II o c\u00f3rtex ovariano foi fragmentado e dividido em um tratamento controle (n\u00e3o vitrificado) e tr\u00eas grupos vitrificados: I) 1M de DMSO; II) 1,5M de DMSO e III) 3M de DMSO. Os fragmentos ovarianos ficaram vitrificados durante 7 dias e posteriormente analisados por histologia, presen\u00e7a de esp\u00e9cie reativas de oxig\u00eanio e reativa\u00e7\u00e3o e crescimento folicular (cultivo in vitro). Imediatamente ap\u00f3s a vitrifica\u00e7\u00e3o\/aquecimento, os fragmentos ovarianos criopreservados em 1M, 1,5M e 3M de DMSO mostraram porcentagens semelhantes (p&gt;0,05) de fol\u00edculos \u00edntegros. Entretanto, apenas a concentra\u00e7\u00e3o de 3M de DMSO diferiu do controle n\u00e3o vitrificado (33,9% e 81,3%, respectivamente; p&lt;0,05). A an\u00e1lise de radicais livres e a capacidade antioxidante demonstrou a concentra\u00e7\u00e3o de 3M de DMSO apresentou maior concentra\u00e7\u00e3o de EROs quando comparada a demais concentra\u00e7\u00f5es de DMSO (p&lt;0,05). Ap\u00f3s o cultivo in vitro dos fragmentos vitrificados\/aquecidos a concentra\u00e7\u00e3o de 1M de DMSO apresentou maiores porcentagens de fol\u00edculos morfologicamente \u00edntegros que as demais contra\u00e7\u00f5es (47,7%; p&lt;0,05). Em conclus\u00e3o, o cultivo suporte proporcionou a manuten\u00e7\u00e3o da integridade morfol\u00f3gica, maiores di\u00e2metros e capacidade antioxidante dos fol\u00edculos pr\u00e9-antrais. Ainda, podemos sugerir que os fol\u00edculos pr\u00e9-antrais bovinos podem ser criopreservados in situ com maior efici\u00eancia em 1M de DMSO.<\/p>\n\n\n\n<p><strong>Publica\u00e7\u00f5es associadas a tese:\u00a0<\/strong><\/p>\n\n\n\n<p>COSTA, CAMILA BORTOLIERO ; LUNARDELLI, PAULA ALVARES ; BIZARRO-SILVA, CAMILA ; FONTES, PATRICIA KUBO ; NOGUEIRA, MARCELO F\u00c1BIO GOUVEIA ; SENEDA, MARCELO MARCONDES . Influence of forskolin supplementation on embryos produced in vitro. Livestock Science, v. 221, p. 15-18, 2019.<\/p>\n\n\n\n<p>SOUZA, A. C. C. ; COSTA, C. B. ; SILVA, C. B. ; BERGAMO, L. Z. ; MOROTTI, F. ; SENEDA, M. M. . Influ\u00eancia da contagem de fol\u00edculos antrais na produ\u00e7\u00e3o in vitro de embri\u00f5es bovinos de doadoras Bos indicus e Bos taurus ? Revis\u00e3o de literatura. REVISTA BRASILEIRA DE RERPRODU\u00c7\u00c3O ANIMAL, v. 43, p. 13-17, 2019.<\/p>\n\n\n\n<p>ZACHEO, P. B. ; ROSSI, E. S. ; SILVA, A. L. C. ; CEREZETTI, M. B. ; ULIANO, T. ; SILVA, CB ; ATIQUE NETO, H. ; GONZALEZ, S. M. . Correla\u00e7\u00e3o da contagem de fol\u00edculos antrais com a produ\u00e7\u00e3o in vitro de embri\u00f5es em diferentes ra\u00e7as bovinas. REVISTA ELETR\u00d4NICA DE PESQUISA DA UNIRP &#8211; UNIVERSITAS, v. 9, p. 74-89, 2019.<\/p>\n\n\n\n<p><strong>Cap\u00edtulo de livro:<\/strong><\/p>\n\n\n\n<p>A EVOLU\u00c7\u00c3O DA BIOTECNOLOGIA DA REPRODU\u00c7\u00c3O NO GADO LEITEIRO. In: Evolu\u00e7\u00e3o da pesquisa em pecu\u00e1ria leiteira. Embrapa. 2017. 78p.<\/p>\n\n\n\n<p><strong>PRODU\u00c7\u00c3O INTELECTUAL DE DISCENTES E EGRESSOS.<\/strong><\/p>\n\n\n\n<p>O PPG-CA optou por destacar as publica\u00e7\u00f5es segundo obtidas no \u201cdatabase\u201d Dimensions (https:\/\/www.dimensions.ai\/why-dimensions\/ dados obtidos em 12\/04\/2021 as 19:09hs), o qual apresenta os seguintes dados: 1) Publica\u00e7\u00f5es: \u00e9 o n\u00famero de publica\u00e7\u00f5es relacionadas \u00e0 pesquisa no banco de dados Dimensions. 2) Cita\u00e7\u00f5es: \u00e9 o n\u00famero de vezes que uma publica\u00e7\u00e3o foi citada por outras publica\u00e7\u00f5es na base de dados. As publica\u00e7\u00f5es de cita\u00e7\u00e3o podem ser de qualquer tipo de publica\u00e7\u00e3o, como artigos, cap\u00edtulos, preprints ou monografias. 3) Publica\u00e7\u00f5es com cita\u00e7\u00f5es: \u00e9 o n\u00famero de publica\u00e7\u00f5es com pelo menos x cita\u00e7\u00f5es ou publica\u00e7\u00f5es que ainda n\u00e3o foram citadas. 4) Taxa de cita\u00e7\u00e3o de campo (Field Citation Ratio): (FCR) indica o desempenho relativo de cita\u00e7\u00e3o de uma publica\u00e7\u00e3o quando comparado a artigos com idades semelhantes em sua \u00e1rea de assunto. Um valor de mais de 1,0-1,5 indica cita\u00e7\u00e3o superior \u00e0 m\u00e9dia, quando definido pelo c\u00f3digo do assunto FoR e o ano de publica\u00e7\u00e3o. O FCR \u00e9 calculado para todas as publica\u00e7\u00f5es em Dimensions com pelo menos 2 anos de idade e publicadas em 2000 ou posteriormente. 5) Taxa de cita\u00e7\u00e3o relativa (Relative Citation Ratio, RCR): indica o desempenho relativo de cita\u00e7\u00e3o de uma publica\u00e7\u00e3o ao comparar sua taxa de cita\u00e7\u00e3o com a de outras publica\u00e7\u00f5es em sua \u00e1rea de pesquisa. Um valor de mais de 1,0 mostra uma taxa de cita\u00e7\u00e3o acima da m\u00e9dia. A \u00e1rea de pesquisa do artigo \u00e9 definida pelos artigos que foram citados ao lado dele. O RCR \u00e9 calculado para todas as publica\u00e7\u00f5es PubMed com pelo menos 2 anos. 6) Cita\u00e7\u00f5es recentes: o valor das cita\u00e7\u00f5es recentes \u00e9 o n\u00famero de cita\u00e7\u00f5es que foram recebidas nos \u00faltimos dois anos. \u00c9 reiniciado no in\u00edcio de cada ano civil. 7) Pontua\u00e7\u00e3o Altm\u00e9trica de Aten\u00e7\u00e3o (Altmetric Attention Score): \u00e9 uma contagem ponderada de toda a aten\u00e7\u00e3o online que a Altim\u00e9trica encontrou para uma pesquisa individual. Isso inclui men\u00e7\u00f5es em documentos de pol\u00edticas p\u00fablicas e refer\u00eancias na Wikipedia, not\u00edcias convencionais, redes sociais, blogs e muito mais. 8) Publica\u00e7\u00f5es com aten\u00e7\u00e3o: \u00e9 o n\u00famero de publica\u00e7\u00f5es com aten\u00e7\u00e3o Altm\u00e9trica. Essas informa\u00e7\u00f5es vem sendo cada vez mais utilizadas por revistas cient\u00edficas como indicadores de produtividade, e ORCID. Al\u00e9m desses dados, levamos em considera\u00e7\u00e3o o fator de impacto da revista, bem como, a relev\u00e2ncia para o PPG-CA. A seguir destacamos as cinco principais produ\u00e7\u00f5es bibliogr\u00e1ficas com participa\u00e7\u00e3o de egresso e discente no quadri\u00eanio:<\/p>\n\n\n\n<p>1) Pereira GQ (Egresso), Gomes LA, Santos IS (Discente), Alfieri AF, Weese JS, Costa MC. Fecal microbiota transplantation in puppies with canine parvovirus infection. J Vet Intern Med. 2018 Mar;32(2):707-711. doi: 10.1111\/jvim.15072. Epub 2018 Feb 20. PMID: 29460302; PMCID: PMC5867004.&nbsp;<\/p>\n\n\n\n<p>Fator de impacto: 2,194; esse artigo recebeu 27 cita\u00e7\u00f5es, 25 cita\u00e7\u00f5es recentes, FCR=15, RCR=2,99, dados Altim\u00e9tricos: Blogs: 1, Twitter: 7, Facebook: 4, Mendeley: 226 cita\u00e7\u00f5es.&nbsp;&nbsp;<\/p>\n\n\n\n<p>2) Zulpo DL (Egresso), Sammi AS(Discente), Dos Santos JR, Sasse JP(Discente), Martins TA(Discente), Minutti AF(Discente), Cardim ST(Discente), de Barros LD (Egresso), Navarro IT, Garcia JL. Toxoplasma gondii: A study of oocyst re-shedding in domestic cats. Vet Parasitol. 2018 Jan 15;249:17-20. doi: 10.1016\/j.vetpar.2017.10.021. Epub 2017 Oct 31. PMID: 29279081.&nbsp;<\/p>\n\n\n\n<p>Fator de impacto: 2,157; esse artigo recebeu 28 cita\u00e7\u00f5es, 25 cita\u00e7\u00f5es recentes, FCR=7,48, RCR=4,93, dados Altim\u00e9tricos: Blogs: 1, Twitter: 2, Facebook: 2, Mendeley: 85 cita\u00e7\u00f5es.<\/p>\n\n\n\n<p>3) Toledo RD (Egresso), Martins FD(Discente), Ferreira FP(Discente), de Almeida JC (Egresso), Ogawa L(Egresso), Dos Santos HL, Dos Santos MM, Pinheiro FA, Navarro IT, Garcia JL, Freire RL. Cryptosporidium spp. and Giardia spp. in feces and water and the associated exposure factors on dairy farms. PLoS One. 2017 Apr 12;12(4):e0175311. doi: 10.1371\/journal.pone.0175311. PMID: 28403147; PMCID: PMC5389815.<\/p>\n\n\n\n<p>Fator de impacto: 2,74; esse artigo recebeu um total de 15 cita\u00e7\u00f5es, 11 cita\u00e7\u00f5es recentes, FCR=2,57, RCR=1,87.&nbsp;<\/p>\n\n\n\n<p>4) Benitez ADN(Egresso), Martins FDC(Discente), Mareze M(Discente), Santos NJR, Ferreira FP(Discente), Martins CM, Garcia JL, Mitsuka-Bregan\u00f3 R, Freire RL, Biondo AW, Navarro IT. Spatial and simultaneous representative seroprevalence of anti-Toxoplasma gondii antibodies in owners and their domiciled dogs in a major city of southern Brazil. PLoS One. 2017 Jul 21;12(7):e0180906. doi: 10.1371\/journal.pone.0180906. PMC5521765.Fator de impacto: 2,74; esse artigo recebeu um total de 12 cita\u00e7\u00f5es, 10 cita\u00e7\u00f5es recentes, FCR=2,44, RCR=2,13.&nbsp;<\/p>\n\n\n\n<p>5) Silva CA, Callegari MA (Egresso), Dias CP, Bridi AM, Pierozan CR (Egresso), Foppa L(Discente), Martins CCDS, Dias FTF, Passos A, Bernardes, R(Discente). Increasing doses of phytase from Citrobacter braakii in diets with reduced inorganic phosphorus and calcium improve growth performance and lean meat of growing and finishing pigs. PLoS One. 2019 May 24;14(5):e0217490. doi: 10.1371\/journal.pone.0217490. PMID: 31125379; PMCID: PMC6534334.<\/p>\n\n\n\n<p>Fator de impacto: 2,74; esse artigo recebeu um total de 5 cita\u00e7\u00f5es, 5 cita\u00e7\u00f5es recentes, FCR=2,5, RCR=1,07.<\/p>\n","protected":false},"excerpt":{"rendered":"<p>PUBLICA\u00c7\u00d5ES ASSOCIADAS A TESES:&nbsp; LEME, RAQUEL ARRUDA ; MIYABE, FLAVIA MEGUMI ; DALL AGNOL, ALAIS MARIA ; Alfieri, Alice Fernandes ; Alfieri, Amauri Alcindo . Seneca Valley virus RNA detection in pig feed and feed ingredients in Brazil. Transboundary and Emerging Diseases, v. 66, p. 1449-1453, 2019. LEME, RAQUEL ARRUDA ; MIYABE, FLAVIA MEGUMI ; [&hellip;]<\/p>\n","protected":false},"author":1,"featured_media":0,"parent":0,"menu_order":0,"comment_status":"closed","ping_status":"closed","template":"","meta":{"_acf_changed":false,"footnotes":""},"class_list":["post-81","page","type-page","status-publish","hentry"],"acf":[],"_links":{"self":[{"href":"https:\/\/pos.uel.br\/cienciaanimal\/wp-json\/wp\/v2\/pages\/81","targetHints":{"allow":["GET"]}}],"collection":[{"href":"https:\/\/pos.uel.br\/cienciaanimal\/wp-json\/wp\/v2\/pages"}],"about":[{"href":"https:\/\/pos.uel.br\/cienciaanimal\/wp-json\/wp\/v2\/types\/page"}],"author":[{"embeddable":true,"href":"https:\/\/pos.uel.br\/cienciaanimal\/wp-json\/wp\/v2\/users\/1"}],"replies":[{"embeddable":true,"href":"https:\/\/pos.uel.br\/cienciaanimal\/wp-json\/wp\/v2\/comments?post=81"}],"version-history":[{"count":3,"href":"https:\/\/pos.uel.br\/cienciaanimal\/wp-json\/wp\/v2\/pages\/81\/revisions"}],"predecessor-version":[{"id":1000,"href":"https:\/\/pos.uel.br\/cienciaanimal\/wp-json\/wp\/v2\/pages\/81\/revisions\/1000"}],"wp:attachment":[{"href":"https:\/\/pos.uel.br\/cienciaanimal\/wp-json\/wp\/v2\/media?parent=81"}],"curies":[{"name":"wp","href":"https:\/\/api.w.org\/{rel}","templated":true}]}}