{"id":8,"date":"2021-04-26T21:00:04","date_gmt":"2021-04-27T00:00:04","guid":{"rendered":"https:\/\/pos.uel.br\/cienciaanimal\/?page_id=8"},"modified":"2023-03-30T10:27:57","modified_gmt":"2023-03-30T13:27:57","slug":"historico","status":"publish","type":"page","link":"https:\/\/pos.uel.br\/cienciaanimal\/historico\/","title":{"rendered":"Hist\u00f3rico"},"content":{"rendered":"\n<p>A p\u00f3s-gradua\u00e7\u00e3o <em>lato sensu<\/em> em Sanidade Animal, ap\u00f3s cinco ano de oferta, resultou na modalidade stricto sensu na Medicina Veterin\u00e1ria da UEL. Tal consolida\u00e7\u00e3o ocorreu devido a maturidade do grupo de docentes vinculados ao curso. Em 1991, foi enviado \u00e0 Coordena\u00e7\u00e3o de Aperfei\u00e7oamento de Pessoal de N\u00edvel Superior &#8211; CAPES uma proposta de curso de mestrado em Sanidade Animal. Ap\u00f3s aprova\u00e7\u00e3o, a primeira turma teve in\u00edcio em 1992. Desde ent\u00e3o, ao longo dos anos, o curso sofreu algumas readequa\u00e7\u00f5es, particularmente com o objetivo de acomodar novos docentes, novas linhas de pesquisa, nova \u00e1rea de concentra\u00e7\u00e3o e, principalmente, as novas realidades do mercado de trabalho e de inser\u00e7\u00e3o dos profissionais da \u00e1rea de ci\u00eancias agr\u00e1rias no contexto de a\u00e7\u00f5es de ensino, pesquisa, desenvolvimento, difus\u00e3o de tecnologia, presta\u00e7\u00e3o de servi\u00e7o, com\u00e9rcio e ind\u00fastria. No ano de 2002, o Programa de P\u00f3s-gradua\u00e7\u00e3o em Ci\u00eancia Animal da Universidade Estadual de Londrina &#8211; PPG-CA\/UEL, teve a sua maior e principal reestrutura\u00e7\u00e3o. Com a maior maturidade cient\u00edfica e ascens\u00e3o profissional do grupo de docentes respons\u00e1veis pelo curso de mestrado em Sanidade Animal e parceria com os professores vinculados ao Departamento de Zootecnia da UEL foi proposto \u00e0 CAPES a abertura do n\u00edvel de doutorado. Desse modo, a proposta de doutorado foi formatada nos moldes atuais com duas \u00e1reas de concentra\u00e7\u00e3o constitu\u00eddas pelas \u00e1reas de Sanidade Animal e de Produ\u00e7\u00e3o Animal, ressalta-se que j\u00e1 naquela \u00e9poca o PPG-CA tinha vislumbrado a necessidade de uni\u00e3o entre os departamentos para solidificar o PPG. A partir dessa proposta o Programa deixou de estar vinculado a um \u00fanico departamento proponente, o Departamento de Medicina Veterin\u00e1ria Preventiva, mas tamb\u00e9m ao Departamento de Zootecnia. Al\u00e9m da uni\u00e3o dos departamentos, a proposta incluiu na \u00e1rea de concentra\u00e7\u00e3o Sanidade Animal, alguns colegas do Departamento de Cl\u00ednicas Veterin\u00e1rias, que desenvolviam pesquisas com interface na Sanidade Animal. Considerando o grande incremento que obtivemos tanto em termos quantitativos quanto, principalmente, qualitativos com rela\u00e7\u00e3o \u00e0s a\u00e7\u00f5es de pesquisa e desenvolvimento e que contribu\u00edram com a consolida\u00e7\u00e3o do programa essa ainda \u00e9 a nossa formata\u00e7\u00e3o atual. Ap\u00f3s a nossa consolida\u00e7\u00e3o no \u00e2mbito nacional, representada pelo conceito 5 atribu\u00eddo ao Programa por tr\u00eas avalia\u00e7\u00f5es trienais consecutivas, a coordena\u00e7\u00e3o do Programa direcionou esfor\u00e7os no sentido de incrementar a\u00e7\u00f5es com o objetivo de promover a internacionaliza\u00e7\u00e3o do Programa. No tri\u00eanio 2010-2012 o Programa de P\u00f3s-gradua\u00e7\u00e3o em Ci\u00eancia Animal deu o seu maior salto qualitativo. Ap\u00f3s 22 anos de intensos trabalhos de pesquisa, ensino e extens\u00e3o conduzidos no contexto do programa, e principalmente, ap\u00f3s o amadurecimento do corpo docente e efetiva consolida\u00e7\u00e3o de nossas Linhas de Pesquisa e \u00c1reas de Concentra\u00e7\u00e3o tivemos os nossos esfor\u00e7os valorizados pela CAPES. <\/p>\n\n\n\n<p>Nesse tri\u00eanio (2010-2012) alcan\u00e7amos o t\u00e3o almejado reconhecimento de nossas a\u00e7\u00f5es desenvolvidas tanto no \u00e2mbito nacional quanto, principalmente, internacional. Com esse reconhecimento fomos contemplados com o conceito 6. No \u00faltimo quadri\u00eanio de avalia\u00e7\u00e3o (2017-2020) alcan\u00e7amos o conceito 7, o maior conceito CAPES atribu\u00eddo a Programas de P\u00f3s Gradua\u00e7\u00e3o consolidados com forte express\u00e3o nacional e com a\u00e7\u00f5es de pesquisa e interc\u00e2mbio internacional.<\/p>\n\n\n\n<p><strong>O Programa<\/strong><\/p>\n\n\n\n<p>O Programa de P\u00f3s-gradua\u00e7\u00e3o em Ci\u00eancia Animal, nos n\u00edveis de Mestrado e Doutorado, tem como objetivo geral a qualifica\u00e7\u00e3o de recursos humanos na \u00e1rea de Ci\u00eancias Agr\u00e1rias, em especial para o desenvolvimento de pesquisas em Sanidade e Produ\u00e7\u00e3o Animal. O Programa tem como objetivos espec\u00edficos a qualifica\u00e7\u00e3o e a forma\u00e7\u00e3o de profissionais para investiga\u00e7\u00e3o cient\u00edfica e t\u00e9cnica em duas \u00e1reas de concentra\u00e7\u00e3o:<\/p>\n\n\n\n<p><strong>1. \u00c1rea de concentra\u00e7\u00e3o em Sanidade Animal:<\/strong><\/p>\n\n\n\n<p class=\"has-text-align-center\"><strong>Nessa \u00e1rea s\u00e3o abordados, principalmente, os seguintes t\u00f3picos:<\/strong><\/p>\n\n\n\n<ol class=\"wp-block-list\">\n<li>Defesa sanit\u00e1ria animal;<\/li>\n\n\n\n<li>Diagn\u00f3stico, tratamento, controle e profilaxia de doen\u00e7as infecciosas, parasit\u00e1rias, carenciais e metab\u00f3licas de import\u00e2ncia em Medicina Veterin\u00e1ria; <\/li>\n\n\n\n<li>Avalia\u00e7\u00e3o antig\u00eanica e molecular de microrganismos de interesse em Sanidade Animal;<\/li>\n\n\n\n<li>Sa\u00fade P\u00fablica Veterin\u00e1ria, por meio do estudo de zoonoses e do controle da qualidade microbiol\u00f3gica e de res\u00edduos na cadeia de produ\u00e7\u00e3o de alimentos de origem animal.<\/li>\n<\/ol>\n\n\n\n<p><strong>2. \u00c1rea de concentra\u00e7\u00e3o em Produ\u00e7\u00e3o Animal:<\/strong><\/p>\n\n\n\n<p class=\"has-text-align-center\"><strong>Nessa \u00e1rea s\u00e3o abordados, principalmente, os seguintes t\u00f3picos:<\/strong><\/p>\n\n\n\n<ol class=\"wp-block-list\">\n<li>Manejo zoot\u00e9cnico;<\/li>\n\n\n\n<li>Nutri\u00e7\u00e3o animal;<\/li>\n\n\n\n<li>Alimentos e alimenta\u00e7\u00e3o;<\/li>\n\n\n\n<li>Bem-estar animal;<\/li>\n\n\n\n<li> Biot\u00e9cnicas da reprodu\u00e7\u00e3o aplicadas \u00e0s principais esp\u00e9cies animais de interesse econ\u00f4mico.<\/li>\n<\/ol>\n\n\n\n<p>A proposta do Programa \u00e9 oferecer ao mercado de trabalho profissionais qualificados para atuarem em institui\u00e7\u00f5es p\u00fablicas e privadas de ensino, pesquisa e desenvolvimento, e nos campos da defesa sanit\u00e1ria animal, sa\u00fade p\u00fablica veterin\u00e1ria, produ\u00e7\u00e3o e reprodu\u00e7\u00e3o animal. Para isto o p\u00f3s-graduando, por meio de uma grade curricular, de trabalhos pr\u00e1ticos desenvolvidos em laborat\u00f3rios e no campo e de atividades extra-curriculares, ter\u00e1 a oportunidade de exercitar o esp\u00edrito cr\u00edtico e criativo em busca do conhecimento e solu\u00e7\u00e3o de problemas.<\/p>\n\n\n\n<p>O Programa de P\u00f3s-Gradua\u00e7\u00e3o em Ci\u00eancia Animal proporciona que tr\u00eas departamentos: <strong>1. Medicina Veterin\u00e1ria Preventiva<\/strong>; <strong>2. Zootecnia<\/strong>; e <strong>3. Cl\u00ednicas Veterin\u00e1rias<\/strong>, vinculados aos cursos de gradua\u00e7\u00e3o em Medicina Veterin\u00e1ria e em Zootecnia da UEL, desenvolvam as atividades integradas de ensino de p\u00f3s-gradua\u00e7\u00e3o vinculados a um \u00fanico Programa. Atualmente est\u00e3o sendo desenvolvidos projetos de pesquisas, disserta\u00e7\u00f5es e teses envolvendo, simultaneamente, as duas grandes \u00e1reas de concentra\u00e7\u00e3o do Programa em projetos com caracter\u00edstica muldisciplinar e com interface nessas \u00c1reas de Concentra\u00e7\u00e3o. Essa conduta, sem d\u00favida, traz vantagens com rela\u00e7\u00e3o ao amadurecimento cient\u00edfico e tecnol\u00f3gico do corpo docente do Programa e, principalmente, aos nossos p\u00f3s-graduandos que ter\u00e3o a oportunidade de discutir problemas e solu\u00e7\u00f5es relativos \u00e0 Ci\u00eancia Veterin\u00e1ria de uma forma mais integrada e global.<\/p>\n\n\n\n<p>A proposta de implanta\u00e7\u00e3o do n\u00edvel de doutorado nas \u00e1reas de concentra\u00e7\u00e3o Sanidade Animal (2001) e Produ\u00e7\u00e3o Animal (2002) deveu-se, em particular, ao amadurecimento do grupo proponente que nesses 20 anos cresceu consideravelmente, tanto em termos quantitativos quanto, principalmente, qualitativos. O n\u00edvel de doutorado possibilitou o incremento cient\u00edfico e tecnol\u00f3gico nas atividades de pesquisa, ratificando a consolida\u00e7\u00e3o dos grupos de pesquisas vinculados ao Programa. Com a implanta\u00e7\u00e3o do n\u00edvel de doutorado est\u00e3o sendo desenvolvidos projetos de pesquisas mais abrangentes e com maior n\u00edvel tecnol\u00f3gico considerando, particularmente, tanto a experi\u00eancia dos alunos no desenvolvimento de pesquisas quanto dos orientadores, uma vez que j\u00e1 passaram pela experi\u00eancia de orienta\u00e7\u00e3o no n\u00edvel de mestrado.<\/p>\n\n\n\n<div style=\"height:56px\" aria-hidden=\"true\" class=\"wp-block-spacer\"><\/div>\n\n\n\n<figure class=\"wp-block-image size-large is-resized\"><img loading=\"lazy\" decoding=\"async\" src=\"https:\/\/pos.uel.br\/cienciaanimal\/wp-content\/uploads\/2023\/03\/historico-1024x680.jpg\" alt=\"\" class=\"wp-image-635\" width=\"1240\" height=\"824\" srcset=\"https:\/\/pos.uel.br\/cienciaanimal\/wp-content\/uploads\/2023\/03\/historico-1024x680.jpg 1024w, https:\/\/pos.uel.br\/cienciaanimal\/wp-content\/uploads\/2023\/03\/historico-300x199.jpg 300w, https:\/\/pos.uel.br\/cienciaanimal\/wp-content\/uploads\/2023\/03\/historico-768x510.jpg 768w, https:\/\/pos.uel.br\/cienciaanimal\/wp-content\/uploads\/2023\/03\/historico.jpg 1240w\" sizes=\"auto, (max-width: 1240px) 100vw, 1240px\" \/><\/figure>\n\n\n\n<p><\/p>\n","protected":false},"excerpt":{"rendered":"<p>A p\u00f3s-gradua\u00e7\u00e3o lato sensu em Sanidade Animal, ap\u00f3s cinco ano de oferta, resultou na modalidade stricto sensu na Medicina Veterin\u00e1ria da UEL. Tal consolida\u00e7\u00e3o ocorreu devido a maturidade do grupo de docentes vinculados ao curso. Em 1991, foi enviado \u00e0 Coordena\u00e7\u00e3o de Aperfei\u00e7oamento de Pessoal de N\u00edvel Superior &#8211; CAPES uma proposta de curso de [&hellip;]<\/p>\n","protected":false},"author":1,"featured_media":0,"parent":0,"menu_order":0,"comment_status":"closed","ping_status":"closed","template":"","meta":{"_acf_changed":false,"footnotes":""},"class_list":["post-8","page","type-page","status-publish","hentry"],"acf":[],"_links":{"self":[{"href":"https:\/\/pos.uel.br\/cienciaanimal\/wp-json\/wp\/v2\/pages\/8","targetHints":{"allow":["GET"]}}],"collection":[{"href":"https:\/\/pos.uel.br\/cienciaanimal\/wp-json\/wp\/v2\/pages"}],"about":[{"href":"https:\/\/pos.uel.br\/cienciaanimal\/wp-json\/wp\/v2\/types\/page"}],"author":[{"embeddable":true,"href":"https:\/\/pos.uel.br\/cienciaanimal\/wp-json\/wp\/v2\/users\/1"}],"replies":[{"embeddable":true,"href":"https:\/\/pos.uel.br\/cienciaanimal\/wp-json\/wp\/v2\/comments?post=8"}],"version-history":[{"count":13,"href":"https:\/\/pos.uel.br\/cienciaanimal\/wp-json\/wp\/v2\/pages\/8\/revisions"}],"predecessor-version":[{"id":879,"href":"https:\/\/pos.uel.br\/cienciaanimal\/wp-json\/wp\/v2\/pages\/8\/revisions\/879"}],"wp:attachment":[{"href":"https:\/\/pos.uel.br\/cienciaanimal\/wp-json\/wp\/v2\/media?parent=8"}],"curies":[{"name":"wp","href":"https:\/\/api.w.org\/{rel}","templated":true}]}}