{"id":76,"date":"2021-05-16T11:47:31","date_gmt":"2021-05-16T14:47:31","guid":{"rendered":"https:\/\/pos.uel.br\/cienciaanimal\/?page_id=76"},"modified":"2023-06-01T09:22:47","modified_gmt":"2023-06-01T12:22:47","slug":"projetos","status":"publish","type":"page","link":"https:\/\/pos.uel.br\/cienciaanimal\/projetos\/","title":{"rendered":"Projetos &#8211; Ensino, Pesquisa e Extens\u00e3o"},"content":{"rendered":"\n<h3 class=\"wp-block-heading\">Projetos de Pesquisa do Programa (Associados as \u00c1reas e Linhas de Pesquisa)<\/h3>\n\n\n\n<h2 style=\"text-align: center\">Para consultar o andamento dos projetos de pesquisa, <a href=\"https:\/\/www.sistemasweb.uel.br\/index.php?contents=system\/prj\/lin\/index.php\" target=\"_blank\" rel=\"noopener\">clique aqui<\/a><\/h2>\n\n<table width=\"100%\" border=\"1\" cellpadding=\"4\" cellspacing=\"4\">\n  <tbody>\n    <tr>\n      <td colspan=\"2\" align=\"center\" valign=\"middle\" bgcolor=\"#B5EFB0\"><strong id=\"docs-internal-guid-11545bd9-7fff-7ada-6e99-f984fbce16f9\">PROJETOS DE PESQUISA DO PROGRAMA (Associados as \u00c1reas e Linhas de Pesquisa)<\/strong><\/td>\n    <\/tr>\n    <tr>\n      <td colspan=\"2\" valign=\"middle\" bgcolor=\"#B5EFB0\"><strong id=\"docs-internal-guid-e8507732-7fff-2ea1-c8e6-8a19b366b8e2\">PRODU\u00c7\u00c3O ANIMAL<\/strong><\/td>\n    <\/tr>\n    <tr>\n      <td colspan=\"2\" valign=\"middle\" bgcolor=\"#B5EFB0\"><strong id=\"docs-internal-guid-79d2eeab-7fff-504f-0f96-fe007906bbba\">1) Biotecnologia Aplicadas \u00e0 Reprodu\u00e7\u00e3o Animal<\/strong><\/td>\n    <\/tr>\n    <tr>\n      <td width=\"59%\" valign=\"middle\"><strong id=\"docs-internal-guid-805112aa-7fff-9e17-8135-3e0d1c10ff67\">Projeto de Pesquisa<\/strong><\/td>\n      <td width=\"41%\" valign=\"middle\"><strong id=\"docs-internal-guid-9bfda1d7-7fff-e1f4-a6a8-643d1fd5966a\">Coordenador<\/strong><\/td>\n    <\/tr>\n    <tr bgcolor=\"#D4D4D4\">\n      <td valign=\"middle\">AVALIA\u00c7\u00c3O DE DIFERENTES M\u00c9TODOS REPRODUTIVOS EM ANIMAIS<\/td>\n      <td valign=\"middle\">Prof. Marcelo Marcondes Seneda<\/td>\n    <\/tr>\n    <tr>\n      <td valign=\"middle\">BIOT\u00c9CNICAS DA REPRODU\u00c7\u00c3O APLICADAS \u00c0 MEDICINA VETERIN\u00c1RIA DE PEQUENOS ANIMAIS E \u00c0 MEDICINA CONSERVACIONAL<\/td>\n      <td valign=\"middle\"> <p>Profa. Maria Isabel Mello Martins<\/p><\/td>\n    <\/tr>\n    <tr bgcolor=\"#D4D4D4\">\n      <td valign=\"middle\">EPIGEN\u00c9TICA APLICADA A FOLICULOGENESE<\/td>\n      <td valign=\"middle\">Prof. Marcelo Marcondes Seneda<\/td>\n    <\/tr>\n    <tr bgcolor=\"#B5EFB0\">\n      <td colspan=\"2\" valign=\"middle\"><strong>2) Cria\u00e7\u00e3o de Animais<\/strong><\/td>\n    <\/tr>\n    <tr>\n      <td valign=\"middle\"><strong id=\"docs-internal-guid-805112aa-7fff-9e17-8135-3e0d1c10ff\">Projeto de Pesquisa<\/strong><\/td>\n      <td valign=\"middle\"><strong id=\"docs-internal-guid-9bfda1d7-7fff-e1f4-a6a8-643d1fd5966a2\">Coordenador<\/strong><\/td>\n    <\/tr>\n    <tr bgcolor=\"#D4D4D4\">\n      <td valign=\"middle\">A\u00c7\u00d5ES NUTRICIONAIS E DE MANEJO QUE INFLUENCIAM O DESEMPENHO ZOOT\u00c9CNICO, AS CARACTER\u00cdSTICAS DE CARCA\u00c7A E A QUALIDADE DA CARNE EM MONOG\u00c1STRICOS<\/td>\n      <td valign=\"middle\">Prof. Caio Ab\u00e9rcio da Silva<\/td>\n    <\/tr>\n    <tr>\n      <td valign=\"middle\">AN\u00c1LISES QUANTITATIVAS E QUALITATIVAS EM CARCA\u00c7AS DE ANIMAIS RUMINANTES E MONOG\u00c1STRICOS CRIADOS EM SISTEMAS DE MANEJO EXTENSIVO E INTENSIVO<\/td>\n      <td valign=\"middle\">Profa. Ana Maria Bridi<\/td>\n    <\/tr>\n    <tr bgcolor=\"#D4D4D4\">\n      <td valign=\"middle\">AQUICULTURA: M\u00c9TODOS PARA OTIMIZA\u00c7\u00c3O DA PRODU\u00c7\u00c3O<\/td>\n      <td valign=\"middle\">Prof. Nelson Mauricio Lopera Barrero<\/td>\n    <\/tr>\n    <tr>\n      <td valign=\"middle\">EM-ESTAR ANIMAL<\/td>\n      <td valign=\"middle\">Prof. Caio Ab\u00e9rcio da Silva<\/td>\n    <\/tr>\n    <tr bgcolor=\"#B5EFB0\">\n      <td colspan=\"2\" valign=\"middle\"><strong id=\"docs-internal-guid-c17a1198-7fff-c849-30a9-447f5fc3d299\">3)Nutri\u00e7\u00e3o e Alimento Animal<\/strong><\/td>\n    <\/tr>\n    <tr>\n      <td valign=\"middle\"><strong id=\"docs-internal-guid-66e39406-7fff-1273-8e61-f816e46380f2\">Projeto de Pesquisa<\/strong><\/td>\n      <td valign=\"middle\"><strong id=\"docs-internal-guid-157e6674-7fff-4aad-a132-ccb43b977890\">Coordenador<\/strong><\/td>\n    <\/tr>\n    <tr bgcolor=\"#D4D4D4\">\n      <td valign=\"middle\">OTIMIZA\u00c7\u00c3O DO POTENCIAL PRODUTIVO DO SU\u00cdNO MODERNO DESTINADO AO ABATE, E PROMO\u00c7\u00c3O DAS CARACTER\u00cdSTICAS DE CARCA\u00c7A E DE QUALIDADE DA CARNE<\/td>\n      <td valign=\"middle\">Prof. Caio Ab\u00e9rcio da Silva<\/td>\n    <\/tr>\n    <tr>\n      <td valign=\"middle\">POTENCIAL PRODUTIVO DE OVINOS COM O USO DE PRODUTOS E CO-PRODUTOS DE ORIGEM ANIMAL E VEGETAL<\/td>\n      <td valign=\"middle\">Prof. Edson Luis Azambuja Ribeiro<\/td>\n    <\/tr>\n    <tr bgcolor=\"#B5EFB0\">\n      <td colspan=\"2\" valign=\"middle\"><strong>SANIDADE ANIMAL<\/strong><\/td>\n    <\/tr>\n    <tr bgcolor=\"#B5EFB0\">\n      <td colspan=\"2\" valign=\"middle\"><strong id=\"docs-internal-guid-7f6dfc7e-7fff-3f01-75c2-cab4bc572a6e\">1) Caracteriza\u00e7\u00e3o Antig\u00eanica e Molecular de Pat\u00f3genos de Animais<\/strong><\/td>\n    <\/tr>\n    <tr>\n      <td valign=\"middle\"><strong id=\"docs-internal-guid-eb45d8bb-7fff-7da9-5ca1-fd73b7269285\">Projeto de Pesquisa<\/strong><\/td>\n      <td valign=\"middle\"><strong id=\"docs-internal-guid-9cb302da-7fff-96a1-5286-0a87dc8914fe\">Coordenador<\/strong><\/td>\n    <\/tr>\n    <tr bgcolor=\"#D4D4D4\">\n      <td valign=\"middle\">DIAGN\u00d3STICO E EPIDEMIOLOGIA DA PAPILOMATOSE ANIMAL E DESENVOLVIMENTO DE M\u00c9TODOS DE CONTROLE POR MEIO DA PRODU\u00c7\u00c3O DE VACINAS VLPS PARA PROFILAXIA E TRATAMENTO DA INFEC\u00c7\u00c3O PELO PAPILOMAV\u00cdRUS BOVINO EM BOVINOS DE CORTE E LEITE<\/td>\n      <td valign=\"middle\">Profa. Alice Fernandes Alfieri<\/td>\n    <\/tr>\n    <tr>\n      <td valign=\"middle\">EPIDEMIOLOGIA MOLECULAR DE VIROSES ENT\u00c9RICAS EM ANIMAIS DE PRODU\u00c7\u00c3O<\/td>\n      <td valign=\"middle\">Prof. Amauri A. Alfieri<\/td>\n    <\/tr>\n    <tr bgcolor=\"#D4D4D4\">\n      <td valign=\"middle\">ESTUDO DE PROTOZO\u00c1RIOS DE INTERESSE M\u00c9DICO VETERIN\u00c1RIO<\/td>\n      <td valign=\"middle\">Prof. Jo\u00e3o Luis Garcia<\/td>\n    <\/tr>\n    <tr>\n      <td valign=\"middle\">ESTUDOS \u00d4MICOS DE PAT\u00d3GENOS BACTERIANOS DE IMPORT NCIA NOS ANIMAIS DE PRODU\u00c7\u00c3O, DESENVOLVIMENTO DE ESTRAT\u00c9GIAS INOVADORAS DE DIAGN\u00d3STICO, E ESTUDOS DE EFIC\u00c1CIA DE VACINAS E PR\u00c9\/PR\u00d3BI\u00d3TICOS<\/td>\n      <td valign=\"middle\">Prof. Ulisses de P\u00e1dua Pereira<\/td>\n    <\/tr>\n    <tr bgcolor=\"#D4D4D4\">\n      <td valign=\"middle\">PROTOZO\u00c1RIOS, MEIO AMBIENTE, SA\u00daDE ANIMAL E HUMANA: INTERA\u00c7\u00c3O NA SA\u00daDE \u00daNICA<\/td>\n      <td valign=\"middle\">Profa. Roberta Lemos Freire<\/td>\n    <\/tr>\n    <tr bgcolor=\"#B5EFB0\">\n      <td colspan=\"2\" valign=\"middle\"><strong id=\"docs-internal-guid-8f24d8c9-7fff-7e08-ecae-59d870fe2181\">2) Controle de Qualidade na Cadeia de Produ\u00e7\u00e3o de Alimentos e Sa\u00fade <\/strong><\/td>\n    <\/tr>\n    <tr>\n      <td valign=\"middle\"><strong id=\"docs-internal-guid-14394195-7fff-b2de-38ad-3df1ec4bc751\">Projeto de Pesquisa<\/strong><\/td>\n      <td valign=\"middle\"><strong id=\"docs-internal-guid-c2f3412c-7fff-d4ea-363f-9c199d09b8b7\">Coordenador<\/strong><\/td>\n    <\/tr>\n    <tr>\n      <td valign=\"middle\"> CENTRO AVAN\u00c7ADO DE PESQUISA EM TOXOPLASMOSE HUMANA E ANIMAL <\/td>\n      <td valign=\"middle\">Prof. Italmar Teodorico Navarro<\/td>\n    <\/tr>\n    <tr bgcolor=\"#D4D4D4\">\n      <td valign=\"middle\">IMPLANTA\u00c7\u00c3O DO PROGRAMA DE VIGIL NCIA EM SA\u00daDE DA TOXOPLASMOSE CONG\u00caNITAS EM GESTANTES, ATENDIDAS PELO SISTEMA \u00daNICO DE SA\u00daDE NO ESTADO DO PARAN\u00c1.<\/td>\n      <td valign=\"middle\">Prof. Italmar Teodorico Navarro<\/td>\n    <\/tr>\n    <tr>\n      <td valign=\"middle\">MICOTOXINAS: ASPECTOS EPIDEMIOL\u00d3GICOS, TOXICOL\u00d3GICOS E REGULADORES<\/td>\n      <td valign=\"middle\">Profa. Ana Paula Frederico R.L. Bracarense<\/td>\n    <\/tr>\n    <tr bgcolor=\"#D4D4D4\">\n      <td valign=\"middle\">MONITORAMENTO EM LEITE E DERIVADOS, PRODUZIDOS E CONSUMIDOS PELA POPULA\u00c7\u00c3O DO ESTADO DO PARAN\u00c1, QUANTO A QUALIDADE F\u00cdSICO-QU\u00cdMICA, MICROBIOL\u00d3GICA, PRESEN\u00c7A DE INSETICIDAS E DE AFLATOXINA.<\/td>\n      <td valign=\"middle\">Profa. Vanerli Beloti<\/td>\n    <\/tr>\n    <tr>\n      <td valign=\"middle\">RATOS URBANOS: O PAPEL DESTES SINANTROPICOS COMO FONTE DE INFEC\u00c7\u00c3O \u00c0 POPULA\u00c7\u00c3O HUMANA E ANIMAL<\/td>\n      <td valign=\"middle\">Profa. Roberta Lemos Freire<\/td>\n    <\/tr>\n    <tr bgcolor=\"#B5EFB0\">\n      <td colspan=\"2\" valign=\"middle\"><strong id=\"docs-internal-guid-1f06bce0-7fff-3ce5-7890-f436077d33c8\">3) Diagn\u00f3stico, Epidemiologia e Controle de Doen\u00e7as de Import\u00e2ncia em Sanidade Animal<\/strong><\/td>\n    <\/tr>\n    <tr>\n      <td valign=\"middle\"><strong id=\"docs-internal-guid-1a5fc07f-7fff-8451-6095-ad4a64c11e28\">Projeto de Pesquisa<\/strong><\/td>\n      <td valign=\"middle\"><strong id=\"docs-internal-guid-dbd45e06-7fff-9a69-e925-9056b1c4973b\">Coordenador<\/strong><\/td>\n    <\/tr>\n    <tr>\n      <td valign=\"middle\">CADEIA PRODUTIVA DO LEITE: A EPIGEN\u00c9TICA E A SANIDADE COMO INSTRUMENTOS PARA A OTIMIZA\u00c7\u00c3O DA PRODU\u00c7\u00c3O IN VITRO DE EMBRI\u00d5ES BOVINOS E OVINOS E O INCREMENTO SUSTENT\u00c1VEL DA PRODU\u00c7\u00c3O DE LEITE EM CONDI\u00c7\u00d5ES TROPICAIS<\/td>\n      <td valign=\"middle\">Prof. Amauri A. Alfieri<\/td>\n    <\/tr>\n    <tr bgcolor=\"#D4D4D4\">\n      <td valign=\"middle\">CLASSIFICA\u00c7\u00c3O HISTOL\u00d3GICA E IMUNOISTOQU\u00cdMICA DE NEOPLASIAS DE ANIMAIS DOM\u00c9STICOS.<\/td>\n      <td valign=\"middle\">Profa Ana Paula Frederico R.L. Bracarense<\/td>\n    <\/tr>\n    <tr>\n      <td valign=\"middle\">DIAGN\u00d3STICO, EPIDEMIOLOGIA E CONTROLE DOS PRINCIPAIS DIST\u00daRBIOS DA REPRODU\u00c7\u00c3O DE ETIOLOGIA VIRAL, BACTERIANA E PARASIT\u00c1RIA EM RUMINANTES DE CORTE E LEITEIROS.<\/td>\n      <td valign=\"middle\">Prof. Amauri A. Alfieri<\/td>\n    <\/tr>\n    <tr bgcolor=\"#D4D4D4\">\n      <td valign=\"middle\">DIAGN\u00d3STICO IMUNO-HISTOQU\u00cdMICO E CARACTERIZA\u00c7\u00c3O MOLECULAR DOS AGENTES INFECCIOSOS DE ANIMAIS DOM\u00c9STICOS E SELVAGENS NO BRASIL<\/td>\n      <td valign=\"middle\">Prof. Selwyn Arlington Headley<\/td>\n    <\/tr>\n    <tr>\n      <td valign=\"middle\">ENFERMIDADES EM ANIMAIS MARINHOS<\/td>\n      <td valign=\"middle\">Profa. Ana Paula Frederico R.L. Bracarense<\/td>\n    <\/tr>\n    <tr bgcolor=\"#D4D4D4\">\n      <td valign=\"middle\">ESTUDO DAS DOEN\u00c7AS TRANSMITIDAS POR VETORES<\/td>\n      <td valign=\"middle\">Prof. Rafael Felipe da Costa Vieira<\/td>\n    <\/tr>\n    <tr>\n      <td valign=\"middle\">ESTUDO DE PROTOZO\u00c1RIOS DE INTERESSE M\u00c9DICO VETERIN\u00c1RIO<\/td>\n      <td valign=\"middle\">Prof. Jo\u00e3o Luis Garcia<\/td>\n    <\/tr>\n    <tr bgcolor=\"#D4D4D4\">\n      <td valign=\"middle\">EXPLANTES TECIDUAIS: MODELOS EXPERIMENTAIS PARA AVALIA\u00c7\u00d5ES DE SA\u00daDE ANIMAL E HUMANA<\/td>\n      <td valign=\"middle\">Profa. Ana Paula Frederico R.L. Bracarense<\/td>\n    <\/tr>\n    <tr>\n      <td valign=\"middle\">IDENTIFICA\u00c7\u00c3O DA MICROBIOTA VIRAL E BACTERIANA EM SURTOS DE INFEC\u00c7\u00c3O RESPIRAT\u00d3RIA (COMPLEXO RESPIRAT\u00d3RIO BOVINO) EM BEZERROS LEITEIROS E EM BOVINOS CONFINADOS<\/td>\n      <td valign=\"middle\">Prof. Amauri A. Alfieri<\/td>\n    <\/tr>\n    <tr bgcolor=\"#D4D4D4\">\n      <td valign=\"middle\">MEDICINA LABORATORIAL DOS ANIMAIS &#8211; PASSADO, PRESENTE E FUTURO<\/td>\n      <td valign=\"middle\">Profa. Karina Keller Marques da Costa Flaiban<\/td>\n    <\/tr>\n    <tr>\n      <td valign=\"middle\">SENECAV\u00cdRUS A: DIAGN\u00d3STICO ETIOL\u00d3GICO E SOROL\u00d3GICO DA INFEC\u00c7\u00c3O EM REBANHOS SU\u00cdNOS BRASILEIROS E DESENVOLVIMENTO DE ESTUDOS DE INFEC\u00c7\u00c3O EXPERIMENTAL<\/td>\n      <td valign=\"middle\">Prof. Amauri A. Alfieri<\/td>\n    <\/tr>\n    <tr bgcolor=\"#D4D4D4\">\n      <td valign=\"middle\">UTILIZA\u00c7\u00c3O DE M\u00c9TODOS DE VIROLOGIA CL\u00c1SSICA E MOLECULAR PARA O DIAGN\u00d3STICO DE VIROSES SIST\u00caMICAS EM C\u00c3ES E GATOS<\/td>\n      <td valign=\"middle\">Profa. Alice Fernandes Alfieri<\/td>\n    <\/tr>\n    <tr>\n      <td valign=\"middle\">VIROSES ENT\u00c9RICAS CAUSADORAS DE DIARREIAS NEONATAIS E\/OU DE INFEC\u00c7\u00d5ES SUBCL\u00cdNICAS EM BOVINOS E SU\u00cdNOS.<\/td>\n      <td valign=\"middle\">Prof. Amauri A. Alfieri<\/td>\n    <\/tr>\n    <tr bgcolor=\"#B5EFB0\">\n      <td colspan=\"2\" valign=\"middle\"><strong id=\"docs-internal-guid-9e81e9a1-7fff-53ca-878d-83b563fddaac\">4) Cl\u00ednica e Cirurgia Veterin\u00e1ria<\/strong><\/td>\n    <\/tr>\n    <tr>\n      <td valign=\"middle\"><strong id=\"docs-internal-guid-d4b849fd-7fff-7e79-9b0e-e70a3b3ea8ff\">Projeto de Pesquisa<\/strong><\/td>\n      <td valign=\"middle\"><strong id=\"docs-internal-guid-5b773b74-7fff-9187-c51d-c85cd1df7ea2\">Coordenador<\/strong><\/td>\n    <\/tr>\n    <tr>\n      <td valign=\"middle\">ASPECTOS CL\u00cdNICOS E HEMATOL\u00d3GICOS NA MEDICINA TRANSFUSIONAL E TERAPIA INTENSIVA DE C\u00c3ES E GATOS<\/td>\n      <td valign=\"middle\">Prof. Lucas Al\u00e9cio Gomes<\/td>\n    <\/tr>\n    <tr bgcolor=\"#D4D4D4\">\n      <td valign=\"middle\">AVALIA\u00c7\u00c3O DA ESTABILIDADE VERTEBRAL TORACOLOMBAR PARA VALIDA\u00c7\u00c3O DA TEORIA DOS TR\u00caS COMPARTIMENTOS EM CAD\u00c1VERES DE C\u00c3ES<\/td>\n      <td valign=\"middle\">Profa. M\u00f4nica Vicky Bahr Arias<\/td>\n    <\/tr>\n    <tr>\n      <td valign=\"middle\">AVALIA\u00c7\u00c3O POST MORTEM DA PRESEN\u00c7A DA DEGENERA\u00c7\u00c3O DO DISCO INTERVERTEBRAL DO TIPO II E DE ALTERA\u00c7\u00d5ES HISTOL\u00d3GICAS NA MEDULA ESPINHAL DE C\u00c3ES NEUROLOGICAMENTE NORMAIS<\/td>\n      <td valign=\"middle\">Profa. M\u00f4nica Vicky Bahr Arias<\/td>\n    <\/tr>\n    <tr bgcolor=\"#D4D4D4\">\n      <td valign=\"middle\">CHARACTERIZATION OF CHANGES IN THE INTESTINAL MICROBIOME OF FOOD ANIMALS CAUSED BY GROWTH PROMOTER ANTIMICROBIALS EVALUATED BY NEXT GENERATION SEQUENCING<\/td>\n      <td valign=\"middle\">Prof. Julio Augusto Naylor Lisboa<\/td>\n    <\/tr>\n    <tr>\n      <td valign=\"middle\">CORRELA\u00c7\u00c3O DOS VALORES DE PRESS\u00c3O ARTERIAL COM \u00cdNDICES ECOCARDIOGR\u00c1FICOS E ELETROCARDIOGR\u00c1FICOS EM C\u00c3ES HIPERTENSOS<\/td>\n      <td valign=\"middle\">Prof. Fabio Nelson Gava<\/td>\n    <\/tr>\n    <tr bgcolor=\"#D4D4D4\">\n      <td valign=\"middle\">DIAGN\u00d3STICO DIFERENCIAL DAS ENCEFALOPATIAS DOS BOVINOS NO ESTADO DO PARAN\u00c1<\/td>\n      <td valign=\"middle\">Prof. Julio Augusto Naylor Lisboa<\/td>\n    <\/tr>\n    <tr>\n      <td valign=\"middle\">DIAGN\u00d3STICO E TRATAMENTO CL\u00cdNICO-CIR\u00daRGICO DE DOEN\u00c7AS NEUROL\u00d3GICAS EM ANIMAIS DE COMPANHIA<\/td>\n      <td valign=\"middle\">Profa. M\u00f4nica Vicky Bahr Arias<\/td>\n    <\/tr>\n    <tr bgcolor=\"#D4D4D4\">\n      <td valign=\"middle\">POTENCIAL ALCALINIZANTE DE DIFERENTES CONCENTRA\u00c7\u00d5ES DE LACTATO E DE BICARBONATO DE S\u00d3DIO EM SOLU\u00c7\u00d5ES PARA ADMINISTRA\u00c7\u00c3O VENOSA EM ANIMAIS DE PRODU\u00c7\u00c3O<\/td>\n      <td valign=\"middle\">Prof. Julio Augusto Naylor Lisboa<\/td>\n    <\/tr>\n    <tr>\n      <td valign=\"middle\">USO DE DESIGN GR\u00c1FICO E DO M\u00c9TODO DE ELEMENTOS FINITOS PARA DESENVOLVIMENTO DE UMA PR\u00d3TESE DE DISCO INTERVERTEBRAL CERVICAL EM C\u00c3ES<\/td>\n      <td valign=\"middle\">Profa. M\u00f4nica Vicky Bahr Arias<\/td>\n    <\/tr>\n  <\/tbody>\n<\/table>\n","protected":false},"excerpt":{"rendered":"<p>Projetos de Pesquisa do Programa (Associados as \u00c1reas e Linhas de Pesquisa) Para consultar o andamento dos projetos de pesquisa, clique aqui PROJETOS DE PESQUISA DO PROGRAMA (Associados as \u00c1reas e Linhas de Pesquisa) PRODU\u00c7\u00c3O ANIMAL 1) Biotecnologia Aplicadas \u00e0 Reprodu\u00e7\u00e3o Animal Projeto de Pesquisa Coordenador AVALIA\u00c7\u00c3O DE DIFERENTES M\u00c9TODOS REPRODUTIVOS EM ANIMAIS Prof. Marcelo [&hellip;]<\/p>\n","protected":false},"author":1,"featured_media":0,"parent":0,"menu_order":0,"comment_status":"closed","ping_status":"closed","template":"","meta":{"_acf_changed":false,"footnotes":""},"class_list":["post-76","page","type-page","status-publish","hentry"],"acf":[],"_links":{"self":[{"href":"https:\/\/pos.uel.br\/cienciaanimal\/wp-json\/wp\/v2\/pages\/76","targetHints":{"allow":["GET"]}}],"collection":[{"href":"https:\/\/pos.uel.br\/cienciaanimal\/wp-json\/wp\/v2\/pages"}],"about":[{"href":"https:\/\/pos.uel.br\/cienciaanimal\/wp-json\/wp\/v2\/types\/page"}],"author":[{"embeddable":true,"href":"https:\/\/pos.uel.br\/cienciaanimal\/wp-json\/wp\/v2\/users\/1"}],"replies":[{"embeddable":true,"href":"https:\/\/pos.uel.br\/cienciaanimal\/wp-json\/wp\/v2\/comments?post=76"}],"version-history":[{"count":18,"href":"https:\/\/pos.uel.br\/cienciaanimal\/wp-json\/wp\/v2\/pages\/76\/revisions"}],"predecessor-version":[{"id":1088,"href":"https:\/\/pos.uel.br\/cienciaanimal\/wp-json\/wp\/v2\/pages\/76\/revisions\/1088"}],"wp:attachment":[{"href":"https:\/\/pos.uel.br\/cienciaanimal\/wp-json\/wp\/v2\/media?parent=76"}],"curies":[{"name":"wp","href":"https:\/\/api.w.org\/{rel}","templated":true}]}}