{"id":7,"date":"2021-04-26T21:00:04","date_gmt":"2021-04-27T00:00:04","guid":{"rendered":"https:\/\/pos.uel.br\/cienciaanimal\/?page_id=7"},"modified":"2022-03-03T09:49:17","modified_gmt":"2022-03-03T12:49:17","slug":"sobre-o-programa","status":"publish","type":"page","link":"https:\/\/pos.uel.br\/cienciaanimal\/sobre-o-programa\/","title":{"rendered":"Sobre o programa"},"content":{"rendered":"\n<p><strong>O Programa<\/strong><\/p>\n\n\n\n<p>O Programa de P\u00f3s-gradua\u00e7\u00e3o em Ci\u00eancia Animal, nos n\u00edveis de Mestrado e Doutorado, tem como objetivo geral a qualifica\u00e7\u00e3o de recursos humanos na \u00e1rea de Ci\u00eancias Agr\u00e1rias, em especial para o desenvolvimento de pesquisas em Sanidade e Produ\u00e7\u00e3o Animal. O Programa tem como objetivos espec\u00edficos a qualifica\u00e7\u00e3o e a forma\u00e7\u00e3o de profissionais para investiga\u00e7\u00e3o cient\u00edfica e t\u00e9cnica em duas \u00e1reas de concentra\u00e7\u00e3o:<\/p>\n\n\n\n<p>1. \u00c1rea de concentra\u00e7\u00e3o em Sanidade Animal:<br>Nessa \u00e1rea s\u00e3o abordados, principalmente, os seguintes t\u00f3picos:<br>i) Defesa sanit\u00e1ria animal; ii) Diagn\u00f3stico, tratamento, controle e profilaxia de doen\u00e7as infecciosas, parasit\u00e1rias, carenciais e metab\u00f3licas de import\u00e2ncia em Medicina Veterin\u00e1ria; iii) Avalia\u00e7\u00e3o antig\u00eanica e molecular de microrganismos de interesse em Sanidade Animal; iv) Sa\u00fade P\u00fablica Veterin\u00e1ria, por meio do estudo de zoonoses e do controle da qualidade microbiol\u00f3gica e de res\u00edduos na cadeia de produ\u00e7\u00e3o de alimentos de origem animal; v) Cl\u00ednica e Cirurgia Veterin\u00e1ria, por meio do desenvolvimento e\/ou aperfei\u00e7oamento de tratamento cl\u00ednico e t\u00e9cnicas cir\u00fargicas, anest\u00e9sicas e de diagn\u00f3stico.<\/p>\n\n\n\n<p>2. \u00c1rea de concentra\u00e7\u00e3o em Produ\u00e7\u00e3o Animal:<br>Nessa \u00e1rea s\u00e3o abordados, principalmente, os seguintes t\u00f3picos:<br>i) Manejo zoot\u00e9cnico; ii) Nutri\u00e7\u00e3o animal; iii) Alimentos e alimenta\u00e7\u00e3o iv) Bem-estar animal; e v) Biot\u00e9cnicas da reprodu\u00e7\u00e3o aplicadas \u00e0s principais esp\u00e9cies animais de interesse econ\u00f4mico.<\/p>\n\n\n\n<p>A proposta do Programa \u00e9 oferecer ao mercado de trabalho profissionais qualificados para atuarem em institui\u00e7\u00f5es p\u00fablicas e privadas de ensino, pesquisa e desenvolvimento, e nos campos da defesa sanit\u00e1ria animal, sa\u00fade p\u00fablica veterin\u00e1ria, produ\u00e7\u00e3o e reprodu\u00e7\u00e3o animal. Para isto o p\u00f3s-graduando, por meio de uma grade curricular, de trabalhos pr\u00e1ticos desenvolvidos em laborat\u00f3rios e no campo e de atividades extra-curriculares, ter\u00e1 a oportunidade de exercitar o esp\u00edrito cr\u00edtico e criativo em busca do conhecimento e solu\u00e7\u00e3o de problemas.<\/p>\n\n\n\n<p>O Programa de P\u00f3s-Gradua\u00e7\u00e3o em Ci\u00eancia Animal proporciona que tr\u00eas departamentos (i) Medicina Veterin\u00e1ria Preventiva; ii) Zootecnia; e iii) Cl\u00ednicas Veterin\u00e1rias, vinculados aos cursos de gradua\u00e7\u00e3o em Medicina Veterin\u00e1ria e em Zootecnia da UEL, desenvolvam as atividades integradas de ensino de p\u00f3s-gradua\u00e7\u00e3o vinculados a um \u00fanico Programa. Atualmente est\u00e3o sendo desenvolvidos projetos de pesquisas, disserta\u00e7\u00f5es e teses envolvendo, simultaneamente, as duas grandes \u00e1reas de concentra\u00e7\u00e3o do Programa em projetos com caracter\u00edstica muldisciplinar e com interface nessas \u00c1reas de Concentra\u00e7\u00e3o. Essa conduta, sem d\u00favida, traz vantagens com rela\u00e7\u00e3o ao amadurecimento cient\u00edfico e tecnol\u00f3gico do corpo docente do Programa e, principalmente, aos nossos p\u00f3s-graduandos que ter\u00e3o a oportunidade de discutir problemas e solu\u00e7\u00f5es relativos \u00e0 Ci\u00eancia Veterin\u00e1ria de uma forma mais integrada e global.<\/p>\n","protected":false},"excerpt":{"rendered":"<p>O Programa O Programa de P\u00f3s-gradua\u00e7\u00e3o em Ci\u00eancia Animal, nos n\u00edveis de Mestrado e Doutorado, tem como objetivo geral a qualifica\u00e7\u00e3o de recursos humanos na \u00e1rea de Ci\u00eancias Agr\u00e1rias, em especial para o desenvolvimento de pesquisas em Sanidade e Produ\u00e7\u00e3o Animal. O Programa tem como objetivos espec\u00edficos a qualifica\u00e7\u00e3o e a forma\u00e7\u00e3o de profissionais para [&hellip;]<\/p>\n","protected":false},"author":1,"featured_media":0,"parent":0,"menu_order":0,"comment_status":"closed","ping_status":"closed","template":"","meta":{"_acf_changed":false,"footnotes":""},"class_list":["post-7","page","type-page","status-publish","hentry"],"acf":[],"_links":{"self":[{"href":"https:\/\/pos.uel.br\/cienciaanimal\/wp-json\/wp\/v2\/pages\/7","targetHints":{"allow":["GET"]}}],"collection":[{"href":"https:\/\/pos.uel.br\/cienciaanimal\/wp-json\/wp\/v2\/pages"}],"about":[{"href":"https:\/\/pos.uel.br\/cienciaanimal\/wp-json\/wp\/v2\/types\/page"}],"author":[{"embeddable":true,"href":"https:\/\/pos.uel.br\/cienciaanimal\/wp-json\/wp\/v2\/users\/1"}],"replies":[{"embeddable":true,"href":"https:\/\/pos.uel.br\/cienciaanimal\/wp-json\/wp\/v2\/comments?post=7"}],"version-history":[{"count":2,"href":"https:\/\/pos.uel.br\/cienciaanimal\/wp-json\/wp\/v2\/pages\/7\/revisions"}],"predecessor-version":[{"id":431,"href":"https:\/\/pos.uel.br\/cienciaanimal\/wp-json\/wp\/v2\/pages\/7\/revisions\/431"}],"wp:attachment":[{"href":"https:\/\/pos.uel.br\/cienciaanimal\/wp-json\/wp\/v2\/media?parent=7"}],"curies":[{"name":"wp","href":"https:\/\/api.w.org\/{rel}","templated":true}]}}