{"id":66,"date":"2021-05-07T09:03:45","date_gmt":"2021-05-07T12:03:45","guid":{"rendered":"https:\/\/pos.uel.br\/cienciaanimal\/?page_id=66"},"modified":"2023-04-03T17:15:38","modified_gmt":"2023-04-03T20:15:38","slug":"pos-doutorado","status":"publish","type":"page","link":"https:\/\/pos.uel.br\/cienciaanimal\/pos-doutorado\/","title":{"rendered":"P\u00f3s-doutorado"},"content":{"rendered":"\n<p><a href=\"https:\/\/pos.uel.br\/cienciaanimal\/wp-content\/uploads\/2023\/03\/Resoluc\u0327a\u0303o-CEPE-no-053-2019-Po\u0301s-doutoral.pdf\" target=\"_blank\" rel=\"noreferrer noopener\">RESOLU\u00c7\u00c3O CEPE N\u00b0 053\/2019<\/a><\/p>\n\n\n\n<p>Altera a Resolu\u00e7\u00e3o CEPE 039\/2012, que trata das normas e condi\u00e7\u00f5es para a realiza\u00e7\u00e3o de Est\u00e1gio P\u00f3s-doutoral na Universidade Estadual de Londrina.<\/p>\n","protected":false},"excerpt":{"rendered":"<p>RESOLU\u00c7\u00c3O CEPE N\u00b0 053\/2019 Altera a Resolu\u00e7\u00e3o CEPE 039\/2012, que trata das normas e condi\u00e7\u00f5es para a realiza\u00e7\u00e3o de Est\u00e1gio P\u00f3s-doutoral na Universidade Estadual de Londrina.<\/p>\n","protected":false},"author":1,"featured_media":0,"parent":0,"menu_order":0,"comment_status":"closed","ping_status":"closed","template":"","meta":{"_acf_changed":false,"footnotes":""},"class_list":["post-66","page","type-page","status-publish","hentry"],"acf":[],"_links":{"self":[{"href":"https:\/\/pos.uel.br\/cienciaanimal\/wp-json\/wp\/v2\/pages\/66","targetHints":{"allow":["GET"]}}],"collection":[{"href":"https:\/\/pos.uel.br\/cienciaanimal\/wp-json\/wp\/v2\/pages"}],"about":[{"href":"https:\/\/pos.uel.br\/cienciaanimal\/wp-json\/wp\/v2\/types\/page"}],"author":[{"embeddable":true,"href":"https:\/\/pos.uel.br\/cienciaanimal\/wp-json\/wp\/v2\/users\/1"}],"replies":[{"embeddable":true,"href":"https:\/\/pos.uel.br\/cienciaanimal\/wp-json\/wp\/v2\/comments?post=66"}],"version-history":[{"count":4,"href":"https:\/\/pos.uel.br\/cienciaanimal\/wp-json\/wp\/v2\/pages\/66\/revisions"}],"predecessor-version":[{"id":983,"href":"https:\/\/pos.uel.br\/cienciaanimal\/wp-json\/wp\/v2\/pages\/66\/revisions\/983"}],"wp:attachment":[{"href":"https:\/\/pos.uel.br\/cienciaanimal\/wp-json\/wp\/v2\/media?parent=66"}],"curies":[{"name":"wp","href":"https:\/\/api.w.org\/{rel}","templated":true}]}}