{"id":574,"date":"2022-11-24T14:23:40","date_gmt":"2022-11-24T17:23:40","guid":{"rendered":"https:\/\/pos.uel.br\/cienciaanimal\/?page_id=574"},"modified":"2026-02-24T09:11:58","modified_gmt":"2026-02-24T12:11:58","slug":"coordenacao","status":"publish","type":"page","link":"https:\/\/pos.uel.br\/cienciaanimal\/coordenacao\/","title":{"rendered":"Coordena\u00e7\u00e3o\/Secretaria e Contatos"},"content":{"rendered":"\n<p><strong>Coordena\u00e7\u00e3o:<\/strong><\/p>\n\n\n\n<blockquote class=\"wp-block-quote is-layout-flow wp-block-quote-is-layout-flow\">\n<ul class=\"wp-block-list\">\n<li>Prof. Dr.&nbsp;Selwyn Arlington Headley \u2013 DMVP &#8211; Coordenador<\/li>\n\n\n\n<li>Prof. Dr.&nbsp;Julio Augusto Naylor Lisboa \u2013&nbsp;DCV &#8211; Vice Coordenador<\/li>\n<\/ul>\n<\/blockquote>\n\n\n\n<p><strong>Comiss\u00e3o Coordenadora do Programa:<\/strong><\/p>\n\n\n\n<blockquote class=\"wp-block-quote is-layout-flow wp-block-quote-is-layout-flow\">\n<ul class=\"wp-block-list\">\n<li>Prof. Dr.&nbsp;Selwyn Arlington Headley \u2013 DMVP<\/li>\n\n\n\n<li>Prof. Dr. Jo\u00e3o Luis Garcia &#8211; DMVP<\/li>\n\n\n\n<li>Profa. Dra. Ana Paula F.R.L. Bracarense &#8211; DMVP<\/li>\n\n\n\n<li>Prof. Dr. J\u00falio Augusto Naylor Lisb\u00f4a &#8211; DCV<\/li>\n\n\n\n<li>Prof. Dr. Nelson Maur\u00edcio Lopera Barrero- DZOT<\/li>\n\n\n\n<li>Fl\u00e1via Helena Pereira Silva \u2013\u00a0Representante dos alunos \u2013 Doutorando<\/li>\n<\/ul>\n\n\n\n<ul class=\"wp-block-list\">\n<li><\/li>\n<\/ul>\n<\/blockquote>\n\n\n\n<blockquote class=\"wp-block-quote is-layout-flow wp-block-quote-is-layout-flow\">\n<p><strong><strong>Constitui\u00e7\u00e3o da Comiss\u00e3o de Bolsas:<\/strong><\/strong><\/p>\n\n\n\n<ul class=\"wp-block-list\">\n<li>Prof. Dr. Selwyn Arlington Headley &#8211; DMVP<\/li>\n\n\n\n<li>Prof. Dr. Julio Augusto Naylor Lisboa &#8211; DCV<\/li>\n\n\n\n<li>Prof. Dr. Nelson Maur\u00edcio Lopera Barrero &#8211; DZOT<\/li>\n\n\n\n<li>Fl\u00e1via Helena Pereira Silva \u2013\u00a0Representante dos alunos \u2013 Doutorando<\/li>\n\n\n\n<li>Fernanda Spadotto Castelluci &#8211; Representante dos alunos &#8211; Mestrado<\/li>\n<\/ul>\n<\/blockquote>\n\n\n\n<div class=\"wp-block-columns has-primary-text-color has-site-background-background-color has-text-color has-background is-layout-flex wp-container-core-columns-is-layout-9d6595d7 wp-block-columns-is-layout-flex\">\n<div class=\"wp-block-column is-layout-flow wp-block-column-is-layout-flow\">\n<figure class=\"wp-block-image size-full\"><img loading=\"lazy\" decoding=\"async\" width=\"578\" height=\"262\" src=\"https:\/\/pos.uel.br\/cienciaanimal\/wp-content\/uploads\/2023\/03\/contato.jpg\" alt=\"\" class=\"wp-image-650\" srcset=\"https:\/\/pos.uel.br\/cienciaanimal\/wp-content\/uploads\/2023\/03\/contato.jpg 578w, https:\/\/pos.uel.br\/cienciaanimal\/wp-content\/uploads\/2023\/03\/contato-300x136.jpg 300w\" sizes=\"auto, (max-width: 578px) 100vw, 578px\" \/><\/figure>\n<\/div>\n\n\n\n<div class=\"wp-block-column is-layout-flow wp-block-column-is-layout-flow\">\n<p class=\"has-text-align-right has-site-background-color has-text-color\"><strong>Contato<\/strong><\/p>\n\n\n\n<p class=\"has-text-align-right has-primary-text-color has-text-color\">Campus Universit\u00e1rio<br>Centro de Ci\u00eancias Agr\u00e1rias &#8211; CCA<br>Departamento de Medicina Veterin\u00e1ria Preventiva &#8211; DMVP<br>Secretaria de P\u00f3s-gradua\u00e7\u00e3o em Ci\u00eancia Animal<br>Caixa Postal: 10.011 \/ CEP: 86057-970 &#8211; Londrina &#8211; PR<br>Fone\/Fax: (43) 3371-4709<br>E-mail:&nbsp;<a href=\"mailto:%20ciencianimal@uel.br\">ciencianimal@uel.br<\/a><\/p>\n<\/div>\n<\/div>\n","protected":false},"excerpt":{"rendered":"<p>Coordena\u00e7\u00e3o: Comiss\u00e3o Coordenadora do Programa: Contato Campus Universit\u00e1rioCentro de Ci\u00eancias Agr\u00e1rias &#8211; CCADepartamento de Medicina Veterin\u00e1ria Preventiva &#8211; DMVPSecretaria de P\u00f3s-gradua\u00e7\u00e3o em Ci\u00eancia AnimalCaixa Postal: 10.011 \/ CEP: 86057-970 &#8211; Londrina &#8211; PRFone\/Fax: (43) 3371-4709E-mail:&nbsp;ciencianimal@uel.br<\/p>\n","protected":false},"author":10,"featured_media":0,"parent":0,"menu_order":0,"comment_status":"closed","ping_status":"closed","template":"","meta":{"_acf_changed":false,"footnotes":""},"class_list":["post-574","page","type-page","status-publish","hentry"],"acf":[],"_links":{"self":[{"href":"https:\/\/pos.uel.br\/cienciaanimal\/wp-json\/wp\/v2\/pages\/574","targetHints":{"allow":["GET"]}}],"collection":[{"href":"https:\/\/pos.uel.br\/cienciaanimal\/wp-json\/wp\/v2\/pages"}],"about":[{"href":"https:\/\/pos.uel.br\/cienciaanimal\/wp-json\/wp\/v2\/types\/page"}],"author":[{"embeddable":true,"href":"https:\/\/pos.uel.br\/cienciaanimal\/wp-json\/wp\/v2\/users\/10"}],"replies":[{"embeddable":true,"href":"https:\/\/pos.uel.br\/cienciaanimal\/wp-json\/wp\/v2\/comments?post=574"}],"version-history":[{"count":24,"href":"https:\/\/pos.uel.br\/cienciaanimal\/wp-json\/wp\/v2\/pages\/574\/revisions"}],"predecessor-version":[{"id":2069,"href":"https:\/\/pos.uel.br\/cienciaanimal\/wp-json\/wp\/v2\/pages\/574\/revisions\/2069"}],"wp:attachment":[{"href":"https:\/\/pos.uel.br\/cienciaanimal\/wp-json\/wp\/v2\/media?parent=574"}],"curies":[{"name":"wp","href":"https:\/\/api.w.org\/{rel}","templated":true}]}}