{"id":444,"date":"2022-03-03T09:50:02","date_gmt":"2022-03-03T12:50:02","guid":{"rendered":"https:\/\/pos.uel.br\/cienciaanimal\/?page_id=444"},"modified":"2022-03-03T09:50:03","modified_gmt":"2022-03-03T12:50:03","slug":"historia","status":"publish","type":"page","link":"https:\/\/pos.uel.br\/cienciaanimal\/es\/historia\/","title":{"rendered":"Historia"},"content":{"rendered":"\n<p>La posgrado lato sensu en Salud Animal, despu\u00e9s de cinco a\u00f1os de oferta por parte del Departamento de Medicina Veterinaria Preventiva (DMVP), result\u00f3 en la modalidad strictu sensu en la Universidade Estadual de Londrina (UEL). Dicha consolidaci\u00f3n se produjo debido a la madurez del profesorado. En 1991 se envi\u00f3 a la Coordinaci\u00f3n de Perfeccionamiento del Personal de Educaci\u00f3n Superior (CAPES) la propuesta de maestr\u00eda en Sanidad Animal. Tras su aprobaci\u00f3n, la primera promoci\u00f3n se inici\u00f3 en 1992. Desde entonces, a lo largo de los a\u00f1os, el curso ha tenido algunos ajustes, especialmente para dar cabida a nuevos profesores, nuevas l\u00edneas de investigaci\u00f3n, nueva \u00e1rea de concentraci\u00f3n y, principalmente, nuevas realidades al mercado laboral e inserci\u00f3n de profesionales en el campo de las ciencias agr\u00edcolas en el contexto de la docencia, la investigaci\u00f3n, el desarrollo, la difusi\u00f3n de tecnolog\u00eda, la prestaci\u00f3n de servicios, el comercio y la industria. En 2002, el Programa de Postgrado en Ciencias de la Salud Animal de la Universidad Estatal de Londrina (PPG-CA \/ UEL), tuvo su mayor y principal reestructuraci\u00f3n. Con mayor madurez cient\u00edfica y ascenso profesional del grupo de docentes responsables de la maestr\u00eda, y alianza con docentes vinculados al Departamento de Ciencias Animales y Ciencias Cl\u00ednicas Veterinarias de la UEL, se propuso abrir el nivel de doctorado. As\u00ed, la propuesta de doctorado fue formateada con dos \u00e1reas de concentraci\u00f3n conformadas por las \u00e1reas de Sanidad Animal y Producci\u00f3n Animal, es de destacar que ya en ese momento el PPG-CA hab\u00eda vislumbrado la necesidad de uni\u00f3n entre los departamentos para solidificar el PPG. Sobre la base de esta propuesta, el Programa ya no est\u00e1 vinculado a un \u00fanico departamento proponente, el Departamento de Medicina Veterinaria Preventiva, sino tambi\u00e9n al Departamento de Ciencia Animal. Adem\u00e1s de unir los departamentos, la propuesta incluy\u00f3 en el \u00e1rea de Concentraci\u00f3n en Sanidad Animal, algunos colegas del Departamento de Ciencias Cl\u00ednicas Veterinarias, quienes desarrollaron investigaciones con interfaz en Sanidad Animal. Considerando el gran incremento que obtuvimos tanto en t\u00e9rminos cuantitativos como principalmente cualitativos en las acciones de investigaci\u00f3n y desarrollo, que contribuyeron a la consolidaci\u00f3n del programa, este sigue siendo nuestro formato actual. Luego de nuestra consolidaci\u00f3n a nivel nacional, representada por el concepto 5 (del 3 al 7) atribuido al Programa por tres evaluaciones trienales consecutivas, los esfuerzos de coordinaci\u00f3n del Programa para incrementar las acciones para promover la internacionalizaci\u00f3n del Programa. En el trienio 2010-2012, el Programa de Posgrado en Ciencia Animal dio su mayor salto cualitativo. Luego de 22 a\u00f1os de intensa labor de investigaci\u00f3n, docencia y extensi\u00f3n realizada en el contexto del programa, y \u200b\u200bprincipalmente, luego de la maduraci\u00f3n del cuerpo docente y la efectiva consolidaci\u00f3n de nuestras L\u00edneas de Investigaci\u00f3n y \u00c1reas de Concentraci\u00f3n, nuestros esfuerzos fueron valorados por CAPES. En este trienio (2010-2012) logramos el tan deseado reconocimiento de nuestras acciones desarrolladas tanto a nivel nacional como principalmente, internacional. Con este reconocimiento, se nos otorg\u00f3 el concepto 6, atribuido a aquellos programas consolidados con una fuerte expresi\u00f3n nacional e investigaci\u00f3n con acciones e intercambios internacionales.<\/p>\n","protected":false},"excerpt":{"rendered":"<p>La posgrado lato sensu en Salud Animal, despu\u00e9s de cinco a\u00f1os de oferta por parte del Departamento de Medicina Veterinaria Preventiva (DMVP), result\u00f3 en la modalidad strictu sensu en la Universidade Estadual de Londrina (UEL). Dicha consolidaci\u00f3n se produjo debido a la madurez del profesorado. En 1991 se envi\u00f3 a la Coordinaci\u00f3n de Perfeccionamiento del [&hellip;]<\/p>\n","protected":false},"author":10,"featured_media":0,"parent":0,"menu_order":0,"comment_status":"closed","ping_status":"closed","template":"","meta":{"_acf_changed":false,"footnotes":""},"class_list":["post-444","page","type-page","status-publish","hentry"],"acf":[],"_links":{"self":[{"href":"https:\/\/pos.uel.br\/cienciaanimal\/wp-json\/wp\/v2\/pages\/444","targetHints":{"allow":["GET"]}}],"collection":[{"href":"https:\/\/pos.uel.br\/cienciaanimal\/wp-json\/wp\/v2\/pages"}],"about":[{"href":"https:\/\/pos.uel.br\/cienciaanimal\/wp-json\/wp\/v2\/types\/page"}],"author":[{"embeddable":true,"href":"https:\/\/pos.uel.br\/cienciaanimal\/wp-json\/wp\/v2\/users\/10"}],"replies":[{"embeddable":true,"href":"https:\/\/pos.uel.br\/cienciaanimal\/wp-json\/wp\/v2\/comments?post=444"}],"version-history":[{"count":1,"href":"https:\/\/pos.uel.br\/cienciaanimal\/wp-json\/wp\/v2\/pages\/444\/revisions"}],"predecessor-version":[{"id":445,"href":"https:\/\/pos.uel.br\/cienciaanimal\/wp-json\/wp\/v2\/pages\/444\/revisions\/445"}],"wp:attachment":[{"href":"https:\/\/pos.uel.br\/cienciaanimal\/wp-json\/wp\/v2\/media?parent=444"}],"curies":[{"name":"wp","href":"https:\/\/api.w.org\/{rel}","templated":true}]}}