{"id":440,"date":"2022-03-03T09:49:48","date_gmt":"2022-03-03T12:49:48","guid":{"rendered":"https:\/\/pos.uel.br\/cienciaanimal\/?page_id=440"},"modified":"2022-03-03T09:49:49","modified_gmt":"2022-03-03T12:49:49","slug":"requisitos-del-estudiante","status":"publish","type":"page","link":"https:\/\/pos.uel.br\/cienciaanimal\/es\/requisitos-del-estudiante\/","title":{"rendered":"Requisitos del estudiante"},"content":{"rendered":"\n<p>Para completar los niveles de Maestr\u00eda y Doctorado, el estudiante debe completar la carga de trabajo y los cr\u00e9ditos distribuidos de la siguiente manera:<\/p>\n\n\n\n<p>Para el M\u00e1ster, el alumno deber\u00e1 completar 64 (sesenta y cuatro) cr\u00e9ditos correspondientes a 960 (novecientas sesenta) horas, distribuidas de la siguiente manera:<\/p>\n\n\n\n<p>\u2022 07 (siete) cr\u00e9ditos en materias b\u00e1sicas comunes;<\/p>\n\n\n\n<p>\u2022 al menos 13 (trece) cr\u00e9ditos en materias optativas del Programa, pudiendo cumplirse los 4 (cuatro) cr\u00e9ditos restantes en otros Programas con vigencia nacional;<\/p>\n\n\n\n<p>\u2022 40 (cuarenta) cr\u00e9ditos de tesis<\/p>\n\n\n\n<p>Para el Doctorado, el estudiante debe completar 160 (ciento sesenta) cr\u00e9ditos, correspondientes a 2.400 (dos mil cuatrocientas) horas, distribuidas de la siguiente manera:<\/p>\n\n\n\n<p>\u2022 06 (seis) cr\u00e9ditos en materias b\u00e1sicas comunes.<\/p>\n\n\n\n<p>\u2022 al menos 30 (treinta) cr\u00e9ditos en asignaturas del \u00e1rea de concentraci\u00f3n del Programa, y \u200b\u200blos 4 (cuatro) cr\u00e9ditos restantes podr\u00e1n cumplirse en otros Programas de Posgrado con vigencia nacional;<\/p>\n\n\n\n<p>\u2022 120 (ciento veinte) cr\u00e9ditos en Tesis.<\/p>\n\n\n\n<p>Para el Doctorado se pueden convalidar los cr\u00e9ditos de Maestr\u00eda.<\/p>\n\n\n\n<p>Los becarios de la Fundaci\u00f3n CAPES \/ MEC tambi\u00e9n deber\u00e1n cursar 2 (dos) cr\u00e9ditos para la Maestr\u00eda y 4 (cuatro) cr\u00e9ditos para el Doctorado en la asignatura de Pasant\u00eda Docente en Pregrado.<\/p>\n","protected":false},"excerpt":{"rendered":"<p>Para completar los niveles de Maestr\u00eda y Doctorado, el estudiante debe completar la carga de trabajo y los cr\u00e9ditos distribuidos de la siguiente manera: Para el M\u00e1ster, el alumno deber\u00e1 completar 64 (sesenta y cuatro) cr\u00e9ditos correspondientes a 960 (novecientas sesenta) horas, distribuidas de la siguiente manera: \u2022 07 (siete) cr\u00e9ditos en materias b\u00e1sicas comunes; [&hellip;]<\/p>\n","protected":false},"author":10,"featured_media":0,"parent":0,"menu_order":0,"comment_status":"closed","ping_status":"closed","template":"","meta":{"_acf_changed":false,"footnotes":""},"class_list":["post-440","page","type-page","status-publish","hentry"],"acf":[],"_links":{"self":[{"href":"https:\/\/pos.uel.br\/cienciaanimal\/wp-json\/wp\/v2\/pages\/440","targetHints":{"allow":["GET"]}}],"collection":[{"href":"https:\/\/pos.uel.br\/cienciaanimal\/wp-json\/wp\/v2\/pages"}],"about":[{"href":"https:\/\/pos.uel.br\/cienciaanimal\/wp-json\/wp\/v2\/types\/page"}],"author":[{"embeddable":true,"href":"https:\/\/pos.uel.br\/cienciaanimal\/wp-json\/wp\/v2\/users\/10"}],"replies":[{"embeddable":true,"href":"https:\/\/pos.uel.br\/cienciaanimal\/wp-json\/wp\/v2\/comments?post=440"}],"version-history":[{"count":1,"href":"https:\/\/pos.uel.br\/cienciaanimal\/wp-json\/wp\/v2\/pages\/440\/revisions"}],"predecessor-version":[{"id":441,"href":"https:\/\/pos.uel.br\/cienciaanimal\/wp-json\/wp\/v2\/pages\/440\/revisions\/441"}],"wp:attachment":[{"href":"https:\/\/pos.uel.br\/cienciaanimal\/wp-json\/wp\/v2\/media?parent=440"}],"curies":[{"name":"wp","href":"https:\/\/api.w.org\/{rel}","templated":true}]}}