{"id":220,"date":"2021-07-17T00:53:25","date_gmt":"2021-07-17T03:53:25","guid":{"rendered":"https:\/\/pos.uel.br\/cienciaanimal\/?page_id=220"},"modified":"2022-03-03T11:49:55","modified_gmt":"2022-03-03T14:49:55","slug":"selecao","status":"publish","type":"page","link":"https:\/\/pos.uel.br\/cienciaanimal\/selecao\/","title":{"rendered":"Sele\u00e7\u00e3o"},"content":{"rendered":"\n<h3 class=\"wp-block-heading\" id=\"diretrizes-para-o-processo-seletivo-do-ppg-ca\"><mark style=\"background-color:rgba(0, 0, 0, 0)\" class=\"has-inline-color has-secondary-accent-color\">Diretrizes para o Processo Seletivo do PPG-CA:<\/mark><\/h3>\n\n\n\n<div style=\"height:39px\" aria-hidden=\"true\" class=\"wp-block-spacer\"><\/div>\n\n\n\n<h4 class=\"wp-block-heading\" id=\"1-cronograma\"><strong><span class=\"has-inline-color has-secondary-text-color\">1 &#8211; Cronograma<\/span><\/strong><\/h4>\n\n\n\n<figure class=\"wp-block-table is-style-stripes\"><table><tbody><tr><td><strong>PROCEDIMENTOS<\/strong><\/td><td><strong>DATAS<\/strong>*<\/td><\/tr><tr><td>Per\u00edodo de Inscri\u00e7\u00e3o<\/td><td>verificar edital de sele\u00e7\u00e3o<\/td><\/tr><tr><td>Per\u00edodo de envio de documentos,&nbsp;<strong>via e-mail<\/strong>, para homologa\u00e7\u00e3o da inscri\u00e7\u00e3o<\/td><td><\/td><\/tr><tr><td>Divulga\u00e7\u00e3o homologa\u00e7\u00e3o da inscri\u00e7\u00e3o<\/td><td><\/td><\/tr><tr><td>Per\u00edodo da regulariza\u00e7\u00e3o Documenta\u00e7\u00e3o<\/td><td><\/td><\/tr><tr><td>Envio de link e hor\u00e1rio para argui\u00e7\u00e3o do candidato \u00e0 qual ocorrer\u00e1 via remota \u2013 mestrado*<\/td><td><\/td><\/tr><tr><td>Per\u00edodo de sele\u00e7\u00e3o para o Mestrado<\/td><td><\/td><\/tr><tr><td>Envio de link e hor\u00e1rio para argui\u00e7\u00e3o do candidato \u00e0 qual ocorrer\u00e1 via remota \u2013 doutorado*<\/td><td><\/td><\/tr><tr><td>Per\u00edodo de sele\u00e7\u00e3o para o Doutorado<\/td><td><\/td><\/tr><tr><td>Divulga\u00e7\u00e3o do resultado pelo Programa<\/td><td><\/td><\/tr><tr><td>Convoca\u00e7\u00e3o para a Matr\u00edcula<\/td><td><\/td><\/tr><tr><td>Per\u00edodo de Matr\u00edcula<\/td><td><\/td><\/tr><\/tbody><\/table><figcaption><strong>*O link de acesso dia e hor\u00e1rio da argui\u00e7\u00e3o ser\u00e3o enviados no e-mail de inscri\u00e7\u00e3o do candidato.<\/strong><\/figcaption><\/figure>\n\n\n\n<p>* A sele\u00e7\u00e3o normalmente \u00e9 realizada no final quarto bimestre.  As datas devem ser conferidas conforme o edital de sele\u00e7\u00e3o.<\/p>\n\n\n\n<p><mark style=\"background-color:rgba(0, 0, 0, 0)\" class=\"has-inline-color has-secondary-accent-color\"><strong>Aten\u00e7\u00e3o<\/strong>:<\/mark><\/p>\n\n\n\n<p>O candidato dever\u00e1 acompanhar os atos relativos ao processo de sele\u00e7\u00e3o dispon\u00edveis no site do Programa (http:\/\/www.uel.br\/pos\/ciencia_animal\/), obrigando-se a atender aos prazos e \u00e0s condi\u00e7\u00f5es estabelecidas no presente edital e \u00e0queles que forem divulgados durante a execu\u00e7\u00e3o da sele\u00e7\u00e3o.<\/p>\n\n\n\n<div style=\"height:39px\" aria-hidden=\"true\" class=\"wp-block-spacer\"><\/div>\n\n\n\n<h4 class=\"wp-block-heading\" id=\"2-da-inscricao\"><mark style=\"background-color:rgba(0, 0, 0, 0)\" class=\"has-inline-color has-secondary-text-color\">2. Da inscri\u00e7\u00e3o<\/mark><\/h4>\n\n\n\n<p><strong>Os documentos dever\u00e3o ser encaminhados via e-mail para o endere\u00e7o ciencianimal@uel.br, conforme cronograma \u2013 item 1.&nbsp;&nbsp;<\/strong><\/p>\n\n\n\n<p>A documenta\u00e7\u00e3o deve estar completa, caso contr\u00e1rio, o candidato ser\u00e1 automaticamente exclu\u00eddo do processo seletivo.<\/p>\n\n\n\n<p>O e-mail dever\u00e1 ser identificado com o assunto&nbsp;<strong>\u201cInscri\u00e7\u00f5es Regulares&nbsp;<em>\u2013 \u201cN\u00cdVEL DO CURSO\u201d \u2013 \u201cNOME DO\/A CANDIDATO\/A\u201d<\/em><\/strong>.<\/p>\n\n\n\n<p>N\u00e3o haver\u00e1 entrega f\u00edsica de documenta\u00e7\u00e3o, pessoalmente ou via Correios. O envio \u00e9 exclusivamente via e-mail, para o endere\u00e7o indicado. Obrigatoriamente, a documenta\u00e7\u00e3o exigida dever\u00e1 ser dividida em arquivos digitalizados no formato PDF, n\u00e3o podendo ultrapassar 8MB em cada arquivo.<\/p>\n\n\n\n<p>Inscri\u00e7\u00f5es recebidas no e-mail ap\u00f3s o hor\u00e1rio indicado ser\u00e3o indeferidas. Portanto, verifique a configura\u00e7\u00e3o de seu e-mail e fa\u00e7a o ajuste para o hor\u00e1rio de Bras\u00edlia.<\/p>\n\n\n\n<p>N\u00e3o nos responsabilizaremos por quaisquer problemas de ordem t\u00e9cnica que acarretem o envio fora do prazo estabelecido no presente Edital.<\/p>\n\n\n\n<p>N\u00e3o ser\u00e3o aceitos arquivos compartilhados em Google Drive ou compactados, apenas anexados ao e-mail e em formato PDF.<\/p>\n\n\n\n<div style=\"height:39px\" aria-hidden=\"true\" class=\"wp-block-spacer\"><\/div>\n\n\n\n<h4 class=\"wp-block-heading\" id=\"3-dos-documentos-para-inscricao\"><mark style=\"background-color:rgba(0, 0, 0, 0)\" class=\"has-inline-color has-secondary-text-color\">3. Dos documentos para inscri\u00e7\u00e3o<\/mark><\/h4>\n\n\n\n<h4 class=\"wp-block-heading\" id=\"mestrado\"><strong><span class=\"has-inline-color has-secondary-accent-color\">Mestrado<\/span><\/strong><\/h4>\n\n\n\n<ol class=\"wp-block-list\"><li>a) ficha de inscri\u00e7\u00e3o preenchida, que est\u00e1 dispon\u00edvel em:&nbsp;<a href=\"http:\/\/www.uel.br\/proppg\/portalnovo\/pages\/inscricoes-programas-cursos\/inscricoes-por-nivel.php\"><span class=\"has-inline-color has-primary-accent-color\">http:\/\/www.uel.br\/proppg\/portalnovo\/pages\/inscricoes-programas-cursos\/inscricoes-por-nivel.php<\/span><\/a>;<\/li><li>b) comprovante de recolhimento do pre\u00e7o p\u00fablico de inscri\u00e7\u00e3o correspondente ao valor de R$ 162,00 (cento e sessenta e dois reais) \u2013&nbsp;<strong><u>somente na Caixa Econ\u00f4mica Federal, conforme especificado no Boleto;<\/u><\/strong><\/li><li>c) fotoc\u00f3pia da C\u00e9dula de Identidade \u2013&nbsp;<strong>Obrigat\u00f3rio o RG para fins acad\u00eamicos;<\/strong><\/li><li>d) fotoc\u00f3pia do C.P.F.: quando na C\u00e9dula de Identidade n\u00e3o constar o n\u00ba do CPF, fica obrigat\u00f3ria a apresenta\u00e7\u00e3o de c\u00f3pia leg\u00edvel do mesmo ou Comprovante de Situa\u00e7\u00e3o Cadastral no CPF, retirado do site da Receita Federal:&nbsp;<a href=\"https:\/\/www.receita.fazenda.gov.br\/Aplicacoes\/SSL\/ATCTA\/CPF\/ConsultaSituacao\/ConsultaPublica.asp\"><span class=\"has-inline-color has-primary-accent-color\">https:\/\/www.receita.fazenda.gov.br\/Aplicacoes\/SSL\/ATCTA\/CPF\/ConsultaSituacao\/ConsultaPublica.asp<\/span><\/a>;<\/li><li>e) Documento Militar (M), para os que possuem menos de 45 anos de idade;<\/li><li>f) Certid\u00e3o de Nascimento ou Casamento (frente e verso, sem tarja nem dobras)<\/li><li>g) c\u00f3pia frente e verso do diploma do curso de gradua\u00e7\u00e3o (autenticada para aqueles emitidos por outras IES). Caso o candidato ainda n\u00e3o possua o diploma, dever\u00e1 apresentar documento de cola\u00e7\u00e3o de grau. Caso ainda esteja cursando a gradua\u00e7\u00e3o, dever\u00e1 apresentar atestado de demonstre estar matriculado no \u00faltimo ano de gradua\u00e7\u00e3o e t\u00e9rmino previsto at\u00e9 o in\u00edcio do per\u00edodo letivo);<\/li><li>Curr\u00edculo Lattes documentado;<\/li><li>Ficha de Avalia\u00e7\u00e3o do Curr\u00edculo Lattes devidamente preenchida (modelo dispon\u00edvel em Formul\u00e1rios no site do Programa: uel.br\/pos\/ciencia_animal);<\/li><li>carta de aceite pr\u00e9vio do (a) poss\u00edvel orientador (a), dever\u00e1 ser anexada \u00e0 documenta\u00e7\u00e3o, (modelo dispon\u00edvel em Formul\u00e1rios no site do Programa);<\/li><li>Plano de Trabalho para o desenvolvimento da disserta\u00e7\u00e3o que esteja em conson\u00e2ncia com uma das Linhas de Pesquisa do Programa. O plano dever\u00e1 ser elaborado em no m\u00e1ximo 04 (quatro) p\u00e1ginas, onde dever\u00e1 constar data, nome, assinatura do candidato e aprova\u00e7\u00e3o do orientador;<\/li><\/ol>\n\n\n\n<p><\/p>\n\n\n\n<p><strong>Candidatos estrangeiros<\/strong>&nbsp;dever\u00e3o apresentar:&nbsp;<strong>1.<\/strong>&nbsp;c\u00f3pia do passaporte;&nbsp;<strong>2.<\/strong>&nbsp;c\u00f3pia&nbsp;<strong>autenticada<\/strong>&nbsp;do diploma de gradua\u00e7\u00e3o (idioma de origem);&nbsp;<strong>3.<\/strong>&nbsp;c\u00f3pia&nbsp;<strong>autenticada<\/strong>&nbsp;da tradu\u00e7\u00e3o juramentada do diploma de gradua\u00e7\u00e3o;&nbsp;<strong>4.&nbsp;<\/strong>c\u00f3pia&nbsp;<strong>autenticada<\/strong>&nbsp;da Certid\u00e3o de Nascimento ou Casamento (idioma de origem);&nbsp;<strong>5.<\/strong>&nbsp;c\u00f3pia&nbsp;<strong>autenticada<\/strong>&nbsp;da tradu\u00e7\u00e3o juramentada da Certid\u00e3o de Nascimento ou Casamento;&nbsp;<strong>6<\/strong>. c\u00f3pia do CPF;&nbsp;<strong>7.<\/strong>&nbsp;visto de perman\u00eancia no pa\u00eds, atualizado.<\/p>\n\n\n\n<p><strong>Aten\u00e7\u00e3o:&nbsp;<\/strong>O candidato que apresentar documento que n\u00e3o o diploma deve ter ci\u00eancia de que, se aprovado no processo seletivo, dever\u00e1 apresentar, no ato da matr\u00edcula, documento comprobat\u00f3rio no qual a data de conclus\u00e3o do curso (dia\/m\u00eas\/ano) deve ser anterior \u00e0 matr\u00edcula na UEL, sem o qual n\u00e3o poder\u00e1 efetuar a matr\u00edcula e perder\u00e1 o direito \u00e0 vaga,&nbsp;<strong>sem restitui\u00e7\u00e3o do valor do pre\u00e7o p\u00fablico referente \u00e0 inscri\u00e7\u00e3o.<\/strong><\/p>\n\n\n\n<div style=\"height:39px\" aria-hidden=\"true\" class=\"wp-block-spacer\"><\/div>\n\n\n\n<h4 class=\"wp-block-heading\" id=\"doutorado\"><strong><span class=\"has-inline-color has-secondary-accent-color\">Doutorado<\/span><\/strong><\/h4>\n\n\n\n<ol class=\"wp-block-list\"><li>a) ficha de inscri\u00e7\u00e3o preenchida, que est\u00e1 dispon\u00edvel em:&nbsp;<a href=\"http:\/\/www.uel.br\/proppg\/portalnovo\/pages\/inscricoes-programas-cursos\/inscricoes-por-nivel.php\"><span class=\"has-inline-color has-primary-accent-color\">http:\/\/www.uel.br\/proppg\/portalnovo\/pages\/inscricoes-programas-cursos\/inscricoes-por-nivel.php<\/span><\/a>;<\/li><li>b) comprovante de recolhimento do pre\u00e7o p\u00fablico de inscri\u00e7\u00e3o correspondente ao valor de R$ 162,00 (cento e sessenta e dois reais)&nbsp;<strong>\u2013&nbsp;<u>somente na Caixa Econ\u00f4mica Federal, conforme especificado no Boleto;<\/u><\/strong><\/li><li>c) fotoc\u00f3pia da C\u00e9dula de Identidade \u2013&nbsp;<strong><u>Obrigat\u00f3rio<\/u>&nbsp;o RG para fins acad\u00eamicos;<\/strong><\/li><li>d) fotoc\u00f3pia do C.P.F.: quando na C\u00e9dula de Identidade n\u00e3o constar o n\u00ba do CPF, fica obrigat\u00f3ria a apresenta\u00e7\u00e3o de c\u00f3pia leg\u00edvel do mesmo ou Comprovante de Situa\u00e7\u00e3o Cadastral no CPF, retirado do site da Receita Federal:&nbsp;<a href=\"https:\/\/www.receita.fazenda.gov.br\/Aplicacoes\/SSL\/ATCTA\/CPF\/ConsultaSituacao\/ConsultaPublica.asp\"><span class=\"has-inline-color has-primary-accent-color\">https:\/\/www.receita.fazenda.gov.br\/Aplicacoes\/SSL\/ATCTA\/CPF\/ConsultaSituacao\/ConsultaPublica.asp<\/span><\/a>;<\/li><li>e) Documento Militar (M), para os que possuem menos de 45 anos de idade;<\/li><li>f) Certid\u00e3o de Nascimento ou Casamento (frente e verso, sem tarja nem dobras)<\/li><li>h) c\u00f3pia frente e verso do diploma do curso de gradua\u00e7\u00e3o (autenticada para aqueles emitidos por outras IES). Caso o candidato ainda n\u00e3o possua o diploma, dever\u00e1 apresentar documento de cola\u00e7\u00e3o de grau. Caso ainda esteja cursando a gradua\u00e7\u00e3o, dever\u00e1 apresentar atestado de demonstre estar matriculado no \u00faltimo ano de gradua\u00e7\u00e3o e t\u00e9rmino previsto at\u00e9 o in\u00edcio do per\u00edodo letivo);<\/li><li>Curr\u00edculo Lattes documentado,<\/li><li>Ficha de Avalia\u00e7\u00e3o do Curr\u00edculo Lattes devidamente preenchida (modelo dispon\u00edvel em Formul\u00e1rios no site do Programa: uel.br\/pos\/ciencia_animal);<\/li><li>carta de aceite pr\u00e9vio do (a) poss\u00edvel orientador(a), (modelo dispon\u00edvel em Formul\u00e1rios no site do Programa);<\/li><li>pr\u00e9-projeto da tese, aprovado pelo prov\u00e1vel orientador;<\/li><\/ol>\n\n\n\n<p><\/p>\n\n\n\n<p><strong>Candidatos estrangeiros<\/strong>&nbsp;dever\u00e3o apresentar:&nbsp;<strong>1.<\/strong>&nbsp;c\u00f3pia do passaporte;&nbsp;<strong>2.<\/strong>&nbsp;c\u00f3pia&nbsp;<strong>autenticada<\/strong>&nbsp;do diploma de gradua\u00e7\u00e3o (idioma de origem);&nbsp;<strong>3.<\/strong>&nbsp;c\u00f3pia&nbsp;<strong>autenticada<\/strong>&nbsp;da tradu\u00e7\u00e3o juramentada do diploma de gradua\u00e7\u00e3o;&nbsp;<strong>4.&nbsp;<\/strong>c\u00f3pia&nbsp;<strong>autenticada<\/strong>&nbsp;da Certid\u00e3o de Nascimento ou Casamento (idioma de origem);&nbsp;<strong>5.<\/strong>&nbsp;c\u00f3pia&nbsp;<strong>autenticada<\/strong>&nbsp;da tradu\u00e7\u00e3o juramentada da Certid\u00e3o de Nascimento ou Casamento;&nbsp;<strong>6<\/strong>. c\u00f3pia do CPF;&nbsp;<strong>7.<\/strong>&nbsp;visto de perman\u00eancia no pa\u00eds, atualizado.<\/p>\n\n\n\n<p><strong>Aten\u00e7\u00e3o:&nbsp;<\/strong>O candidato que apresentar documento que comprove a conclus\u00e3o da gradua\u00e7\u00e3o que n\u00e3o seja o&nbsp;<strong><u>diploma<\/u><\/strong>&nbsp;deve ter ci\u00eancia de que, se aprovado no processo seletivo, dever\u00e1 apresentar, no ato da matr\u00edcula, documento comprobat\u00f3rio no qual a data de conclus\u00e3o do curso (dia\/m\u00eas\/ano) deve ser anterior \u00e0 matr\u00edcula na UEL, sem o qual n\u00e3o poder\u00e1 efetuar a matr\u00edcula e perder\u00e1 o direito \u00e0 vaga,&nbsp;<strong>sem restitui\u00e7\u00e3o do valor do pre\u00e7o p\u00fablico referente \u00e0 inscri\u00e7\u00e3o.<\/strong><\/p>\n\n\n\n<div style=\"height:39px\" aria-hidden=\"true\" class=\"wp-block-spacer\"><\/div>\n\n\n\n<h4 class=\"wp-block-heading\" id=\"mestrado-e-doutorado\"><mark style=\"background-color:rgba(0, 0, 0, 0)\" class=\"has-inline-color has-secondary-accent-color\"><strong>Mestrado e Doutorado<\/strong><\/mark><\/h4>\n\n\n\n<p>\u2022&nbsp; para a sele\u00e7\u00e3o no n\u00edvel do mestrado ser\u00e1 necess\u00e1ria a apresenta\u00e7\u00e3o de um Plano de Trabalho para o desenvolvimento da disserta\u00e7\u00e3o que esteja em conson\u00e2ncia com uma das Linhas de Pesquisa do Programa. O plano dever\u00e1 ser elaborado em no m\u00e1ximo 04 (quatro) p\u00e1ginas, onde dever\u00e1 constar data, nome, assinatura do candidato e o \u201cde acordo\u201d assinado pelo orientador;<\/p>\n\n\n\n<p>\u2022&nbsp; para a sele\u00e7\u00e3o no n\u00edvel de doutorado, tamb\u00e9m constar\u00e1 do processo seletivo a an\u00e1lise do projeto de pesquisa (apresentado no ato da inscri\u00e7\u00e3o) e argui\u00e7\u00e3o pela Comiss\u00e3o de Sele\u00e7\u00e3o do Programa.<\/p>\n\n\n\n<p>*&nbsp;<strong>Para aprova\u00e7\u00e3o no processo de sele\u00e7\u00e3o o candidato dever\u00e1 atingir uma pontua\u00e7\u00e3o m\u00e9dia igual ou superior a 6,0 (seis) resultante das avalia\u00e7\u00f5es acima descritas.<\/strong><\/p>\n\n\n\n<p>Em caso de d\u00favida, entrara em contato atrav\u00e9s do e-mail:&nbsp;<a href=\"mailto:ciencianimal@uel.br\"><span class=\"has-inline-color has-primary-accent-color\">ciencianimal@uel.br<\/span>&nbsp;<\/a>ou telefone: (43) 3371-4709.<\/p>\n\n\n\n<div style=\"height:12px\" aria-hidden=\"true\" class=\"wp-block-spacer\"><\/div>\n\n\n\n<h6 class=\"wp-block-heading\" id=\"formularios-para-inscricao\"><strong><span class=\"has-inline-color has-secondary-accent-color\">FORMUL\u00c1RIOS PARA INSCRI\u00c7\u00c3O:<\/span><\/strong><\/h6>\n\n\n\n<p><\/p>\n\n\n\n<p><strong><span class=\"has-inline-color has-primary-accent-color\">Ficha de Avalia\u00e7\u00e3o Curr\u00edculo Lattes<\/span><\/strong><\/p>\n\n\n\n<div style=\"height:1px\" aria-hidden=\"true\" class=\"wp-block-spacer\"><\/div>\n\n\n\n<div style=\"height:37px\" aria-hidden=\"true\" class=\"wp-block-spacer\"><\/div>\n\n\n\n<h6 class=\"wp-block-heading\" id=\"pontos-da-prova-de-mestrado\"><strong><span class=\"has-inline-color has-secondary-accent-color\">PONTOS DA PROVA DE MESTRADO:<\/span><\/strong><\/h6>\n\n\n\n<p class=\"has-primary-accent-color has-text-color\"><strong><span class=\"has-inline-color has-primary-accent-color\"><a href=\"https:\/\/pos.uel.br\/cienciaanimal\/wp-content\/uploads\/2021\/07\/Sanidade-Animal.pdf\" target=\"_blank\" rel=\"noreferrer noopener\">\u00c1rea de Sanidade Animal<\/a><\/span><\/strong><\/p>\n\n\n\n<p class=\"has-primary-accent-color has-text-color\"><strong><span class=\"has-inline-color has-primary-accent-color\"><a href=\"https:\/\/pos.uel.br\/cienciaanimal\/wp-content\/uploads\/2021\/07\/Pontos-Producao-Animal.pdf\" target=\"_blank\" rel=\"noreferrer noopener\">\u00c1rea de Produ\u00e7\u00e3o Animal<\/a><\/span><\/strong><\/p>\n","protected":false},"excerpt":{"rendered":"<p>Diretrizes para o Processo Seletivo do PPG-CA: 1 &#8211; Cronograma PROCEDIMENTOS DATAS* Per\u00edodo de Inscri\u00e7\u00e3o verificar edital de sele\u00e7\u00e3o Per\u00edodo de envio de documentos,&nbsp;via e-mail, para homologa\u00e7\u00e3o da inscri\u00e7\u00e3o Divulga\u00e7\u00e3o homologa\u00e7\u00e3o da inscri\u00e7\u00e3o Per\u00edodo da regulariza\u00e7\u00e3o Documenta\u00e7\u00e3o Envio de link e hor\u00e1rio para argui\u00e7\u00e3o do candidato \u00e0 qual ocorrer\u00e1 via remota \u2013 mestrado* Per\u00edodo de [&hellip;]<\/p>\n","protected":false},"author":10,"featured_media":0,"parent":0,"menu_order":0,"comment_status":"closed","ping_status":"closed","template":"","meta":{"_acf_changed":false,"footnotes":""},"class_list":["post-220","page","type-page","status-publish","hentry"],"acf":[],"_links":{"self":[{"href":"https:\/\/pos.uel.br\/cienciaanimal\/wp-json\/wp\/v2\/pages\/220","targetHints":{"allow":["GET"]}}],"collection":[{"href":"https:\/\/pos.uel.br\/cienciaanimal\/wp-json\/wp\/v2\/pages"}],"about":[{"href":"https:\/\/pos.uel.br\/cienciaanimal\/wp-json\/wp\/v2\/types\/page"}],"author":[{"embeddable":true,"href":"https:\/\/pos.uel.br\/cienciaanimal\/wp-json\/wp\/v2\/users\/10"}],"replies":[{"embeddable":true,"href":"https:\/\/pos.uel.br\/cienciaanimal\/wp-json\/wp\/v2\/comments?post=220"}],"version-history":[{"count":8,"href":"https:\/\/pos.uel.br\/cienciaanimal\/wp-json\/wp\/v2\/pages\/220\/revisions"}],"predecessor-version":[{"id":486,"href":"https:\/\/pos.uel.br\/cienciaanimal\/wp-json\/wp\/v2\/pages\/220\/revisions\/486"}],"wp:attachment":[{"href":"https:\/\/pos.uel.br\/cienciaanimal\/wp-json\/wp\/v2\/media?parent=220"}],"curies":[{"name":"wp","href":"https:\/\/api.w.org\/{rel}","templated":true}]}}