{"id":178,"date":"2021-07-16T20:13:59","date_gmt":"2021-07-16T23:13:59","guid":{"rendered":"https:\/\/pos.uel.br\/cienciaanimal\/?page_id=178"},"modified":"2023-08-09T11:52:25","modified_gmt":"2023-08-09T14:52:25","slug":"resultado-bolsas","status":"publish","type":"page","link":"https:\/\/pos.uel.br\/cienciaanimal\/resultado-bolsas\/","title":{"rendered":"Resultado Bolsas"},"content":{"rendered":"\n<h3 class=\"wp-block-heading has-text-align-center\" id=\"resultado-da-classificacao-das-bolsas-mestrado-e-doutorado\"><mark class=\"has-inline-color has-primary-accent-color\">Resultado da\u00a0Classifica\u00e7\u00e3o das Bolsas Mestrado e Doutorado<\/mark><mark class=\"has-inline-color has-extra-1-color\"> &#8211; 2023<\/mark><\/h3>\n\n\n\n<p class=\"has-text-align-center\">As cotas do Programa para a implementa\u00e7\u00e3o depende da disponibilidade de bolsas. O aluno contemplado com a Bolsa dever\u00e1 entrar em contato com a Secretaria para informar os dados banc\u00e1rios para a implementa\u00e7\u00e3o da bolsa e para maiores informa\u00e7\u00f5es.<\/p>\n\n\n\n<hr class=\"wp-block-separator has-css-opacity\" \/>\n\n\n\n<h6 class=\"wp-block-heading has-text-align-center\" id=\"portaria-n-76-de-14-de-abril-de-2010-regulamento-do-programa-de-demanda-social-criterios-para-concessao-de-bolsa-capes-ds\"><strong><a href=\"https:\/\/pos.uel.br\/cienciaanimal\/wp-content\/uploads\/2021\/07\/Portaria-76-2010-Regulamento-Bolsas-CAPES-DS.pdf\" target=\"_blank\" rel=\"noreferrer noopener\"><span class=\"has-inline-color has-primary-accent-color\">Portaria n\u00b0 76, de 14 de abril de 2010<\/span><\/a><span class=\"has-inline-color has-primary-accent-color\">&nbsp;<\/span><\/strong> &#8211; Regulamento do Programa de Demanda Social \u2013 Crit\u00e9rios para Concess\u00e3o de Bolsa CAPES\/DS<\/h6>\n\n\n\n<figure class=\"wp-block-table alignfull is-style-stripes\"><table><tbody><tr><td class=\"has-text-align-center\" data-align=\"center\"><\/td><td class=\"has-text-align-center\" data-align=\"center\"><strong>DOUTORADO<\/strong><\/td><td class=\"has-text-align-center\" data-align=\"center\"><\/td><\/tr><tr><td class=\"has-text-align-center\" data-align=\"center\"><strong>ANO INGRESSO<\/strong><\/td><td class=\"has-text-align-center\" data-align=\"center\"><strong>NOME<\/strong><\/td><td class=\"has-text-align-center\" data-align=\"center\"><strong>BOLSA<\/strong><\/td><\/tr><tr><td class=\"has-text-align-center\" data-align=\"center\">2023<\/td><td class=\"has-text-align-center\" data-align=\"center\">VICTOR CESAR FREITAS PANDOLFI<\/td><td class=\"has-text-align-center\" data-align=\"center\">CAPES<\/td><\/tr><tr><td class=\"has-text-align-center\" data-align=\"center\">2023<\/td><td class=\"has-text-align-center\" data-align=\"center\">VICTOR HUGO BRUNALDI MARUTANI<\/td><td class=\"has-text-align-center\" data-align=\"center\">CAPES<\/td><\/tr><tr><td class=\"has-text-align-center\" data-align=\"center\">2022<\/td><td class=\"has-text-align-center\" data-align=\"center\">LUARA EVANGELISTA SILVA<\/td><td class=\"has-text-align-center\" data-align=\"center\">CAPES<\/td><\/tr><tr><td class=\"has-text-align-center\" data-align=\"center\">2022<\/td><td class=\"has-text-align-center\" data-align=\"center\">ISABELLI SAYURI KONO<\/td><td class=\"has-text-align-center\" data-align=\"center\">CAPES<\/td><\/tr><tr><td class=\"has-text-align-center\" data-align=\"center\">2023<\/td><td class=\"has-text-align-center\" data-align=\"center\">NAT\u00c1LIA AMOROSO FERRARI<\/td><td class=\"has-text-align-center\" data-align=\"center\">CAPES<\/td><\/tr><tr><td class=\"has-text-align-center\" data-align=\"center\">2023<\/td><td class=\"has-text-align-center\" data-align=\"center\">CINDY NAMIE SEINO LEAL<\/td><td class=\"has-text-align-center\" data-align=\"center\">CAPES<\/td><\/tr><tr><td class=\"has-text-align-center\" data-align=\"center\">2023<\/td><td class=\"has-text-align-center\" data-align=\"center\">FL\u00c1VIA HELENA PEREIRA SILVA<\/td><td class=\"has-text-align-center\" data-align=\"center\">CAPES<\/td><\/tr><tr><td class=\"has-text-align-center\" data-align=\"center\">2023<\/td><td class=\"has-text-align-center\" data-align=\"center\">LISANDRA DE CAMARGO CAMPOS<\/td><td class=\"has-text-align-center\" data-align=\"center\">CAPES<\/td><\/tr><tr><td class=\"has-text-align-center\" data-align=\"center\">2023<\/td><td class=\"has-text-align-center\" data-align=\"center\">MAYARA CARDOSO DO ANJOS<\/td><td class=\"has-text-align-center\" data-align=\"center\">CAPES<\/td><\/tr><tr><td class=\"has-text-align-center\" data-align=\"center\">2023<\/td><td class=\"has-text-align-center\" data-align=\"center\">GABRIELA RODRIGUES DE PAULA<\/td><td class=\"has-text-align-center\" data-align=\"center\">CAPES<\/td><\/tr><tr><td class=\"has-text-align-center\" data-align=\"center\">2023<\/td><td class=\"has-text-align-center\" data-align=\"center\">JULIA RODRIGUES GREGHI<\/td><td class=\"has-text-align-center\" data-align=\"center\">CAPES<\/td><\/tr><tr><td class=\"has-text-align-center\" data-align=\"center\">2023<\/td><td class=\"has-text-align-center\" data-align=\"center\">NAT\u00c1LIA NAMI OGAWA<\/td><td class=\"has-text-align-center\" data-align=\"center\">CAPES<\/td><\/tr><tr><td class=\"has-text-align-center\" data-align=\"center\">2023<\/td><td class=\"has-text-align-center\" data-align=\"center\">APARECIDA DE JESUS CAETANO<\/td><td class=\"has-text-align-center\" data-align=\"center\">CAPES<\/td><\/tr><tr><td class=\"has-text-align-center\" data-align=\"center\"><\/td><td class=\"has-text-align-center\" data-align=\"center\"><strong>MESTRADO<\/strong><\/td><td class=\"has-text-align-center\" data-align=\"center\"><\/td><\/tr><tr><td class=\"has-text-align-center\" data-align=\"center\"><strong>ANO INGRESSO<\/strong><\/td><td class=\"has-text-align-center\" data-align=\"center\"><strong>NOME<\/strong><\/td><td class=\"has-text-align-center\" data-align=\"center\"><strong>BOLSA<\/strong><\/td><\/tr><tr><td class=\"has-text-align-center\" data-align=\"center\">2023<\/td><td class=\"has-text-align-center\" data-align=\"center\">CAROLINA YUKA YASUMITSU<\/td><td class=\"has-text-align-center\" data-align=\"center\">CAPES<\/td><\/tr><tr><td class=\"has-text-align-center\" data-align=\"center\">2023<\/td><td class=\"has-text-align-center\" data-align=\"center\">VINICIUS RODRIGUES BO<\/td><td class=\"has-text-align-center\" data-align=\"center\">CAPES<\/td><\/tr><tr><td class=\"has-text-align-center\" data-align=\"center\">2023<\/td><td class=\"has-text-align-center\" data-align=\"center\">RAFAELA MARIA BOSON JURKEVICZ<\/td><td class=\"has-text-align-center\" data-align=\"center\">CAPES<\/td><\/tr><tr><td class=\"has-text-align-center\" data-align=\"center\">2023<\/td><td class=\"has-text-align-center\" data-align=\"center\">ANA CAROLINA CAVALLIERI<\/td><td class=\"has-text-align-center\" data-align=\"center\">CAPES<\/td><\/tr><tr><td class=\"has-text-align-center\" data-align=\"center\">2023<\/td><td class=\"has-text-align-center\" data-align=\"center\">ALINE DEL CONSULO<\/td><td class=\"has-text-align-center\" data-align=\"center\">CAPES<\/td><\/tr><tr><td class=\"has-text-align-center\" data-align=\"center\">2023<\/td><td class=\"has-text-align-center\" data-align=\"center\">ANA CAROLINA ZENCKEL ROMERO<\/td><td class=\"has-text-align-center\" data-align=\"center\">CAPES<\/td><\/tr><tr><td class=\"has-text-align-center\" data-align=\"center\">2023<\/td><td class=\"has-text-align-center\" data-align=\"center\">GABRIELA DONINI CES\u00c1RIO<\/td><td class=\"has-text-align-center\" data-align=\"center\">CAPES<\/td><\/tr><tr><td class=\"has-text-align-center\" data-align=\"center\">2023<\/td><td class=\"has-text-align-center\" data-align=\"center\">MATHEUS HENRIQUE D\u00c1RIO SILVA<\/td><td class=\"has-text-align-center\" data-align=\"center\">CAPES<\/td><\/tr><tr><td class=\"has-text-align-center\" data-align=\"center\">2023<\/td><td class=\"has-text-align-center\" data-align=\"center\">DOUGLAS MAGALH\u00c3ES SILVA<\/td><td class=\"has-text-align-center\" data-align=\"center\">CAPES<\/td><\/tr><tr><td class=\"has-text-align-center\" data-align=\"center\">2023<\/td><td class=\"has-text-align-center\" data-align=\"center\">CINTHIA MIYUKI HASEGAWA<\/td><td class=\"has-text-align-center\" data-align=\"center\">CAPES<\/td><\/tr><tr><td class=\"has-text-align-center\" data-align=\"center\">2022<\/td><td class=\"has-text-align-center\" data-align=\"center\">GIOVANNA LIMA SILVA<\/td><td class=\"has-text-align-center\" data-align=\"center\">CAPES<\/td><\/tr><tr><td class=\"has-text-align-center\" data-align=\"center\">2023<\/td><td class=\"has-text-align-center\" data-align=\"center\">JO\u00c3O VICTOR SOBREIRA XAVIER<\/td><td class=\"has-text-align-center\" data-align=\"center\">CAPES<\/td><\/tr><tr><td class=\"has-text-align-center\" data-align=\"center\">2023<\/td><td class=\"has-text-align-center\" data-align=\"center\">PAMELA MARA CELESTINO SOARES<\/td><td class=\"has-text-align-center\" data-align=\"center\">CAPES<\/td><\/tr><tr><td class=\"has-text-align-center\" data-align=\"center\">2023<\/td><td class=\"has-text-align-center\" data-align=\"center\">RAFAELA SCHOMA CARDOSO<\/td><td class=\"has-text-align-center\" data-align=\"center\">Fund. Arauc\u00e1ria<\/td><\/tr><tr><td class=\"has-text-align-center\" data-align=\"center\">2023<\/td><td class=\"has-text-align-center\" data-align=\"center\">RODRIGO CAVALCANTE MARTINS<\/td><td class=\"has-text-align-center\" data-align=\"center\">CNPq (6 meses)<\/td><\/tr><\/tbody><\/table><\/figure>\n\n\n\n<h5 class=\"wp-block-heading\" id=\"constituicao-da-comissao-de-bolsas\"><strong><span class=\"has-inline-color has-extra-2-color\">Constitui\u00e7\u00e3o da Comiss\u00e3o de Bolsas:<\/span><\/strong><\/h5>\n\n\n\n<blockquote class=\"wp-block-quote is-layout-flow wp-block-quote-is-layout-flow\">\n<ul class=\"wp-block-list\">\n<li>Prof. Dr. Selwyn Arlington Headley (DMVP)<\/li>\n\n\n\n<li>Prof. Dr.\u00a0Julio Augusto Naylor Lisboa (DCV)<\/li>\n\n\n\n<li>Prof. Dr. Caio Ab\u00e9rcio da Silva (DZOT)<\/li>\n\n\n\n<li>Representante dos discentes Doutorado: <span style=\"font-size: revert\"> <\/span>Mariana de Mello Zanim Michelazzo<\/li>\n\n\n\n<li>Representante dos dicentes Mestrado: Stael M. Carrilho<\/li>\n<\/ul>\n<\/blockquote>\n\n\n\n<p><\/p>\n\n\n\n<p><\/p>\n","protected":false},"excerpt":{"rendered":"<p>Resultado da\u00a0Classifica\u00e7\u00e3o das Bolsas Mestrado e Doutorado &#8211; 2023 As cotas do Programa para a implementa\u00e7\u00e3o depende da disponibilidade de bolsas. O aluno contemplado com a Bolsa dever\u00e1 entrar em contato com a Secretaria para informar os dados banc\u00e1rios para a implementa\u00e7\u00e3o da bolsa e para maiores informa\u00e7\u00f5es. Portaria n\u00b0 76, de 14 de abril [&hellip;]<\/p>\n","protected":false},"author":10,"featured_media":0,"parent":0,"menu_order":0,"comment_status":"closed","ping_status":"closed","template":"","meta":{"_acf_changed":false,"footnotes":""},"class_list":["post-178","page","type-page","status-publish","hentry"],"acf":[],"_links":{"self":[{"href":"https:\/\/pos.uel.br\/cienciaanimal\/wp-json\/wp\/v2\/pages\/178","targetHints":{"allow":["GET"]}}],"collection":[{"href":"https:\/\/pos.uel.br\/cienciaanimal\/wp-json\/wp\/v2\/pages"}],"about":[{"href":"https:\/\/pos.uel.br\/cienciaanimal\/wp-json\/wp\/v2\/types\/page"}],"author":[{"embeddable":true,"href":"https:\/\/pos.uel.br\/cienciaanimal\/wp-json\/wp\/v2\/users\/10"}],"replies":[{"embeddable":true,"href":"https:\/\/pos.uel.br\/cienciaanimal\/wp-json\/wp\/v2\/comments?post=178"}],"version-history":[{"count":21,"href":"https:\/\/pos.uel.br\/cienciaanimal\/wp-json\/wp\/v2\/pages\/178\/revisions"}],"predecessor-version":[{"id":1114,"href":"https:\/\/pos.uel.br\/cienciaanimal\/wp-json\/wp\/v2\/pages\/178\/revisions\/1114"}],"wp:attachment":[{"href":"https:\/\/pos.uel.br\/cienciaanimal\/wp-json\/wp\/v2\/media?parent=178"}],"curies":[{"name":"wp","href":"https:\/\/api.w.org\/{rel}","templated":true}]}}