{"id":177,"date":"2021-07-16T20:13:59","date_gmt":"2021-07-16T23:13:59","guid":{"rendered":"https:\/\/pos.uel.br\/cienciaanimal\/?page_id=177"},"modified":"2025-12-01T11:38:26","modified_gmt":"2025-12-01T14:38:26","slug":"quadro-de-horarios","status":"publish","type":"page","link":"https:\/\/pos.uel.br\/cienciaanimal\/quadro-de-horarios\/","title":{"rendered":"Calend\u00e1rio &#8211; Oferta de Disciplinas"},"content":{"rendered":"\n<div class=\"wp-block-buttons is-layout-flex wp-block-buttons-is-layout-flex\">\n<div class=\"wp-block-button is-style-outline is-style-outline--1\"><a class=\"wp-block-button__link wp-element-button\" href=\"https:\/\/pos.uel.br\/cienciaanimal\/wp-content\/uploads\/2025\/12\/Calendario-Oferta-de-Disciplinas-1-2026-1.pdf\"><mark style=\"color:#e30b0b\" class=\"has-inline-color\"><strong>Oferta de Disciplina &#8211; 1\u00b0 Semestre\/2026<\/strong><\/mark><\/a><\/div>\n<\/div>\n\n\n\n<div style=\"height:21px\" aria-hidden=\"true\" class=\"wp-block-spacer\"><\/div>\n\n\n\n<p><a href=\"https:\/\/pos.uel.br\/cienciaanimal\/wp-content\/uploads\/2025\/06\/CalendarioStricto_2025-2026.pdf\"><strong>DELIBERA\u00c7\u00c3O \u2013 Colegiado PPG Stricto sensu N\u00ba 031\/2024<\/strong><\/a><a href=\"https:\/\/pos.uel.br\/cienciaanimal\/wp-content\/uploads\/2023\/03\/CalendarioStricto_2023-2024.pdf\"><br><\/a>Aprova o Calend\u00e1rio das Atividades dos Programas de P\u00f3s Gradua\u00e7\u00e3o Stricto sensu para o ano de 2025\/2026<\/p>\n\n\n\n<p><\/p>\n","protected":false},"excerpt":{"rendered":"<p>DELIBERA\u00c7\u00c3O \u2013 Colegiado PPG Stricto sensu N\u00ba 031\/2024Aprova o Calend\u00e1rio das Atividades dos Programas de P\u00f3s Gradua\u00e7\u00e3o Stricto sensu para o ano de 2025\/2026<\/p>\n","protected":false},"author":10,"featured_media":0,"parent":0,"menu_order":0,"comment_status":"closed","ping_status":"closed","template":"","meta":{"_acf_changed":false,"footnotes":""},"class_list":["post-177","page","type-page","status-publish","hentry"],"acf":[],"_links":{"self":[{"href":"https:\/\/pos.uel.br\/cienciaanimal\/wp-json\/wp\/v2\/pages\/177","targetHints":{"allow":["GET"]}}],"collection":[{"href":"https:\/\/pos.uel.br\/cienciaanimal\/wp-json\/wp\/v2\/pages"}],"about":[{"href":"https:\/\/pos.uel.br\/cienciaanimal\/wp-json\/wp\/v2\/types\/page"}],"author":[{"embeddable":true,"href":"https:\/\/pos.uel.br\/cienciaanimal\/wp-json\/wp\/v2\/users\/10"}],"replies":[{"embeddable":true,"href":"https:\/\/pos.uel.br\/cienciaanimal\/wp-json\/wp\/v2\/comments?post=177"}],"version-history":[{"count":34,"href":"https:\/\/pos.uel.br\/cienciaanimal\/wp-json\/wp\/v2\/pages\/177\/revisions"}],"predecessor-version":[{"id":2038,"href":"https:\/\/pos.uel.br\/cienciaanimal\/wp-json\/wp\/v2\/pages\/177\/revisions\/2038"}],"wp:attachment":[{"href":"https:\/\/pos.uel.br\/cienciaanimal\/wp-json\/wp\/v2\/media?parent=177"}],"curies":[{"name":"wp","href":"https:\/\/api.w.org\/{rel}","templated":true}]}}