{"id":17,"date":"2021-04-26T21:00:05","date_gmt":"2021-04-27T00:00:05","guid":{"rendered":"https:\/\/pos.uel.br\/cienciaanimal\/?page_id=17"},"modified":"2026-04-16T08:35:41","modified_gmt":"2026-04-16T11:35:41","slug":"formularios","status":"publish","type":"page","link":"https:\/\/pos.uel.br\/cienciaanimal\/formularios\/","title":{"rendered":"Formul\u00e1rios"},"content":{"rendered":"\n<h3 class=\"wp-block-heading\">Mestrado e Doutorado<\/h3>\n\n\n\n<p class=\"has-very-light-gray-to-cyan-bluish-gray-gradient-background has-background\"><a href=\"https:\/\/pos.uel.br\/cienciaanimal\/wp-content\/uploads\/2026\/04\/Aprovacao-de-Projeto-Stricto-Sensu-31.docx\">Aprova\u00e7\u00e3o Projeto de Pesquisa Stricto Sensu \u2013 MODELO PROPPG&nbsp;<\/a><\/p>\n\n\n\n<p class=\"has-very-light-gray-to-cyan-bluish-gray-gradient-background has-background\"><a href=\"https:\/\/pos.uel.br\/cienciaanimal\/wp-content\/uploads\/2021\/07\/Cadastro-Docente-Banca-Examinadora-MODELO.doc\" target=\"_blank\" rel=\"noreferrer noopener\">Cadastro Docente Banca Examinadora \u2013 MODELO&nbsp;<\/a><\/p>\n\n\n\n<p class=\"has-very-light-gray-to-cyan-bluish-gray-gradient-background has-background\"><a href=\"https:\/\/pos.uel.br\/cienciaanimal\/wp-content\/uploads\/2021\/07\/CARTA-ORIENTADOR-PUBLICACAO-DEFESA-DE-DISCENTE-2-1.doc\" target=\"_blank\" rel=\"noreferrer noopener\">Carta Orientador \u2013 Submiss\u00e3o de Artigo <\/a><\/p>\n\n\n\n<p class=\"has-very-light-gray-to-cyan-bluish-gray-gradient-background has-background\"><a href=\"https:\/\/pos.uel.br\/cienciaanimal\/wp-content\/uploads\/2021\/07\/Indicacao-Banca-DEFESA-de-Dissertacao.doc\" target=\"_blank\" rel=\"noreferrer noopener\">Indica\u00e7\u00e3o Banca DEFESA de Disserta\u00e7\u00e3o&nbsp;<\/a><\/p>\n\n\n\n<p class=\"has-very-light-gray-to-cyan-bluish-gray-gradient-background has-background\"><a href=\"https:\/\/pos.uel.br\/cienciaanimal\/wp-content\/uploads\/2021\/07\/Indicacao-Banca-QUALIFICACAO-de-Dissertacao.doc\" target=\"_blank\" rel=\"noreferrer noopener\">Indica\u00e7\u00e3o Banca QUALIFICA\u00c7\u00c3O de Disserta\u00e7\u00e3o&nbsp;<\/a><\/p>\n\n\n\n<p class=\"has-very-light-gray-to-cyan-bluish-gray-gradient-background has-background\"><a href=\"https:\/\/pos.uel.br\/cienciaanimal\/wp-content\/uploads\/2023\/03\/Indicacao-Banca-DEFESA-de-Tese-1.doc\" target=\"_blank\" rel=\"noreferrer noopener\">Indica\u00e7\u00e3o Banca DEFESA de Tese<\/a><\/p>\n\n\n\n<p class=\"has-very-light-gray-to-cyan-bluish-gray-gradient-background has-background\"><a href=\"https:\/\/pos.uel.br\/cienciaanimal\/wp-content\/uploads\/2023\/03\/Indicacao-Banca-QUALIFICAA%E2%80%A1A%C6%92O-de-Tese.doc\" target=\"_blank\" rel=\"noreferrer noopener\">Indica\u00e7\u00e3o Banca QUALIFICA\u00c7\u00c3O de Tese<\/a><\/p>\n\n\n\n<p class=\"has-very-light-gray-to-cyan-bluish-gray-gradient-background has-background\"><a href=\"https:\/\/pos.uel.br\/cienciaanimal\/wp-content\/uploads\/2024\/02\/Modelo-Tese-Dissertacao-alteracao-2019-4.docx\">Modelo Disserta\u00e7\u00e3o e Tese Ci\u00eancia Animal \u2013 2019&nbsp;<\/a><\/p>\n\n\n\n<p class=\"has-very-light-gray-to-cyan-bluish-gray-gradient-background has-background\"><a href=\"https:\/\/pos.uel.br\/cienciaanimal\/wp-content\/uploads\/2025\/10\/Relatorio-Viagem-Coleta-de-Dados-1.doc\">Relat\u00f3rio Viagem &#8211; Coleta de Dados<\/a> &#8211; <mark class=\"has-inline-color has-primary-accent-color\">PROEX\/CAPES<\/mark><\/p>\n\n\n\n<p class=\"has-very-light-gray-to-cyan-bluish-gray-gradient-background has-background\"><a href=\"https:\/\/sites.uel.br\/bibliotecas\/repositorio-institucional-da-uel\">Termo de Autoriza\u00e7\u00e3o Reposit\u00f3rio Institucional da UEL (RIUEL)<\/a>\u00a0<strong><mark style=\"color:#e41717\" class=\"has-inline-color\">NOVO TERMO DE AUTORIZA\u00c7\u00c3O DA BIBLIOTECA DA UEL<\/mark><\/strong><\/p>\n\n\n\n<p class=\"has-very-light-gray-to-cyan-bluish-gray-gradient-background has-background\"><a href=\"https:\/\/pos.uel.br\/cienciaanimal\/wp-content\/uploads\/2025\/06\/Termo-de-Entrega-de-TESE-DISSERTACAO.doc\">Termo de Entrega de Tese\/Disserta\u00e7\u00e3o<\/a><\/p>\n\n\n\n<h3 class=\"wp-block-heading\" id=\"processo-seletivo\">Estudante Especial<\/h3>\n\n\n\n<p class=\"has-very-light-gray-to-cyan-bluish-gray-gradient-background has-background\"><a href=\"https:\/\/pos.uel.br\/cienciaanimal\/wp-content\/uploads\/2023\/03\/Requerimento-Art.-27-atualizado.doc\" target=\"_blank\" rel=\"noreferrer noopener\">Requerimento de Matr\u00edcula \u2013 Estudante Especial &#8211; vinculados a outra Institui\u00e7\u00e3o<\/a><\/p>\n\n\n\n<p class=\"has-very-light-gray-to-cyan-bluish-gray-gradient-background has-background\"><a href=\"https:\/\/pos.uel.br\/cienciaanimal\/wp-content\/uploads\/2025\/07\/Ficha-de-Avaliacao-Curriculo-Lattes-Estudante-Especial-2025.pdf\">Ficha de Pontua\u00e7\u00e3o do Curr\u00edculo Lattes &#8211; <strong>Sele\u00e7\u00e3o Estudante Especial<\/strong><\/a><\/p>\n\n\n\n<h3 class=\"wp-block-heading\" id=\"processo-seletivo\">Processo Seletivo<\/h3>\n\n\n\n<p class=\"has-very-light-gray-to-cyan-bluish-gray-gradient-background has-background\"><a href=\"https:\/\/pos.uel.br\/cienciaanimal\/wp-content\/uploads\/2024\/08\/Ficha-de-Pontuacao-Curriculo-Lattes-mod-2024.pdf\">Ficha de Pontua\u00e7\u00e3o do Curr\u00edculo Lattes &#8211; <strong>ANEXO 01<\/strong><\/a><\/p>\n\n\n\n<p class=\"has-very-light-gray-to-cyan-bluish-gray-gradient-background has-background\"><a href=\"https:\/\/pos.uel.br\/cienciaanimal\/wp-content\/uploads\/2024\/08\/modelo-pre-projeto-de-pesquisa-selecao-2024.pdf\">Modelo de Pr\u00e9-Projeto &#8211; <strong>ANEXO 02<\/strong><\/a><\/p>\n\n\n\n<h3 class=\"wp-block-heading\" id=\"aluno-especial\">Docentes<\/h3>\n\n\n\n<p class=\"has-very-light-gray-to-cyan-bluish-gray-gradient-background has-background\"><a href=\"https:\/\/pos.uel.br\/cienciaanimal\/wp-content\/uploads\/2021\/07\/MODELO-PROGRAMA-DE-DISCIPLINA.doc\" target=\"_blank\" rel=\"noreferrer noopener\">Programa de Disciplinas&nbsp;<\/a><\/p>\n\n\n\n<p><\/p>\n","protected":false},"excerpt":{"rendered":"<p>Mestrado e Doutorado Aprova\u00e7\u00e3o Projeto de Pesquisa Stricto Sensu \u2013 MODELO PROPPG&nbsp; Cadastro Docente Banca Examinadora \u2013 MODELO&nbsp; Carta Orientador \u2013 Submiss\u00e3o de Artigo Indica\u00e7\u00e3o Banca DEFESA de Disserta\u00e7\u00e3o&nbsp; Indica\u00e7\u00e3o Banca QUALIFICA\u00c7\u00c3O de Disserta\u00e7\u00e3o&nbsp; Indica\u00e7\u00e3o Banca DEFESA de Tese Indica\u00e7\u00e3o Banca QUALIFICA\u00c7\u00c3O de Tese Modelo Disserta\u00e7\u00e3o e Tese Ci\u00eancia Animal \u2013 2019&nbsp; Relat\u00f3rio Viagem &#8211; [&hellip;]<\/p>\n","protected":false},"author":1,"featured_media":0,"parent":0,"menu_order":0,"comment_status":"closed","ping_status":"closed","template":"","meta":{"_acf_changed":false,"footnotes":""},"class_list":["post-17","page","type-page","status-publish","hentry"],"acf":[],"_links":{"self":[{"href":"https:\/\/pos.uel.br\/cienciaanimal\/wp-json\/wp\/v2\/pages\/17","targetHints":{"allow":["GET"]}}],"collection":[{"href":"https:\/\/pos.uel.br\/cienciaanimal\/wp-json\/wp\/v2\/pages"}],"about":[{"href":"https:\/\/pos.uel.br\/cienciaanimal\/wp-json\/wp\/v2\/types\/page"}],"author":[{"embeddable":true,"href":"https:\/\/pos.uel.br\/cienciaanimal\/wp-json\/wp\/v2\/users\/1"}],"replies":[{"embeddable":true,"href":"https:\/\/pos.uel.br\/cienciaanimal\/wp-json\/wp\/v2\/comments?post=17"}],"version-history":[{"count":43,"href":"https:\/\/pos.uel.br\/cienciaanimal\/wp-json\/wp\/v2\/pages\/17\/revisions"}],"predecessor-version":[{"id":2091,"href":"https:\/\/pos.uel.br\/cienciaanimal\/wp-json\/wp\/v2\/pages\/17\/revisions\/2091"}],"wp:attachment":[{"href":"https:\/\/pos.uel.br\/cienciaanimal\/wp-json\/wp\/v2\/media?parent=17"}],"curies":[{"name":"wp","href":"https:\/\/api.w.org\/{rel}","templated":true}]}}