{"id":16,"date":"2021-04-26T21:00:05","date_gmt":"2021-04-27T00:00:05","guid":{"rendered":"https:\/\/pos.uel.br\/cienciaanimal\/?page_id=16"},"modified":"2025-02-20T17:39:26","modified_gmt":"2025-02-20T20:39:26","slug":"resolucoes-regulamentos-e-normas","status":"publish","type":"page","link":"https:\/\/pos.uel.br\/cienciaanimal\/resolucoes-regulamentos-e-normas\/","title":{"rendered":"Resolu\u00e7\u00f5es, regulamentos e normas"},"content":{"rendered":"\n<h5 class=\"wp-block-heading\" id=\"resolucao-cepe-n\u00ba-037-2016\"><strong><a href=\"https:\/\/pos.uel.br\/cienciaanimal\/wp-content\/uploads\/2021\/07\/RegulamentoStrictosensu-2016-2-CEPE-37-2016.pdf\" target=\"_blank\" rel=\"noreferrer noopener\"><span class=\"has-inline-color has-primary-accent-color\">Resolu\u00e7\u00e3o CEPE n\u00ba 037\/2016&nbsp;<\/span><\/a><\/strong><\/h5>\n\n\n\n<p><strong>Altera o Regulamento dos Programas de P\u00f3s-Gradua\u00e7\u00e3o Stricto sensu da Universidade Estadual de Londrina<\/strong>.<a href=\"http:\/\/www.uel.br\/pos\/DEFESA\/2008\/D%20-%2002%20-%20Marlise%20Pompeo%20Claud\/Divulga%20defesa%20Marlise.xps\"><\/a><\/p>\n\n\n\n<div style=\"height:7px\" aria-hidden=\"true\" class=\"wp-block-spacer\"><\/div>\n\n\n\n<h5 class=\"wp-block-heading\" id=\"deliberacao-colegiado-ppg-stricto-sensu-n\u00ba-26-2017\"><a href=\"https:\/\/pos.uel.br\/cienciaanimal\/wp-content\/uploads\/2021\/07\/Delib-26-2017-Reest-PPG-Ciencia-Animal.pdf\" target=\"_blank\" rel=\"noreferrer noopener\"><span class=\"has-inline-color has-primary-accent-color\">Delibera\u00e7\u00e3o \u2013 Colegiado PPG&nbsp;<em>Stricto Sensu<\/em>&nbsp;n\u00ba 26\/2017<\/span><\/a><strong><span class=\"has-inline-color has-primary-accent-color\"><a href=\"https:\/\/pos.uel.br\/cienciaanimal\/wp-content\/uploads\/2021\/07\/Delib-26-2017-Reest-PPG-Ciencia-Animal.pdf\" target=\"_blank\" rel=\"noreferrer noopener\">&nbsp;<\/a><\/span><\/strong><\/h5>\n\n\n\n<p><strong>Reestrutura o Programa de P\u00f3s-Gradua\u00e7\u00e3o em Ci\u00eancia Animal, nos n\u00edveis de Mestrado e Doutorado, com as \u00e1reas de concentra\u00e7\u00e3o em Sanidade Animal e em Produ\u00e7\u00e3o Animal<\/strong>.&nbsp;<a href=\"http:\/\/www.uel.br\/pos\/DEFESA\/2008\/D%20-%2002%20-%20Marlise%20Pompeo%20Claud\/Divulga%20defesa%20Marlise.xps\"><\/a>&nbsp;(Para alunos matriculados a partir de 2018)<\/p>\n\n\n\n<div style=\"height:5px\" aria-hidden=\"true\" class=\"wp-block-spacer\"><\/div>\n\n\n\n<h5 class=\"wp-block-heading\" id=\"resolucao-cepe-n\u00ba-134-2017\"><a href=\"https:\/\/pos.uel.br\/cienciaanimal\/wp-content\/uploads\/2021\/07\/Resolucao-CEPE-134-2017-Regimento-PPG-Ciencia-Animal-1-1.pdf\" target=\"_blank\" rel=\"noreferrer noopener\"><span class=\"has-inline-color has-primary-accent-color\">Resolu\u00e7\u00e3o CEPE n\u00ba 134\/2017 <\/span><\/a><\/h5>\n\n\n\n<p>&nbsp;<strong>Aprova o Regimento do Programa de P\u00f3s-Gradua\u00e7\u00e3o em Ci\u00eancia Animal, em n\u00edvel de Mestrado e Doutorado.<\/strong><a href=\"http:\/\/www.uel.br\/pos\/DEFESA\/2008\/D%20-%2002%20-%20Marlise%20Pompeo%20Claud\/Divulga%20defesa%20Marlise.xps\"><\/a><\/p>\n\n\n\n<div style=\"height:5px\" aria-hidden=\"true\" class=\"wp-block-spacer\"><\/div>\n\n\n\n<h5 class=\"wp-block-heading\" id=\"deliberacao-colegiado-ppg-stricto-sensu-n\u00ba-11-2008\"><a href=\"https:\/\/pos.uel.br\/cienciaanimal\/wp-content\/uploads\/2021\/07\/Reest-Progr-Ciencia-Animal-2009-Delib-11-2008.pdf\" target=\"_blank\" rel=\"noreferrer noopener\"><span class=\"has-inline-color has-primary-accent-color\">Delibera\u00e7\u00e3o \u2013 Colegiado PPG&nbsp;<em>Stricto Sensu<\/em>&nbsp;n\u00ba 11\/2008<\/span>&nbsp;<\/a><\/h5>\n\n\n\n<p><strong>Reestrutura o Programa de P\u00f3s-Gradua\u00e7\u00e3o em Ci\u00eancia Animal, nos n\u00edveis de Mestrado e Doutorado, com as \u00e1reas de concentra\u00e7\u00e3o em Sanidade Animal e em Produ\u00e7\u00e3o Animal<\/strong>.&nbsp;(Para alunos matriculados anterior a 2018).<\/p>\n\n\n\n<div style=\"height:7px\" aria-hidden=\"true\" class=\"wp-block-spacer\"><\/div>\n\n\n\n<p><strong><a href=\"https:\/\/pos.uel.br\/cienciaanimal\/wp-content\/uploads\/2025\/02\/Minuta-de-Resolucao-Bolsas-PPG-em-Ciencia-Animal-2023-com-alteracoes-corrigida-em-13.02.2025.pdf\"><mark class=\"has-inline-color has-primary-accent-color\">Resolu\u00e7\u00e3o Bolsas do Programa &#8211; 2025<\/mark><\/a><\/strong><\/p>\n\n\n\n<p><\/p>\n","protected":false},"excerpt":{"rendered":"<p>Resolu\u00e7\u00e3o CEPE n\u00ba 037\/2016&nbsp; Altera o Regulamento dos Programas de P\u00f3s-Gradua\u00e7\u00e3o Stricto sensu da Universidade Estadual de Londrina. Delibera\u00e7\u00e3o \u2013 Colegiado PPG&nbsp;Stricto Sensu&nbsp;n\u00ba 26\/2017&nbsp; Reestrutura o Programa de P\u00f3s-Gradua\u00e7\u00e3o em Ci\u00eancia Animal, nos n\u00edveis de Mestrado e Doutorado, com as \u00e1reas de concentra\u00e7\u00e3o em Sanidade Animal e em Produ\u00e7\u00e3o Animal.&nbsp;&nbsp;(Para alunos matriculados a partir de [&hellip;]<\/p>\n","protected":false},"author":1,"featured_media":0,"parent":0,"menu_order":0,"comment_status":"closed","ping_status":"closed","template":"","meta":{"_acf_changed":false,"footnotes":""},"class_list":["post-16","page","type-page","status-publish","hentry"],"acf":[],"_links":{"self":[{"href":"https:\/\/pos.uel.br\/cienciaanimal\/wp-json\/wp\/v2\/pages\/16","targetHints":{"allow":["GET"]}}],"collection":[{"href":"https:\/\/pos.uel.br\/cienciaanimal\/wp-json\/wp\/v2\/pages"}],"about":[{"href":"https:\/\/pos.uel.br\/cienciaanimal\/wp-json\/wp\/v2\/types\/page"}],"author":[{"embeddable":true,"href":"https:\/\/pos.uel.br\/cienciaanimal\/wp-json\/wp\/v2\/users\/1"}],"replies":[{"embeddable":true,"href":"https:\/\/pos.uel.br\/cienciaanimal\/wp-json\/wp\/v2\/comments?post=16"}],"version-history":[{"count":10,"href":"https:\/\/pos.uel.br\/cienciaanimal\/wp-json\/wp\/v2\/pages\/16\/revisions"}],"predecessor-version":[{"id":1682,"href":"https:\/\/pos.uel.br\/cienciaanimal\/wp-json\/wp\/v2\/pages\/16\/revisions\/1682"}],"wp:attachment":[{"href":"https:\/\/pos.uel.br\/cienciaanimal\/wp-json\/wp\/v2\/media?parent=16"}],"curies":[{"name":"wp","href":"https:\/\/api.w.org\/{rel}","templated":true}]}}