{"id":157,"date":"2021-07-15T19:57:24","date_gmt":"2021-07-15T22:57:24","guid":{"rendered":"https:\/\/pos.uel.br\/cienciaanimal\/?page_id=157"},"modified":"2023-03-30T11:09:51","modified_gmt":"2023-03-30T14:09:51","slug":"egressos-2","status":"publish","type":"page","link":"https:\/\/pos.uel.br\/cienciaanimal\/egressos-2\/","title":{"rendered":"Egressos"},"content":{"rendered":"\n<h4 class=\"wp-block-heading\"><mark style=\"background-color:rgba(0, 0, 0, 0)\" class=\"has-inline-color has-primary-accent-color\">Question\u00e1rio para Egressos da UEL<\/mark><\/h4>\n\n\n\n<p>Sua colabora\u00e7\u00e3o \u00e9 de fundamental import\u00e2ncia! Esta pesquisa est\u00e1 sendo aplicada a ex-alunos da UEL, para que possamos conhecer a situa\u00e7\u00e3o profissional dos egressos e definir melhorias para os cursos.<\/p>\n\n\n\n<div class=\"wp-block-buttons is-layout-flex wp-block-buttons-is-layout-flex\">\n<div class=\"wp-block-button aligncenter is-style-outline is-style-outline--1\"><a class=\"wp-block-button__link wp-element-button\">PARTICIPAR DA PESQUISA<\/a><\/div>\n<\/div>\n","protected":false},"excerpt":{"rendered":"<p>Question\u00e1rio para Egressos da UEL Sua colabora\u00e7\u00e3o \u00e9 de fundamental import\u00e2ncia! Esta pesquisa est\u00e1 sendo aplicada a ex-alunos da UEL, para que possamos conhecer a situa\u00e7\u00e3o profissional dos egressos e definir melhorias para os cursos.<\/p>\n","protected":false},"author":10,"featured_media":0,"parent":0,"menu_order":0,"comment_status":"closed","ping_status":"closed","template":"","meta":{"_acf_changed":false,"footnotes":""},"class_list":["post-157","page","type-page","status-publish","hentry"],"acf":[],"_links":{"self":[{"href":"https:\/\/pos.uel.br\/cienciaanimal\/wp-json\/wp\/v2\/pages\/157","targetHints":{"allow":["GET"]}}],"collection":[{"href":"https:\/\/pos.uel.br\/cienciaanimal\/wp-json\/wp\/v2\/pages"}],"about":[{"href":"https:\/\/pos.uel.br\/cienciaanimal\/wp-json\/wp\/v2\/types\/page"}],"author":[{"embeddable":true,"href":"https:\/\/pos.uel.br\/cienciaanimal\/wp-json\/wp\/v2\/users\/10"}],"replies":[{"embeddable":true,"href":"https:\/\/pos.uel.br\/cienciaanimal\/wp-json\/wp\/v2\/comments?post=157"}],"version-history":[{"count":4,"href":"https:\/\/pos.uel.br\/cienciaanimal\/wp-json\/wp\/v2\/pages\/157\/revisions"}],"predecessor-version":[{"id":893,"href":"https:\/\/pos.uel.br\/cienciaanimal\/wp-json\/wp\/v2\/pages\/157\/revisions\/893"}],"wp:attachment":[{"href":"https:\/\/pos.uel.br\/cienciaanimal\/wp-json\/wp\/v2\/media?parent=157"}],"curies":[{"name":"wp","href":"https:\/\/api.w.org\/{rel}","templated":true}]}}