{"id":13,"date":"2021-04-26T21:00:04","date_gmt":"2021-04-27T00:00:04","guid":{"rendered":"https:\/\/pos.uel.br\/cienciaanimal\/?page_id=13"},"modified":"2022-02-14T16:21:33","modified_gmt":"2022-02-14T19:21:33","slug":"estrutura-curricular","status":"publish","type":"page","link":"https:\/\/pos.uel.br\/cienciaanimal\/estrutura-curricular\/","title":{"rendered":"Estrutura curricular"},"content":{"rendered":"\n<figure class=\"wp-block-table is-style-stripes\"><table><tbody><tr><td><strong><span class=\"has-inline-color has-extra-2-color\">Disciplinas do N\u00facleo Comum<\/span><\/strong><\/td><\/tr><tr><td>2 MAP 062 <\/td><td>Bioestat\u00edstica Aplicada a T\u00e9cnicas de Experimenta\u00e7\u00e3o Animal<\/td><td>02 cr 30 h<\/td><\/tr><tr><td>2 PIV 190 <\/td><td>Pesquisa em Ci\u00eancia Animal<\/td><td>02 cr 30 h<\/td><\/tr><tr><td>2 PIV 451 <\/td><td>Semin\u00e1rios em Ci\u00eancia Animal I (Mestrado)<\/td><td>03 cr 45 h<\/td><\/tr><\/tbody><\/table><\/figure>\n\n\n\n<figure class=\"wp-block-table is-style-stripes\"><table><tbody><tr><td><strong><span class=\"has-inline-color has-extra-2-color\">Sanidade Animal<\/span><\/strong><br>Disciplinas Optativas <\/td><\/tr><tr><td>2 PIV 089 <\/td><td>Procedimentos Especiais Aplicados ao Estudo das Zoonoses<\/td><td>02 cr 30 h<\/td><\/tr><tr><td>2 PIV 205 <\/td><td>Planejamento de Programas Sanit\u00e1rios<\/td><td>02 cr 30 h<\/td><\/tr><tr><td>2 PIV 194 <\/td><td>Imunologia Aplicada \u00e0 Sanidade Animal<\/td><td>03 cr 45 h<\/td><\/tr><tr><td>2 PIV 207 <\/td><td>T\u00e9cnicas Imunol\u00f3gicas e Moleculares&nbsp;Aplicadas no Diagn\u00f3stico e na Investiga\u00e7\u00e3o em Sanidade Animal<\/td><td>04 cr 60 h<\/td><\/tr><tr><td>2 PIV 195 <\/td><td>Modelos Aplicados ao Estudo das Doen\u00e7as Infecciosas: Bacterioses<\/td><td>02 cr 30 h<\/td><\/tr><tr><td>&nbsp;2 PIV 197 <\/td><td>Modelos Aplicados ao Estudo das Doen\u00e7as Infecciosas:<br>Viroses<\/td><td>02 cr 30 h<\/td><\/tr><tr><td>&nbsp;2 PIV 196 <\/td><td>Modelos Aplicados ao Estudo das Doen\u00e7as Parasit\u00e1rias: Helmintoses<\/td><td>02 cr 30 h<\/td><\/tr><tr><td>&nbsp;2 PIV 359 <\/td><td>Modelos Aplicados ao Estudo das Doen\u00e7as Parasit\u00e1rias: Artr\u00f3podes<\/td><td>02 cr 30 h<\/td><\/tr><tr><td>&nbsp;2 PIV 199 <\/td><td>Modelos Aplicados ao Estudo das Doen\u00e7as Parasit\u00e1rias:<br>Protozo\u00e1rios e Rickettsias<\/td><td>02 cr 30 h<\/td><\/tr><tr><td>2 PIV 204 <\/td><td>Patologia Animal<\/td><td>02 cr 30 h<\/td><\/tr><tr><td>2 PIV 360 <\/td><td>Respostas Estrutural e Funcional de Sistemas Org\u00e2nicos<br>\u00e0 A\u00e7\u00e3o de Pat\u00f3genos<\/td><td>03 cr 45 h<\/td><\/tr><tr><td>2 PIV 361 <\/td><td>Epidemiologia Aplicada \u00e0 Sanidade Animal I<\/td><td>02 cr 30 h<\/td><\/tr><tr><td>2 PIV 362 <\/td><td>Epidemiologia Aplicada \u00e0 Sanidade Animal II<\/td><td>02 cr 30 h<\/td><\/tr><tr><td>2 PIV 232 <\/td><td>Microrganismos Patog\u00eanicos em Alimentos<\/td><td>03 cr 45 h<\/td><\/tr><tr><td>2 PIV 233 <\/td><td>Semin\u00e1rios Avan\u00e7ados<\/td><td>02 cr 30 h<\/td><\/tr><tr><td>2 PIV 234 <\/td><td>Altera\u00e7\u00f5es Histol\u00f3gicas, Hematol\u00f3gicas e Bioqu\u00edmicas nas Micotoxicoses em Animais de Produ\u00e7\u00e3o<\/td><td>02 cr 30 h<\/td><\/tr><tr><td>2 PIV 363 <\/td><td>Estudo da Epidemiologia Molecular em Protozo\u00e1rios de<br>Interesse M\u00e9dico Veterin\u00e1rio<\/td><td>03 cr 45 h<\/td><\/tr><tr><td>2 PIV 364 <\/td><td>Doen\u00e7as Infecciosas de Etiologia Bacteriana<\/td><td>02 cr 30 h<\/td><\/tr><tr><td>2 VET 123 <\/td><td>Enfermidades Carenciais e Metab\u00f3licas de&nbsp;Animais de Produ\u00e7\u00e3o<\/td><td>02 cr 30 h<\/td><\/tr><tr><td>2 VET 137 <\/td><td>Diagn\u00f3stico e Terap\u00eautica em Medicina Interna de&nbsp;Grandes Animais<\/td><td>02 cr 30 h<\/td><\/tr><tr><td>2 VET 138 <\/td><td>Biot\u00e9cnicas Aplicadas \u00e0 Reprodu\u00e7\u00e3o de Bovinos<\/td><td>02 cr 30 h<\/td><\/tr><tr><td>2 VET 140 <\/td><td>Diagn\u00f3stico e Terap\u00eautica em Medicina Interna de&nbsp;Animais de Companhia<\/td><td>02 cr 30 h<\/td><\/tr><tr><td>2 VET 168 <\/td><td>Novas T\u00e9cnicas Aplicadas ao Controle Farmacol\u00f3gico do Ciclo Estral<\/td><td>03 cr 45 h<\/td><\/tr><tr><td>2 VET 201 <\/td><td>Indigest\u00e3o em Ruminantes<\/td><td>02 cr 30 h<\/td><\/tr><tr><td>2 VET 202 <\/td><td>Reprodu\u00e7\u00e3o e obstetr\u00edcia de Animais de Companha<\/td><td>02 cr 30 h<\/td><\/tr><tr><td>2 PIV 380 a 2 PIV 425<\/td><td>T\u00f3picos Especiais em Sanidade Animal<\/td><td>cr\u00e9d. vari\u00e1veis<\/td><\/tr><tr><td>2 VET 169 a 2 VET 188<\/td><td>T\u00f3picos Especiais em Ci\u00eancia Animal<\/td><td>cr\u00e9d. vari\u00e1veis<\/td><\/tr><tr><td><\/td><td><\/td><td><\/td><\/tr><\/tbody><\/table><\/figure>\n\n\n\n<figure class=\"wp-block-table is-style-stripes\"><table><tbody><tr><td><strong><span class=\"has-inline-color has-extra-2-color\">Produ\u00e7\u00e3o Animal<\/span><\/strong><br>Disciplinas Optativas <\/td><\/tr><tr><td>2 BIQ 045 <\/td><td>Bioqu\u00edmica<\/td><td>03 cr 45 h<\/td><\/tr><tr><td>2 ZOT 006 <\/td><td>An\u00e1lise e Avalia\u00e7\u00e3o de Alimentos<\/td><td>04 cr 60 h<\/td><\/tr><tr><td>2 ZOT 008 <\/td><td>Melhoramento Animal<\/td><td>03 cr 45 h<\/td><\/tr><tr><td>2 ZOT 009 <\/td><td>Nutri\u00e7\u00e3o de Monog\u00e1stricos<\/td><td>03 cr 45 h<\/td><\/tr><tr><td>2 ZOT 010 <\/td><td>Nutri\u00e7\u00e3o de Ruminantes<\/td><td>03 cr 45 h<\/td><\/tr><tr><td>2 ZOT 011 <\/td><td>T\u00e9cnicas de Experimenta\u00e7\u00e3o Animal<\/td><td>03 cr 45 h<\/td><\/tr><tr><td>2 ZOT 027 <\/td><td>M\u00e9todos de Avalia\u00e7\u00e3o e Exig\u00eancias Nutricionais em Animais Ruminantes<\/td><td>03 cr 45 h<\/td><\/tr><tr><td>2 ZOT 028 <\/td><td>Produ\u00e7\u00e3o Intensiva de Bovinos de Corte<\/td><td>03 cr 45 h<\/td><\/tr><tr><td>2 ZOT 029 <\/td><td>Avicultura Intensiva<\/td><td>02 cr 30 h<\/td><\/tr><tr><td>2 ZOT 030 <\/td><td>Produ\u00e7\u00e3o Intensiva de Su\u00ednos<\/td><td>02 cr 30 h<\/td><\/tr><tr><td>2 ZOT 067 <\/td><td>Ci\u00eancia da carne dos animais zoot\u00e9cnicos<\/td><td>02 cr 30 h<\/td><\/tr><tr><td>2 ZOT 068 <\/td><td>Bem-estar dos bovinos<\/td><td>02 cr 30 h<\/td><\/tr><tr><td>2 ZOT 069 <\/td><td>Bem-estar dos animaos dom\u00e9sticos<\/td><td>03 cr 45 h<\/td><\/tr><tr><td>2 ZOT 070 <\/td><td>Produ\u00e7\u00e3o intensiva de ovinos<\/td><td>02 cr 30 h<\/td><\/tr><tr><td>2 ZOT 071 <\/td><td>Aditivos para ra\u00e7\u00e3o de aves de su\u00ednos<\/td><td>03 cr 45 h<\/td><\/tr><tr><td>2 ZOT 072 <\/td><td>Forma\u00e7\u00e3o e Manejo de Pastagens<\/td><td>03 cr 45 h<\/td><\/tr><tr><td>2 ZOT 073 <\/td><td>Conserva\u00e7\u00e3o de Forragens<\/td><td>03 cr 45 h<\/td><\/tr><tr><td>2 ZOT 074 <\/td><td>Alimentos e Alimenta\u00e7\u00e3o Animal<\/td><td>03 cr 45 h<\/td><\/tr><tr><td>2 ZOT 075<\/td><td>Alimentos e Alimenta\u00e7\u00e3o Bovino<\/td><td>03 cr 45 h<\/td><\/tr><tr><td>2 ZOT 076 a 2 ZOT 110<\/td><td>T\u00f3picos Especiais em Produ\u00e7\u00e3o Animal<\/td><td>cr\u00e9d. vari\u00e1veis<\/td><\/tr><\/tbody><\/table><\/figure>\n\n\n\n<figure class=\"wp-block-table is-style-stripes\"><table><tbody><tr><td class=\"has-text-align-left\" data-align=\"left\"><strong><span class=\"has-inline-color has-extra-2-color\">Disciplinas Complementares&nbsp;<\/span><\/strong><\/td><td><\/td><td><\/td><\/tr><tr><td class=\"has-text-align-left\" data-align=\"left\">2 PIV 173<\/td><td>Est\u00e1gio de Doc\u00eancia na Gradua\u00e7\u00e3o<\/td><td>02 cr 30 h<\/td><\/tr><tr><td class=\"has-text-align-left\" data-align=\"left\">2 PIV 365<\/td><td>Est\u00e1gio de Doc\u00eancia na Gradua\u00e7\u00e3o I (Mestrado)<\/td><td>02 cr 30 h<\/td><\/tr><tr><td class=\"has-text-align-left\" data-align=\"left\">2 PIV 208 a 2 PIV 218<\/td><td>Atividades Programadas em Ci\u00eancia Animal<\/td><td>cr\u00e9d. vari\u00e1veis<\/td><\/tr><\/tbody><\/table><\/figure>\n\n\n\n<figure class=\"wp-block-table is-style-stripes\"><table><tbody><tr><td><strong><span class=\"has-inline-color has-extra-2-color\">Disserta\u00e7\u00e3o: exigem-se 40 (quarenta) cr\u00e9ditos<\/span><\/strong><\/td><\/tr><tr><td><strong><span class=\"has-inline-color has-extra-1-color\"> Sanidade Animal<\/span><\/strong><\/td><td><\/td><td><\/td><\/tr><tr><td>2 PIV 426 <\/td><td>Disserta\u00e7\u00e3o I                                                             <\/td><td>10 cr 150 h<\/td><\/tr><tr><td>2 PIV 427 <\/td><td>Disserta\u00e7\u00e3o II<\/td><td>10 cr 150 h<\/td><\/tr><tr><td>2 PIV 428 <\/td><td>Disserta\u00e7\u00e3o III<\/td><td>10 cr 150 h<\/td><\/tr><tr><td>2 PIV 429 <\/td><td>Disserta\u00e7\u00e3o IV<\/td><td>10 cr 150 h<\/td><\/tr><tr><td><strong>&nbsp;OU<\/strong><\/td><td><\/td><td><\/td><\/tr><tr><td><span class=\"has-inline-color has-extra-1-color\"><strong> Produ\u00e7\u00e3o Animal<\/strong><\/span><\/td><td><\/td><td><\/td><\/tr><tr><td>&nbsp;2 ZOT 111 <\/td><td>&nbsp;Disserta\u00e7\u00e3o I     <\/td><td>&nbsp;10 cr 150 h<\/td><\/tr><tr><td>&nbsp;2 ZOT 112 <\/td><td>&nbsp;Disserta\u00e7\u00e3o II<\/td><td>&nbsp;10 cr 150 h<\/td><\/tr><tr><td>&nbsp;2 ZOT 113 <\/td><td>&nbsp;Disserta\u00e7\u00e3o III<\/td><td>&nbsp;10 cr 150 h<\/td><\/tr><tr><td>&nbsp;2 ZOT 114 <\/td><td>&nbsp;Disserta\u00e7\u00e3o IV<\/td><td>&nbsp;10 cr 150 h<\/td><\/tr><\/tbody><\/table><\/figure>\n\n\n\n<p><\/p>\n","protected":false},"excerpt":{"rendered":"<p>Disciplinas do N\u00facleo Comum 2 MAP 062 Bioestat\u00edstica Aplicada a T\u00e9cnicas de Experimenta\u00e7\u00e3o Animal 02 cr 30 h 2 PIV 190 Pesquisa em Ci\u00eancia Animal 02 cr 30 h 2 PIV 451 Semin\u00e1rios em Ci\u00eancia Animal I (Mestrado) 03 cr 45 h Sanidade AnimalDisciplinas Optativas 2 PIV 089 Procedimentos Especiais Aplicados ao Estudo das Zoonoses [&hellip;]<\/p>\n","protected":false},"author":1,"featured_media":0,"parent":0,"menu_order":0,"comment_status":"closed","ping_status":"closed","template":"","meta":{"_acf_changed":false,"footnotes":""},"class_list":["post-13","page","type-page","status-publish","hentry"],"acf":[],"_links":{"self":[{"href":"https:\/\/pos.uel.br\/cienciaanimal\/wp-json\/wp\/v2\/pages\/13","targetHints":{"allow":["GET"]}}],"collection":[{"href":"https:\/\/pos.uel.br\/cienciaanimal\/wp-json\/wp\/v2\/pages"}],"about":[{"href":"https:\/\/pos.uel.br\/cienciaanimal\/wp-json\/wp\/v2\/types\/page"}],"author":[{"embeddable":true,"href":"https:\/\/pos.uel.br\/cienciaanimal\/wp-json\/wp\/v2\/users\/1"}],"replies":[{"embeddable":true,"href":"https:\/\/pos.uel.br\/cienciaanimal\/wp-json\/wp\/v2\/comments?post=13"}],"version-history":[{"count":3,"href":"https:\/\/pos.uel.br\/cienciaanimal\/wp-json\/wp\/v2\/pages\/13\/revisions"}],"predecessor-version":[{"id":147,"href":"https:\/\/pos.uel.br\/cienciaanimal\/wp-json\/wp\/v2\/pages\/13\/revisions\/147"}],"wp:attachment":[{"href":"https:\/\/pos.uel.br\/cienciaanimal\/wp-json\/wp\/v2\/media?parent=13"}],"curies":[{"name":"wp","href":"https:\/\/api.w.org\/{rel}","templated":true}]}}