{"id":105,"date":"2021-06-15T02:54:42","date_gmt":"2021-06-15T05:54:42","guid":{"rendered":"https:\/\/pos.uel.br\/cienciaanimal\/pagina-inicial\/"},"modified":"2026-03-10T15:38:15","modified_gmt":"2026-03-10T18:38:15","slug":"pagina-inicial","status":"publish","type":"page","link":"https:\/\/pos.uel.br\/cienciaanimal\/","title":{"rendered":"P\u00e1gina inicial"},"content":{"rendered":"\n<p class=\"has-text-align-center has-large-font-size\"><\/p>\n\n\n\n<figure class=\"wp-block-image alignfull size-full\"><img loading=\"lazy\" decoding=\"async\" width=\"1024\" height=\"554\" src=\"https:\/\/pos.uel.br\/cienciaanimal\/wp-content\/uploads\/2025\/05\/Banner_pagina-inicial.jpg\" alt=\"\" class=\"wp-image-1724\" srcset=\"https:\/\/pos.uel.br\/cienciaanimal\/wp-content\/uploads\/2025\/05\/Banner_pagina-inicial.jpg 1024w, https:\/\/pos.uel.br\/cienciaanimal\/wp-content\/uploads\/2025\/05\/Banner_pagina-inicial-300x162.jpg 300w, https:\/\/pos.uel.br\/cienciaanimal\/wp-content\/uploads\/2025\/05\/Banner_pagina-inicial-768x416.jpg 768w\" sizes=\"auto, (max-width: 1024px) 100vw, 1024px\" \/><\/figure>\n\n\n\n<div class=\"wp-block-group alignfull has-site-background-background-color has-background\"><div class=\"wp-block-group__inner-container is-layout-constrained wp-block-group-is-layout-constrained\">\n<div class=\"wp-block-group alignfull has-background is-content-justification-center is-layout-flex wp-container-core-group-is-layout-6274c98b wp-block-group-is-layout-flex\" style=\"background-color:#f3f3f3;font-style:normal;font-weight:400;text-transform:uppercase\">\n<p class=\"has-text-align-center has-background\" style=\"background-color:#ffffff\"><strong><a href=\"https:\/\/pos.uel.br\/cienciaanimal\/wp-content\/uploads\/2026\/03\/005-Edital-RESULTADO-BOLSAS-2025.pdf\">EDITAL PPG-CA N\u00ba 05\/2026 &#8211; RESULTADO sele\u00e7\u00e3o bolsas do programa-2026<\/a><\/strong><\/p>\n\n\n\n<p class=\"has-text-align-center has-background\" style=\"background-color:#ffffff\"><strong><a href=\"https:\/\/pos.uel.br\/cienciaanimal\/wp-content\/uploads\/2026\/02\/004-Edital-PPG-CA-No-004-2026-Inscricao-Selecao-Bolsas-2026-1.pdf\">EDITAL PPG-CA N\u00ba 04\/2026 &#8211; Inscri\u00e7\u00e3o para sele\u00e7\u00e3o bolsas do programa-2026<\/a><\/strong><\/p>\n\n\n\n<p class=\"has-text-align-center has-background\" style=\"background-color:#ffffff\"><strong><a href=\"https:\/\/pos.uel.br\/cienciaanimal\/wp-content\/uploads\/2026\/01\/003-Edital-PPG-CA-N.-003-2026-Resultado-Selecao-PDSE-CAPES-2026-1.pdf\">EDITAL PPG-CA N\u00ba 03\/2026 &#8211; RESULTADO <strong>Sele\u00e7\u00e3o PDSE\/CAPES &#8211; sEGUNDA cHAMADA &#8211; 2026<\/strong><\/a><\/strong><\/p>\n\n\n\n<p class=\"has-text-align-center has-background\" style=\"background-color:#ffffff\"><strong><a href=\"https:\/\/pos.uel.br\/cienciaanimal\/wp-content\/uploads\/2026\/01\/002-Edital-PPG-CA-N.-002-2026-Resultado-Selecao-Escola-Agricola.pdf\">EDITAL PPG-CA N\u00ba 02\/2026 &#8211; RESULTADO <\/a><strong><a href=\"https:\/\/pos.uel.br\/cienciaanimal\/wp-content\/uploads\/2025\/11\/011-Edital-PPG-CA-N.-011-2025-Edital-Selecao-Escola-Agricola-2025.pdf\">Sele\u00e7\u00e3o de docentes dos Col\u00e9gios Agr\u00edcolas Estaduais do Paran\u00e1 (Programa Agroqualipesquisa).<\/a><\/strong><\/strong><\/p>\n\n\n\n<p class=\"has-background\" style=\"background-color:#ffffff\"><strong><a href=\"https:\/\/pos.uel.br\/cienciaanimal\/wp-content\/uploads\/2026\/01\/001-Edital-PPG-CA-N.-001-2026-Selecao-PDSE-CAPES-2026.pdf\">EDITAL PPG-CA N\u00ba 01\/2026 &#8211; INSCRI\u00c7\u00c3O SELE\u00c7\u00c3O PDSE\/CAPES &#8211; SEGUNDA CHAMADA &#8211; 2026<\/a><\/strong><\/p>\n\n\n\n<p class=\"has-background\" style=\"background-color:#ffffff\"><strong><a href=\"https:\/\/pos.uel.br\/cienciaanimal\/wp-content\/uploads\/2025\/12\/013-Edital-PPG-CA-N.-013-2025-Edital-Resultado-Selec\u0327a\u0303o-Estudante-Regular-2026-1-1.pdf\">EDITAL PPG-CA N\u00ba 013\/2025 &#8211; RESULTADO SELE\u00c7\u00c3O ESTUDANTE REGULAR &#8211; IN\u00cdCIO 1\u00ba SEMESTRE\/2026<\/a><\/strong><\/p>\n\n\n\n<p class=\"has-background\" style=\"background-color:#ffffff\"><strong><a href=\"https:\/\/pos.uel.br\/cienciaanimal\/wp-content\/uploads\/2025\/11\/011-Edital-PPG-CA-N.-011-2025-Edital-Selecao-Escola-Agricola-2025.pdf\">EDITAL PPG-CA N\u00ba 011\/2025 -Inscri\u00e7\u00e3o e Sele\u00e7\u00e3o de docentes dos Col\u00e9gios Agr\u00edcolas Estaduais do Paran\u00e1 (Programa Agroqualipesquisa).<\/a><\/strong><\/p>\n<\/div>\n<\/div><\/div>\n\n\n\n<div style=\"height:70px\" aria-hidden=\"true\" class=\"wp-block-spacer\"><\/div>\n\n\n\n<div class=\"wp-block-columns alignwide has-medium-font-size is-layout-flex wp-container-core-columns-is-layout-9d6595d7 wp-block-columns-is-layout-flex\">\n<div class=\"wp-block-column is-layout-flow wp-block-column-is-layout-flow\"><div class=\"wp-block-image\">\n<figure class=\"alignright size-medium\"><a href=\"https:\/\/posuel.com.br\/cienciaanimal\/teses-e-dissertacoes\/\"><img loading=\"lazy\" decoding=\"async\" width=\"276\" height=\"300\" src=\"https:\/\/pos.uel.br\/cienciaanimal\/wp-content\/uploads\/2025\/05\/icone-teses-e-dissertacoes-276x300.png\" alt=\"\" class=\"wp-image-1728\" style=\"object-fit:cover\" srcset=\"https:\/\/pos.uel.br\/cienciaanimal\/wp-content\/uploads\/2025\/05\/icone-teses-e-dissertacoes-276x300.png 276w, https:\/\/pos.uel.br\/cienciaanimal\/wp-content\/uploads\/2025\/05\/icone-teses-e-dissertacoes-941x1024.png 941w, https:\/\/pos.uel.br\/cienciaanimal\/wp-content\/uploads\/2025\/05\/icone-teses-e-dissertacoes-768x836.png 768w, https:\/\/pos.uel.br\/cienciaanimal\/wp-content\/uploads\/2025\/05\/icone-teses-e-dissertacoes.png 1000w\" sizes=\"auto, (max-width: 276px) 100vw, 276px\" \/><\/a><\/figure>\n<\/div><\/div>\n\n\n\n<div class=\"wp-block-column is-layout-flow wp-block-column-is-layout-flow\" style=\"flex-basis:50px\"><\/div>\n\n\n\n<div class=\"wp-block-column is-layout-flow wp-block-column-is-layout-flow\"><div class=\"wp-block-image\">\n<figure class=\"alignleft size-medium\"><a href=\"https:\/\/pos.uel.br\/cienciaanimal\/corpo-docente\/\"><img loading=\"lazy\" decoding=\"async\" width=\"276\" height=\"300\" src=\"https:\/\/pos.uel.br\/cienciaanimal\/wp-content\/uploads\/2025\/05\/corpo-docente-276x300.png\" alt=\"\" class=\"wp-image-1727\" style=\"object-fit:cover\" srcset=\"https:\/\/pos.uel.br\/cienciaanimal\/wp-content\/uploads\/2025\/05\/corpo-docente-276x300.png 276w, https:\/\/pos.uel.br\/cienciaanimal\/wp-content\/uploads\/2025\/05\/corpo-docente-941x1024.png 941w, https:\/\/pos.uel.br\/cienciaanimal\/wp-content\/uploads\/2025\/05\/corpo-docente-768x836.png 768w, https:\/\/pos.uel.br\/cienciaanimal\/wp-content\/uploads\/2025\/05\/corpo-docente.png 1000w\" sizes=\"auto, (max-width: 276px) 100vw, 276px\" \/><\/a><\/figure>\n<\/div><\/div>\n<\/div>\n\n\n\n<div style=\"height:70px\" aria-hidden=\"true\" class=\"wp-block-spacer\"><\/div>\n\n\n\n<div class=\"wp-block-group\"><div class=\"wp-block-group__inner-container is-layout-constrained wp-block-group-is-layout-constrained\">\n<div class=\"wp-block-columns is-layout-flex wp-container-core-columns-is-layout-9d6595d7 wp-block-columns-is-layout-flex\">\n<div class=\"wp-block-column is-layout-flow wp-block-column-is-layout-flow\">\n<h2 class=\"wp-block-heading has-text-align-center has-primary-accent-color has-text-color\">DESTAQUES<\/h2>\n<\/div>\n<\/div>\n\n\n\n<div class=\"wp-block-columns is-layout-flex wp-container-core-columns-is-layout-9d6595d7 wp-block-columns-is-layout-flex\">\n<div class=\"wp-block-column is-layout-flow wp-block-column-is-layout-flow\">\n<figure class=\"wp-block-image size-full is-resized\"><a href=\"https:\/\/pos.uel.br\/cienciaanimal\/areas-de-concentracao\/\"><img loading=\"lazy\" decoding=\"async\" width=\"374\" height=\"374\" src=\"https:\/\/pos.uel.br\/cienciaanimal\/wp-content\/uploads\/2022\/11\/linhas-de-pesquisa.jpg\" alt=\"\" class=\"wp-image-535\" style=\"width:395px;height:395px\" srcset=\"https:\/\/pos.uel.br\/cienciaanimal\/wp-content\/uploads\/2022\/11\/linhas-de-pesquisa.jpg 374w, https:\/\/pos.uel.br\/cienciaanimal\/wp-content\/uploads\/2022\/11\/linhas-de-pesquisa-300x300.jpg 300w, https:\/\/pos.uel.br\/cienciaanimal\/wp-content\/uploads\/2022\/11\/linhas-de-pesquisa-150x150.jpg 150w\" sizes=\"auto, (max-width: 374px) 100vw, 374px\" \/><\/a><\/figure>\n\n\n\n<h2 class=\"wp-block-heading has-text-align-center has-primary-accent-color has-text-color\">Linhas de pesquisa<\/h2>\n<\/div>\n\n\n\n<div class=\"wp-block-column is-layout-flow wp-block-column-is-layout-flow\">\n<figure class=\"wp-block-image size-full is-resized\"><a href=\"https:\/\/pos.uel.br\/cienciaanimal\/requisitos-do-curso\/\"><img loading=\"lazy\" decoding=\"async\" width=\"374\" height=\"374\" src=\"https:\/\/pos.uel.br\/cienciaanimal\/wp-content\/uploads\/2022\/11\/dissertacoes-e-teses.jpg\" alt=\"\" class=\"wp-image-536\" style=\"width:397px;height:397px\" srcset=\"https:\/\/pos.uel.br\/cienciaanimal\/wp-content\/uploads\/2022\/11\/dissertacoes-e-teses.jpg 374w, https:\/\/pos.uel.br\/cienciaanimal\/wp-content\/uploads\/2022\/11\/dissertacoes-e-teses-300x300.jpg 300w, https:\/\/pos.uel.br\/cienciaanimal\/wp-content\/uploads\/2022\/11\/dissertacoes-e-teses-150x150.jpg 150w\" sizes=\"auto, (max-width: 374px) 100vw, 374px\" \/><\/a><\/figure>\n\n\n\n<h2 class=\"wp-block-heading has-text-align-center has-primary-accent-color has-text-color\">Requisitos do Curso<\/h2>\n<\/div>\n\n\n\n<div class=\"wp-block-column is-layout-flow wp-block-column-is-layout-flow\">\n<figure class=\"wp-block-image size-full is-resized\"><a href=\"https:\/\/pos.uel.br\/cienciaanimal\/auto-avaliacao\/\" target=\"_blank\" rel=\"noreferrer noopener\"><img loading=\"lazy\" decoding=\"async\" width=\"374\" height=\"374\" src=\"https:\/\/pos.uel.br\/cienciaanimal\/wp-content\/uploads\/2022\/11\/requisitos-do-curso.jpg\" alt=\"\" class=\"wp-image-537\" style=\"width:397px;height:397px\" srcset=\"https:\/\/pos.uel.br\/cienciaanimal\/wp-content\/uploads\/2022\/11\/requisitos-do-curso.jpg 374w, https:\/\/pos.uel.br\/cienciaanimal\/wp-content\/uploads\/2022\/11\/requisitos-do-curso-300x300.jpg 300w, https:\/\/pos.uel.br\/cienciaanimal\/wp-content\/uploads\/2022\/11\/requisitos-do-curso-150x150.jpg 150w\" sizes=\"auto, (max-width: 374px) 100vw, 374px\" \/><\/a><\/figure>\n\n\n\n<h2 class=\"wp-block-heading has-text-align-center has-primary-accent-color has-text-color\">Auto Avalia\u00e7\u00e3o<\/h2>\n<\/div>\n<\/div>\n<\/div><\/div>\n\n\n\n<p class=\"has-text-align-center has-primary-accent-color has-site-background-background-color has-text-color has-background has-link-color has-large-font-size wp-elements-404896407f22db37aba51c8eed51296d\"><strong>NOT\u00cdCIAS<\/strong><\/p>\n\n\n\n<div class=\"wp-block-columns is-layout-flex wp-container-core-columns-is-layout-9d6595d7 wp-block-columns-is-layout-flex\">\n<div class=\"wp-block-column is-vertically-aligned-center is-layout-flow wp-block-column-is-layout-flow\" style=\"flex-basis:100%\">\n<div class=\"wp-block-columns is-layout-flex wp-container-core-columns-is-layout-9d6595d7 wp-block-columns-is-layout-flex\">\n<div class=\"wp-block-column is-vertically-aligned-center is-layout-flow wp-block-column-is-layout-flow\">\n<div class=\"wp-block-columns is-layout-flex wp-container-core-columns-is-layout-9d6595d7 wp-block-columns-is-layout-flex\">\n<div class=\"wp-block-column is-layout-flow wp-block-column-is-layout-flow\">\n<figure class=\"wp-block-embed is-type-video is-provider-youtube wp-block-embed-youtube wp-embed-aspect-16-9 wp-has-aspect-ratio\"><div class=\"wp-block-embed__wrapper\">\n<iframe loading=\"lazy\" title=\"V\u00eddeo Institucional - UEL - Ingl\u00eas\" width=\"640\" height=\"360\" src=\"https:\/\/www.youtube.com\/embed\/c7M-UImmayk?feature=oembed\" frameborder=\"0\" allow=\"accelerometer; autoplay; clipboard-write; encrypted-media; gyroscope; picture-in-picture; web-share\" referrerpolicy=\"strict-origin-when-cross-origin\" allowfullscreen><\/iframe>\n<\/div><\/figure>\n<\/div>\n\n\n\n<div class=\"wp-block-column is-layout-flow wp-block-column-is-layout-flow\"><ul class=\"wp-block-latest-posts__list is-grid columns-2 alignleft wp-block-latest-posts\"><li><div class=\"wp-block-latest-posts__featured-image aligncenter\"><img loading=\"lazy\" decoding=\"async\" width=\"640\" height=\"426\" src=\"https:\/\/pos.uel.br\/cienciaanimal\/wp-content\/uploads\/2023\/11\/professores.jpg\" class=\"attachment-large size-large wp-post-image\" alt=\"\" style=\"\" srcset=\"https:\/\/pos.uel.br\/cienciaanimal\/wp-content\/uploads\/2023\/11\/professores.jpg 800w, https:\/\/pos.uel.br\/cienciaanimal\/wp-content\/uploads\/2023\/11\/professores-300x200.jpg 300w, https:\/\/pos.uel.br\/cienciaanimal\/wp-content\/uploads\/2023\/11\/professores-768x512.jpg 768w\" sizes=\"auto, (max-width: 640px) 100vw, 640px\" \/><\/div><a class=\"wp-block-latest-posts__post-title\" href=\"https:\/\/pos.uel.br\/cienciaanimal\/sem-categoria-pt\/2023\/11\/29\/professores-da-espanha-ministram-palestras-e-atividades-do-ppg-em-ciencia-animal-cca\/\">Professores da Espanha ministram palestras e atividades do PPG em Ci\u00eancia Animal (CCA)<\/a><div class=\"wp-block-latest-posts__post-excerpt\">Dois professores da Universidade de Granada, na Espanha, est\u00e3o na\u2026 <a class=\"wp-block-latest-posts__read-more\" href=\"https:\/\/pos.uel.br\/cienciaanimal\/sem-categoria-pt\/2023\/11\/29\/professores-da-espanha-ministram-palestras-e-atividades-do-ppg-em-ciencia-animal-cca\/\" rel=\"noopener noreferrer\">Leia mais<span class=\"screen-reader-text\">: Professores da Espanha ministram palestras e atividades do PPG em Ci\u00eancia Animal (CCA)<\/span><\/a><\/div><\/li>\n<li><div class=\"wp-block-latest-posts__featured-image aligncenter\"><img loading=\"lazy\" decoding=\"async\" width=\"640\" height=\"360\" src=\"https:\/\/pos.uel.br\/cienciaanimal\/wp-content\/uploads\/2022\/11\/animal.jpg\" class=\"attachment-large size-large wp-post-image\" alt=\"\" style=\"\" srcset=\"https:\/\/pos.uel.br\/cienciaanimal\/wp-content\/uploads\/2022\/11\/animal.jpg 700w, https:\/\/pos.uel.br\/cienciaanimal\/wp-content\/uploads\/2022\/11\/animal-300x169.jpg 300w\" sizes=\"auto, (max-width: 640px) 100vw, 640px\" \/><\/div><a class=\"wp-block-latest-posts__post-title\" href=\"https:\/\/pos.uel.br\/cienciaanimal\/sem-categoria\/2021\/07\/23\/noticias-cnpq\/\">UEL desenvolve t\u00e9cnica r\u00e1pida para identificar fraudes em carnes processadas\u00a0<\/a><div class=\"wp-block-latest-posts__post-excerpt\">Em menos de um minuto de an\u00e1lise \u00e9 poss\u00edvel identificar\u2026 <a class=\"wp-block-latest-posts__read-more\" href=\"https:\/\/pos.uel.br\/cienciaanimal\/sem-categoria\/2021\/07\/23\/noticias-cnpq\/\" rel=\"noopener noreferrer\">Leia mais<span class=\"screen-reader-text\">: UEL desenvolve t\u00e9cnica r\u00e1pida para identificar fraudes em carnes processadas\u00a0<\/span><\/a><\/div><\/li>\n<\/ul><\/div>\n<\/div>\n<\/div>\n<\/div>\n\n\n\n<figure class=\"wp-block-table alignleft is-style-regular\"><table class=\"has-fixed-layout\"><tbody><tr><td class=\"has-text-align-center\" data-align=\"center\"><a href=\"http:\/\/www.bibliotecadigital.uel.br\/\" target=\"_blank\" rel=\"noreferrer noopener\"><img loading=\"lazy\" decoding=\"async\" width=\"280\" height=\"256\" class=\"wp-image-263\" style=\"width: 75px\" src=\"https:\/\/pos.uel.br\/cienciaanimal\/wp-content\/uploads\/2021\/07\/Logo-Biblioteca-Digital-UEL.jpg\" alt=\"\"><\/a><\/td><td class=\"has-text-align-center\" data-align=\"center\"><a href=\"http:\/\/www.uel.br\/bc\/portal\/\" target=\"_blank\" rel=\"noreferrer noopener\"><img decoding=\"async\" style=\"width: 75px\" src=\"https:\/\/pos.uel.br\/cienciaanimal\/wp-content\/uploads\/2021\/07\/Logo-Sistemas-Biblioteca-UEL.jpg\" alt=\"\"><\/a><\/td><td class=\"has-text-align-center\" data-align=\"center\"><a href=\"http:\/\/lattes.cnpq.br\" target=\"_blank\" rel=\"noreferrer noopener\"><img loading=\"lazy\" decoding=\"async\" width=\"347\" height=\"202\" class=\"wp-image-266\" style=\"width: 75px\" src=\"https:\/\/pos.uel.br\/cienciaanimal\/wp-content\/uploads\/2021\/07\/Plataforma-Lattes-.jpg\" alt=\"\" srcset=\"https:\/\/pos.uel.br\/cienciaanimal\/wp-content\/uploads\/2021\/07\/Plataforma-Lattes-.jpg 347w, https:\/\/pos.uel.br\/cienciaanimal\/wp-content\/uploads\/2021\/07\/Plataforma-Lattes--300x175.jpg 300w\" sizes=\"auto, (max-width: 347px) 100vw, 347px\" \/><\/a><\/td><td class=\"has-text-align-center\" data-align=\"center\"><a href=\"http:\/\/www.periodicos.capes.gov.br\/\" target=\"_blank\" rel=\"noreferrer noopener\"><img loading=\"lazy\" decoding=\"async\" width=\"277\" height=\"266\" class=\"wp-image-268\" style=\"width: 75px\" src=\"https:\/\/pos.uel.br\/cienciaanimal\/wp-content\/uploads\/2021\/07\/CAPES.jpg\" alt=\"\"><\/a><\/td><td class=\"has-text-align-center\" data-align=\"center\"><a href=\"http:\/\/www.cnpq.br\/\" target=\"_blank\" rel=\"noreferrer noopener\"><img loading=\"lazy\" decoding=\"async\" width=\"558\" height=\"239\" class=\"wp-image-261\" style=\"width: 100px\" src=\"https:\/\/pos.uel.br\/cienciaanimal\/wp-content\/uploads\/2021\/07\/CNPQ.jpg\" alt=\"\" srcset=\"https:\/\/pos.uel.br\/cienciaanimal\/wp-content\/uploads\/2021\/07\/CNPQ.jpg 558w, https:\/\/pos.uel.br\/cienciaanimal\/wp-content\/uploads\/2021\/07\/CNPQ-300x128.jpg 300w\" sizes=\"auto, (max-width: 558px) 100vw, 558px\" \/><\/a><\/td><td class=\"has-text-align-center\" data-align=\"center\"><a href=\"http:\/\/www.fundacaoaraucaria.org.br\/\" target=\"_blank\" rel=\"noreferrer noopener\"><img loading=\"lazy\" decoding=\"async\" width=\"515\" height=\"201\" class=\"wp-image-264\" style=\"width: 150px\" src=\"https:\/\/pos.uel.br\/cienciaanimal\/wp-content\/uploads\/2021\/07\/Logo-Fundacao-Araucaria-.jpg\" alt=\"\" srcset=\"https:\/\/pos.uel.br\/cienciaanimal\/wp-content\/uploads\/2021\/07\/Logo-Fundacao-Araucaria-.jpg 515w, https:\/\/pos.uel.br\/cienciaanimal\/wp-content\/uploads\/2021\/07\/Logo-Fundacao-Araucaria--300x117.jpg 300w\" sizes=\"auto, (max-width: 515px) 100vw, 515px\" \/><\/a><\/td><td class=\"has-text-align-center\" data-align=\"center\"><a href=\"http:\/\/www.scielo.br\/\" target=\"_blank\" rel=\"noreferrer noopener\"><img loading=\"lazy\" decoding=\"async\" width=\"295\" height=\"260\" class=\"wp-image-267\" style=\"width: 75px\" src=\"https:\/\/pos.uel.br\/cienciaanimal\/wp-content\/uploads\/2021\/07\/Scielo.jpg\" alt=\"\"><\/a><\/td><\/tr><\/tbody><\/table><\/figure>\n<\/div>\n<\/div>\n","protected":false},"excerpt":{"rendered":"<p>EDITAL PPG-CA N\u00ba 05\/2026 &#8211; RESULTADO sele\u00e7\u00e3o bolsas do programa-2026 EDITAL PPG-CA N\u00ba 04\/2026 &#8211; Inscri\u00e7\u00e3o para sele\u00e7\u00e3o bolsas do programa-2026 EDITAL PPG-CA N\u00ba 03\/2026 &#8211; RESULTADO Sele\u00e7\u00e3o PDSE\/CAPES &#8211; sEGUNDA cHAMADA &#8211; 2026 EDITAL PPG-CA N\u00ba 02\/2026 &#8211; RESULTADO Sele\u00e7\u00e3o de docentes dos Col\u00e9gios Agr\u00edcolas Estaduais do Paran\u00e1 (Programa Agroqualipesquisa). EDITAL PPG-CA N\u00ba 01\/2026 [&hellip;]<\/p>\n","protected":false},"author":1,"featured_media":0,"parent":0,"menu_order":0,"comment_status":"closed","ping_status":"closed","template":"page-templates\/template-without-title.php","meta":{"_acf_changed":false,"footnotes":""},"class_list":["post-105","page","type-page","status-publish","hentry"],"acf":[],"_links":{"self":[{"href":"https:\/\/pos.uel.br\/cienciaanimal\/wp-json\/wp\/v2\/pages\/105","targetHints":{"allow":["GET"]}}],"collection":[{"href":"https:\/\/pos.uel.br\/cienciaanimal\/wp-json\/wp\/v2\/pages"}],"about":[{"href":"https:\/\/pos.uel.br\/cienciaanimal\/wp-json\/wp\/v2\/types\/page"}],"author":[{"embeddable":true,"href":"https:\/\/pos.uel.br\/cienciaanimal\/wp-json\/wp\/v2\/users\/1"}],"replies":[{"embeddable":true,"href":"https:\/\/pos.uel.br\/cienciaanimal\/wp-json\/wp\/v2\/comments?post=105"}],"version-history":[{"count":190,"href":"https:\/\/pos.uel.br\/cienciaanimal\/wp-json\/wp\/v2\/pages\/105\/revisions"}],"predecessor-version":[{"id":2080,"href":"https:\/\/pos.uel.br\/cienciaanimal\/wp-json\/wp\/v2\/pages\/105\/revisions\/2080"}],"wp:attachment":[{"href":"https:\/\/pos.uel.br\/cienciaanimal\/wp-json\/wp\/v2\/media?parent=105"}],"curies":[{"name":"wp","href":"https:\/\/api.w.org\/{rel}","templated":true}]}}