{"id":10,"date":"2021-04-26T21:00:04","date_gmt":"2021-04-27T00:00:04","guid":{"rendered":"https:\/\/pos.uel.br\/cienciaanimal\/?page_id=10"},"modified":"2023-03-30T10:38:00","modified_gmt":"2023-03-30T13:38:00","slug":"areas-de-concentracao","status":"publish","type":"page","link":"https:\/\/pos.uel.br\/cienciaanimal\/areas-de-concentracao\/","title":{"rendered":"\u00c1reas de Concentra\u00e7\u00e3o\/Linhas de Pesquisa"},"content":{"rendered":"\n<h3 class=\"wp-block-heading has-extra-1-color has-text-color\">Produ\u00e7\u00e3o Animal:<\/h3>\n\n\n\n<h4 class=\"wp-block-heading\">1) Biotecnologia Aplicadas \u00e0 Reprodu\u00e7\u00e3o Animal<\/h4>\n\n\n\n<p>Avalia\u00e7\u00e3o e desenvolvimento de biot\u00e9cnicas aplicadas \u00e0 reprodu\u00e7\u00e3o animal, com \u00eanfase \u00e0 insemina\u00e7\u00e3o em tempo fixo, aspira\u00e7\u00e3o folicular transvaginal, tecnol\u00f3gica de embri\u00f5es e manipula\u00e7\u00e3o de o\u00f3citos inclusos em fol\u00edculos pr\u00e9-antrais<\/p>\n\n\n\n<h4 class=\"wp-block-heading\">2) Cria\u00e7\u00e3o de Animais<\/h4>\n\n\n\n<p>Avaliar a produ\u00e7\u00e3o animal em diferentes sistemas de cria\u00e7\u00e3o estudando os diferentes processos envolvidos na produ\u00e7\u00e3o animal.<\/p>\n\n\n\n<h4 class=\"wp-block-heading\">3) Nutri\u00e7\u00e3o e Alimento Animal<\/h4>\n\n\n\n<p>Avalia\u00e7\u00e3o da exig\u00eancia nutricional das esp\u00e9cies de interesse zoot\u00e9cnico. Avalia\u00e7\u00e3o dos principais alimentos e subprodutos utilizados na alimenta\u00e7\u00e3o animal.<\/p>\n\n\n\n<hr class=\"wp-block-separator has-text-color has-extra-1-color has-alpha-channel-opacity has-extra-1-background-color has-background is-style-wide\"\/>\n\n\n\n<h3 class=\"wp-block-heading has-extra-1-color has-text-color\">Sanidade Animal:<\/h3>\n\n\n\n<h4 class=\"wp-block-heading\">1) Caracteriza\u00e7\u00e3o Antig\u00eanica e Molecular de Pat\u00f3genos de Animais<\/h4>\n\n\n\n<p>Avalia\u00e7\u00e3o da exig\u00eancia nutricional das esp\u00e9cies de interesse zoot\u00e9cnico. Avalia\u00e7\u00e3o dos principais alimentos e subprodutos utilizados na alimenta\u00e7\u00e3o animal.<\/p>\n\n\n\n<h4 class=\"wp-block-heading\">2) Controle de Qualidade na Cadeia de Produ\u00e7\u00e3o de Alimentos e Sa\u00fade P\u00fablica Veterin\u00e1ria<\/h4>\n\n\n\n<p>Avalia\u00e7\u00e3o microbiol\u00f3gica, toxicol\u00f3gica e fisio-qu\u00edmica de produtos de origem animal e de alimentos utilizados na alimenta\u00e7\u00e3o animal. &nbsp;Avalia\u00e7\u00e3o de pontos cr\u00edticos no processo de produ\u00e7\u00e3o e no produto final. Inqu\u00e9rito epidemiol\u00f3gicos de infec\u00e7\u00f5es.<\/p>\n\n\n\n<h4 class=\"wp-block-heading\">3) Diagn\u00f3stico, Epidemiologia e Controle de Doen\u00e7as de Import\u00e2ncia em Sanidade Animal<\/h4>\n\n\n\n<p>Estudos relativos ao diagn\u00f3stico etiol\u00f3gico e\/ou sorol\u00f3gico, levantamentos de frequ\u00eancia, incid\u00eancia, preval\u00eancia e ado\u00e7\u00e3o de medidas de controle e profilaxia de doen\u00e7as infecciosas e parasit\u00e1rias, de import\u00e2ncia em Sanidade Animal e Sa\u00fade P\u00fablica.<\/p>\n\n\n\n<h4 class=\"wp-block-heading\">4) Cl\u00ednica e Cirurgia Veterin\u00e1ria<\/h4>\n\n\n\n<p>Estudo das doen\u00e7as de bovinos, equinos, ovinos, caprinos, su\u00ednos, c\u00e3es, gatos e animais de companhia ex\u00f3ticos. Estudo dos aspectos gerais relacionados \u00e0 etiologia, patogenia, epidemiologia, diagn\u00f3stico, tratamento, preven\u00e7\u00e3o e controle das enfermidades. Desenvolvimento e\/ou aperfei\u00e7oamento de tratamento cl\u00ednico e t\u00e9cnicas cir\u00fargicas.<\/p>\n\n\n\n<figure class=\"wp-block-image size-large is-resized\"><img loading=\"lazy\" decoding=\"async\" src=\"https:\/\/pos.uel.br\/cienciaanimal\/wp-content\/uploads\/2023\/03\/linhas-de-pesquisa-1024x680.jpg\" alt=\"\" class=\"wp-image-662\" width=\"1240\" height=\"824\" srcset=\"https:\/\/pos.uel.br\/cienciaanimal\/wp-content\/uploads\/2023\/03\/linhas-de-pesquisa-1024x680.jpg 1024w, https:\/\/pos.uel.br\/cienciaanimal\/wp-content\/uploads\/2023\/03\/linhas-de-pesquisa-300x199.jpg 300w, https:\/\/pos.uel.br\/cienciaanimal\/wp-content\/uploads\/2023\/03\/linhas-de-pesquisa-768x510.jpg 768w, https:\/\/pos.uel.br\/cienciaanimal\/wp-content\/uploads\/2023\/03\/linhas-de-pesquisa.jpg 1240w\" sizes=\"auto, (max-width: 1240px) 100vw, 1240px\" \/><\/figure>\n","protected":false},"excerpt":{"rendered":"<p>Produ\u00e7\u00e3o Animal: 1) Biotecnologia Aplicadas \u00e0 Reprodu\u00e7\u00e3o Animal Avalia\u00e7\u00e3o e desenvolvimento de biot\u00e9cnicas aplicadas \u00e0 reprodu\u00e7\u00e3o animal, com \u00eanfase \u00e0 insemina\u00e7\u00e3o em tempo fixo, aspira\u00e7\u00e3o folicular transvaginal, tecnol\u00f3gica de embri\u00f5es e manipula\u00e7\u00e3o de o\u00f3citos inclusos em fol\u00edculos pr\u00e9-antrais 2) Cria\u00e7\u00e3o de Animais Avaliar a produ\u00e7\u00e3o animal em diferentes sistemas de cria\u00e7\u00e3o estudando os diferentes processos [&hellip;]<\/p>\n","protected":false},"author":1,"featured_media":0,"parent":0,"menu_order":0,"comment_status":"closed","ping_status":"closed","template":"","meta":{"_acf_changed":false,"footnotes":""},"class_list":["post-10","page","type-page","status-publish","hentry"],"acf":[],"_links":{"self":[{"href":"https:\/\/pos.uel.br\/cienciaanimal\/wp-json\/wp\/v2\/pages\/10","targetHints":{"allow":["GET"]}}],"collection":[{"href":"https:\/\/pos.uel.br\/cienciaanimal\/wp-json\/wp\/v2\/pages"}],"about":[{"href":"https:\/\/pos.uel.br\/cienciaanimal\/wp-json\/wp\/v2\/types\/page"}],"author":[{"embeddable":true,"href":"https:\/\/pos.uel.br\/cienciaanimal\/wp-json\/wp\/v2\/users\/1"}],"replies":[{"embeddable":true,"href":"https:\/\/pos.uel.br\/cienciaanimal\/wp-json\/wp\/v2\/comments?post=10"}],"version-history":[{"count":11,"href":"https:\/\/pos.uel.br\/cienciaanimal\/wp-json\/wp\/v2\/pages\/10\/revisions"}],"predecessor-version":[{"id":883,"href":"https:\/\/pos.uel.br\/cienciaanimal\/wp-json\/wp\/v2\/pages\/10\/revisions\/883"}],"wp:attachment":[{"href":"https:\/\/pos.uel.br\/cienciaanimal\/wp-json\/wp\/v2\/media?parent=10"}],"curies":[{"name":"wp","href":"https:\/\/api.w.org\/{rel}","templated":true}]}}