{"id":96,"date":"2021-05-16T12:00:49","date_gmt":"2021-05-16T15:00:49","guid":{"rendered":"https:\/\/pos.uel.br\/cienciaalimentos\/?page_id=96"},"modified":"2024-04-30T06:33:33","modified_gmt":"2024-04-30T09:33:33","slug":"pesquisa","status":"publish","type":"page","link":"https:\/\/pos.uel.br\/cienciaalimentos\/pesquisa\/","title":{"rendered":"Disciplinas"},"content":{"rendered":"\n<p><strong>CR\u00c9DITOS PARA O MESTRADO:<\/strong><\/p>\n\n\n\n<p>&#8211; 68 (sessenta e oito) cr\u00e9ditos, correspondentes a 1.020 (mil e vinte) horas, assim<\/p>\n\n\n\n<p>&nbsp; distribu\u00eddos:<\/p>\n\n\n\n<p>a) 28 (vinte e oito) cr\u00e9ditos em disciplinas, sendo que pelo menos 12 (doze) sejam do<\/p>\n\n\n\n<p>&nbsp; &nbsp; n\u00facleo&nbsp;comum;<\/p>\n\n\n\n<p>b) 40 (quarenta) cr\u00e9ditos em disserta\u00e7\u00e3o de mestrado.<\/p>\n\n\n\n<p><strong>CR\u00c9DITOS PARA O DOUTORADO:<\/strong><\/p>\n\n\n\n<p>&#8211; 124 (cento e vinte quatro) cr\u00e9ditos, correspondentes a 1.860 (mil, oitocentas e sessenta)<\/p>\n\n\n\n<p>&nbsp; horas, assim distribu\u00eddos:&nbsp;<\/p>\n\n\n\n<p>a) 44 (quarenta e quatro) cr\u00e9ditos em disciplinas, sendo obrigat\u00f3rios os Est\u00e1gios de<\/p>\n\n\n\n<p>&nbsp; &nbsp; Doc\u00eancia na Gradua\u00e7\u00e3o I e II;<\/p>\n\n\n\n<p>b) 80 (oitenta) cr\u00e9ditos em tese de doutorado.<\/p>\n\n\n\n<hr class=\"wp-block-separator has-alpha-channel-opacity\" \/>\n\n\n\n<p><strong>a)&nbsp;<u>Disciplinas do N\u00facleo Comum<\/u>&nbsp;(12 cr\u00e9ditos exigidos para o Mestrado)&nbsp;<\/strong><\/p>\n\n\n\n<figure class=\"wp-block-table is-style-stripes\"><table><tbody><tr><td>2 CTA 161&nbsp;&#8211;<\/td><td>An\u00e1lise de Alimentos<\/td><td>4 cr<\/td><td>60 h<\/td><\/tr><tr><td>2 CTA 098&nbsp;&#8211;<\/td><td>An\u00e1lise Microbiol\u00f3gica de Alimentos<\/td><td>4 cr<\/td><td>60 h<\/td><\/tr><tr><td>2 CTA 162&nbsp;&#8211;<\/td><td>F\u00edsico-Qu\u00edmica de Alimentos<\/td><td>4 cr<\/td><td>60 h<\/td><\/tr><tr><td>2 CTA 100&nbsp;&#8211;<\/td><td>Microbiologia de Alimentos<\/td><td>4 cr<\/td><td>60 h<\/td><\/tr><tr><td>2 CTA 163&nbsp;&#8211;<\/td><td>Qu\u00edmica de Alimentos<\/td><td>4 cr<\/td><td>60 h<\/td><\/tr><tr><td>2 CTA 102 &nbsp;&#8211;<\/td><td>Transforma\u00e7\u00f5es Bioqu\u00edmicas<\/td><td>4 cr<\/td><td>60 h<\/td><\/tr><\/tbody><\/table><\/figure>\n\n\n\n<p>Par\u00e1grafo \u00fanico. O aluno que cursar mais de 12 (doze) cr\u00e9ditos em disciplinas do n\u00facleo comum ter\u00e1 o excedente computado como cr\u00e9ditos do n\u00facleo complementar<\/p>\n\n\n\n<p><strong>b)&nbsp;<u>Disciplinas do N\u00facleo Complementar<\/u>&nbsp;(16 cr\u00e9ditos exigidos para o Mestrado)<\/strong><\/p>\n\n\n\n<figure class=\"wp-block-table is-style-stripes\"><table><tbody><tr><td>2 CTA 164&nbsp;&#8211;<\/td><td>An\u00e1lise Sensorial<\/td><td>4 cr<\/td><td>60 h<\/td><\/tr><tr><td>2 CTA 009&nbsp;&#8211;<\/td><td>Aplica\u00e7\u00f5es de Cromatografia L\u00edquida de Alta Efici\u00eancia em Alimentos<\/td><td>2 cr<\/td><td>30 h<\/td><\/tr><tr><td>2 CTA 103&nbsp;&#8211;<\/td><td>Ci\u00eancia e Tecnologia de Carnes<\/td><td>4 cr<\/td><td>60 h<\/td><\/tr><tr><td>2 CTA 106 &nbsp;&#8211;<\/td><td>Biocontrole: ecologia, fisiologia e metabolismo microbiano<\/td><td>3 cr<\/td><td>45 h<\/td><\/tr><tr><td>2 CTA 107 &nbsp;&#8211;<\/td><td>Gest\u00e3o da Qualidade de Alimentos<\/td><td>4 cr<\/td><td>60 h<\/td><\/tr><tr><td>2 CTA 017&nbsp;&#8211;<\/td><td>Planejamento de Experimentos Aplicado a Alimentos<\/td><td>4 cr<\/td><td>60 h<\/td><\/tr><tr><td>2 CTA 108&nbsp;&#8211;<\/td><td>Probi\u00f3ticos, Prebi\u00f3ticos e Bact\u00e9rias L\u00e1cticas<\/td><td>4 cr<\/td><td>60 h<\/td><\/tr><tr><td>2 CTA 109&nbsp;&#8211;<\/td><td>Propriedades Funcionais de Macromol\u00e9culas em Sistemas Alimentares<\/td><td>4 cr<\/td><td>60 h<\/td><\/tr><tr><td>2 CTA 110&nbsp;&#8211;<\/td><td>Reda\u00e7\u00e3o e Leitura Cr\u00edtica de Trabalhos Cient\u00edficos<\/td><td>2 cr<\/td><td>30 h<\/td><\/tr><tr><td>2 CTA 111&nbsp;&#8211;<\/td><td>Seguran\u00e7a alimentar: toxinas naturais, ambientais e de processos<\/td><td>4 cr<\/td><td>60 h<\/td><\/tr><tr><td>2 CTA 112&nbsp;&#8211;<\/td><td>Atividades Especiais<\/td><td>1 cr<\/td><td>15 h<\/td><\/tr><tr><td>2 CTA 113&nbsp;&#8211;<\/td><td>Valoriza\u00e7\u00e3o de Subprodutos e Coprodutos na Ind\u00fastria de Alimentos<\/td><td>2 cr<\/td><td>30 h<\/td><\/tr><tr><td>2 CTA 116\u00a0\u00a0\u00a0\u00a0\u00a0\u00a0\u00a0 a\u00a0\u00a0\u00a0\u00a0\u00a0\u00a0\u00a0 2 CTA 160<\/td><td>T\u00f3picos Especiais em Ci\u00eancia e Tecnologia de Alimentos<\/td><td colspan=\"2\">Cr\u00e9ditos vari\u00e1veis<\/td><\/tr><tr><td>2 STA 057&nbsp;&#8211;<\/td><td>Estat\u00edstica Aplicada<\/td><td>4 cr<\/td><td>60 h<\/td><\/tr><tr><td>2 CTA 165&nbsp;&#8211;<\/td><td>Qu\u00edmica e Tecnologia de Amido<\/td><td>2 cr<\/td><td>30 h<\/td><\/tr><\/tbody><\/table><\/figure>\n\n\n\n<p><strong>c) Est\u00e1gio de Doc\u00eancia na Gradua\u00e7\u00e3o (obrigat\u00f3rio para estudantes de doutorado)<\/strong><\/p>\n\n\n\n<figure class=\"wp-block-table is-style-stripes\"><table><tbody><tr><td>2 CTA 079&nbsp;&#8211;<\/td><td>Est\u00e1gio de Doc\u00eancia na Gradua\u00e7\u00e3o I<\/td><td>2 cr<\/td><td>30 h<\/td><\/tr><tr><td>2 CTA 080&nbsp;&#8211;<\/td><td>Est\u00e1gio de Doc\u00eancia na Gradua\u00e7\u00e3o II<\/td><td>2 cr<\/td><td>30 h<\/td><\/tr><\/tbody><\/table><\/figure>\n\n\n\n<p><strong>&nbsp;<\/strong><strong>d) Disserta\u00e7\u00e3o de Mestrado<\/strong><\/p>\n\n\n\n<figure class=\"wp-block-table is-style-stripes\"><table><tbody><tr><td>2 CTA 081&nbsp;&#8211;<\/td><td>Disserta\u00e7\u00e3o I<\/td><td>10 cr<\/td><td>150 h<\/td><\/tr><tr><td>2 CTA 082&nbsp;&#8211;<\/td><td>Disserta\u00e7\u00e3o II<\/td><td>10 cr<\/td><td>150 h<\/td><\/tr><tr><td>2 CTA 083&nbsp;&#8211;<\/td><td>Disserta\u00e7\u00e3o III<\/td><td>10 cr<\/td><td>150 h<\/td><\/tr><tr><td>2 CTA 084&nbsp;&#8211;<\/td><td>Disserta\u00e7\u00e3o IV<\/td><td>10 cr<\/td><td>150 h<\/td><\/tr><\/tbody><\/table><\/figure>\n\n\n\n<p><strong>&nbsp;<\/strong><strong>e) Tese de Doutorado<\/strong><\/p>\n\n\n\n<figure class=\"wp-block-table is-style-stripes\"><table><tbody><tr><td>2 CTA 085&nbsp;&#8211;<\/td><td>Tese I<\/td><td>10 cr<\/td><td>150 h<\/td><\/tr><tr><td>2 CTA 086&nbsp;&#8211;<\/td><td>Tese II<\/td><td>10 cr<\/td><td>150 h<\/td><\/tr><tr><td>2 CTA 087&nbsp;&#8211;<\/td><td>Tese III<\/td><td>10 cr<\/td><td>150 h<\/td><\/tr><tr><td>2 CTA 088&nbsp;&#8211;<\/td><td>Tese IV<\/td><td>10 cr<\/td><td>150 h<\/td><\/tr><tr><td>2 CTA 089&nbsp;&#8211;<\/td><td>Tese V<\/td><td>10 cr<\/td><td>150 h<\/td><\/tr><tr><td>2 CTA 090&nbsp;&#8211;<\/td><td>Tese VI<\/td><td>10 cr<\/td><td>150 h<\/td><\/tr><tr><td>2 CTA 091&nbsp;&#8211;<\/td><td>Tese VII<\/td><td>10 cr<\/td><td>150 h<\/td><\/tr><tr><td>2 CTA 092&nbsp;&#8211;<\/td><td>Tese VIII<\/td><td>10 cr<\/td><td>150 h<\/td><\/tr><\/tbody><\/table><\/figure>\n\n\n\n<hr class=\"wp-block-separator has-alpha-channel-opacity\" \/>\n\n\n\n<p><strong>EMENTAS DAS DISCIPLINAS OFERTADAS PELO PROGRAMA<\/strong><\/p>\n\n\n\n<p><strong>PARA CONSULTAR AS EMENTAS DAS DISCIPLINAS, CLIQUE NAS DELIBERA\u00c7\u00d5ES ABAIXO<\/strong><\/p>\n\n\n\n<p><strong>= Para estudantes matriculados a partir do 1\u00ba sem\/2019<\/strong><\/p>\n\n\n\n<p><strong><a href=\"http:\/\/www.uel.br\/cca\/dcta\/pages\/arquivos\/3-ReestrutCurric%20Programa%20PG-CAlim%20DelCamara%2022-2018.pdf\" target=\"_blank\" rel=\"noreferrer noopener\">&#8211;&nbsp;<u>DELIBERA\u00c7\u00c3O \u2013 Colegiado PPG&nbsp;<em>Stricto sensu<\/em>&nbsp;n\u00ba 022\/2018<\/u><br><br><\/a><\/strong><strong><a href=\"http:\/\/www.uel.br\/cca\/dcta\/pages\/arquivos\/3-ReestrutCurric%20Programa%20PG-CAlim%20DelCamara%2022-2018.pdf\" target=\"_blank\" rel=\"noreferrer noopener\">Reestrutura a organiza\u00e7\u00e3o curricular do Programa de P\u00f3s-Gradua\u00e7\u00e3o em Ci\u00eancia de Alimentos, em n\u00edvel de Mestrado e Doutorado&nbsp;<\/a><\/strong><\/p>\n\n\n\n<p><strong>= Para estudantes matriculados at\u00e9 o 2\u00ba sem\/2018<\/strong><\/p>\n\n\n\n<p>&#8211;&nbsp;<strong><a href=\"http:\/\/www.uel.br\/cca\/dcta\/pages\/arquivos\/4-%20Reestrutura%C3%A7%C3%A3o%20Curricular%20PG%20Ci%C3%AAn_%20Alimentos-16_2014%20-.PDF\" target=\"_blank\" rel=\"noreferrer noopener\"><u>DELIBERA\u00c7\u00c3O \u2013 C\u00e2mara de P\u00f3s-Gradua\u00e7\u00e3o n\u00ba 16\/2014&nbsp;<\/u><\/a><\/strong><\/p>\n\n\n\n<p><a href=\"http:\/\/www.uel.br\/cca\/dcta\/pages\/arquivos\/4-%20Reestrutura%C3%A7%C3%A3o%20Curricular%20PG%20Ci%C3%AAn_%20Alimentos-16_2014%20-.PDF\" target=\"_blank\" rel=\"noreferrer noopener\"><strong>Reestrutura a organiza\u00e7\u00e3o curricular do Programa de P\u00f3s-Gradua\u00e7\u00e3o em Ci\u00eancia de Alimentos, em n\u00edvel de Mestrado e Doutorado.&nbsp;<\/strong><\/a><\/p>\n","protected":false},"excerpt":{"rendered":"<p>CR\u00c9DITOS PARA O MESTRADO: &#8211; 68 (sessenta e oito) cr\u00e9ditos, correspondentes a 1.020 (mil e vinte) horas, assim &nbsp; distribu\u00eddos: a) 28 (vinte e oito) cr\u00e9ditos em disciplinas, sendo que pelo menos 12 (doze) sejam do &nbsp; &nbsp; n\u00facleo&nbsp;comum; b) 40 (quarenta) cr\u00e9ditos em disserta\u00e7\u00e3o de mestrado. CR\u00c9DITOS PARA O DOUTORADO: &#8211; 124 (cento e [&hellip;]<\/p>\n","protected":false},"author":7,"featured_media":0,"parent":0,"menu_order":0,"comment_status":"closed","ping_status":"closed","template":"","meta":{"_acf_changed":false,"footnotes":""},"class_list":["post-96","page","type-page","status-publish","hentry"],"acf":[],"_links":{"self":[{"href":"https:\/\/pos.uel.br\/cienciaalimentos\/wp-json\/wp\/v2\/pages\/96","targetHints":{"allow":["GET"]}}],"collection":[{"href":"https:\/\/pos.uel.br\/cienciaalimentos\/wp-json\/wp\/v2\/pages"}],"about":[{"href":"https:\/\/pos.uel.br\/cienciaalimentos\/wp-json\/wp\/v2\/types\/page"}],"author":[{"embeddable":true,"href":"https:\/\/pos.uel.br\/cienciaalimentos\/wp-json\/wp\/v2\/users\/7"}],"replies":[{"embeddable":true,"href":"https:\/\/pos.uel.br\/cienciaalimentos\/wp-json\/wp\/v2\/comments?post=96"}],"version-history":[{"count":3,"href":"https:\/\/pos.uel.br\/cienciaalimentos\/wp-json\/wp\/v2\/pages\/96\/revisions"}],"predecessor-version":[{"id":499,"href":"https:\/\/pos.uel.br\/cienciaalimentos\/wp-json\/wp\/v2\/pages\/96\/revisions\/499"}],"wp:attachment":[{"href":"https:\/\/pos.uel.br\/cienciaalimentos\/wp-json\/wp\/v2\/media?parent=96"}],"curies":[{"name":"wp","href":"https:\/\/api.w.org\/{rel}","templated":true}]}}