{"id":831,"date":"2025-05-12T21:40:24","date_gmt":"2025-05-13T00:40:24","guid":{"rendered":"https:\/\/pos.uel.br\/cienciaalimentos\/?page_id=831"},"modified":"2025-05-12T21:40:25","modified_gmt":"2025-05-13T00:40:25","slug":"doctorado","status":"publish","type":"page","link":"https:\/\/pos.uel.br\/cienciaalimentos\/es\/doctorado\/","title":{"rendered":"Doctorado"},"content":{"rendered":"\n<p><strong>Matr\u00edculas y renovaci\u00f3n de matr\u00edcula (semestralmente):<\/strong> Es responsabilidad del estudiante y se realiza de acuerdo con el calendario de Posgrado de la UEL, debe llevarse a cabo a trav\u00e9s del Portal de Estudiantes de Posgrado.<br><strong>Becas:<\/strong> El estudiante debe inscribirse en un edital espec\u00edfico para la solicitud de beca (ver secci\u00f3n Becas). El valor es de R$ 3.100,00.<br><strong>Plazos:<\/strong> El Doctorado no podr\u00e1 ser concluido en un plazo inferior a 4 (cuatro) ni superior a 8 (ocho) per\u00edodos acad\u00e9micos.<br><strong>Cr\u00e9ditos:<\/strong> Los estudiantes regularmente matriculados en el Programa de Posgrado en Ciencia de los Alimentos, nivel doctorado, deber\u00e1n cumplir con 110 (ciento diez) cr\u00e9ditos, equivalentes a 1.650 (mil seiscientas cincuenta) horas, distribuidos de la siguiente manera: 30 (treinta) cr\u00e9ditos en asignaturas, de los cuales 2 (dos) cr\u00e9ditos son obligatorios en la asignatura Seminarios Avanzados, 4 (cuatro) cr\u00e9ditos en los Est\u00e1gios de Docencia en la Licenciatura I y II, y 80 (ochenta) cr\u00e9ditos en la tesis doctoral. (Reglamento n\u00ba 53\/2024 para estudiantes que ingresen a partir de 2025).<br><strong>Proyecto de Tesis:<\/strong> El estudiante deber\u00e1 enviar el proyecto de la Tesis a la Comisi\u00f3n Coordinadora en un plazo m\u00e1ximo de 12 (doce) meses a partir de su ingreso al Programa. El incumplimiento de los plazos deber\u00e1 ser justificado por escrito por el director de tesis a la Coordinaci\u00f3n para su conocimiento.<br><strong>Profundizaci\u00f3n:<\/strong> El estudiante de Doctorado deber\u00e1 demostrar competencia en la lectura y la interpretaci\u00f3n de textos cient\u00edficos en el \u00e1rea de alimentos en ingl\u00e9s.<br><strong>Calificaci\u00f3n:<\/strong> El plazo m\u00e1ximo para solicitar la calificaci\u00f3n es de 30 meses despu\u00e9s del inicio del curso, seg\u00fan lo estipulado en el Reglamento del PPG-Ciencia de los Alimentos (Reglamento n\u00ba 096\/2018 para los estudiantes que ingresen hasta 2024 y Reglamento n\u00ba 53\/2024 para los estudiantes que ingresen a partir de 2025).<br><strong>Normas para la Defensa:<\/strong> Informaci\u00f3n detallada en el Reglamento del PPG-Ciencia de los Alimentos (Reglamento n\u00ba 096\/2018 para los estudiantes que ingresen hasta 2024 y Reglamento n\u00ba 53\/2024 para los estudiantes que ingresen a partir de 2025).<br>Los documentos posteriores a la defensa deben ser enviados al correo electr\u00f3nico pgalimentos@uel.br debidamente cumplimentados y firmados junto con la tesis corregida (en formato Word y PDF) dentro de los 30 d\u00edas posteriores a la defensa. No se entregar\u00e1n documentos f\u00edsicos ni en CD.<\/p>\n","protected":false},"excerpt":{"rendered":"<p>Matr\u00edculas y renovaci\u00f3n de matr\u00edcula (semestralmente): Es responsabilidad del estudiante y se realiza de acuerdo con el calendario de Posgrado de la UEL, debe llevarse a cabo a trav\u00e9s del Portal de Estudiantes de Posgrado.Becas: El estudiante debe inscribirse en un edital espec\u00edfico para la solicitud de beca (ver secci\u00f3n Becas). El valor es de [&hellip;]<\/p>\n","protected":false},"author":13,"featured_media":0,"parent":0,"menu_order":0,"comment_status":"closed","ping_status":"closed","template":"","meta":{"_acf_changed":false,"footnotes":""},"class_list":["post-831","page","type-page","status-publish","hentry"],"acf":[],"_links":{"self":[{"href":"https:\/\/pos.uel.br\/cienciaalimentos\/wp-json\/wp\/v2\/pages\/831","targetHints":{"allow":["GET"]}}],"collection":[{"href":"https:\/\/pos.uel.br\/cienciaalimentos\/wp-json\/wp\/v2\/pages"}],"about":[{"href":"https:\/\/pos.uel.br\/cienciaalimentos\/wp-json\/wp\/v2\/types\/page"}],"author":[{"embeddable":true,"href":"https:\/\/pos.uel.br\/cienciaalimentos\/wp-json\/wp\/v2\/users\/13"}],"replies":[{"embeddable":true,"href":"https:\/\/pos.uel.br\/cienciaalimentos\/wp-json\/wp\/v2\/comments?post=831"}],"version-history":[{"count":1,"href":"https:\/\/pos.uel.br\/cienciaalimentos\/wp-json\/wp\/v2\/pages\/831\/revisions"}],"predecessor-version":[{"id":832,"href":"https:\/\/pos.uel.br\/cienciaalimentos\/wp-json\/wp\/v2\/pages\/831\/revisions\/832"}],"wp:attachment":[{"href":"https:\/\/pos.uel.br\/cienciaalimentos\/wp-json\/wp\/v2\/media?parent=831"}],"curies":[{"name":"wp","href":"https:\/\/api.w.org\/{rel}","templated":true}]}}