{"id":44,"date":"2021-04-26T17:27:04","date_gmt":"2021-04-26T20:27:04","guid":{"rendered":"https:\/\/pos.uel.br\/cienciaalimentos\/?page_id=44"},"modified":"2026-04-08T14:33:58","modified_gmt":"2026-04-08T17:33:58","slug":"regimentos-resolucoes-e-normas-2","status":"publish","type":"page","link":"https:\/\/pos.uel.br\/cienciaalimentos\/regimentos-resolucoes-e-normas-2\/","title":{"rendered":"Regimentos, Resolu\u00e7\u00f5es, Normas e Credenciamento Docentes"},"content":{"rendered":"\n<p><a href=\"https:\/\/pos.uel.br\/cienciaalimentos\/wp-content\/uploads\/2024\/08\/1-RegulamentoStrictosensu-2016-2-CEPE-37-2016.pdf\">Regulamento dos Programas de P\u00f3s-gradua\u00e7\u00e3o Stricto Sensu da UEL<\/a><\/p>\n\n\n\n<p><a href=\"https:\/\/pos.uel.br\/cienciaalimentos\/wp-content\/uploads\/2024\/08\/Regimento-PPGCienAlim-Res-CEPE-96-2018.pdf\">Regulamento do PPG Ci\u00eancia de Alimentos n\u00ba 096\/2018 <\/a> e <a href=\"https:\/\/pos.uel.br\/cienciaalimentos\/wp-content\/uploads\/2024\/08\/3-ReestrutCurric-Programa-PG-CAlim-DelCamara-22-2018.pdf\">Delibera\u00e7\u00e3o da Organiza\u00e7\u00e3o Curricular das Disciplinas<\/a><a href=\"https:\/\/pos.uel.br\/cienciaalimentos\/wp-content\/uploads\/2024\/09\/Deliberacao-17-2024-Reest-PPG-Ciencia-Alimentos.pdf\"> <\/a><strong>(Para estudantes que ingressaram at\u00e9 2024)<\/strong><\/p>\n\n\n\n<p><a href=\"https:\/\/pos.uel.br\/cienciaalimentos\/wp-content\/uploads\/2024\/09\/Resolucao-CEPE-53-2024-Regimento-PPG-Ciencia-Alimentos.pdf\">Regulamento do PPG Ci\u00eancia de Alimentos n\u00ba 053\/2024<\/a> e <a href=\"https:\/\/pos.uel.br\/cienciaalimentos\/wp-content\/uploads\/2024\/09\/Delib17_24.pdf\">Delibera\u00e7\u00e3o da Organiza\u00e7\u00e3o Curricular das Disciplinas Nova<\/a> <strong>(Para estudantes que ingressarem em 2025) <\/strong><\/p>\n\n\n\n<p><a href=\"https:\/\/pos.uel.br\/cienciaalimentos\/wp-content\/uploads\/2026\/04\/Calendario-Academico-\u2013-PROPPG.pdf\">Calend\u00e1rio de P\u00f3s-gradua\u00e7\u00e3o Stricto Sensu da UEL<\/a><\/p>\n\n\n\n<p><strong>Regras para Credenciamento de Docentes no PPG Ci\u00eancia de Alimentos:<\/strong> O credenciamento de docentes dever\u00e1 ser solicitado pelo interessado \u00e0 Comiss\u00e3o Coordenadora e dever\u00e1 apresentar a seguinte documenta\u00e7\u00e3o:<\/p>\n\n\n\n<p>I. Carta manifestando seu interesse de credenciamento no Programa;<\/p>\n\n\n\n<p>II. Comprovante do t\u00edtulo de Doutor ou equivalente;<\/p>\n\n\n\n<p>III. Proposi\u00e7\u00e3o de disciplinas a serem ministradas semestralmente e<\/p>\n\n\n\n<p>IV. <em>Curriculum Vitae<\/em> comprovando:<\/p>\n\n\n\n<p>a) ao menos 2 (duas) publica\u00e7\u00f5es nos \u00faltimos quatro anos classificadas no estrato A do Qualis da CAPES ou Fator de Impacto igual ou maior que 0,5; <\/p>\n\n\n\n<p>b) experi\u00eancia em orienta\u00e7\u00e3o conclu\u00edda de 02 (dois) estudantes de gradua\u00e7\u00e3o que desenvolveram monografia ou trabalho de conclus\u00e3o de curso ou 02 (dois) estudantes de inicia\u00e7\u00e3o cient\u00edfica ou 01 (uma) coorienta\u00e7\u00e3o \/ orienta\u00e7\u00e3o de estudante de Mestrado \/ Doutorado.<\/p>\n\n\n\n<p><strong>Regras para descredenciamento do PPG Ci\u00eancia de Alimentos<\/strong>: O descredenciamento de docente do Programa ocorrer\u00e1 quando solicitado pelo pr\u00f3prio ou quando este n\u00e3o atender a um dos seguintes requisitos:<\/p>\n\n\n\n<ol style=\"list-style-type:upper-roman\" class=\"wp-block-list\">\n<li>Ao menos duas publica\u00e7\u00f5es nos \u00faltimos quatro anos classificadas no estrato A do Qualis da CAPES ou Fator de Impacto igual ou maior que 0,5.<\/li>\n<\/ol>\n\n\n\n<p>II. Finaliza\u00e7\u00e3o de pelo menos uma orienta\u00e7\u00e3o de estudante de Mestrado ou Doutorado, nos \u00faltimos quatro anos.<\/p>\n","protected":false},"excerpt":{"rendered":"<p>Regulamento dos Programas de P\u00f3s-gradua\u00e7\u00e3o Stricto Sensu da UEL Regulamento do PPG Ci\u00eancia de Alimentos n\u00ba 096\/2018 e Delibera\u00e7\u00e3o da Organiza\u00e7\u00e3o Curricular das Disciplinas (Para estudantes que ingressaram at\u00e9 2024) Regulamento do PPG Ci\u00eancia de Alimentos n\u00ba 053\/2024 e Delibera\u00e7\u00e3o da Organiza\u00e7\u00e3o Curricular das Disciplinas Nova (Para estudantes que ingressarem em 2025) Calend\u00e1rio de P\u00f3s-gradua\u00e7\u00e3o [&hellip;]<\/p>\n","protected":false},"author":7,"featured_media":0,"parent":0,"menu_order":0,"comment_status":"closed","ping_status":"closed","template":"","meta":{"_acf_changed":false,"footnotes":""},"class_list":["post-44","page","type-page","status-publish","hentry"],"acf":[],"_links":{"self":[{"href":"https:\/\/pos.uel.br\/cienciaalimentos\/wp-json\/wp\/v2\/pages\/44","targetHints":{"allow":["GET"]}}],"collection":[{"href":"https:\/\/pos.uel.br\/cienciaalimentos\/wp-json\/wp\/v2\/pages"}],"about":[{"href":"https:\/\/pos.uel.br\/cienciaalimentos\/wp-json\/wp\/v2\/types\/page"}],"author":[{"embeddable":true,"href":"https:\/\/pos.uel.br\/cienciaalimentos\/wp-json\/wp\/v2\/users\/7"}],"replies":[{"embeddable":true,"href":"https:\/\/pos.uel.br\/cienciaalimentos\/wp-json\/wp\/v2\/comments?post=44"}],"version-history":[{"count":24,"href":"https:\/\/pos.uel.br\/cienciaalimentos\/wp-json\/wp\/v2\/pages\/44\/revisions"}],"predecessor-version":[{"id":1066,"href":"https:\/\/pos.uel.br\/cienciaalimentos\/wp-json\/wp\/v2\/pages\/44\/revisions\/1066"}],"wp:attachment":[{"href":"https:\/\/pos.uel.br\/cienciaalimentos\/wp-json\/wp\/v2\/media?parent=44"}],"curies":[{"name":"wp","href":"https:\/\/api.w.org\/{rel}","templated":true}]}}