{"id":41,"date":"2021-04-26T17:27:04","date_gmt":"2021-04-26T20:27:04","guid":{"rendered":"https:\/\/pos.uel.br\/cienciaalimentos\/?page_id=41"},"modified":"2026-04-08T16:58:58","modified_gmt":"2026-04-08T19:58:58","slug":"doutorado","status":"publish","type":"page","link":"https:\/\/pos.uel.br\/cienciaalimentos\/doutorado\/","title":{"rendered":"Doutorado"},"content":{"rendered":"\n<p><strong>Matr\u00edculas e renova\u00e7\u00e3o de matr\u00edcula (semestralmente)<\/strong>: \u00c9 de responsabilidade do estudante e ocorre de acordo com o calend\u00e1rio da P\u00f3s-gradua\u00e7\u00e3o da UEL, deve ser feito no Portal de Estudante de P\u00f3s-gradua\u00e7\u00e3o.<\/p>\n\n\n\n<p><strong>Bolsas<\/strong>: O estudante deve se inscrever em edital espec\u00edfico para bolsa (ver Aba Bolsa). O valor \u00e9 de R$ 3.100,00<\/p>\n\n\n\n<p><strong>Prazos:<\/strong> O Doutorado n\u00e3o poder\u00e1 ser conclu\u00edda em prazo inferior a 4 (quatro) e superior a 8 (oito) per\u00edodos letivos.<\/p>\n\n\n\n<p><strong>Cr\u00e9ditos:<\/strong> Os estudantes regularmente matriculados no Programa de P\u00f3s-gradua\u00e7\u00e3o em Ci\u00eancia de Alimentos, n\u00edvel doutorado, dever\u00e3o cumprir 110 (cento e dez) cr\u00e9ditos, correspondentes a 1.650 (mil seiscentos e cinquenta) horas, assim distribu\u00eddos: 30 (trinta) cr\u00e9ditos em disciplinas, sendo obrigat\u00f3rios 2 (dois) cr\u00e9ditos na Disciplina Semin\u00e1rios Avan\u00e7ados e 4 (quatro) cr\u00e9ditos nos Est\u00e1gios de Doc\u00eancia na Gradua\u00e7\u00e3o I e II e 80 (oitenta) cr\u00e9ditos em tese de doutorado. (Regimento n\u00ba 53\/2024 para ingressantes a partir de 2025) <\/p>\n\n\n\n<p><strong>Projeto de Tese<\/strong>: O estudante dever\u00e1 encaminhar \u00e0 Comiss\u00e3o Coordenadora o projeto da Tese em at\u00e9 12 (doze) meses contado a partir do ingresso no Programa. O n\u00e3o cumprimento dos prazos dever\u00e1 ser justificado por escrito pelo orientador \u00e0 Coordena\u00e7\u00e3o para ci\u00eancia.<\/p>\n\n\n\n<p><strong>Profici\u00eancia<\/strong>: O estudante de Doutorado dever\u00e1 comprovar profici\u00eancia de leitura e interpreta\u00e7\u00e3o de texto cient\u00edfico da \u00e1rea de alimentos em l\u00edngua inglesa.<\/p>\n\n\n\n<p><strong>Qualifica\u00e7\u00e3o<\/strong>: Prazo m\u00e1ximo para requerimento 30 meses ap\u00f3s o in\u00edcio do curso, informa\u00e7\u00f5es detalhadas no Regimento do PPG-Ci\u00eancia de Alimentos (Regimento n\u00ba 096\/2018 para ingressantes at\u00e9 2024 e Regimento n\u00ba 53\/2024 para ingressantes a partir de 2025).<\/p>\n\n\n\n<p><strong>Normas para Defesa<\/strong>: Informa\u00e7\u00f5es detalhadas no Regimento do PPG-Ci\u00eancia de Alimentos (Regimento n\u00ba 096\/2018 para ingressantes at\u00e9 2024 e Regimento n\u00ba 53\/2024 para ingressantes a partir de 2025)<\/p>\n\n\n\n<p><strong>Os documentos p\u00f3s-defesa <\/strong>devem ser enviados para o e-mail pgalimentos@uel.br devidamente preenchidos e assinados juntamente com a tese corrigida (Word e PDF) em at\u00e9 30 dias ap\u00f3s a defesa. N\u00e3o h\u00e1 entrega de documentos f\u00edsicos ou por CD<\/p>\n\n\n\n<p><strong>DOCUMENTOS<\/strong><\/p>\n\n\n\n<figure class=\"wp-block-table is-style-regular\"><table class=\"has-fixed-layout\"><tbody><tr><td>&nbsp;<strong>Declara\u00e7\u00e3o de Orienta\u00e7\u00e3o<\/strong><\/td><td><a href=\"https:\/\/pos.uel.br\/cienciaalimentos\/wp-content\/uploads\/2024\/09\/Ficha_doutorado.docx\">&nbsp;Acesse o documento aqui<\/a><\/td><\/tr><tr><td><strong>Modelo de Relat\u00f3rio Semestral (atualizado)<\/strong><\/td><td><a href=\"https:\/\/pos.uel.br\/cienciaalimentos\/wp-content\/uploads\/2026\/04\/RELATORIO-SEMESTRAL_atualizado.docx\">Acesse o documento aqui<\/a><\/td><\/tr><tr><td><strong>Modelo de Projeto de Pesquisa<\/strong><\/td><td><a href=\"https:\/\/pos.uel.br\/cienciaalimentos\/wp-content\/uploads\/2026\/04\/Projeto-Pesq-TESE-Modelo_atual.docx\">Acesse o documento aqui<\/a><\/td><\/tr><tr><td><mark class=\"has-inline-color has-primary-accent-color\"><strong>&nbsp;<\/strong><\/mark><strong>Exame de Qualifica\u00e7\u00e3o (Convite<\/strong>)<\/td><td><a href=\"https:\/\/pos.uel.br\/cienciaalimentos\/wp-content\/uploads\/2024\/09\/Qualificacao.docx\">\u00a0<\/a><a href=\"https:\/\/pos.uel.br\/cienciaalimentos\/wp-content\/uploads\/2026\/04\/Qualificacao_doutorado_atual.docx\">Acesse o documento aqui<\/a><\/td><\/tr><tr><td>&nbsp;<strong>Solicita\u00e7\u00e3o de Defesa &#8211; Atestado<\/strong> <\/td><td><a href=\"https:\/\/pos.uel.br\/cienciaalimentos\/wp-content\/uploads\/2024\/09\/DOUTORADO-ATESTADO-Bca-Defesa-Estudante-1.docx\">&nbsp;<\/a><a href=\"https:\/\/pos.uel.br\/cienciaalimentos\/wp-content\/uploads\/2026\/04\/DOUTORADO-ATESTADO-Bca-Defesa-Estudante-1-1.docx\">Acesse o documento aqui<\/a><\/td><\/tr><tr><td><strong>&nbsp;Solicita\u00e7\u00e3o de Defesa &#8211; Banca <\/strong><\/td><td><a href=\"https:\/\/pos.uel.br\/cienciaalimentos\/wp-content\/uploads\/2024\/09\/DOUTORADO-CONVITE-Homologacao-Banca-Defesa.docx\">&nbsp;<\/a><a href=\"https:\/\/pos.uel.br\/cienciaalimentos\/wp-content\/uploads\/2026\/04\/DOUTORADO-Bca-Defesa-INDICACAO-Orientador_atual.docx\">Acesse o documento aqui<\/a><\/td><\/tr><tr><td><strong>Documentos p\u00f3s-defesa &#8211; Formul\u00e1rio SUCUPIRA<\/strong><\/td><td><a href=\"https:\/\/pos.uel.br\/cienciaalimentos\/wp-content\/uploads\/2024\/09\/Formulario-Relatorio-SUCUPIRA.docx\">Acesse o documento aqui<\/a><\/td><\/tr><tr><td><strong>Documentos p\u00f3s-defesa &#8211; Biblioteca termo de autoriza\u00e7\u00e3o<\/strong><\/td><td><a href=\"https:\/\/forms.gle\/1W5Ne6ybnL6C8rQ26\">Acesse aqui o Formul\u00e1rio da Biblioteca<\/a> <\/td><\/tr><tr><td><strong>Como obter ficha catalogr\u00e1fica<\/strong> <\/td><td><a href=\"https:\/\/sites.uel.br\/bibliotecas\/geracao-automatica-de-ficha-catalografica\/\">Acesse o site aqui<\/a><\/td><\/tr><tr><td><strong>Modelo de Trabalho Acad\u00eamico Padr\u00e3o da UEL (Biblioteca)<\/strong><\/td><td><a href=\"https:\/\/sites.uel.br\/bibliotecas\/modelo-padrao-uel\/\">Acesse o site aqui<\/a><\/td><\/tr><\/tbody><\/table><\/figure>\n\n\n\n<p><\/p>\n","protected":false},"excerpt":{"rendered":"<p>Matr\u00edculas e renova\u00e7\u00e3o de matr\u00edcula (semestralmente): \u00c9 de responsabilidade do estudante e ocorre de acordo com o calend\u00e1rio da P\u00f3s-gradua\u00e7\u00e3o da UEL, deve ser feito no Portal de Estudante de P\u00f3s-gradua\u00e7\u00e3o. Bolsas: O estudante deve se inscrever em edital espec\u00edfico para bolsa (ver Aba Bolsa). O valor \u00e9 de R$ 3.100,00 Prazos: O Doutorado n\u00e3o [&hellip;]<\/p>\n","protected":false},"author":7,"featured_media":0,"parent":0,"menu_order":0,"comment_status":"closed","ping_status":"closed","template":"","meta":{"_acf_changed":false,"footnotes":""},"class_list":["post-41","page","type-page","status-publish","hentry"],"acf":[],"_links":{"self":[{"href":"https:\/\/pos.uel.br\/cienciaalimentos\/wp-json\/wp\/v2\/pages\/41","targetHints":{"allow":["GET"]}}],"collection":[{"href":"https:\/\/pos.uel.br\/cienciaalimentos\/wp-json\/wp\/v2\/pages"}],"about":[{"href":"https:\/\/pos.uel.br\/cienciaalimentos\/wp-json\/wp\/v2\/types\/page"}],"author":[{"embeddable":true,"href":"https:\/\/pos.uel.br\/cienciaalimentos\/wp-json\/wp\/v2\/users\/7"}],"replies":[{"embeddable":true,"href":"https:\/\/pos.uel.br\/cienciaalimentos\/wp-json\/wp\/v2\/comments?post=41"}],"version-history":[{"count":32,"href":"https:\/\/pos.uel.br\/cienciaalimentos\/wp-json\/wp\/v2\/pages\/41\/revisions"}],"predecessor-version":[{"id":1127,"href":"https:\/\/pos.uel.br\/cienciaalimentos\/wp-json\/wp\/v2\/pages\/41\/revisions\/1127"}],"wp:attachment":[{"href":"https:\/\/pos.uel.br\/cienciaalimentos\/wp-json\/wp\/v2\/media?parent=41"}],"curies":[{"name":"wp","href":"https:\/\/api.w.org\/{rel}","templated":true}]}}