{"id":241,"date":"2021-08-14T16:56:38","date_gmt":"2021-08-14T19:56:38","guid":{"rendered":"https:\/\/pos.uel.br\/cienciaalimentos\/?page_id=241"},"modified":"2026-04-08T14:44:22","modified_gmt":"2026-04-08T17:44:22","slug":"bolsas","status":"publish","type":"page","link":"https:\/\/pos.uel.br\/cienciaalimentos\/bolsas\/","title":{"rendered":"Bolsas"},"content":{"rendered":"\n<p>O Programa de P\u00f3s-Gradua\u00e7\u00e3o em Ci\u00eancia dos Alimentos com Bolsas de Demanda Social concedido pela CAPES, CNPq e Funda\u00e7\u00e3o Arauc\u00e1ria.<\/p>\n\n\n\n<p>&nbsp;A Resolu\u00e7\u00e3o n\u00ba 01\/2023 &#8211; PPG-Ci\u00eancia Alimentar estabelece as normas e crit\u00e9rios para concess\u00e3o e acompanhamento das atividades dos contemplados com Bolsas de Demanda Social<\/p>\n\n\n\n<div class=\"wp-block-buttons is-horizontal is-content-justification-center is-layout-flex wp-container-core-buttons-is-layout-499968f5 wp-block-buttons-is-layout-flex\">\n<div class=\"wp-block-button is-style-fill\"><a class=\"wp-block-button__link has-extra-1-background-color has-background has-text-align-center wp-element-button\" href=\"https:\/\/pos.uel.br\/cienciaalimentos\/wp-content\/uploads\/2024\/09\/Resolucao_bolsaPPGCA.pdf\"><strong>Clique aqui para acessar a Resolu\u00e7\u00e3o<\/strong><\/a><\/div>\n<\/div>\n\n\n\n<div style=\"height:35px\" aria-hidden=\"true\" class=\"wp-block-spacer\"><\/div>\n\n\n\n<p>A <strong>Comiss\u00e3o de Bolsas<\/strong> do Programa \u00e9 formada pelos seguintes membros:<\/p>\n\n\n\n<ul class=\"wp-block-list\">\n<li>Profa. Dra. Adriana Louren\u00e7o Soares Russo<\/li>\n\n\n\n<li>Profa. Dra. Karla Bigetti Guergoletto<\/li>\n\n\n\n<li>Profa. Dra. Sandra Helena Prud\u00eancio<\/li>\n\n\n\n<li>Doutoranda Viviane Lopes Leite da Costa<\/li>\n\n\n\n<li>Mestranda Laura Gabrielly Avila Alves<\/li>\n<\/ul>\n\n\n\n<div style=\"height:25px\" aria-hidden=\"true\" class=\"wp-block-spacer\"><\/div>\n\n\n\n<p>&nbsp;O Programa de P\u00f3s-Gradua\u00e7\u00e3o em Ci\u00eancia dos Alimentos abrir\u00e1 periodicamente para inscri\u00e7\u00f5es visando solicita\u00e7\u00e3o de Interc\u00e2mbio por Demanda Social.<\/p>\n\n\n\n<p>Na periodicidade, ser\u00e1 semestral para o curso de mestrado e anual para o curso de doutorado, segundo Editais de Sele\u00e7\u00e3o para renda n\u00e3o PPG-Ci\u00eancia de Alimentos<\/p>\n\n\n\n<p><strong>ATEN\u00c7\u00c3O:&nbsp;A<\/strong><strong>&nbsp;atribui\u00e7\u00e3o de Bolsas de Demanda Social ser\u00e1 realizada quando houver disponibilidade de Bolsas e dois sistemas CAPES e \/ ou CNPq estiverem desbloqueados para atribui\u00e7\u00e3o.&nbsp;<\/strong><\/p>\n\n\n\n<p><strong>NOVO:&nbsp;<a href=\"https:\/\/pos.uel.br\/cienciaalimentos\/wp-content\/uploads\/2025\/01\/Edital_oferta2025I_assinado-2.pdf\">EDITAL DE INSCRI\u00c7\u00c3O PARA SELE\u00c7\u00c3O DE BOLSAS DE MESTRADO E DOUTORADO 2025\/I<\/a><\/strong><\/p>\n\n\n\n<p><\/p>\n","protected":false},"excerpt":{"rendered":"<p>O Programa de P\u00f3s-Gradua\u00e7\u00e3o em Ci\u00eancia dos Alimentos com Bolsas de Demanda Social concedido pela CAPES, CNPq e Funda\u00e7\u00e3o Arauc\u00e1ria. &nbsp;A Resolu\u00e7\u00e3o n\u00ba 01\/2023 &#8211; PPG-Ci\u00eancia Alimentar estabelece as normas e crit\u00e9rios para concess\u00e3o e acompanhamento das atividades dos contemplados com Bolsas de Demanda Social A Comiss\u00e3o de Bolsas do Programa \u00e9 formada pelos seguintes [&hellip;]<\/p>\n","protected":false},"author":12,"featured_media":0,"parent":0,"menu_order":0,"comment_status":"closed","ping_status":"closed","template":"","meta":{"_acf_changed":false,"footnotes":""},"class_list":["post-241","page","type-page","status-publish","hentry"],"acf":[],"_links":{"self":[{"href":"https:\/\/pos.uel.br\/cienciaalimentos\/wp-json\/wp\/v2\/pages\/241","targetHints":{"allow":["GET"]}}],"collection":[{"href":"https:\/\/pos.uel.br\/cienciaalimentos\/wp-json\/wp\/v2\/pages"}],"about":[{"href":"https:\/\/pos.uel.br\/cienciaalimentos\/wp-json\/wp\/v2\/types\/page"}],"author":[{"embeddable":true,"href":"https:\/\/pos.uel.br\/cienciaalimentos\/wp-json\/wp\/v2\/users\/12"}],"replies":[{"embeddable":true,"href":"https:\/\/pos.uel.br\/cienciaalimentos\/wp-json\/wp\/v2\/comments?post=241"}],"version-history":[{"count":14,"href":"https:\/\/pos.uel.br\/cienciaalimentos\/wp-json\/wp\/v2\/pages\/241\/revisions"}],"predecessor-version":[{"id":1072,"href":"https:\/\/pos.uel.br\/cienciaalimentos\/wp-json\/wp\/v2\/pages\/241\/revisions\/1072"}],"wp:attachment":[{"href":"https:\/\/pos.uel.br\/cienciaalimentos\/wp-json\/wp\/v2\/media?parent=241"}],"curies":[{"name":"wp","href":"https:\/\/api.w.org\/{rel}","templated":true}]}}