{"id":1073,"date":"2026-04-08T14:46:57","date_gmt":"2026-04-08T17:46:57","guid":{"rendered":"https:\/\/pos.uel.br\/cienciaalimentos\/?page_id=1073"},"modified":"2026-04-08T15:32:24","modified_gmt":"2026-04-08T18:32:24","slug":"logo-do-ppgca","status":"publish","type":"page","link":"https:\/\/pos.uel.br\/cienciaalimentos\/logo-do-ppgca\/","title":{"rendered":"Logo do PPGCA"},"content":{"rendered":"\n<p>A logo do PPGCA foi idealizada e desenvolvida em comemora\u00e7\u00e3o aos 50 anos do Programa e foi lan\u00e7ada em 20 de mar\u00e7o de 2026 no evento comemorativo.<\/p>\n\n\n\n<p>A logo apresenta car\u00e1ter abstrato, inovador e atual. <\/p>\n\n\n\n<p>As formas coloridas sobrepostas representam a uni\u00e3o de diferentes \u00e1reas do conhecimento que refletem diretamente o car\u00e1ter multidisciplinar do programa desde sua cria\u00e7\u00e3o at\u00e9 hoje. As formas coloridas refletem tamb\u00e9m a diversidade de alimentos dispon\u00edveis<\/p>\n\n\n\n<p>O formato em movimento transmite ideia de inova\u00e7\u00e3o, desenvolvimento e transforma\u00e7\u00e3o, assim, a imagem busca mostrar o programa como um espa\u00e7o de integra\u00e7\u00e3o de saberes e cria\u00e7\u00e3o de solu\u00e7\u00f5es tecnol\u00f3gicas para a \u00e1rea de alimento<\/p>\n\n\n\n<p>A logo foi criada pelo estagi\u00e1rio de design gr\u00e1fico Fernando Aquino, da gr\u00e1fica UEL sob a supervis\u00e3o da Profa. Dra. Camila Santos Doubek Lopes Diretora da Gr\u00e1fica UEL.<\/p>\n\n\n\n<figure class=\"wp-block-gallery has-nested-images columns-default is-cropped wp-block-gallery-1 is-layout-flex wp-block-gallery-is-layout-flex\">\n<figure class=\"wp-block-image size-full\"><img loading=\"lazy\" decoding=\"async\" width=\"546\" height=\"204\" data-id=\"1095\" src=\"https:\/\/pos.uel.br\/cienciaalimentos\/wp-content\/uploads\/2026\/04\/Cor_fundopreto-2.png\" alt=\"\" class=\"wp-image-1095\" srcset=\"https:\/\/pos.uel.br\/cienciaalimentos\/wp-content\/uploads\/2026\/04\/Cor_fundopreto-2.png 546w, https:\/\/pos.uel.br\/cienciaalimentos\/wp-content\/uploads\/2026\/04\/Cor_fundopreto-2-300x112.png 300w\" sizes=\"auto, (max-width: 546px) 100vw, 546px\" \/><\/figure>\n<\/figure>\n\n\n\n<figure class=\"wp-block-image size-full\"><img loading=\"lazy\" decoding=\"async\" width=\"202\" height=\"171\" src=\"https:\/\/pos.uel.br\/cienciaalimentos\/wp-content\/uploads\/2026\/04\/PPGCA-Cor_Preto_Vertical-2.png\" alt=\"\" class=\"wp-image-1099\" \/><\/figure>\n\n\n\n<figure class=\"wp-block-image size-full\"><img loading=\"lazy\" decoding=\"async\" width=\"446\" height=\"97\" src=\"https:\/\/pos.uel.br\/cienciaalimentos\/wp-content\/uploads\/2026\/04\/PPGCA-Cor_Preto_Horizontal-1.png\" alt=\"\" class=\"wp-image-1100\" srcset=\"https:\/\/pos.uel.br\/cienciaalimentos\/wp-content\/uploads\/2026\/04\/PPGCA-Cor_Preto_Horizontal-1.png 446w, https:\/\/pos.uel.br\/cienciaalimentos\/wp-content\/uploads\/2026\/04\/PPGCA-Cor_Preto_Horizontal-1-300x65.png 300w\" sizes=\"auto, (max-width: 446px) 100vw, 446px\" \/><\/figure>\n\n\n\n<figure class=\"wp-block-image size-full\"><img loading=\"lazy\" decoding=\"async\" width=\"674\" height=\"91\" src=\"https:\/\/pos.uel.br\/cienciaalimentos\/wp-content\/uploads\/2026\/04\/PPGCA-Cor_Preto_Estendida-1.png\" alt=\"\" class=\"wp-image-1101\" srcset=\"https:\/\/pos.uel.br\/cienciaalimentos\/wp-content\/uploads\/2026\/04\/PPGCA-Cor_Preto_Estendida-1.png 674w, https:\/\/pos.uel.br\/cienciaalimentos\/wp-content\/uploads\/2026\/04\/PPGCA-Cor_Preto_Estendida-1-300x41.png 300w\" sizes=\"auto, (max-width: 674px) 100vw, 674px\" \/><\/figure>\n\n\n\n<figure class=\"wp-block-image size-full\"><img loading=\"lazy\" decoding=\"async\" width=\"224\" height=\"159\" src=\"https:\/\/pos.uel.br\/cienciaalimentos\/wp-content\/uploads\/2026\/04\/PPGCA-Abrev_Cor_Preto_Vertical-2.png\" alt=\"\" class=\"wp-image-1103\" \/><\/figure>\n\n\n\n<figure class=\"wp-block-image size-full\"><img loading=\"lazy\" decoding=\"async\" width=\"451\" height=\"96\" src=\"https:\/\/pos.uel.br\/cienciaalimentos\/wp-content\/uploads\/2026\/04\/PPGCA-Abrev_Cor_Preto_Horizontal-1.png\" alt=\"\" class=\"wp-image-1105\" srcset=\"https:\/\/pos.uel.br\/cienciaalimentos\/wp-content\/uploads\/2026\/04\/PPGCA-Abrev_Cor_Preto_Horizontal-1.png 451w, https:\/\/pos.uel.br\/cienciaalimentos\/wp-content\/uploads\/2026\/04\/PPGCA-Abrev_Cor_Preto_Horizontal-1-300x64.png 300w\" sizes=\"auto, (max-width: 451px) 100vw, 451px\" \/><\/figure>\n\n\n\n<p>Para acessar outras vers\u00f5es e em outras extens\u00f5es <a href=\"https:\/\/drive.google.com\/drive\/folders\/1epvf-4-xMF5v9fB4CkSJXI5E1E-nX8AW?usp=drive_link\">clique aqui<\/a><\/p>\n","protected":false},"excerpt":{"rendered":"<p>A logo do PPGCA foi idealizada e desenvolvida em comemora\u00e7\u00e3o aos 50 anos do Programa e foi lan\u00e7ada em 20 de mar\u00e7o de 2026 no evento comemorativo. A logo apresenta car\u00e1ter abstrato, inovador e atual. As formas coloridas sobrepostas representam a uni\u00e3o de diferentes \u00e1reas do conhecimento que refletem diretamente o car\u00e1ter multidisciplinar do programa [&hellip;]<\/p>\n","protected":false},"author":13,"featured_media":0,"parent":0,"menu_order":0,"comment_status":"closed","ping_status":"closed","template":"","meta":{"_acf_changed":false,"footnotes":""},"class_list":["post-1073","page","type-page","status-publish","hentry"],"acf":[],"_links":{"self":[{"href":"https:\/\/pos.uel.br\/cienciaalimentos\/wp-json\/wp\/v2\/pages\/1073","targetHints":{"allow":["GET"]}}],"collection":[{"href":"https:\/\/pos.uel.br\/cienciaalimentos\/wp-json\/wp\/v2\/pages"}],"about":[{"href":"https:\/\/pos.uel.br\/cienciaalimentos\/wp-json\/wp\/v2\/types\/page"}],"author":[{"embeddable":true,"href":"https:\/\/pos.uel.br\/cienciaalimentos\/wp-json\/wp\/v2\/users\/13"}],"replies":[{"embeddable":true,"href":"https:\/\/pos.uel.br\/cienciaalimentos\/wp-json\/wp\/v2\/comments?post=1073"}],"version-history":[{"count":6,"href":"https:\/\/pos.uel.br\/cienciaalimentos\/wp-json\/wp\/v2\/pages\/1073\/revisions"}],"predecessor-version":[{"id":1110,"href":"https:\/\/pos.uel.br\/cienciaalimentos\/wp-json\/wp\/v2\/pages\/1073\/revisions\/1110"}],"wp:attachment":[{"href":"https:\/\/pos.uel.br\/cienciaalimentos\/wp-json\/wp\/v2\/media?parent=1073"}],"curies":[{"name":"wp","href":"https:\/\/api.w.org\/{rel}","templated":true}]}}