{"id":88,"date":"2024-09-02T15:05:34","date_gmt":"2024-09-02T18:05:34","guid":{"rendered":"https:\/\/pos.uel.br\/ciencia-da-computacao\/?page_id=88"},"modified":"2024-09-02T15:06:03","modified_gmt":"2024-09-02T18:06:03","slug":"editais-bolsas","status":"publish","type":"page","link":"https:\/\/pos.uel.br\/ciencia-da-computacao\/editais-bolsas\/","title":{"rendered":"Editais &#8211; Bolsas"},"content":{"rendered":"\n<p>EDITAL N\u00ba 003\/2022 \u2013 PPCC (<strong><u><a href=\"http:\/\/www.uel.br\/cce\/dc\/wp-content\/uploads\/Edital-bolsas-CIAAgro-mestrado-Ciencia-da-Computacao.pdf\">PDF<\/a><\/u><\/strong>)<\/p>\n\n\n\n<p>Comunica a abertura de inscri\u00e7\u00f5es para sele\u00e7\u00e3o de bolsistas de mestrado oriundas do projeto NAPI-NORTE &#8211; Centro de Intelig\u00eancia Artificial &#8211; Agro (CIA-Agro).<\/p>\n\n\n\n<p>EDITAL N\u00ba 006\/2022 \u2013 PPCC (<strong><u><a href=\"http:\/\/www.uel.br\/cce\/dc\/wp-content\/uploads\/Edital_006_-_resultado_bolsa_-_CIA-Agro_assinado.pdf\">PDF<\/a><\/u><\/strong>)<\/p>\n\n\n\n<p>Resultado da Sele\u00e7\u00e3o de bolsistas de mestrado oriundas do projeto NAPI-NORTE &#8211; Centro de Intelig\u00eancia Artificial &#8211; Agro (CIA-Agro).<\/p>\n","protected":false},"excerpt":{"rendered":"<p>EDITAL N\u00ba 003\/2022 \u2013 PPCC (PDF) Comunica a abertura de inscri\u00e7\u00f5es para sele\u00e7\u00e3o de bolsistas de mestrado oriundas do projeto NAPI-NORTE &#8211; Centro de Intelig\u00eancia Artificial &#8211; Agro (CIA-Agro). EDITAL N\u00ba 006\/2022 \u2013 PPCC (PDF) Resultado da Sele\u00e7\u00e3o de bolsistas de mestrado oriundas do projeto NAPI-NORTE &#8211; Centro de Intelig\u00eancia Artificial &#8211; Agro (CIA-Agro).<\/p>\n","protected":false},"author":7,"featured_media":0,"parent":0,"menu_order":0,"comment_status":"closed","ping_status":"closed","template":"","meta":{"_acf_changed":false,"footnotes":""},"class_list":["post-88","page","type-page","status-publish","hentry"],"acf":[],"_links":{"self":[{"href":"https:\/\/pos.uel.br\/ciencia-da-computacao\/wp-json\/wp\/v2\/pages\/88","targetHints":{"allow":["GET"]}}],"collection":[{"href":"https:\/\/pos.uel.br\/ciencia-da-computacao\/wp-json\/wp\/v2\/pages"}],"about":[{"href":"https:\/\/pos.uel.br\/ciencia-da-computacao\/wp-json\/wp\/v2\/types\/page"}],"author":[{"embeddable":true,"href":"https:\/\/pos.uel.br\/ciencia-da-computacao\/wp-json\/wp\/v2\/users\/7"}],"replies":[{"embeddable":true,"href":"https:\/\/pos.uel.br\/ciencia-da-computacao\/wp-json\/wp\/v2\/comments?post=88"}],"version-history":[{"count":2,"href":"https:\/\/pos.uel.br\/ciencia-da-computacao\/wp-json\/wp\/v2\/pages\/88\/revisions"}],"predecessor-version":[{"id":92,"href":"https:\/\/pos.uel.br\/ciencia-da-computacao\/wp-json\/wp\/v2\/pages\/88\/revisions\/92"}],"wp:attachment":[{"href":"https:\/\/pos.uel.br\/ciencia-da-computacao\/wp-json\/wp\/v2\/media?parent=88"}],"curies":[{"name":"wp","href":"https:\/\/api.w.org\/{rel}","templated":true}]}}