{"id":29,"date":"2024-09-02T14:28:16","date_gmt":"2024-09-02T17:28:16","guid":{"rendered":"https:\/\/pos.uel.br\/ciencia-da-computacao\/?page_id=29"},"modified":"2025-10-31T14:08:38","modified_gmt":"2025-10-31T17:08:38","slug":"corpo-docente","status":"publish","type":"page","link":"https:\/\/pos.uel.br\/ciencia-da-computacao\/corpo-docente\/","title":{"rendered":"Corpo Docente"},"content":{"rendered":"\n<p><\/p>\n\n\n\n<figure class=\"wp-block-table\"><table class=\"has-fixed-layout\"><thead><tr><th>Docente<\/th><th>Institui\u00e7\u00e3o<\/th><th>Situa\u00e7\u00e3o<\/th><th>Contato<\/th><\/tr><\/thead><tbody><tr><td>Dr. Adilson Luiz Bonif\u00e1cio<\/td><td>Departamento de Computa\u00e7\u00e3o<\/td><td>Permanente<\/td><td><a href=\"mailto:bonifacio@uel.br\"><\/a>&nbsp;<a href=\"http:\/\/www2.dc.uel.br\/~adilson\/\" target=\"_blank\" rel=\"noreferrer noopener\"><\/a>&nbsp;bonifacio@uel.br     <a href=\"http:\/\/lattes.cnpq.br\/7813535932920546\"><img loading=\"lazy\" decoding=\"async\" width=\"624\" height=\"586\" class=\"wp-image-86\" style=\"width: 40px\" src=\"https:\/\/pos.uel.br\/ciencia-da-computacao\/wp-content\/uploads\/2024\/09\/Lattes.png\" alt=\"\" srcset=\"https:\/\/pos.uel.br\/ciencia-da-computacao\/wp-content\/uploads\/2024\/09\/Lattes.png 624w, https:\/\/pos.uel.br\/ciencia-da-computacao\/wp-content\/uploads\/2024\/09\/Lattes-300x282.png 300w\" sizes=\"auto, (max-width: 624px) 100vw, 624px\" \/><\/a>  <br> <\/td><\/tr><tr><td>Dr. Alan Salvany Felinto<\/td><td>Departamento de Computa\u00e7\u00e3o<\/td><td>Permanente<\/td><td><a href=\"mailto:alan@uel.br\"><\/a>&nbsp;<a href=\"http:\/\/www2.dc.uel.br\/~alan\/\" target=\"_blank\" rel=\"noreferrer noopener\"><\/a>&nbsp;alan@uel.br      <a href=\"http:\/\/lattes.cnpq.br\/9558310314854271\"><img loading=\"lazy\" decoding=\"async\" width=\"624\" height=\"586\" class=\"wp-image-86\" style=\"width: 40px\" src=\"https:\/\/pos.uel.br\/ciencia-da-computacao\/wp-content\/uploads\/2024\/09\/Lattes.png\" alt=\"\" srcset=\"https:\/\/pos.uel.br\/ciencia-da-computacao\/wp-content\/uploads\/2024\/09\/Lattes.png 624w, https:\/\/pos.uel.br\/ciencia-da-computacao\/wp-content\/uploads\/2024\/09\/Lattes-300x282.png 300w\" sizes=\"auto, (max-width: 624px) 100vw, 624px\" \/><\/a><br><a href=\"http:\/\/lattes.cnpq.br\/9558310314854271\" target=\"_blank\" rel=\"noreferrer noopener\"><\/a><\/td><\/tr><tr><td>Dr. Andr\u00e9 Lu\u00eds Andrade Menolli<\/td><td>Departamento de Computa\u00e7\u00e3o<\/td><td>Permanente<\/td><td><a href=\"mailto:menolli@uenp.edu.br\"><\/a>\u00a0andremenolli@uel.br <a href=\"http:\/\/lattes.cnpq.br\/0048431988260726\"><img loading=\"lazy\" decoding=\"async\" width=\"624\" height=\"586\" class=\"wp-image-86\" style=\"width: 40px\" src=\"https:\/\/pos.uel.br\/ciencia-da-computacao\/wp-content\/uploads\/2024\/09\/Lattes.png\" alt=\"\" srcset=\"https:\/\/pos.uel.br\/ciencia-da-computacao\/wp-content\/uploads\/2024\/09\/Lattes.png 624w, https:\/\/pos.uel.br\/ciencia-da-computacao\/wp-content\/uploads\/2024\/09\/Lattes-300x282.png 300w\" sizes=\"auto, (max-width: 624px) 100vw, 624px\" \/><\/a><a href=\"http:\/\/lattes.cnpq.br\/0048431988260726\" target=\"_blank\" rel=\"noreferrer noopener\"><\/a><\/td><\/tr><tr><td>Dr. Bruno Bogaz Zarpel\u00e3o<\/td><td>Departamento de Computa\u00e7\u00e3o<\/td><td>Permanente<\/td><td><a href=\"mailto:brunozarpelao@uel.br\"><\/a>&nbsp;brunozarpelao@uel.br      <a href=\"http:\/\/lattes.cnpq.br\/0260303520888425\"><img loading=\"lazy\" decoding=\"async\" width=\"624\" height=\"586\" class=\"wp-image-86\" style=\"width: 40px\" src=\"https:\/\/pos.uel.br\/ciencia-da-computacao\/wp-content\/uploads\/2024\/09\/Lattes.png\" alt=\"\" srcset=\"https:\/\/pos.uel.br\/ciencia-da-computacao\/wp-content\/uploads\/2024\/09\/Lattes.png 624w, https:\/\/pos.uel.br\/ciencia-da-computacao\/wp-content\/uploads\/2024\/09\/Lattes-300x282.png 300w\" sizes=\"auto, (max-width: 624px) 100vw, 624px\" \/><\/a><\/td><\/tr><tr><td>Dra. Cinthyan Renata Sachs Camerlengo de Barbosa<\/td><td>Departamento de Computa\u00e7\u00e3o<\/td><td>Permanente<\/td><td><a href=\"mailto:cinthyan@uel.br\"><\/a>&nbsp;cinthyan@uel.br<a href=\"http:\/\/lattes.cnpq.br\/4980212853385448\"><img loading=\"lazy\" decoding=\"async\" width=\"624\" height=\"586\" class=\"wp-image-86\" style=\"width: 40px\" src=\"https:\/\/pos.uel.br\/ciencia-da-computacao\/wp-content\/uploads\/2024\/09\/Lattes.png\" alt=\"\" srcset=\"https:\/\/pos.uel.br\/ciencia-da-computacao\/wp-content\/uploads\/2024\/09\/Lattes.png 624w, https:\/\/pos.uel.br\/ciencia-da-computacao\/wp-content\/uploads\/2024\/09\/Lattes-300x282.png 300w\" sizes=\"auto, (max-width: 624px) 100vw, 624px\" \/><\/a><\/td><\/tr><tr><td>Dr. Daniel dos Santos Kaster<\/td><td>Departamento de Computa\u00e7\u00e3o<\/td><td>Permanente<\/td><td><a href=\"mailto:dskaster@uel.br\"><\/a>&nbsp;dskaster@uel.br   <a href=\"http:\/\/lattes.cnpq.br\/8013693656320228\"><img loading=\"lazy\" decoding=\"async\" width=\"624\" height=\"586\" class=\"wp-image-86\" style=\"width: 40px\" src=\"https:\/\/pos.uel.br\/ciencia-da-computacao\/wp-content\/uploads\/2024\/09\/Lattes.png\" alt=\"\" srcset=\"https:\/\/pos.uel.br\/ciencia-da-computacao\/wp-content\/uploads\/2024\/09\/Lattes.png 624w, https:\/\/pos.uel.br\/ciencia-da-computacao\/wp-content\/uploads\/2024\/09\/Lattes-300x282.png 300w\" sizes=\"auto, (max-width: 624px) 100vw, 624px\" \/><\/a><a href=\"http:\/\/lattes.cnpq.br\/8013693656320228\" target=\"_blank\" rel=\"noreferrer noopener\"><\/a><\/td><\/tr><tr><td>Dra. Helen Cristina de M. Senefonte<\/td><td>Departamento de Computa\u00e7\u00e3o<\/td><td>Permanente<\/td><td>helen@uel.br <a href=\"http:\/\/lattes.cnpq.br\/3024430473396064\"><img loading=\"lazy\" decoding=\"async\" width=\"624\" height=\"586\" class=\"wp-image-86\" style=\"width: 40px\" src=\"https:\/\/pos.uel.br\/ciencia-da-computacao\/wp-content\/uploads\/2024\/09\/Lattes.png\" alt=\"\" srcset=\"https:\/\/pos.uel.br\/ciencia-da-computacao\/wp-content\/uploads\/2024\/09\/Lattes.png 624w, https:\/\/pos.uel.br\/ciencia-da-computacao\/wp-content\/uploads\/2024\/09\/Lattes-300x282.png 300w\" sizes=\"auto, (max-width: 624px) 100vw, 624px\" \/><\/a><\/td><\/tr><tr><td>Dr. Jacques Du\u00edlio Brancher<\/td><td>Departamento de Computa\u00e7\u00e3o<\/td><td>Permanente<\/td><td><a href=\"mailto:jacques@uel.br\"><\/a>&nbsp;jacques@uel.br   <a href=\"http:\/\/lattes.cnpq.br\/7909976127880843\"><img loading=\"lazy\" decoding=\"async\" width=\"624\" height=\"586\" class=\"wp-image-86\" style=\"width: 40px\" src=\"https:\/\/pos.uel.br\/ciencia-da-computacao\/wp-content\/uploads\/2024\/09\/Lattes.png\" alt=\"\" srcset=\"https:\/\/pos.uel.br\/ciencia-da-computacao\/wp-content\/uploads\/2024\/09\/Lattes.png 624w, https:\/\/pos.uel.br\/ciencia-da-computacao\/wp-content\/uploads\/2024\/09\/Lattes-300x282.png 300w\" sizes=\"auto, (max-width: 624px) 100vw, 624px\" \/><\/a><a href=\"http:\/\/lattes.cnpq.br\/7909976127880843\" target=\"_blank\" rel=\"noreferrer noopener\"><\/a><\/td><\/tr><tr><td>Dr. Mario Lemes Proen\u00e7a Junior<\/td><td>Departamento de Computa\u00e7\u00e3o<\/td><td>Permanente<\/td><td><a href=\"mailto:proenca@uel.br\"><\/a>&nbsp;proenca@uel.br  <a href=\"http:\/\/lattes.cnpq.br\/9511234560141062\"><img loading=\"lazy\" decoding=\"async\" width=\"624\" height=\"586\" class=\"wp-image-86\" style=\"width: 40px\" src=\"https:\/\/pos.uel.br\/ciencia-da-computacao\/wp-content\/uploads\/2024\/09\/Lattes.png\" alt=\"\" srcset=\"https:\/\/pos.uel.br\/ciencia-da-computacao\/wp-content\/uploads\/2024\/09\/Lattes.png 624w, https:\/\/pos.uel.br\/ciencia-da-computacao\/wp-content\/uploads\/2024\/09\/Lattes-300x282.png 300w\" sizes=\"auto, (max-width: 624px) 100vw, 624px\" \/><\/a><\/td><\/tr><tr><td>Dr. Rodolfo Miranda de Barros<\/td><td>Departamento de Computa\u00e7\u00e3o<\/td><td>Permanente<\/td><td><a href=\"mailto:rodolfo@uel.br\"><\/a>&nbsp;rodolfo@uel.br    <a href=\"http:\/\/lattes.cnpq.br\/5948037269019531\"><img loading=\"lazy\" decoding=\"async\" width=\"624\" height=\"586\" class=\"wp-image-86\" style=\"width: 40px\" src=\"https:\/\/pos.uel.br\/ciencia-da-computacao\/wp-content\/uploads\/2024\/09\/Lattes.png\" alt=\"\" srcset=\"https:\/\/pos.uel.br\/ciencia-da-computacao\/wp-content\/uploads\/2024\/09\/Lattes.png 624w, https:\/\/pos.uel.br\/ciencia-da-computacao\/wp-content\/uploads\/2024\/09\/Lattes-300x282.png 300w\" sizes=\"auto, (max-width: 624px) 100vw, 624px\" \/><\/a><a href=\"http:\/\/lattes.cnpq.br\/5948037269019531\" target=\"_blank\" rel=\"noreferrer noopener\"><\/a><\/td><\/tr><tr><td>Dr. Sylvio Barbon Junior<\/td><td>Universit\u00e0 degli studi di Trieste (It\u00e1lia)<\/td><td>Permanente<\/td><td><a href=\"mailto:sylvio.barbonjunior@units.it\"><\/a>&nbsp;sylvio.barbonjunior@units.it   <a href=\"http:\/\/lattes.cnpq.br\/8086324432194233\"><img loading=\"lazy\" decoding=\"async\" width=\"624\" height=\"586\" class=\"wp-image-86\" style=\"width: 40px\" src=\"https:\/\/pos.uel.br\/ciencia-da-computacao\/wp-content\/uploads\/2024\/09\/Lattes.png\" alt=\"\" srcset=\"https:\/\/pos.uel.br\/ciencia-da-computacao\/wp-content\/uploads\/2024\/09\/Lattes.png 624w, https:\/\/pos.uel.br\/ciencia-da-computacao\/wp-content\/uploads\/2024\/09\/Lattes-300x282.png 300w\" sizes=\"auto, (max-width: 624px) 100vw, 624px\" \/><\/a><a href=\"http:\/\/lattes.cnpq.br\/8086324432194233\" target=\"_blank\" rel=\"noreferrer noopener\"><\/a><\/td><\/tr><tr><td>Dra. Vanessa Tavares de Oliveira Barros<\/td><td>Departamento de Design (UEL)<\/td><td>Permanente<\/td><td><a href=\"mailto:vanessa@uel.br\"><\/a>&nbsp;vanessa@uel.br    <a href=\"http:\/\/lattes.cnpq.br\/8337722352375779\"><img loading=\"lazy\" decoding=\"async\" width=\"624\" height=\"586\" class=\"wp-image-86\" style=\"width: 40px\" src=\"https:\/\/pos.uel.br\/ciencia-da-computacao\/wp-content\/uploads\/2024\/09\/Lattes.png\" alt=\"\" srcset=\"https:\/\/pos.uel.br\/ciencia-da-computacao\/wp-content\/uploads\/2024\/09\/Lattes.png 624w, https:\/\/pos.uel.br\/ciencia-da-computacao\/wp-content\/uploads\/2024\/09\/Lattes-300x282.png 300w\" sizes=\"auto, (max-width: 624px) 100vw, 624px\" \/><\/a><\/td><\/tr><tr><td>Dr. Wesley Attrot<\/td><td>Departamento de Computa\u00e7\u00e3o<\/td><td>Permanente<\/td><td><a href=\"mailto:wesley@uel.br\"><\/a>&nbsp;wesley@uel.br   <a href=\"http:\/\/lattes.cnpq.br\/5644676140910061\"><img loading=\"lazy\" decoding=\"async\" width=\"624\" height=\"586\" class=\"wp-image-86\" style=\"width: 40px\" src=\"https:\/\/pos.uel.br\/ciencia-da-computacao\/wp-content\/uploads\/2024\/09\/Lattes.png\" alt=\"\" srcset=\"https:\/\/pos.uel.br\/ciencia-da-computacao\/wp-content\/uploads\/2024\/09\/Lattes.png 624w, https:\/\/pos.uel.br\/ciencia-da-computacao\/wp-content\/uploads\/2024\/09\/Lattes-300x282.png 300w\" sizes=\"auto, (max-width: 624px) 100vw, 624px\" \/><\/a><a href=\"http:\/\/lattes.cnpq.br\/5644676140910061\" target=\"_blank\" rel=\"noreferrer noopener\"><\/a><\/td><\/tr><\/tbody><\/table><\/figure>\n","protected":false},"excerpt":{"rendered":"<p>Docente Institui\u00e7\u00e3o Situa\u00e7\u00e3o Contato Dr. Adilson Luiz Bonif\u00e1cio Departamento de Computa\u00e7\u00e3o Permanente &nbsp;&nbsp;bonifacio@uel.br Dr. Alan Salvany Felinto Departamento de Computa\u00e7\u00e3o Permanente &nbsp;&nbsp;alan@uel.br Dr. Andr\u00e9 Lu\u00eds Andrade Menolli Departamento de Computa\u00e7\u00e3o Permanente \u00a0andremenolli@uel.br Dr. Bruno Bogaz Zarpel\u00e3o Departamento de Computa\u00e7\u00e3o Permanente &nbsp;brunozarpelao@uel.br Dra. Cinthyan Renata Sachs Camerlengo de Barbosa Departamento de Computa\u00e7\u00e3o Permanente &nbsp;cinthyan@uel.br Dr. Daniel [&hellip;]<\/p>\n","protected":false},"author":7,"featured_media":0,"parent":0,"menu_order":0,"comment_status":"closed","ping_status":"closed","template":"","meta":{"_acf_changed":false,"footnotes":""},"class_list":["post-29","page","type-page","status-publish","hentry"],"acf":[],"_links":{"self":[{"href":"https:\/\/pos.uel.br\/ciencia-da-computacao\/wp-json\/wp\/v2\/pages\/29","targetHints":{"allow":["GET"]}}],"collection":[{"href":"https:\/\/pos.uel.br\/ciencia-da-computacao\/wp-json\/wp\/v2\/pages"}],"about":[{"href":"https:\/\/pos.uel.br\/ciencia-da-computacao\/wp-json\/wp\/v2\/types\/page"}],"author":[{"embeddable":true,"href":"https:\/\/pos.uel.br\/ciencia-da-computacao\/wp-json\/wp\/v2\/users\/7"}],"replies":[{"embeddable":true,"href":"https:\/\/pos.uel.br\/ciencia-da-computacao\/wp-json\/wp\/v2\/comments?post=29"}],"version-history":[{"count":4,"href":"https:\/\/pos.uel.br\/ciencia-da-computacao\/wp-json\/wp\/v2\/pages\/29\/revisions"}],"predecessor-version":[{"id":410,"href":"https:\/\/pos.uel.br\/ciencia-da-computacao\/wp-json\/wp\/v2\/pages\/29\/revisions\/410"}],"wp:attachment":[{"href":"https:\/\/pos.uel.br\/ciencia-da-computacao\/wp-json\/wp\/v2\/media?parent=29"}],"curies":[{"name":"wp","href":"https:\/\/api.w.org\/{rel}","templated":true}]}}