{"id":27,"date":"2024-09-02T14:28:16","date_gmt":"2024-09-02T17:28:16","guid":{"rendered":"https:\/\/pos.uel.br\/ciencia-da-computacao\/?page_id=27"},"modified":"2024-09-11T16:21:44","modified_gmt":"2024-09-11T19:21:44","slug":"contatos","status":"publish","type":"page","link":"https:\/\/pos.uel.br\/ciencia-da-computacao\/contatos\/","title":{"rendered":"Contatos"},"content":{"rendered":"\n<p>Comiss\u00e3o Coordenadora<\/p>\n\n\n\n<ul class=\"wp-block-list\">\n<li>Prof. Dr.&nbsp;&nbsp;Bruno Bogaz Zarpel\u00e3o&nbsp;(coordenador) <\/li>\n\n\n\n<li>Prof. Dr.&nbsp;&nbsp;Rodolfo Miranda de Barros&nbsp;(vice-coordenador)<\/li>\n\n\n\n<li>Prof. Dr. Adilson Luiz Bonif\u00e1cio<\/li>\n<\/ul>\n\n\n\n<p>Secretaria de P\u00f3s-gradua\u00e7\u00e3o do CCE<\/p>\n\n\n\n<p><\/p>\n\n\n\n<ul class=\"wp-block-list\">\n<li>Fone: (43) 3371-4711<\/li>\n\n\n\n<li>E-mail: <a href=\"mailto:spgcce@uel.br\" target=\"_blank\" rel=\"noreferrer noopener\">spgcce@uel.br<\/a><\/li>\n<\/ul>\n\n\n\n<p><\/p>\n\n\n\n<p><\/p>\n","protected":false},"excerpt":{"rendered":"<p>Comiss\u00e3o Coordenadora Secretaria de P\u00f3s-gradua\u00e7\u00e3o do CCE<\/p>\n","protected":false},"author":7,"featured_media":0,"parent":0,"menu_order":0,"comment_status":"closed","ping_status":"closed","template":"","meta":{"_acf_changed":false,"footnotes":""},"class_list":["post-27","page","type-page","status-publish","hentry"],"acf":[],"_links":{"self":[{"href":"https:\/\/pos.uel.br\/ciencia-da-computacao\/wp-json\/wp\/v2\/pages\/27","targetHints":{"allow":["GET"]}}],"collection":[{"href":"https:\/\/pos.uel.br\/ciencia-da-computacao\/wp-json\/wp\/v2\/pages"}],"about":[{"href":"https:\/\/pos.uel.br\/ciencia-da-computacao\/wp-json\/wp\/v2\/types\/page"}],"author":[{"embeddable":true,"href":"https:\/\/pos.uel.br\/ciencia-da-computacao\/wp-json\/wp\/v2\/users\/7"}],"replies":[{"embeddable":true,"href":"https:\/\/pos.uel.br\/ciencia-da-computacao\/wp-json\/wp\/v2\/comments?post=27"}],"version-history":[{"count":5,"href":"https:\/\/pos.uel.br\/ciencia-da-computacao\/wp-json\/wp\/v2\/pages\/27\/revisions"}],"predecessor-version":[{"id":154,"href":"https:\/\/pos.uel.br\/ciencia-da-computacao\/wp-json\/wp\/v2\/pages\/27\/revisions\/154"}],"wp:attachment":[{"href":"https:\/\/pos.uel.br\/ciencia-da-computacao\/wp-json\/wp\/v2\/media?parent=27"}],"curies":[{"name":"wp","href":"https:\/\/api.w.org\/{rel}","templated":true}]}}