{"id":183,"date":"2024-09-11T18:15:46","date_gmt":"2024-09-11T21:15:46","guid":{"rendered":"https:\/\/pos.uel.br\/ciencia-da-computacao\/?page_id=183"},"modified":"2024-09-11T18:15:46","modified_gmt":"2024-09-11T21:15:46","slug":"modelo-de-email-de-divulgacao","status":"publish","type":"page","link":"https:\/\/pos.uel.br\/ciencia-da-computacao\/modelo-de-email-de-divulgacao\/","title":{"rendered":"Modelo de Email de Divulga\u00e7\u00e3o"},"content":{"rendered":"\n<p>Para: Secretaria de P\u00f3s-Gradua\u00e7\u00e3o\/CCE &lt;spgcce@uel.br&gt;<\/p>\n\n\n\n<p>Assunto: Convite: Defesa de Disserta\u00e7\u00e3o de Mestrado em Ci\u00eancia da Computa\u00e7\u00e3o &#8211; Fadir Salmen &#8211; 03\/04\/2017 \u00e0s 09h00<\/p>\n\n\n\n<p>OBS: Substituir Disserta\u00e7\u00e3o por Qualifica\u00e7\u00e3o quando for o caso.<\/p>\n\n\n\n<p>Corpo do email (em texto plano):<\/p>\n\n\n\n<p>Data: 03\/04\/2017<br>Hora: 09h00<br>Local: Sala 311 &#8211; Departamento de Computa\u00e7\u00e3o &#8211; Bloco J.<\/p>\n\n\n\n<p>Candidato: Fadir Salmen<br>T\u00edtulo do trabalho: Sistema de Detec\u00e7\u00e3o de Anomalias Utilizando Metaheur\u00edstica Firefly<\/p>\n\n\n\n<p>Banca:<br>Dr. M\u00e1rio Lemes Proen\u00e7a Jr. &#8211; DC\/UEL (Orientador)<br>Dr. Lucas Dias Hiera Sampaio &#8211; UTFPR\/CP<br>Dr. Bruno Bogaz Zarpel\u00e3o &#8211; DC\/UEL<br>Dr. Wesley Attrot &#8211; DC\/UEL<\/p>\n\n\n\n<p>Resumo:<br>Monitoramento do tr\u00e1fego de redes de computadores \u00e9 uma tarefa desafiadora. Diversas t\u00e9cnicas s\u00e3o utilizadas para garantir o funcionamento adequado dessas redes. Dentre elas, podemos destacar as respons\u00e1veis por identificar os comportamentos an\u00f4malos no tr\u00e1fego. Essas anomalias, que podem ser caracterizadas por ataques, invas\u00f5es ou falhas, acarretam preju\u00edzos significativos no funcionamento correto das redes, bem como afetam a disponibilidade e confiabilidade de servi\u00e7os prestados. Neste trabalho, apresentamos o modelo Firefly Algorithm for Digital Signature (FADS). Esse modelo, utilizando a an\u00e1lise de fluxos IP, caracteriza o tr\u00e1fego aplicando o algoritmo meta-heur\u00edstico Firefly e identifica os comportamentos an\u00f4malos da rede baseado no conceito de redes neurais artificiais. Para avaliar o modelo proposto foram coletados fluxos IP da Universidade Estatual de Londrina e da Universidade Tecnol\u00f3gica Federal do Paran\u00e1, campus Toledo. Desses fluxos, foram utilizados seis atributos com o objetivo de detectar as anomalias no tr\u00e1fego de rede. Essas universidades proporcionaram testar o FADS em dois ambientes com caracter\u00edsticas distintas. Os resultados alcan\u00e7ados evidenciam a efici\u00eancia do FADS na caracteriza\u00e7\u00e3o do tr\u00e1fego e detec\u00e7\u00e3o de anomalias em um segmento de rede, auxiliando os administradores nas tarefas rotineiras de monitoramento e controle.<\/p>\n","protected":false},"excerpt":{"rendered":"<p>Para: Secretaria de P\u00f3s-Gradua\u00e7\u00e3o\/CCE &lt;spgcce@uel.br&gt; Assunto: Convite: Defesa de Disserta\u00e7\u00e3o de Mestrado em Ci\u00eancia da Computa\u00e7\u00e3o &#8211; Fadir Salmen &#8211; 03\/04\/2017 \u00e0s 09h00 OBS: Substituir Disserta\u00e7\u00e3o por Qualifica\u00e7\u00e3o quando for o caso. Corpo do email (em texto plano): Data: 03\/04\/2017Hora: 09h00Local: Sala 311 &#8211; Departamento de Computa\u00e7\u00e3o &#8211; Bloco J. Candidato: Fadir SalmenT\u00edtulo do trabalho: [&hellip;]<\/p>\n","protected":false},"author":8,"featured_media":0,"parent":0,"menu_order":0,"comment_status":"closed","ping_status":"closed","template":"","meta":{"_acf_changed":false,"footnotes":""},"class_list":["post-183","page","type-page","status-publish","hentry"],"acf":[],"_links":{"self":[{"href":"https:\/\/pos.uel.br\/ciencia-da-computacao\/wp-json\/wp\/v2\/pages\/183","targetHints":{"allow":["GET"]}}],"collection":[{"href":"https:\/\/pos.uel.br\/ciencia-da-computacao\/wp-json\/wp\/v2\/pages"}],"about":[{"href":"https:\/\/pos.uel.br\/ciencia-da-computacao\/wp-json\/wp\/v2\/types\/page"}],"author":[{"embeddable":true,"href":"https:\/\/pos.uel.br\/ciencia-da-computacao\/wp-json\/wp\/v2\/users\/8"}],"replies":[{"embeddable":true,"href":"https:\/\/pos.uel.br\/ciencia-da-computacao\/wp-json\/wp\/v2\/comments?post=183"}],"version-history":[{"count":1,"href":"https:\/\/pos.uel.br\/ciencia-da-computacao\/wp-json\/wp\/v2\/pages\/183\/revisions"}],"predecessor-version":[{"id":184,"href":"https:\/\/pos.uel.br\/ciencia-da-computacao\/wp-json\/wp\/v2\/pages\/183\/revisions\/184"}],"wp:attachment":[{"href":"https:\/\/pos.uel.br\/ciencia-da-computacao\/wp-json\/wp\/v2\/media?parent=183"}],"curies":[{"name":"wp","href":"https:\/\/api.w.org\/{rel}","templated":true}]}}