{"id":168,"date":"2024-09-06T19:37:56","date_gmt":"2024-09-06T22:37:56","guid":{"rendered":"https:\/\/pos.uel.br\/ciencia-da-computacao\/?page_id=168"},"modified":"2024-09-06T19:37:56","modified_gmt":"2024-09-06T22:37:56","slug":"servicos-de-apoio","status":"publish","type":"page","link":"https:\/\/pos.uel.br\/ciencia-da-computacao\/servicos-de-apoio\/","title":{"rendered":"Servi\u00e7os de Apoio"},"content":{"rendered":"\n<p id=\"block-4a8763f3-8b76-4b3f-8413-a105b908aa46\">A Universidade Estadual de Londrina (UEL) disponibiliza aos estudantes servi\u00e7o de apoio, v\u00e1rios deles s\u00e3o ofertados pelo&nbsp;<strong><a href=\"https:\/\/sites.uel.br\/sebec\/\">SEBEC<\/a><\/strong>&nbsp;(Servi\u00e7o de Bem Estar da Comunidade), que tem como finalidade o planejamento, coordena\u00e7\u00e3o, execu\u00e7\u00e3o, supervis\u00e3o e controle operacional dos servi\u00e7os que promovam o bem estar aos agentes universit\u00e1rios e estudantes da UEL.<\/p>\n\n\n\n<h5 class=\"wp-block-heading\">Restaurante Universit\u00e1rio<\/h5>\n\n\n\n<p id=\"block-e3d8e5c6-9589-4f43-90df-8b7ed5d295db\">Para garantir a alimenta\u00e7\u00e3o e a nutri\u00e7\u00e3o de toda a comunidade universit\u00e1ria.<\/p>\n\n\n\n<p id=\"block-d1ed520c-6dff-459a-bd37-65b4ca81a323\">Conhe\u00e7a o&nbsp;<strong><a href=\"https:\/\/sites.uel.br\/sebec\/sobre-o-restaurante-universitario\/\">RU UEL<\/a><\/strong>.<\/p>\n\n\n\n<h5 class=\"wp-block-heading\">Servi\u00e7os Digitais<\/h5>\n\n\n\n<p id=\"block-21554e72-76f6-4c77-860e-1758c70475e8\">Diversos servi\u00e7os s\u00e3o disponibilizados para facilitar a vida da comunidade universit\u00e1ria. Entre eles, est\u00e3o o aplicativo UEL Mobile, o Microsoft Office 365, Ferramentas do Google, etc.<\/p>\n\n\n\n<p id=\"block-5d1124cf-f785-4c98-9c8c-91657fe0d863\">Conhe\u00e7a os diversos&nbsp;<a href=\"https:\/\/sites.uel.br\/ati\/servicos\/\"><strong>Servi\u00e7os Digitais<\/strong><\/a>.<\/p>\n\n\n\n<h5 class=\"wp-block-heading\">Sistema de Bibliotecas<\/h5>\n\n\n\n<p id=\"block-1fcbfc95-9878-4d81-a0a8-6d6191a685a8\">Formados por quatros bibliotecas, o Sistema de Bibliotecas da UEL atende a toda comunidade universit\u00e1ria. S\u00e3o milhares de t\u00edtulos dispon\u00edveis para empr\u00e9stimo e consulta.<\/p>\n\n\n\n<p id=\"block-7e3061d9-6b71-4436-8ca3-3337f55064f9\">Conhe\u00e7a o&nbsp;<a href=\"https:\/\/sites.uel.br\/bibliotecas\/\"><strong>Sistema de Bibliotecas<\/strong><\/a>.<\/p>\n\n\n\n<h5 class=\"wp-block-heading\">DASC \u2013 Divis\u00e3o de Assist\u00eancia \u00e0 Sa\u00fade e a Comunidade<\/h5>\n\n\n\n<p id=\"block-c15066ad-1693-47b5-bb93-14bb30882339\">Desenvolver a\u00e7\u00f5es de promo\u00e7\u00e3o, prote\u00e7\u00e3o e apoio \u00e0 sa\u00fade em&nbsp;<strong>n\u00edvel ambulatorial<\/strong>, com equipe multiprofissional e interdisciplinar, propondo e implementando a\u00e7\u00f5es de sa\u00fade articuladas em parceria com outros \u00f3rg\u00e3os, em busca da melhoria na qualidade de vida da comunidade da UEL.&nbsp;<strong><a href=\"https:\/\/sites.uel.br\/pdi\/divisao-de-assistencia-a-saude-da-comunidade-dasc\/\">Saiba mais<\/a><\/strong>.<\/p>\n\n\n\n<h5 class=\"wp-block-heading\">Cl\u00ednica Psicol\u00f3gica<\/h5>\n\n\n\n<p id=\"block-4daa7a1f-40ff-4904-a12c-68f22f2cb661\">A Cl\u00ednica Psicol\u00f3gica da UEL tem como atividade principal o oferecimento da&nbsp;psicoterapia individual para crian\u00e7as, adolescentes, adultos e idosos.&nbsp; As demais atividades s\u00e3o realizadas a partir de projetos de ensino, pesquisa e extens\u00e3o, conforme disponibilidade e interesse dos docentes e pesquisadores da UEL.&nbsp;<strong><a href=\"https:\/\/www.uel.br\/clinicapsicologica\/\">Saiba mais<\/a><\/strong>.<\/p>\n","protected":false},"excerpt":{"rendered":"<p>A Universidade Estadual de Londrina (UEL) disponibiliza aos estudantes servi\u00e7o de apoio, v\u00e1rios deles s\u00e3o ofertados pelo&nbsp;SEBEC&nbsp;(Servi\u00e7o de Bem Estar da Comunidade), que tem como finalidade o planejamento, coordena\u00e7\u00e3o, execu\u00e7\u00e3o, supervis\u00e3o e controle operacional dos servi\u00e7os que promovam o bem estar aos agentes universit\u00e1rios e estudantes da UEL. Restaurante Universit\u00e1rio Para garantir a alimenta\u00e7\u00e3o e [&hellip;]<\/p>\n","protected":false},"author":8,"featured_media":0,"parent":0,"menu_order":0,"comment_status":"closed","ping_status":"closed","template":"","meta":{"_acf_changed":false,"footnotes":""},"class_list":["post-168","page","type-page","status-publish","hentry"],"acf":[],"_links":{"self":[{"href":"https:\/\/pos.uel.br\/ciencia-da-computacao\/wp-json\/wp\/v2\/pages\/168","targetHints":{"allow":["GET"]}}],"collection":[{"href":"https:\/\/pos.uel.br\/ciencia-da-computacao\/wp-json\/wp\/v2\/pages"}],"about":[{"href":"https:\/\/pos.uel.br\/ciencia-da-computacao\/wp-json\/wp\/v2\/types\/page"}],"author":[{"embeddable":true,"href":"https:\/\/pos.uel.br\/ciencia-da-computacao\/wp-json\/wp\/v2\/users\/8"}],"replies":[{"embeddable":true,"href":"https:\/\/pos.uel.br\/ciencia-da-computacao\/wp-json\/wp\/v2\/comments?post=168"}],"version-history":[{"count":1,"href":"https:\/\/pos.uel.br\/ciencia-da-computacao\/wp-json\/wp\/v2\/pages\/168\/revisions"}],"predecessor-version":[{"id":169,"href":"https:\/\/pos.uel.br\/ciencia-da-computacao\/wp-json\/wp\/v2\/pages\/168\/revisions\/169"}],"wp:attachment":[{"href":"https:\/\/pos.uel.br\/ciencia-da-computacao\/wp-json\/wp\/v2\/media?parent=168"}],"curies":[{"name":"wp","href":"https:\/\/api.w.org\/{rel}","templated":true}]}}