{"id":16,"date":"2024-09-02T14:28:16","date_gmt":"2024-09-02T17:28:16","guid":{"rendered":"https:\/\/pos.uel.br\/ciencia-da-computacao\/?page_id=16"},"modified":"2025-12-03T14:47:16","modified_gmt":"2025-12-03T17:47:16","slug":"normas","status":"publish","type":"page","link":"https:\/\/pos.uel.br\/ciencia-da-computacao\/normas\/","title":{"rendered":"Normas"},"content":{"rendered":"\n<h4 class=\"wp-block-heading\">Requisitos para Obten\u00e7\u00e3o do T\u00edtulo<\/h4>\n\n\n\n<ol class=\"wp-block-list\">\n<li>O aluno dever\u00e1 obter um m\u00ednimo de 74 cr\u00e9ditos, sendo 24 cr\u00e9ditos em disciplinas ofertadas ou validadas pelo programa de P\u00f3s-gradua\u00e7\u00e3o em Ci\u00eancia da Computa\u00e7\u00e3o da UEL e 50 cr\u00e9ditos referentes \u00e0 disserta\u00e7\u00e3o de mestrado.\n<ul class=\"wp-block-list\">\n<li>Observa\u00e7\u00e3o: o est\u00e1gio de doc\u00eancia n\u00e3o conta nestes 24 cr\u00e9ditos, s\u00e3o 2 cr\u00e9ditos extras&nbsp;obrigat\u00f3rios para bolsistas.<\/li>\n\n\n\n<li>O aluno pode cursar no m\u00e1ximo 4 (quatro) cr\u00e9ditos de disciplinas do tipo Estudo Dirigido, que s\u00e3o disciplinas com o objetivo de o orientador e o aluno desenvolverem trabalhos relacionados com o tema da sua disserta\u00e7\u00e3o.&nbsp;<\/li>\n\n\n\n<li>A cada semestre do curso, o aluno dever\u00e1 cursar uma disciplina de disserta\u00e7\u00e3o de mestrado at\u00e9 o final do segundo ano de curso,&nbsp;totalizando 4 disciplinas (50 cr\u00e9ditos).<\/li>\n\n\n\n<li>Estudantes que ingressaram a partir do primeiro semestre de 2025 devem obrigatoriamente seguir as regras determinadas na <a href=\"https:\/\/pos.uel.br\/ciencia-da-computacao\/wp-content\/uploads\/2024\/09\/Deliberac\u0327a\u0303o-22-2024-Reest-PPG-Cie\u0302ncia-Computac\u0327a\u0303o.pdf\" data-type=\"link\" data-id=\"https:\/\/pos.uel.br\/ciencia-da-computacao\/wp-content\/uploads\/2024\/09\/Deliberac\u0327a\u0303o-22-2024-Reest-PPG-Cie\u0302ncia-Computac\u0327a\u0303o.pdf\">Delibera\u00e7\u00e3o Colegiado PPG Stricto Sensu 022\/2024<\/a> com rela\u00e7\u00e3o \u00e0 quantidade de cr\u00e9ditos realizados em cada grupo de disciplinas.  <\/li>\n<\/ul>\n<\/li>\n\n\n\n<li>Ser aprovado no exame de qualifica\u00e7\u00e3o de mestrado perante uma banca examinadora.<\/li>\n\n\n\n<li>Ser aprovado no exame de profici\u00eancia em l\u00edngua Inglesa.<\/li>\n\n\n\n<li>Ter produ\u00e7\u00e3o cient\u00edfica no tema da disserta\u00e7\u00e3o desenvolvida no curso de mestrado de, no m\u00ednimo, um artigo completo em congressos ou peri\u00f3dicos listados no Qualis CAPES da \u00e1rea de Ci\u00eancia da Computa\u00e7\u00e3o vigente.<\/li>\n\n\n\n<li>Elaborar, apresentar e defender perante uma banca examinadora uma Disserta\u00e7\u00e3o de Mestrado.<\/li>\n<\/ol>\n\n\n\n<h4 class=\"wp-block-heading\">Regimento e Resolu\u00e7\u00f5es Internas que regulamentam o curso<\/h4>\n\n\n\n<ul class=\"wp-block-list\">\n<li><a href=\"https:\/\/pos.uel.br\/ciencia-da-computacao\/wp-content\/uploads\/2024\/09\/Deliberac\u0327a\u0303o-22-2024-Reest-PPG-Cie\u0302ncia-Computac\u0327a\u0303o.pdf\">Delibera\u00e7\u00e3o Colegiado PPG Stricto Sensu 022\/2024 <\/a>(Reestrutura\u00e7\u00e3o da organiza\u00e7\u00e3o curricular do programa)<\/li>\n\n\n\n<li><a href=\"https:\/\/pos.uel.br\/ciencia-da-computacao\/wp-content\/uploads\/2025\/12\/94.pdf\">Resolu\u00e7\u00e3o CEPE 94\/2018<\/a>&nbsp;(Regimento do Programa de P\u00f3s-gradua\u00e7\u00e3o em Ci\u00eancia da Computa\u00e7\u00e3o da UEL &#8211; Mestrado Acad\u00eamico). Alterada pela <a href=\"https:\/\/pos.uel.br\/ciencia-da-computacao\/wp-content\/uploads\/2025\/12\/29.pdf\" data-type=\"link\" data-id=\"https:\/\/pos.uel.br\/ciencia-da-computacao\/wp-content\/uploads\/2025\/02\/2023_29.pdf\">Resolu\u00e7\u00e3o CEPE 029\/2023<\/a>, no que diz respeito \u00e0 exig\u00eancia do certificado de profici\u00eancia em l\u00edngua estrangeira.<\/li>\n\n\n\n<li><a href=\"https:\/\/pos.uel.br\/ciencia-da-computacao\/wp-content\/uploads\/2025\/12\/Reest-PPG-Ciencia-Computacao-Deliberacao-20-2018-assinada.pdf\">Delibera\u00e7\u00e3o Colegiado de P\u00f3s-gradua\u00e7\u00e3o 20\/2018<\/a>\u00a0(Reestrutura\u00e7\u00e3o do Programa)<\/li>\n\n\n\n<li><a href=\"https:\/\/pos.uel.br\/ciencia-da-computacao\/wp-content\/uploads\/2025\/12\/PPCC-UEL_Resolucoes-2012.pdf\">Resolu\u00e7\u00f5es internas 01\/2012 (Tabela de produ\u00e7\u00e3o) e 04\/2012 (Produ\u00e7\u00e3o discente)<\/a><\/li>\n\n\n\n<li><a href=\"https:\/\/drive.google.com\/file\/d\/1OL9JhxzS50jFXQmHTzcqKNWWYQ1VJ31G\/view?usp=sharing\"><u>Resolu\u00e7\u00e3o interna 01\/2024<\/u><\/a>&nbsp;(Bolsas)<\/li>\n\n\n\n<li><a href=\"https:\/\/drive.google.com\/file\/d\/1v7-ViTkbGzHu2NE2i7U9KJAqC_UBvty5\/view?usp=sharing\"><u>Resolu\u00e7\u00e3o interna 01\/2023<\/u><\/a>&nbsp;(Aux\u00edlios financeiros para publica\u00e7\u00f5es e eventos)<\/li>\n\n\n\n<li><a href=\"https:\/\/pos.uel.br\/ciencia-da-computacao\/wp-content\/uploads\/2025\/12\/PPCC-UEL-Resolucao-3-2017.pdf\">Resolu\u00e7\u00e3o interna 03\/2017<\/a>\u00a0(Ingresso e perman\u00eancia de docentes e distribui\u00e7\u00e3o de vagas de orienta\u00e7\u00e3o)<\/li>\n\n\n\n<li><a href=\"https:\/\/pos.uel.br\/ciencia-da-computacao\/wp-content\/uploads\/2025\/12\/PPCC-UEL-Resolucao-1-2018.pdf\"><u>Resolu\u00e7\u00e3o interna 01\/2018<\/u><\/a>\u00a0(Crit\u00e9rios para ingresso de docentes externos ao DC\/UEL no Programa)<\/li>\n\n\n\n<li><strong>Estas resolu\u00e7\u00f5es se aplicam a docentes e alunos do programa e t\u00eam validade a partir de suas respectivas datas de publica\u00e7\u00e3o.<\/strong><\/li>\n<\/ul>\n\n\n\n<p><\/p>\n","protected":false},"excerpt":{"rendered":"<p>Requisitos para Obten\u00e7\u00e3o do T\u00edtulo Regimento e Resolu\u00e7\u00f5es Internas que regulamentam o curso<\/p>\n","protected":false},"author":7,"featured_media":0,"parent":0,"menu_order":0,"comment_status":"closed","ping_status":"closed","template":"","meta":{"_acf_changed":false,"footnotes":""},"class_list":["post-16","page","type-page","status-publish","hentry"],"acf":[],"_links":{"self":[{"href":"https:\/\/pos.uel.br\/ciencia-da-computacao\/wp-json\/wp\/v2\/pages\/16","targetHints":{"allow":["GET"]}}],"collection":[{"href":"https:\/\/pos.uel.br\/ciencia-da-computacao\/wp-json\/wp\/v2\/pages"}],"about":[{"href":"https:\/\/pos.uel.br\/ciencia-da-computacao\/wp-json\/wp\/v2\/types\/page"}],"author":[{"embeddable":true,"href":"https:\/\/pos.uel.br\/ciencia-da-computacao\/wp-json\/wp\/v2\/users\/7"}],"replies":[{"embeddable":true,"href":"https:\/\/pos.uel.br\/ciencia-da-computacao\/wp-json\/wp\/v2\/comments?post=16"}],"version-history":[{"count":12,"href":"https:\/\/pos.uel.br\/ciencia-da-computacao\/wp-json\/wp\/v2\/pages\/16\/revisions"}],"predecessor-version":[{"id":442,"href":"https:\/\/pos.uel.br\/ciencia-da-computacao\/wp-json\/wp\/v2\/pages\/16\/revisions\/442"}],"wp:attachment":[{"href":"https:\/\/pos.uel.br\/ciencia-da-computacao\/wp-json\/wp\/v2\/media?parent=16"}],"curies":[{"name":"wp","href":"https:\/\/api.w.org\/{rel}","templated":true}]}}