{"id":15,"date":"2024-09-02T14:28:16","date_gmt":"2024-09-02T17:28:16","guid":{"rendered":"https:\/\/pos.uel.br\/ciencia-da-computacao\/?page_id=15"},"modified":"2024-09-02T14:45:59","modified_gmt":"2024-09-02T17:45:59","slug":"linhas-de-pesquisa","status":"publish","type":"page","link":"https:\/\/pos.uel.br\/ciencia-da-computacao\/linhas-de-pesquisa\/","title":{"rendered":"Linhas de Pesquisa"},"content":{"rendered":"\n<p>\u00a0       <span style=\"background-color: transparent;, Arial, Helvetica, sans-serif;font-size: 0.9em;text-align: justify;text-indent: 35px\">O programa\u00a0oferta uma \u00e1rea de concentra\u00e7\u00e3o, denominada &#8220;Ci\u00eancia da Computa\u00e7\u00e3o&#8221;, com duas linhas de pesquisa, denominadas &#8220;Sistemas de Computa\u00e7\u00e3o&#8221; e &#8220;Metodologias e T\u00e9cnicas de Computa\u00e7\u00e3o&#8221;<\/span><p style=\"margin-right: 0px;margin-bottom: 10px;margin-left: 0px;padding: 0px;border: 0px;font-size: 0.9em;vertical-align: baseline;background: transparent;text-align: justify;text-indent: 35px;, Arial, Helvetica, sans-serif\">Os docentes do programa t\u00eam suas linhas e temas de pesquisa indicados a seguir:<\/p><table align=\"center\" border=\"1\" cellpadding=\"1\" cellspacing=\"1\" style=\"margin: 0px;padding: 0px;font-size: 0.8em;vertical-align: baseline;background: transparent;border-spacing: 0px;min-width: 455px;, Arial, Helvetica, sans-serif;width: 700px\"><thead style=\"margin: 0px;padding: 0px;border: 0px;font-size: 12.8px;vertical-align: baseline\"><tr style=\"margin: 0px;padding: 0px;font-size: 12.8px;vertical-align: baseline;background: transparent\"><th scope=\"col\" style=\"margin: 0px;padding: 5px;border: 0px;font-size: 12.8px;vertical-align: middle;background: transparent\">\u00a0 \u00a0 \u00a0 \u00a0 Docente \u00a0 \u00a0 \u00a0 \u00a0 \u00a0 \u00a0<\/th><th scope=\"col\" style=\"margin: 0px;padding: 5px;border: 0px;font-size: 12.8px;vertical-align: middle;background: transparent\">Linha de Pesquisa<\/th><th scope=\"col\" style=\"margin: 0px;padding: 5px;border: 0px;font-size: 12.8px;vertical-align: middle;background: transparent\">Temas de Pesquisa<\/th><\/tr><\/thead><tbody style=\"margin: 0px;padding: 0px;border: 0px;font-size: 12.8px;vertical-align: baseline;background: transparent\"><tr style=\"margin: 0px;padding: 0px;font-size: 12.8px;vertical-align: baseline;background: transparent\"><td style=\"margin: 0px;padding: 5px;font-size: 12.8px;vertical-align: middle;background: transparent\">Dr. Adilson Luiz Bonif\u00e1cio<\/td><td style=\"margin: 0px;padding: 5px;font-size: 12.8px;vertical-align: middle;background: transparent\">Metodologias e T\u00e9cnicas de Computa\u00e7\u00e3o<\/td><td style=\"margin: 0px;padding: 5px;font-size: 12.8px;vertical-align: middle;background: transparent\">Verifica\u00e7\u00e3o e \u00a0valida\u00e7\u00e3o, Testes Baseados em Modelos, M\u00e9todos Rigorosos de Desenvolvimento de Software<\/td><\/tr><tr style=\"margin: 0px;padding: 0px;font-size: 12.8px;vertical-align: baseline;background: transparent\"><td style=\"margin: 0px;padding: 5px;font-size: 12.8px;vertical-align: middle;background: transparent\">Dr. Alan \u00a0Salvany \u00a0Felinto<\/td><td style=\"margin: 0px;padding: 5px;font-size: 12.8px;vertical-align: middle;background: transparent\">Sistemas de Computa\u00e7\u00e3o<\/td><td style=\"margin: 0px;padding: 5px;font-size: 12.8px;vertical-align: middle;background: transparent\">Processamento de Imagens, Jogos Digitais<\/td><\/tr><tr style=\"margin: 0px;padding: 0px;font-size: 12.8px;vertical-align: baseline;background: transparent\"><td style=\"margin: 0px;padding: 5px;font-size: 12.8px;vertical-align: middle;background: transparent\">Dr. Andr\u00e9 Luis Andrade Menolli<\/td><td style=\"margin: 0px;padding: 5px;font-size: 12.8px;vertical-align: middle;background: transparent\">Metodologias e T\u00e9cnicas de Computa\u00e7\u00e3o<\/td><td style=\"margin: 0px;padding: 5px;font-size: 12.8px;vertical-align: middle;background: transparent\">Engenharia de Software<\/td><\/tr><tr style=\"margin: 0px;padding: 0px;font-size: 12.8px;vertical-align: baseline;background: transparent\"><td style=\"margin: 0px;padding: 5px;font-size: 12.8px;vertical-align: middle;background: transparent\">Dr. Bruno Bogaz Zarpel\u00e3o<\/td><td style=\"margin: 0px;padding: 5px;font-size: 12.8px;vertical-align: middle;background: transparent\">Sistemas de Computa\u00e7\u00e3o<\/td><td style=\"margin: 0px;padding: 5px;font-size: 12.8px;vertical-align: middle;background: transparent\">Redes de Computadores,\u00a0Ciberseguran\u00e7a<\/td><\/tr><tr style=\"margin: 0px;padding: 0px;font-size: 12.8px;vertical-align: baseline;background: transparent\"><td style=\"margin: 0px;padding: 5px;font-size: 12.8px;vertical-align: middle;background: transparent\">Dra. Cinthyan Renata Sachs Camerlengo de Barbosa<\/td><td style=\"margin: 0px;padding: 5px;font-size: 12.8px;vertical-align: middle;background: transparent\">Sistemas de Computa\u00e7\u00e3o<\/td><td style=\"margin: 0px;padding: 5px;font-size: 12.8px;vertical-align: middle;background: transparent\"><div style=\"margin: 0px;padding: 0px;border: 0px;font-size: 12.8px;vertical-align: baseline;background: transparent\">Processamento de Linguagem Natural, Compiladores, Inform\u00e1tica na Educa\u00e7\u00e3o, Inform\u00e1tica na Sa\u00fade<\/div><\/td><\/tr><tr style=\"margin: 0px;padding: 0px;font-size: 12.8px;vertical-align: baseline;background: transparent\"><td style=\"margin: 0px;padding: 5px;font-size: 12.8px;vertical-align: middle;background: transparent\">Dr. Daniel dos Santos Kaster<\/td><td style=\"margin: 0px;padding: 5px;font-size: 12.8px;vertical-align: middle;background: transparent\">Metodologias e T\u00e9cnicas de Computa\u00e7\u00e3o<\/td><td style=\"margin: 0px;padding: 5px;font-size: 12.8px;vertical-align: middle;background: transparent\">Banco de Dados<\/td><\/tr><tr style=\"margin: 0px;padding: 0px;font-size: 12.8px;vertical-align: baseline;background: transparent\"><td style=\"margin: 0px;padding: 5px;font-size: 12.8px;vertical-align: middle;background: transparent\">Dr. Jacques Du\u00edlio Brancher<\/td><td style=\"margin: 0px;padding: 5px;font-size: 12.8px;vertical-align: middle;background: transparent\">Metodologias e T\u00e9cnicas de Computa\u00e7\u00e3o<\/td><td style=\"margin: 0px;padding: 5px;font-size: 12.8px;vertical-align: middle;background: transparent\">Inform\u00e1tica na Educa\u00e7\u00e3o, Jogos Did\u00e1ticos de Computador, Governan\u00e7a de TIC<\/td><\/tr><tr style=\"margin: 0px;padding: 0px;font-size: 12.8px;vertical-align: baseline;background: transparent\"><td style=\"margin: 0px;padding: 5px;font-size: 12.8px;vertical-align: middle;background: transparent\">Dra. Helen C. de Mattos Senefonte<\/td><td style=\"margin: 0px;padding: 5px;font-size: 12.8px;vertical-align: middle;background: transparent\">Sistemas de Computa\u00e7\u00e3o<\/td><td style=\"margin: 0px;padding: 5px;font-size: 12.8px;vertical-align: middle;background: transparent\">Intelig\u00eancia Artificial, Aprendizado de M\u00e1quina<\/td><\/tr><tr style=\"margin: 0px;padding: 0px;font-size: 12.8px;vertical-align: baseline;background: transparent\"><td style=\"margin: 0px;padding: 5px;font-size: 12.8px;vertical-align: middle;background: transparent\">Dr. Mario Lemes Proen\u00e7a Junior<\/td><td style=\"margin: 0px;padding: 5px;font-size: 12.8px;vertical-align: middle;background: transparent\">Sistemas de Computa\u00e7\u00e3o<\/td><td style=\"margin: 0px;padding: 5px;font-size: 12.8px;vertical-align: middle;background: transparent\">Ger\u00eancia e Seguran\u00e7a de Redes de Computadores, Governan\u00e7a de TIC<\/td><\/tr><tr style=\"margin: 0px;padding: 0px;font-size: 12.8px;vertical-align: baseline;background: transparent\"><td style=\"margin: 0px;padding: 5px;font-size: 12.8px;vertical-align: middle;background: transparent\">Dr. Rodolfo Miranda de Barros<\/td><td style=\"margin: 0px;padding: 5px;font-size: 12.8px;vertical-align: middle;background: transparent\">Metodologias e T\u00e9cnicas de Computa\u00e7\u00e3o<\/td><td style=\"margin: 0px;padding: 5px;font-size: 12.8px;vertical-align: middle;background: transparent\">Engenharia de Software, Governan\u00e7a de TIC<\/td><\/tr><tr style=\"margin: 0px;padding: 0px;font-size: 12.8px;vertical-align: baseline;background: transparent\"><td style=\"margin: 0px;padding: 5px;font-size: 12.8px;vertical-align: middle;background: transparent\">Dr. Sylvio Barbon Junior<\/td><td style=\"margin: 0px;padding: 5px;font-size: 12.8px;vertical-align: middle;background: transparent\">Sistemas de Computa\u00e7\u00e3o<\/td><td style=\"margin: 0px;padding: 5px;font-size: 12.8px;vertical-align: middle;background: transparent\">Processamento Inteligente de Sinais, Intelig\u00eancia Computacional<\/td><\/tr><tr style=\"margin: 0px;padding: 0px;font-size: 12.8px;vertical-align: baseline;background: transparent\"><td style=\"margin: 0px;padding: 5px;font-size: 12.8px;vertical-align: middle;background: transparent\">Dra. Vanessa Tavares de Oliveira Barros<\/td><td style=\"margin: 0px;padding: 5px;font-size: 12.8px;vertical-align: middle;background: transparent\">Metodologias e T\u00e9cnicas de Computa\u00e7\u00e3o<\/td><td style=\"margin: 0px;padding: 5px;font-size: 12.8px;vertical-align: middle;background: transparent\">Intera\u00e7\u00e3o Humano Computador, Ergonomia, Usabilidade, Governan\u00e7a de TIC<\/td><\/tr><tr style=\"margin: 0px;padding: 0px;font-size: 12.8px;vertical-align: baseline;background: transparent\"><td style=\"margin: 0px;padding: 5px;font-size: 12.8px;vertical-align: middle;background: transparent\">Dr. Wesley Attrot<\/td><td style=\"margin: 0px;padding: 5px;font-size: 12.8px;vertical-align: middle;background: transparent\">Sistemas de Computa\u00e7\u00e3o<\/td><td style=\"margin: 0px;padding: 5px;font-size: 12.8px;vertical-align: middle;background: transparent\">Arquitetura de Computadores<\/td><\/tr><\/tbody><\/table><p style=\"margin-right: 0px;margin-bottom: 10px;margin-left: 0px;padding: 0px;border: 0px;font-size: 0.9em;vertical-align: baseline;background: transparent;text-align: justify;text-indent: 35px;, Arial, Helvetica, sans-serif\">\u00a0<\/p><\/p>\n","protected":false},"excerpt":{"rendered":"<p>\u00a0 O programa\u00a0oferta uma \u00e1rea de concentra\u00e7\u00e3o, denominada &#8220;Ci\u00eancia da Computa\u00e7\u00e3o&#8221;, com duas linhas de pesquisa, denominadas &#8220;Sistemas de Computa\u00e7\u00e3o&#8221; e &#8220;Metodologias e T\u00e9cnicas de Computa\u00e7\u00e3o&#8221; Os docentes do programa t\u00eam suas linhas e temas de pesquisa indicados a seguir: \u00a0 \u00a0 \u00a0 \u00a0 Docente \u00a0 \u00a0 \u00a0 \u00a0 \u00a0 \u00a0 Linha de Pesquisa Temas [&hellip;]<\/p>\n","protected":false},"author":7,"featured_media":0,"parent":0,"menu_order":0,"comment_status":"closed","ping_status":"closed","template":"","meta":{"_acf_changed":false,"footnotes":""},"class_list":["post-15","page","type-page","status-publish","hentry"],"acf":[],"_links":{"self":[{"href":"https:\/\/pos.uel.br\/ciencia-da-computacao\/wp-json\/wp\/v2\/pages\/15","targetHints":{"allow":["GET"]}}],"collection":[{"href":"https:\/\/pos.uel.br\/ciencia-da-computacao\/wp-json\/wp\/v2\/pages"}],"about":[{"href":"https:\/\/pos.uel.br\/ciencia-da-computacao\/wp-json\/wp\/v2\/types\/page"}],"author":[{"embeddable":true,"href":"https:\/\/pos.uel.br\/ciencia-da-computacao\/wp-json\/wp\/v2\/users\/7"}],"replies":[{"embeddable":true,"href":"https:\/\/pos.uel.br\/ciencia-da-computacao\/wp-json\/wp\/v2\/comments?post=15"}],"version-history":[{"count":2,"href":"https:\/\/pos.uel.br\/ciencia-da-computacao\/wp-json\/wp\/v2\/pages\/15\/revisions"}],"predecessor-version":[{"id":79,"href":"https:\/\/pos.uel.br\/ciencia-da-computacao\/wp-json\/wp\/v2\/pages\/15\/revisions\/79"}],"wp:attachment":[{"href":"https:\/\/pos.uel.br\/ciencia-da-computacao\/wp-json\/wp\/v2\/media?parent=15"}],"curies":[{"name":"wp","href":"https:\/\/api.w.org\/{rel}","templated":true}]}}