{"id":122,"date":"2024-09-02T15:28:14","date_gmt":"2024-09-02T18:28:14","guid":{"rendered":"https:\/\/pos.uel.br\/ciencia-da-computacao\/?page_id=122"},"modified":"2026-03-26T16:02:51","modified_gmt":"2026-03-26T19:02:51","slug":"links","status":"publish","type":"page","link":"https:\/\/pos.uel.br\/ciencia-da-computacao\/links\/","title":{"rendered":"Links Importantes"},"content":{"rendered":"\n<h4 class=\"wp-block-heading\">Ag\u00eancias de Fomento \u00e0 Pesquisa e Desenvolvimento Tecnol\u00f3gico<\/h4>\n\n\n\n<ul class=\"wp-block-list\">\n<li><a href=\"http:\/\/www.capes.gov.br\/\" target=\"_blank\" rel=\"noreferrer noopener\">CAPES<\/a><\/li>\n\n\n\n<li><a href=\"http:\/\/www.cnpq.br\/\" target=\"_blank\" rel=\"noreferrer noopener\">CNPq<\/a><\/li>\n\n\n\n<li><a href=\"http:\/\/www.fundacaoaraucaria.org.br\/\" target=\"_blank\" rel=\"noreferrer noopener\">Funda\u00e7\u00e3o Arauc\u00e1ria<\/a><\/li>\n\n\n\n<li><a href=\"http:\/\/www.finep.gov.br\/\" target=\"_blank\" rel=\"noreferrer noopener\">FINEP<\/a><\/li>\n<\/ul>\n\n\n\n<h4 class=\"wp-block-heading\">LInks Referentes \u00e0 \u00c1rea de Computa\u00e7\u00e3o da CAPES<\/h4>\n\n\n\n<ul class=\"wp-block-list\">\n<li><a href=\"https:\/\/www.gov.br\/capes\/pt-br\/acesso-a-informacao\/acoes-e-programas\/avaliacao\/sobre-a-avaliacao\/areas-avaliacao\/sobre-as-areas-de-avaliacao\/colegio-de-ciencias-exatas-tecnologicas-e-multidisciplinar\/ciencias-exatas-e-da-terra\/ciencia-da-computacao\" target=\"_blank\" rel=\"noreferrer noopener\">P\u00e1gina do Comit\u00ea da \u00c1rea de Computa\u00e7\u00e3o<\/a><\/li>\n\n\n\n<li>Qualis\n<ul class=\"wp-block-list\">\n<li><a href=\"https:\/\/sucupira-legado.capes.gov.br\/sucupira\/public\/consultas\/coleta\/veiculoPublicacaoQualis\/listaConsultaGeralPeriodicos.jsf\" target=\"_blank\" rel=\"noreferrer noopener\">Peri\u00f3dicos<\/a><\/li>\n\n\n\n<li><a href=\"https:\/\/www.gov.br\/capes\/pt-br\/centrais-de-conteudo\/documentos\/avaliacao\/09012022_CLASSIFICACAODEEVENTOSPARA20172020.xlsx\" target=\"_blank\" rel=\"noreferrer noopener\">Eventos <\/a><\/li>\n<\/ul>\n<\/li>\n<\/ul>\n\n\n\n<h4 class=\"wp-block-heading\">Bibliotecas Digitais<\/h4>\n\n\n\n<ul class=\"wp-block-list\">\n<li><a href=\"http:\/\/www.periodicos.capes.gov.br\/\" target=\"_blank\" rel=\"noreferrer noopener\">Peri\u00f3dicos da CAPES<\/a><\/li>\n\n\n\n<li><a href=\"http:\/\/ieeexplore.ieee.org\/\" target=\"_blank\" rel=\"noreferrer noopener\">IEEE Xplore<\/a><\/li>\n\n\n\n<li><a href=\"http:\/\/dl.acm.org\/\" target=\"_blank\" rel=\"noreferrer noopener\">ACM Digital Library<\/a><\/li>\n<\/ul>\n\n\n\n<p><\/p>\n","protected":false},"excerpt":{"rendered":"<p>Ag\u00eancias de Fomento \u00e0 Pesquisa e Desenvolvimento Tecnol\u00f3gico LInks Referentes \u00e0 \u00c1rea de Computa\u00e7\u00e3o da CAPES Bibliotecas Digitais<\/p>\n","protected":false},"author":7,"featured_media":0,"parent":0,"menu_order":0,"comment_status":"closed","ping_status":"closed","template":"","meta":{"_acf_changed":false,"footnotes":""},"class_list":["post-122","page","type-page","status-publish","hentry"],"acf":[],"_links":{"self":[{"href":"https:\/\/pos.uel.br\/ciencia-da-computacao\/wp-json\/wp\/v2\/pages\/122","targetHints":{"allow":["GET"]}}],"collection":[{"href":"https:\/\/pos.uel.br\/ciencia-da-computacao\/wp-json\/wp\/v2\/pages"}],"about":[{"href":"https:\/\/pos.uel.br\/ciencia-da-computacao\/wp-json\/wp\/v2\/types\/page"}],"author":[{"embeddable":true,"href":"https:\/\/pos.uel.br\/ciencia-da-computacao\/wp-json\/wp\/v2\/users\/7"}],"replies":[{"embeddable":true,"href":"https:\/\/pos.uel.br\/ciencia-da-computacao\/wp-json\/wp\/v2\/comments?post=122"}],"version-history":[{"count":4,"href":"https:\/\/pos.uel.br\/ciencia-da-computacao\/wp-json\/wp\/v2\/pages\/122\/revisions"}],"predecessor-version":[{"id":522,"href":"https:\/\/pos.uel.br\/ciencia-da-computacao\/wp-json\/wp\/v2\/pages\/122\/revisions\/522"}],"wp:attachment":[{"href":"https:\/\/pos.uel.br\/ciencia-da-computacao\/wp-json\/wp\/v2\/media?parent=122"}],"curies":[{"name":"wp","href":"https:\/\/api.w.org\/{rel}","templated":true}]}}